{"id":701,"date":"2024-10-30T14:03:04","date_gmt":"2024-10-30T14:03:04","guid":{"rendered":"https:\/\/spinbetter.games\/?page_id=566"},"modified":"2025-12-25T14:24:23","modified_gmt":"2025-12-25T14:24:23","slug":"football","status":"publish","type":"page","link":"https:\/\/spinbetter.games\/at\/football\/","title":{"rendered":"Fu\u00dfball"},"content":{"rendered":"","protected":false},"excerpt":{"rendered":"","protected":false},"author":1,"featured_media":0,"parent":0,"menu_order":0,"comment_status":"closed","ping_status":"closed","template":"","meta":{"footnotes":""},"class_list":["post-701","page","type-page","status-publish","hentry"],"yoast_head":"<!-- This site is optimized with the Yoast SEO plugin v26.8 - https:\/\/yoast.com\/product\/yoast-seo-wordpress\/ -->\n<title>SpinBetter \u00d6sterreich Fu\u00dfballwetten \u2714\ufe0f Hohe Quoten<\/title>\n<meta name=\"description\" content=\"Spinbetter bietet eine gro\u00dfe Auswahl an Fu\u00dfballwetten und M\u00e4rkten \u26a1 Lernen Sie, wie man auf Fu\u00dfball wettet und finden Sie die besten Quoten bei Spin Better \u26bd Holen Sie sich professionelle Fu\u00dfballwetten Tipps\" \/>\n<meta name=\"robots\" content=\"index, follow, max-snippet:-1, max-image-preview:large, max-video-preview:-1\" \/>\n<link rel=\"canonical\" href=\"https:\/\/spinbetter.games\/at\/football\/\" \/>\n<meta property=\"og:locale\" content=\"de_DE\" \/>\n<meta property=\"og:type\" content=\"article\" \/>\n<meta property=\"og:title\" content=\"SpinBetter \u00d6sterreich Fu\u00dfballwetten \u2714\ufe0f Hohe Quoten\" \/>\n<meta property=\"og:description\" content=\"Spinbetter bietet eine gro\u00dfe Auswahl an Fu\u00dfballwetten und M\u00e4rkten \u26a1 Lernen Sie, wie man auf Fu\u00dfball wettet und finden Sie die besten Quoten bei Spin Better \u26bd Holen Sie sich professionelle Fu\u00dfballwetten Tipps\" \/>\n<meta property=\"og:url\" content=\"https:\/\/spinbetter.games\/at\/football\/\" \/>\n<meta property=\"og:site_name\" content=\"SpinBetter at\" \/>\n<meta property=\"article:modified_time\" content=\"2025-12-25T14:24:23+00:00\" \/>\n<meta name=\"twitter:card\" content=\"summary_large_image\" \/>\n<script type=\"application\/ld+json\" class=\"yoast-schema-graph\">{\"@context\":\"https:\/\/schema.org\",\"@graph\":[{\"@type\":\"WebPage\",\"@id\":\"https:\/\/spinbetter.games\/at\/football\/\",\"url\":\"https:\/\/spinbetter.games\/at\/football\/\",\"name\":\"SpinBetter \u00d6sterreich Fu\u00dfballwetten \u2714\ufe0f Hohe Quoten\",\"isPartOf\":{\"@id\":\"https:\/\/spinbetter.games\/at\/#website\"},\"datePublished\":\"2024-10-30T14:03:04+00:00\",\"dateModified\":\"2025-12-25T14:24:23+00:00\",\"description\":\"Spinbetter bietet eine gro\u00dfe Auswahl an Fu\u00dfballwetten und M\u00e4rkten \u26a1 Lernen Sie, wie man auf Fu\u00dfball wettet und finden Sie die besten Quoten bei Spin Better \u26bd Holen Sie sich professionelle Fu\u00dfballwetten Tipps\",\"breadcrumb\":{\"@id\":\"https:\/\/spinbetter.games\/at\/football\/#breadcrumb\"},\"inLanguage\":\"de-AT\",\"potentialAction\":[{\"@type\":\"ReadAction\",\"target\":[\"https:\/\/spinbetter.games\/at\/football\/\"]}]},{\"@type\":\"BreadcrumbList\",\"@id\":\"https:\/\/spinbetter.games\/at\/football\/#breadcrumb\",\"itemListElement\":[{\"@type\":\"ListItem\",\"position\":1,\"name\":\"\u0413\u043b\u0430\u0432\u043d\u0430\u044f \u0441\u0442\u0440\u0430\u043d\u0438\u0446\u0430\",\"item\":\"https:\/\/spinbetter.games\/at\/\"},{\"@type\":\"ListItem\",\"position\":2,\"name\":\"Fu\u00dfball\"}]},{\"@type\":\"WebSite\",\"@id\":\"https:\/\/spinbetter.games\/at\/#website\",\"url\":\"https:\/\/spinbetter.games\/at\/\",\"name\":\"SpinBetter at\",\"description\":\"My WordPress Blog\",\"potentialAction\":[{\"@type\":\"SearchAction\",\"target\":{\"@type\":\"EntryPoint\",\"urlTemplate\":\"https:\/\/spinbetter.games\/at\/?s={search_term_string}\"},\"query-input\":{\"@type\":\"PropertyValueSpecification\",\"valueRequired\":true,\"valueName\":\"search_term_string\"}}],\"inLanguage\":\"de-AT\"}]}<\/script>\n<!-- \/ Yoast SEO plugin. -->","yoast_head_json":{"title":"SpinBetter \u00d6sterreich Fu\u00dfballwetten \u2714\ufe0f Hohe Quoten","description":"Spinbetter bietet eine gro\u00dfe Auswahl an Fu\u00dfballwetten und M\u00e4rkten \u26a1 Lernen Sie, wie man auf Fu\u00dfball wettet und finden Sie die besten Quoten bei Spin Better \u26bd Holen Sie sich professionelle Fu\u00dfballwetten Tipps","robots":{"index":"index","follow":"follow","max-snippet":"max-snippet:-1","max-image-preview":"max-image-preview:large","max-video-preview":"max-video-preview:-1"},"canonical":"https:\/\/spinbetter.games\/at\/football\/","og_locale":"de_DE","og_type":"article","og_title":"SpinBetter \u00d6sterreich Fu\u00dfballwetten \u2714\ufe0f Hohe Quoten","og_description":"Spinbetter bietet eine gro\u00dfe Auswahl an Fu\u00dfballwetten und M\u00e4rkten \u26a1 Lernen Sie, wie man auf Fu\u00dfball wettet und finden Sie die besten Quoten bei Spin Better \u26bd Holen Sie sich professionelle Fu\u00dfballwetten Tipps","og_url":"https:\/\/spinbetter.games\/at\/football\/","og_site_name":"SpinBetter at","article_modified_time":"2025-12-25T14:24:23+00:00","twitter_card":"summary_large_image","schema":{"@context":"https:\/\/schema.org","@graph":[{"@type":"WebPage","@id":"https:\/\/spinbetter.games\/at\/football\/","url":"https:\/\/spinbetter.games\/at\/football\/","name":"SpinBetter \u00d6sterreich Fu\u00dfballwetten \u2714\ufe0f Hohe Quoten","isPartOf":{"@id":"https:\/\/spinbetter.games\/at\/#website"},"datePublished":"2024-10-30T14:03:04+00:00","dateModified":"2025-12-25T14:24:23+00:00","description":"Spinbetter bietet eine gro\u00dfe Auswahl an Fu\u00dfballwetten und M\u00e4rkten \u26a1 Lernen Sie, wie man auf Fu\u00dfball wettet und finden Sie die besten Quoten bei Spin Better \u26bd Holen Sie sich professionelle Fu\u00dfballwetten Tipps","breadcrumb":{"@id":"https:\/\/spinbetter.games\/at\/football\/#breadcrumb"},"inLanguage":"de-AT","potentialAction":[{"@type":"ReadAction","target":["https:\/\/spinbetter.games\/at\/football\/"]}]},{"@type":"BreadcrumbList","@id":"https:\/\/spinbetter.games\/at\/football\/#breadcrumb","itemListElement":[{"@type":"ListItem","position":1,"name":"\u0413\u043b\u0430\u0432\u043d\u0430\u044f \u0441\u0442\u0440\u0430\u043d\u0438\u0446\u0430","item":"https:\/\/spinbetter.games\/at\/"},{"@type":"ListItem","position":2,"name":"Fu\u00dfball"}]},{"@type":"WebSite","@id":"https:\/\/spinbetter.games\/at\/#website","url":"https:\/\/spinbetter.games\/at\/","name":"SpinBetter at","description":"My WordPress Blog","potentialAction":[{"@type":"SearchAction","target":{"@type":"EntryPoint","urlTemplate":"https:\/\/spinbetter.games\/at\/?s={search_term_string}"},"query-input":{"@type":"PropertyValueSpecification","valueRequired":true,"valueName":"search_term_string"}}],"inLanguage":"de-AT"}]}},"_links":{"self":[{"href":"https:\/\/spinbetter.games\/at\/wp-json\/wp\/v2\/pages\/701","targetHints":{"allow":["GET"]}}],"collection":[{"href":"https:\/\/spinbetter.games\/at\/wp-json\/wp\/v2\/pages"}],"about":[{"href":"https:\/\/spinbetter.games\/at\/wp-json\/wp\/v2\/types\/page"}],"author":[{"embeddable":true,"href":"https:\/\/spinbetter.games\/at\/wp-json\/wp\/v2\/users\/1"}],"replies":[{"embeddable":true,"href":"https:\/\/spinbetter.games\/at\/wp-json\/wp\/v2\/comments?post=701"}],"version-history":[{"count":7,"href":"https:\/\/spinbetter.games\/at\/wp-json\/wp\/v2\/pages\/701\/revisions"}],"predecessor-version":[{"id":1982,"href":"https:\/\/spinbetter.games\/at\/wp-json\/wp\/v2\/pages\/701\/revisions\/1982"}],"wp:attachment":[{"href":"https:\/\/spinbetter.games\/at\/wp-json\/wp\/v2\/media?parent=701"}],"curies":[{"name":"wp","href":"https:\/\/api.w.org\/{rel}","templated":true}]}}