{"id":228,"date":"2024-10-20T13:54:42","date_gmt":"2024-10-20T13:54:42","guid":{"rendered":"https:\/\/spinbetter.games\/azerbaijan\/?page_id=228"},"modified":"2025-12-12T16:17:24","modified_gmt":"2025-12-12T16:17:24","slug":"app","status":"publish","type":"page","link":"https:\/\/spinbetter.games\/azerbaijan\/app\/","title":{"rendered":"T\u0259tbiq"},"content":{"rendered":"","protected":false},"excerpt":{"rendered":"","protected":false},"author":1,"featured_media":0,"parent":0,"menu_order":0,"comment_status":"closed","ping_status":"closed","template":"","meta":{"footnotes":""},"class_list":["post-228","page","type-page","status-publish","hentry"],"yoast_head":"<!-- This site is optimized with the Yoast SEO plugin v26.8 - https:\/\/yoast.com\/product\/yoast-seo-wordpress\/ -->\n<title>SpinBetter Proqram \u2705 Android v\u0259 iOS \u00fc\u00e7\u00fcn pulsuz y\u00fckl\u0259yin<\/title>\n<meta name=\"description\" content=\"Spinbetter Az\u0259rbaycan Mobile Version ist\u0259nil\u0259n vaxt v\u0259 h\u0259r yerd\u0259 sevimli \u0259yl\u0259nc\u0259niz\u0259 daxil olmaq imkan\u0131d\u0131r. Spinbetter-in Mobil Faydalar\u0131ndan h\u0259zz al\u0131n\" \/>\n<meta name=\"robots\" content=\"index, follow, max-snippet:-1, max-image-preview:large, max-video-preview:-1\" \/>\n<link rel=\"canonical\" href=\"https:\/\/spinbetter.games\/azerbaijan\/app\/\" \/>\n<meta property=\"og:locale\" content=\"az_AZ\" \/>\n<meta property=\"og:type\" content=\"article\" \/>\n<meta property=\"og:title\" content=\"SpinBetter Proqram \u2705 Android v\u0259 iOS \u00fc\u00e7\u00fcn pulsuz y\u00fckl\u0259yin\" \/>\n<meta property=\"og:description\" content=\"Spinbetter Az\u0259rbaycan Mobile Version ist\u0259nil\u0259n vaxt v\u0259 h\u0259r yerd\u0259 sevimli \u0259yl\u0259nc\u0259niz\u0259 daxil olmaq imkan\u0131d\u0131r. Spinbetter-in Mobil Faydalar\u0131ndan h\u0259zz al\u0131n\" \/>\n<meta property=\"og:url\" content=\"https:\/\/spinbetter.games\/azerbaijan\/app\/\" \/>\n<meta property=\"og:site_name\" content=\"SpinBetter AZ\" \/>\n<meta property=\"article:modified_time\" content=\"2025-12-12T16:17:24+00:00\" \/>\n<meta name=\"twitter:card\" content=\"summary_large_image\" \/>\n<script type=\"application\/ld+json\" class=\"yoast-schema-graph\">{\"@context\":\"https:\/\/schema.org\",\"@graph\":[{\"@type\":\"WebPage\",\"@id\":\"https:\/\/spinbetter.games\/azerbaijan\/app\/\",\"url\":\"https:\/\/spinbetter.games\/azerbaijan\/app\/\",\"name\":\"SpinBetter Proqram \u2705 Android v\u0259 iOS \u00fc\u00e7\u00fcn pulsuz y\u00fckl\u0259yin\",\"isPartOf\":{\"@id\":\"https:\/\/spinbetter.games\/azerbaijan\/#website\"},\"datePublished\":\"2024-10-20T13:54:42+00:00\",\"dateModified\":\"2025-12-12T16:17:24+00:00\",\"description\":\"Spinbetter Az\u0259rbaycan Mobile Version ist\u0259nil\u0259n vaxt v\u0259 h\u0259r yerd\u0259 sevimli \u0259yl\u0259nc\u0259niz\u0259 daxil olmaq imkan\u0131d\u0131r. Spinbetter-in Mobil Faydalar\u0131ndan h\u0259zz al\u0131n\",\"breadcrumb\":{\"@id\":\"https:\/\/spinbetter.games\/azerbaijan\/app\/#breadcrumb\"},\"inLanguage\":\"az\",\"potentialAction\":[{\"@type\":\"ReadAction\",\"target\":[\"https:\/\/spinbetter.games\/azerbaijan\/app\/\"]}]},{\"@type\":\"BreadcrumbList\",\"@id\":\"https:\/\/spinbetter.games\/azerbaijan\/app\/#breadcrumb\",\"itemListElement\":[{\"@type\":\"ListItem\",\"position\":1,\"name\":\"\u0413\u043b\u0430\u0432\u043d\u0430\u044f \u0441\u0442\u0440\u0430\u043d\u0438\u0446\u0430\",\"item\":\"https:\/\/spinbetter.games\/azerbaijan\/\"},{\"@type\":\"ListItem\",\"position\":2,\"name\":\"T\u0259tbiq\"}]},{\"@type\":\"WebSite\",\"@id\":\"https:\/\/spinbetter.games\/azerbaijan\/#website\",\"url\":\"https:\/\/spinbetter.games\/azerbaijan\/\",\"name\":\"SpinBetter AZ\",\"description\":\"My WordPress Blog\",\"potentialAction\":[{\"@type\":\"SearchAction\",\"target\":{\"@type\":\"EntryPoint\",\"urlTemplate\":\"https:\/\/spinbetter.games\/azerbaijan\/?s={search_term_string}\"},\"query-input\":{\"@type\":\"PropertyValueSpecification\",\"valueRequired\":true,\"valueName\":\"search_term_string\"}}],\"inLanguage\":\"az\"}]}<\/script>\n<!-- \/ Yoast SEO plugin. -->","yoast_head_json":{"title":"SpinBetter Proqram \u2705 Android v\u0259 iOS \u00fc\u00e7\u00fcn pulsuz y\u00fckl\u0259yin","description":"Spinbetter Az\u0259rbaycan Mobile Version ist\u0259nil\u0259n vaxt v\u0259 h\u0259r yerd\u0259 sevimli \u0259yl\u0259nc\u0259niz\u0259 daxil olmaq imkan\u0131d\u0131r. Spinbetter-in Mobil Faydalar\u0131ndan h\u0259zz al\u0131n","robots":{"index":"index","follow":"follow","max-snippet":"max-snippet:-1","max-image-preview":"max-image-preview:large","max-video-preview":"max-video-preview:-1"},"canonical":"https:\/\/spinbetter.games\/azerbaijan\/app\/","og_locale":"az_AZ","og_type":"article","og_title":"SpinBetter Proqram \u2705 Android v\u0259 iOS \u00fc\u00e7\u00fcn pulsuz y\u00fckl\u0259yin","og_description":"Spinbetter Az\u0259rbaycan Mobile Version ist\u0259nil\u0259n vaxt v\u0259 h\u0259r yerd\u0259 sevimli \u0259yl\u0259nc\u0259niz\u0259 daxil olmaq imkan\u0131d\u0131r. Spinbetter-in Mobil Faydalar\u0131ndan h\u0259zz al\u0131n","og_url":"https:\/\/spinbetter.games\/azerbaijan\/app\/","og_site_name":"SpinBetter AZ","article_modified_time":"2025-12-12T16:17:24+00:00","twitter_card":"summary_large_image","schema":{"@context":"https:\/\/schema.org","@graph":[{"@type":"WebPage","@id":"https:\/\/spinbetter.games\/azerbaijan\/app\/","url":"https:\/\/spinbetter.games\/azerbaijan\/app\/","name":"SpinBetter Proqram \u2705 Android v\u0259 iOS \u00fc\u00e7\u00fcn pulsuz y\u00fckl\u0259yin","isPartOf":{"@id":"https:\/\/spinbetter.games\/azerbaijan\/#website"},"datePublished":"2024-10-20T13:54:42+00:00","dateModified":"2025-12-12T16:17:24+00:00","description":"Spinbetter Az\u0259rbaycan Mobile Version ist\u0259nil\u0259n vaxt v\u0259 h\u0259r yerd\u0259 sevimli \u0259yl\u0259nc\u0259niz\u0259 daxil olmaq imkan\u0131d\u0131r. Spinbetter-in Mobil Faydalar\u0131ndan h\u0259zz al\u0131n","breadcrumb":{"@id":"https:\/\/spinbetter.games\/azerbaijan\/app\/#breadcrumb"},"inLanguage":"az","potentialAction":[{"@type":"ReadAction","target":["https:\/\/spinbetter.games\/azerbaijan\/app\/"]}]},{"@type":"BreadcrumbList","@id":"https:\/\/spinbetter.games\/azerbaijan\/app\/#breadcrumb","itemListElement":[{"@type":"ListItem","position":1,"name":"\u0413\u043b\u0430\u0432\u043d\u0430\u044f \u0441\u0442\u0440\u0430\u043d\u0438\u0446\u0430","item":"https:\/\/spinbetter.games\/azerbaijan\/"},{"@type":"ListItem","position":2,"name":"T\u0259tbiq"}]},{"@type":"WebSite","@id":"https:\/\/spinbetter.games\/azerbaijan\/#website","url":"https:\/\/spinbetter.games\/azerbaijan\/","name":"SpinBetter AZ","description":"My WordPress Blog","potentialAction":[{"@type":"SearchAction","target":{"@type":"EntryPoint","urlTemplate":"https:\/\/spinbetter.games\/azerbaijan\/?s={search_term_string}"},"query-input":{"@type":"PropertyValueSpecification","valueRequired":true,"valueName":"search_term_string"}}],"inLanguage":"az"}]}},"_links":{"self":[{"href":"https:\/\/spinbetter.games\/azerbaijan\/wp-json\/wp\/v2\/pages\/228","targetHints":{"allow":["GET"]}}],"collection":[{"href":"https:\/\/spinbetter.games\/azerbaijan\/wp-json\/wp\/v2\/pages"}],"about":[{"href":"https:\/\/spinbetter.games\/azerbaijan\/wp-json\/wp\/v2\/types\/page"}],"author":[{"embeddable":true,"href":"https:\/\/spinbetter.games\/azerbaijan\/wp-json\/wp\/v2\/users\/1"}],"replies":[{"embeddable":true,"href":"https:\/\/spinbetter.games\/azerbaijan\/wp-json\/wp\/v2\/comments?post=228"}],"version-history":[{"count":27,"href":"https:\/\/spinbetter.games\/azerbaijan\/wp-json\/wp\/v2\/pages\/228\/revisions"}],"predecessor-version":[{"id":926,"href":"https:\/\/spinbetter.games\/azerbaijan\/wp-json\/wp\/v2\/pages\/228\/revisions\/926"}],"wp:attachment":[{"href":"https:\/\/spinbetter.games\/azerbaijan\/wp-json\/wp\/v2\/media?parent=228"}],"curies":[{"name":"wp","href":"https:\/\/api.w.org\/{rel}","templated":true}]}}