{"id":255,"date":"2025-02-10T08:11:18","date_gmt":"2025-02-10T08:11:18","guid":{"rendered":"https:\/\/spinbetter.games\/?page_id=255"},"modified":"2025-02-14T14:02:59","modified_gmt":"2025-02-14T14:02:59","slug":"login","status":"publish","type":"page","link":"https:\/\/spinbetter.games\/azerbaijan\/login\/","title":{"rendered":"Daxil ol"},"content":{"rendered":"","protected":false},"excerpt":{"rendered":"","protected":false},"author":1,"featured_media":0,"parent":0,"menu_order":0,"comment_status":"closed","ping_status":"closed","template":"","meta":{"footnotes":""},"class_list":["post-255","page","type-page","status-publish","hentry"],"yoast_head":"<!-- This site is optimized with the Yoast SEO plugin v26.8 - https:\/\/yoast.com\/product\/yoast-seo-wordpress\/ -->\n<title>Spinbetter Giri\u015f v\u0259 Qeydiyyatdan Ke\u00e7in<\/title>\n<meta name=\"description\" content=\"Add\u0131m-add\u0131m Spinbetter Giri\u015f Prosesi \u00b7 Hesab\u0131n\u0131za nec\u0259 daxil olmaq olar \u00b7 Daha yax\u015f\u0131 Spin etm\u0259k \u00fc\u00e7\u00fcn daxil olun v\u0259 2500 AZN v\u0259 150 \u200b\u200bPulsuz D\u00f6nd\u00fcrm\u0259 q\u0259d\u0259r xo\u015f g\u0259lmisiniz paketi \u0259ld\u0259 edin\" \/>\n<meta name=\"robots\" content=\"index, follow, max-snippet:-1, max-image-preview:large, max-video-preview:-1\" \/>\n<link rel=\"canonical\" href=\"https:\/\/spinbetter.games\/azerbaijan\/login\/\" \/>\n<meta property=\"og:locale\" content=\"az_AZ\" \/>\n<meta property=\"og:type\" content=\"article\" \/>\n<meta property=\"og:title\" content=\"Spinbetter Giri\u015f v\u0259 Qeydiyyatdan Ke\u00e7in\" \/>\n<meta property=\"og:description\" content=\"Add\u0131m-add\u0131m Spinbetter Giri\u015f Prosesi \u00b7 Hesab\u0131n\u0131za nec\u0259 daxil olmaq olar \u00b7 Daha yax\u015f\u0131 Spin etm\u0259k \u00fc\u00e7\u00fcn daxil olun v\u0259 2500 AZN v\u0259 150 \u200b\u200bPulsuz D\u00f6nd\u00fcrm\u0259 q\u0259d\u0259r xo\u015f g\u0259lmisiniz paketi \u0259ld\u0259 edin\" \/>\n<meta property=\"og:url\" content=\"https:\/\/spinbetter.games\/azerbaijan\/login\/\" \/>\n<meta property=\"og:site_name\" content=\"SpinBetter AZ\" \/>\n<meta property=\"article:modified_time\" content=\"2025-02-14T14:02:59+00:00\" \/>\n<meta name=\"twitter:card\" content=\"summary_large_image\" \/>\n<script type=\"application\/ld+json\" class=\"yoast-schema-graph\">{\"@context\":\"https:\/\/schema.org\",\"@graph\":[{\"@type\":\"WebPage\",\"@id\":\"https:\/\/spinbetter.games\/azerbaijan\/login\/\",\"url\":\"https:\/\/spinbetter.games\/azerbaijan\/login\/\",\"name\":\"Spinbetter Giri\u015f v\u0259 Qeydiyyatdan Ke\u00e7in\",\"isPartOf\":{\"@id\":\"https:\/\/spinbetter.games\/azerbaijan\/#website\"},\"datePublished\":\"2025-02-10T08:11:18+00:00\",\"dateModified\":\"2025-02-14T14:02:59+00:00\",\"description\":\"Add\u0131m-add\u0131m Spinbetter Giri\u015f Prosesi \u00b7 Hesab\u0131n\u0131za nec\u0259 daxil olmaq olar \u00b7 Daha yax\u015f\u0131 Spin etm\u0259k \u00fc\u00e7\u00fcn daxil olun v\u0259 2500 AZN v\u0259 150 \u200b\u200bPulsuz D\u00f6nd\u00fcrm\u0259 q\u0259d\u0259r xo\u015f g\u0259lmisiniz paketi \u0259ld\u0259 edin\",\"breadcrumb\":{\"@id\":\"https:\/\/spinbetter.games\/azerbaijan\/login\/#breadcrumb\"},\"inLanguage\":\"az\",\"potentialAction\":[{\"@type\":\"ReadAction\",\"target\":[\"https:\/\/spinbetter.games\/azerbaijan\/login\/\"]}]},{\"@type\":\"BreadcrumbList\",\"@id\":\"https:\/\/spinbetter.games\/azerbaijan\/login\/#breadcrumb\",\"itemListElement\":[{\"@type\":\"ListItem\",\"position\":1,\"name\":\"\u0413\u043b\u0430\u0432\u043d\u0430\u044f \u0441\u0442\u0440\u0430\u043d\u0438\u0446\u0430\",\"item\":\"https:\/\/spinbetter.games\/azerbaijan\/\"},{\"@type\":\"ListItem\",\"position\":2,\"name\":\"Daxil ol\"}]},{\"@type\":\"WebSite\",\"@id\":\"https:\/\/spinbetter.games\/azerbaijan\/#website\",\"url\":\"https:\/\/spinbetter.games\/azerbaijan\/\",\"name\":\"SpinBetter AZ\",\"description\":\"My WordPress Blog\",\"potentialAction\":[{\"@type\":\"SearchAction\",\"target\":{\"@type\":\"EntryPoint\",\"urlTemplate\":\"https:\/\/spinbetter.games\/azerbaijan\/?s={search_term_string}\"},\"query-input\":{\"@type\":\"PropertyValueSpecification\",\"valueRequired\":true,\"valueName\":\"search_term_string\"}}],\"inLanguage\":\"az\"}]}<\/script>\n<!-- \/ Yoast SEO plugin. -->","yoast_head_json":{"title":"Spinbetter Giri\u015f v\u0259 Qeydiyyatdan Ke\u00e7in","description":"Add\u0131m-add\u0131m Spinbetter Giri\u015f Prosesi \u00b7 Hesab\u0131n\u0131za nec\u0259 daxil olmaq olar \u00b7 Daha yax\u015f\u0131 Spin etm\u0259k \u00fc\u00e7\u00fcn daxil olun v\u0259 2500 AZN v\u0259 150 \u200b\u200bPulsuz D\u00f6nd\u00fcrm\u0259 q\u0259d\u0259r xo\u015f g\u0259lmisiniz paketi \u0259ld\u0259 edin","robots":{"index":"index","follow":"follow","max-snippet":"max-snippet:-1","max-image-preview":"max-image-preview:large","max-video-preview":"max-video-preview:-1"},"canonical":"https:\/\/spinbetter.games\/azerbaijan\/login\/","og_locale":"az_AZ","og_type":"article","og_title":"Spinbetter Giri\u015f v\u0259 Qeydiyyatdan Ke\u00e7in","og_description":"Add\u0131m-add\u0131m Spinbetter Giri\u015f Prosesi \u00b7 Hesab\u0131n\u0131za nec\u0259 daxil olmaq olar \u00b7 Daha yax\u015f\u0131 Spin etm\u0259k \u00fc\u00e7\u00fcn daxil olun v\u0259 2500 AZN v\u0259 150 \u200b\u200bPulsuz D\u00f6nd\u00fcrm\u0259 q\u0259d\u0259r xo\u015f g\u0259lmisiniz paketi \u0259ld\u0259 edin","og_url":"https:\/\/spinbetter.games\/azerbaijan\/login\/","og_site_name":"SpinBetter AZ","article_modified_time":"2025-02-14T14:02:59+00:00","twitter_card":"summary_large_image","schema":{"@context":"https:\/\/schema.org","@graph":[{"@type":"WebPage","@id":"https:\/\/spinbetter.games\/azerbaijan\/login\/","url":"https:\/\/spinbetter.games\/azerbaijan\/login\/","name":"Spinbetter Giri\u015f v\u0259 Qeydiyyatdan Ke\u00e7in","isPartOf":{"@id":"https:\/\/spinbetter.games\/azerbaijan\/#website"},"datePublished":"2025-02-10T08:11:18+00:00","dateModified":"2025-02-14T14:02:59+00:00","description":"Add\u0131m-add\u0131m Spinbetter Giri\u015f Prosesi \u00b7 Hesab\u0131n\u0131za nec\u0259 daxil olmaq olar \u00b7 Daha yax\u015f\u0131 Spin etm\u0259k \u00fc\u00e7\u00fcn daxil olun v\u0259 2500 AZN v\u0259 150 \u200b\u200bPulsuz D\u00f6nd\u00fcrm\u0259 q\u0259d\u0259r xo\u015f g\u0259lmisiniz paketi \u0259ld\u0259 edin","breadcrumb":{"@id":"https:\/\/spinbetter.games\/azerbaijan\/login\/#breadcrumb"},"inLanguage":"az","potentialAction":[{"@type":"ReadAction","target":["https:\/\/spinbetter.games\/azerbaijan\/login\/"]}]},{"@type":"BreadcrumbList","@id":"https:\/\/spinbetter.games\/azerbaijan\/login\/#breadcrumb","itemListElement":[{"@type":"ListItem","position":1,"name":"\u0413\u043b\u0430\u0432\u043d\u0430\u044f \u0441\u0442\u0440\u0430\u043d\u0438\u0446\u0430","item":"https:\/\/spinbetter.games\/azerbaijan\/"},{"@type":"ListItem","position":2,"name":"Daxil ol"}]},{"@type":"WebSite","@id":"https:\/\/spinbetter.games\/azerbaijan\/#website","url":"https:\/\/spinbetter.games\/azerbaijan\/","name":"SpinBetter AZ","description":"My WordPress Blog","potentialAction":[{"@type":"SearchAction","target":{"@type":"EntryPoint","urlTemplate":"https:\/\/spinbetter.games\/azerbaijan\/?s={search_term_string}"},"query-input":{"@type":"PropertyValueSpecification","valueRequired":true,"valueName":"search_term_string"}}],"inLanguage":"az"}]}},"_links":{"self":[{"href":"https:\/\/spinbetter.games\/azerbaijan\/wp-json\/wp\/v2\/pages\/255","targetHints":{"allow":["GET"]}}],"collection":[{"href":"https:\/\/spinbetter.games\/azerbaijan\/wp-json\/wp\/v2\/pages"}],"about":[{"href":"https:\/\/spinbetter.games\/azerbaijan\/wp-json\/wp\/v2\/types\/page"}],"author":[{"embeddable":true,"href":"https:\/\/spinbetter.games\/azerbaijan\/wp-json\/wp\/v2\/users\/1"}],"replies":[{"embeddable":true,"href":"https:\/\/spinbetter.games\/azerbaijan\/wp-json\/wp\/v2\/comments?post=255"}],"version-history":[{"count":2,"href":"https:\/\/spinbetter.games\/azerbaijan\/wp-json\/wp\/v2\/pages\/255\/revisions"}],"predecessor-version":[{"id":857,"href":"https:\/\/spinbetter.games\/azerbaijan\/wp-json\/wp\/v2\/pages\/255\/revisions\/857"}],"wp:attachment":[{"href":"https:\/\/spinbetter.games\/azerbaijan\/wp-json\/wp\/v2\/media?parent=255"}],"curies":[{"name":"wp","href":"https:\/\/api.w.org\/{rel}","templated":true}]}}