{"id":549,"date":"2024-09-24T06:14:56","date_gmt":"2024-09-24T06:14:56","guid":{"rendered":"https:\/\/spinbetter.games\/azerbaijan\/?page_id=549"},"modified":"2025-04-30T10:56:24","modified_gmt":"2025-04-30T10:56:24","slug":"promo-code","status":"publish","type":"page","link":"https:\/\/spinbetter.games\/azerbaijan\/promo-code\/","title":{"rendered":"Promo Kodu"},"content":{"rendered":"","protected":false},"excerpt":{"rendered":"","protected":false},"author":1,"featured_media":0,"parent":0,"menu_order":0,"comment_status":"closed","ping_status":"closed","template":"","meta":{"footnotes":""},"class_list":["post-549","page","type-page","status-publish","hentry"],"yoast_head":"<!-- This site is optimized with the Yoast SEO plugin v26.8 - https:\/\/yoast.com\/product\/yoast-seo-wordpress\/ -->\n<title>SpinBetter Az\u0259rbaycan Promo Kodu 2025 \u25b6\ufe0f Faktiki Bonus Kodlar\u0131<\/title>\n<meta name=\"description\" content=\"\u018fn yax\u015f\u0131 SpinBetter Bonus Kodlar\u0131n\u0131 tap\u0131n v\u0259 ekskl\u00fcziv Depozitsiz Bonuslar v\u0259 Pulsuz Spinl\u0259r \u0259ld\u0259 edin. Qeydiyyatdan ke\u00e7\u0259rk\u0259n Spin Better Promo Kodundan istifad\u0259 edin. Bonus kodlar\u0131 siz\u0259 Spin Better-d\u0259 sevimli slotlarda pulsuz f\u0131rlanmalar v\u0259 m\u0259\u015fhur idman n\u00f6vl\u0259rin\u0259 pulsuz m\u0259rcl\u0259r ver\u0259 bil\u0259r\" \/>\n<meta name=\"robots\" content=\"index, follow, max-snippet:-1, max-image-preview:large, max-video-preview:-1\" \/>\n<link rel=\"canonical\" href=\"https:\/\/spinbetter.games\/azerbaijan\/promo-code\/\" \/>\n<meta property=\"og:locale\" content=\"az_AZ\" \/>\n<meta property=\"og:type\" content=\"article\" \/>\n<meta property=\"og:title\" content=\"SpinBetter Az\u0259rbaycan Promo Kodu 2025 \u25b6\ufe0f Faktiki Bonus Kodlar\u0131\" \/>\n<meta property=\"og:description\" content=\"\u018fn yax\u015f\u0131 SpinBetter Bonus Kodlar\u0131n\u0131 tap\u0131n v\u0259 ekskl\u00fcziv Depozitsiz Bonuslar v\u0259 Pulsuz Spinl\u0259r \u0259ld\u0259 edin. Qeydiyyatdan ke\u00e7\u0259rk\u0259n Spin Better Promo Kodundan istifad\u0259 edin. Bonus kodlar\u0131 siz\u0259 Spin Better-d\u0259 sevimli slotlarda pulsuz f\u0131rlanmalar v\u0259 m\u0259\u015fhur idman n\u00f6vl\u0259rin\u0259 pulsuz m\u0259rcl\u0259r ver\u0259 bil\u0259r\" \/>\n<meta property=\"og:url\" content=\"https:\/\/spinbetter.games\/azerbaijan\/promo-code\/\" \/>\n<meta property=\"og:site_name\" content=\"SpinBetter AZ\" \/>\n<meta property=\"article:modified_time\" content=\"2025-04-30T10:56:24+00:00\" \/>\n<meta name=\"twitter:card\" content=\"summary_large_image\" \/>\n<script type=\"application\/ld+json\" class=\"yoast-schema-graph\">{\"@context\":\"https:\/\/schema.org\",\"@graph\":[{\"@type\":\"WebPage\",\"@id\":\"https:\/\/spinbetter.games\/azerbaijan\/promo-code\/\",\"url\":\"https:\/\/spinbetter.games\/azerbaijan\/promo-code\/\",\"name\":\"SpinBetter Az\u0259rbaycan Promo Kodu 2025 \u25b6\ufe0f Faktiki Bonus Kodlar\u0131\",\"isPartOf\":{\"@id\":\"https:\/\/spinbetter.games\/azerbaijan\/#website\"},\"datePublished\":\"2024-09-24T06:14:56+00:00\",\"dateModified\":\"2025-04-30T10:56:24+00:00\",\"description\":\"\u018fn yax\u015f\u0131 SpinBetter Bonus Kodlar\u0131n\u0131 tap\u0131n v\u0259 ekskl\u00fcziv Depozitsiz Bonuslar v\u0259 Pulsuz Spinl\u0259r \u0259ld\u0259 edin. Qeydiyyatdan ke\u00e7\u0259rk\u0259n Spin Better Promo Kodundan istifad\u0259 edin. Bonus kodlar\u0131 siz\u0259 Spin Better-d\u0259 sevimli slotlarda pulsuz f\u0131rlanmalar v\u0259 m\u0259\u015fhur idman n\u00f6vl\u0259rin\u0259 pulsuz m\u0259rcl\u0259r ver\u0259 bil\u0259r\",\"breadcrumb\":{\"@id\":\"https:\/\/spinbetter.games\/azerbaijan\/promo-code\/#breadcrumb\"},\"inLanguage\":\"az\",\"potentialAction\":[{\"@type\":\"ReadAction\",\"target\":[\"https:\/\/spinbetter.games\/azerbaijan\/promo-code\/\"]}]},{\"@type\":\"BreadcrumbList\",\"@id\":\"https:\/\/spinbetter.games\/azerbaijan\/promo-code\/#breadcrumb\",\"itemListElement\":[{\"@type\":\"ListItem\",\"position\":1,\"name\":\"\u0413\u043b\u0430\u0432\u043d\u0430\u044f \u0441\u0442\u0440\u0430\u043d\u0438\u0446\u0430\",\"item\":\"https:\/\/spinbetter.games\/azerbaijan\/\"},{\"@type\":\"ListItem\",\"position\":2,\"name\":\"Promo Kodu\"}]},{\"@type\":\"WebSite\",\"@id\":\"https:\/\/spinbetter.games\/azerbaijan\/#website\",\"url\":\"https:\/\/spinbetter.games\/azerbaijan\/\",\"name\":\"SpinBetter AZ\",\"description\":\"My WordPress Blog\",\"potentialAction\":[{\"@type\":\"SearchAction\",\"target\":{\"@type\":\"EntryPoint\",\"urlTemplate\":\"https:\/\/spinbetter.games\/azerbaijan\/?s={search_term_string}\"},\"query-input\":{\"@type\":\"PropertyValueSpecification\",\"valueRequired\":true,\"valueName\":\"search_term_string\"}}],\"inLanguage\":\"az\"}]}<\/script>\n<!-- \/ Yoast SEO plugin. -->","yoast_head_json":{"title":"SpinBetter Az\u0259rbaycan Promo Kodu 2025 \u25b6\ufe0f Faktiki Bonus Kodlar\u0131","description":"\u018fn yax\u015f\u0131 SpinBetter Bonus Kodlar\u0131n\u0131 tap\u0131n v\u0259 ekskl\u00fcziv Depozitsiz Bonuslar v\u0259 Pulsuz Spinl\u0259r \u0259ld\u0259 edin. Qeydiyyatdan ke\u00e7\u0259rk\u0259n Spin Better Promo Kodundan istifad\u0259 edin. Bonus kodlar\u0131 siz\u0259 Spin Better-d\u0259 sevimli slotlarda pulsuz f\u0131rlanmalar v\u0259 m\u0259\u015fhur idman n\u00f6vl\u0259rin\u0259 pulsuz m\u0259rcl\u0259r ver\u0259 bil\u0259r","robots":{"index":"index","follow":"follow","max-snippet":"max-snippet:-1","max-image-preview":"max-image-preview:large","max-video-preview":"max-video-preview:-1"},"canonical":"https:\/\/spinbetter.games\/azerbaijan\/promo-code\/","og_locale":"az_AZ","og_type":"article","og_title":"SpinBetter Az\u0259rbaycan Promo Kodu 2025 \u25b6\ufe0f Faktiki Bonus Kodlar\u0131","og_description":"\u018fn yax\u015f\u0131 SpinBetter Bonus Kodlar\u0131n\u0131 tap\u0131n v\u0259 ekskl\u00fcziv Depozitsiz Bonuslar v\u0259 Pulsuz Spinl\u0259r \u0259ld\u0259 edin. Qeydiyyatdan ke\u00e7\u0259rk\u0259n Spin Better Promo Kodundan istifad\u0259 edin. Bonus kodlar\u0131 siz\u0259 Spin Better-d\u0259 sevimli slotlarda pulsuz f\u0131rlanmalar v\u0259 m\u0259\u015fhur idman n\u00f6vl\u0259rin\u0259 pulsuz m\u0259rcl\u0259r ver\u0259 bil\u0259r","og_url":"https:\/\/spinbetter.games\/azerbaijan\/promo-code\/","og_site_name":"SpinBetter AZ","article_modified_time":"2025-04-30T10:56:24+00:00","twitter_card":"summary_large_image","schema":{"@context":"https:\/\/schema.org","@graph":[{"@type":"WebPage","@id":"https:\/\/spinbetter.games\/azerbaijan\/promo-code\/","url":"https:\/\/spinbetter.games\/azerbaijan\/promo-code\/","name":"SpinBetter Az\u0259rbaycan Promo Kodu 2025 \u25b6\ufe0f Faktiki Bonus Kodlar\u0131","isPartOf":{"@id":"https:\/\/spinbetter.games\/azerbaijan\/#website"},"datePublished":"2024-09-24T06:14:56+00:00","dateModified":"2025-04-30T10:56:24+00:00","description":"\u018fn yax\u015f\u0131 SpinBetter Bonus Kodlar\u0131n\u0131 tap\u0131n v\u0259 ekskl\u00fcziv Depozitsiz Bonuslar v\u0259 Pulsuz Spinl\u0259r \u0259ld\u0259 edin. Qeydiyyatdan ke\u00e7\u0259rk\u0259n Spin Better Promo Kodundan istifad\u0259 edin. Bonus kodlar\u0131 siz\u0259 Spin Better-d\u0259 sevimli slotlarda pulsuz f\u0131rlanmalar v\u0259 m\u0259\u015fhur idman n\u00f6vl\u0259rin\u0259 pulsuz m\u0259rcl\u0259r ver\u0259 bil\u0259r","breadcrumb":{"@id":"https:\/\/spinbetter.games\/azerbaijan\/promo-code\/#breadcrumb"},"inLanguage":"az","potentialAction":[{"@type":"ReadAction","target":["https:\/\/spinbetter.games\/azerbaijan\/promo-code\/"]}]},{"@type":"BreadcrumbList","@id":"https:\/\/spinbetter.games\/azerbaijan\/promo-code\/#breadcrumb","itemListElement":[{"@type":"ListItem","position":1,"name":"\u0413\u043b\u0430\u0432\u043d\u0430\u044f \u0441\u0442\u0440\u0430\u043d\u0438\u0446\u0430","item":"https:\/\/spinbetter.games\/azerbaijan\/"},{"@type":"ListItem","position":2,"name":"Promo Kodu"}]},{"@type":"WebSite","@id":"https:\/\/spinbetter.games\/azerbaijan\/#website","url":"https:\/\/spinbetter.games\/azerbaijan\/","name":"SpinBetter AZ","description":"My WordPress Blog","potentialAction":[{"@type":"SearchAction","target":{"@type":"EntryPoint","urlTemplate":"https:\/\/spinbetter.games\/azerbaijan\/?s={search_term_string}"},"query-input":{"@type":"PropertyValueSpecification","valueRequired":true,"valueName":"search_term_string"}}],"inLanguage":"az"}]}},"_links":{"self":[{"href":"https:\/\/spinbetter.games\/azerbaijan\/wp-json\/wp\/v2\/pages\/549","targetHints":{"allow":["GET"]}}],"collection":[{"href":"https:\/\/spinbetter.games\/azerbaijan\/wp-json\/wp\/v2\/pages"}],"about":[{"href":"https:\/\/spinbetter.games\/azerbaijan\/wp-json\/wp\/v2\/types\/page"}],"author":[{"embeddable":true,"href":"https:\/\/spinbetter.games\/azerbaijan\/wp-json\/wp\/v2\/users\/1"}],"replies":[{"embeddable":true,"href":"https:\/\/spinbetter.games\/azerbaijan\/wp-json\/wp\/v2\/comments?post=549"}],"version-history":[{"count":16,"href":"https:\/\/spinbetter.games\/azerbaijan\/wp-json\/wp\/v2\/pages\/549\/revisions"}],"predecessor-version":[{"id":905,"href":"https:\/\/spinbetter.games\/azerbaijan\/wp-json\/wp\/v2\/pages\/549\/revisions\/905"}],"wp:attachment":[{"href":"https:\/\/spinbetter.games\/azerbaijan\/wp-json\/wp\/v2\/media?parent=549"}],"curies":[{"name":"wp","href":"https:\/\/api.w.org\/{rel}","templated":true}]}}