{"id":872,"date":"2025-04-30T08:44:17","date_gmt":"2025-04-30T08:44:17","guid":{"rendered":"https:\/\/spinbetter.games\/azerbaijan\/?page_id=872"},"modified":"2025-04-30T08:44:17","modified_gmt":"2025-04-30T08:44:17","slug":"freebet-in-app","status":"publish","type":"page","link":"https:\/\/spinbetter.games\/azerbaijan\/bonus\/freebet-in-app\/","title":{"rendered":"T\u0259tbiqd\u0259 pulsuz bahis"},"content":{"rendered":"","protected":false},"excerpt":{"rendered":"","protected":false},"author":1,"featured_media":0,"parent":152,"menu_order":0,"comment_status":"closed","ping_status":"closed","template":"","meta":{"footnotes":""},"class_list":["post-872","page","type-page","status-publish","hentry"],"yoast_head":"<!-- This site is optimized with the Yoast SEO plugin v26.8 - https:\/\/yoast.com\/product\/yoast-seo-wordpress\/ -->\n<title>SpinBetter proqramdaxili Freebet \u1409 Proqramdaxili m\u0259rc bonuslar\u0131<\/title>\n<meta name=\"description\" content=\"SpinBetter T\u0259tbiqind\u0259 pulsuz bahis il\u0259 oyununuza enerji verin! \ud83d\udcb8 G\u00f6z\u0259l m\u0259rc bonuslar\u0131n\u0131 k\u0259\u015ff edin v\u0259 qazanmaq \u015fans\u0131n\u0131z\u0131 art\u0131r\u0131n. An\u0131 qa\u00e7\u0131rmay\u0131n - udu\u015flar\u0131n\u0131z sizi g\u00f6zl\u0259yir!\" \/>\n<meta name=\"robots\" content=\"index, follow, max-snippet:-1, max-image-preview:large, max-video-preview:-1\" \/>\n<link rel=\"canonical\" href=\"https:\/\/spinbetter.games\/azerbaijan\/bonus\/freebet-in-app\/\" \/>\n<meta property=\"og:locale\" content=\"az_AZ\" \/>\n<meta property=\"og:type\" content=\"article\" \/>\n<meta property=\"og:title\" content=\"SpinBetter proqramdaxili Freebet \u1409 Proqramdaxili m\u0259rc bonuslar\u0131\" \/>\n<meta property=\"og:description\" content=\"SpinBetter T\u0259tbiqind\u0259 pulsuz bahis il\u0259 oyununuza enerji verin! \ud83d\udcb8 G\u00f6z\u0259l m\u0259rc bonuslar\u0131n\u0131 k\u0259\u015ff edin v\u0259 qazanmaq \u015fans\u0131n\u0131z\u0131 art\u0131r\u0131n. An\u0131 qa\u00e7\u0131rmay\u0131n - udu\u015flar\u0131n\u0131z sizi g\u00f6zl\u0259yir!\" \/>\n<meta property=\"og:url\" content=\"https:\/\/spinbetter.games\/azerbaijan\/bonus\/freebet-in-app\/\" \/>\n<meta property=\"og:site_name\" content=\"SpinBetter AZ\" \/>\n<meta name=\"twitter:card\" content=\"summary_large_image\" \/>\n<script type=\"application\/ld+json\" class=\"yoast-schema-graph\">{\"@context\":\"https:\/\/schema.org\",\"@graph\":[{\"@type\":\"WebPage\",\"@id\":\"https:\/\/spinbetter.games\/azerbaijan\/bonus\/freebet-in-app\/\",\"url\":\"https:\/\/spinbetter.games\/azerbaijan\/bonus\/freebet-in-app\/\",\"name\":\"SpinBetter proqramdaxili Freebet \u1409 Proqramdaxili m\u0259rc bonuslar\u0131\",\"isPartOf\":{\"@id\":\"https:\/\/spinbetter.games\/azerbaijan\/#website\"},\"datePublished\":\"2025-04-30T08:44:17+00:00\",\"description\":\"SpinBetter T\u0259tbiqind\u0259 pulsuz bahis il\u0259 oyununuza enerji verin! \ud83d\udcb8 G\u00f6z\u0259l m\u0259rc bonuslar\u0131n\u0131 k\u0259\u015ff edin v\u0259 qazanmaq \u015fans\u0131n\u0131z\u0131 art\u0131r\u0131n. An\u0131 qa\u00e7\u0131rmay\u0131n - udu\u015flar\u0131n\u0131z sizi g\u00f6zl\u0259yir!\",\"breadcrumb\":{\"@id\":\"https:\/\/spinbetter.games\/azerbaijan\/bonus\/freebet-in-app\/#breadcrumb\"},\"inLanguage\":\"az\",\"potentialAction\":[{\"@type\":\"ReadAction\",\"target\":[\"https:\/\/spinbetter.games\/azerbaijan\/bonus\/freebet-in-app\/\"]}]},{\"@type\":\"BreadcrumbList\",\"@id\":\"https:\/\/spinbetter.games\/azerbaijan\/bonus\/freebet-in-app\/#breadcrumb\",\"itemListElement\":[{\"@type\":\"ListItem\",\"position\":1,\"name\":\"\u0413\u043b\u0430\u0432\u043d\u0430\u044f \u0441\u0442\u0440\u0430\u043d\u0438\u0446\u0430\",\"item\":\"https:\/\/spinbetter.games\/azerbaijan\/\"},{\"@type\":\"ListItem\",\"position\":2,\"name\":\"Bonus\",\"item\":\"https:\/\/spinbetter.games\/azerbaijan\/bonus\/\"},{\"@type\":\"ListItem\",\"position\":3,\"name\":\"T\u0259tbiqd\u0259 pulsuz bahis\"}]},{\"@type\":\"WebSite\",\"@id\":\"https:\/\/spinbetter.games\/azerbaijan\/#website\",\"url\":\"https:\/\/spinbetter.games\/azerbaijan\/\",\"name\":\"SpinBetter AZ\",\"description\":\"My WordPress Blog\",\"potentialAction\":[{\"@type\":\"SearchAction\",\"target\":{\"@type\":\"EntryPoint\",\"urlTemplate\":\"https:\/\/spinbetter.games\/azerbaijan\/?s={search_term_string}\"},\"query-input\":{\"@type\":\"PropertyValueSpecification\",\"valueRequired\":true,\"valueName\":\"search_term_string\"}}],\"inLanguage\":\"az\"}]}<\/script>\n<!-- \/ Yoast SEO plugin. -->","yoast_head_json":{"title":"SpinBetter proqramdaxili Freebet \u1409 Proqramdaxili m\u0259rc bonuslar\u0131","description":"SpinBetter T\u0259tbiqind\u0259 pulsuz bahis il\u0259 oyununuza enerji verin! \ud83d\udcb8 G\u00f6z\u0259l m\u0259rc bonuslar\u0131n\u0131 k\u0259\u015ff edin v\u0259 qazanmaq \u015fans\u0131n\u0131z\u0131 art\u0131r\u0131n. An\u0131 qa\u00e7\u0131rmay\u0131n - udu\u015flar\u0131n\u0131z sizi g\u00f6zl\u0259yir!","robots":{"index":"index","follow":"follow","max-snippet":"max-snippet:-1","max-image-preview":"max-image-preview:large","max-video-preview":"max-video-preview:-1"},"canonical":"https:\/\/spinbetter.games\/azerbaijan\/bonus\/freebet-in-app\/","og_locale":"az_AZ","og_type":"article","og_title":"SpinBetter proqramdaxili Freebet \u1409 Proqramdaxili m\u0259rc bonuslar\u0131","og_description":"SpinBetter T\u0259tbiqind\u0259 pulsuz bahis il\u0259 oyununuza enerji verin! \ud83d\udcb8 G\u00f6z\u0259l m\u0259rc bonuslar\u0131n\u0131 k\u0259\u015ff edin v\u0259 qazanmaq \u015fans\u0131n\u0131z\u0131 art\u0131r\u0131n. An\u0131 qa\u00e7\u0131rmay\u0131n - udu\u015flar\u0131n\u0131z sizi g\u00f6zl\u0259yir!","og_url":"https:\/\/spinbetter.games\/azerbaijan\/bonus\/freebet-in-app\/","og_site_name":"SpinBetter AZ","twitter_card":"summary_large_image","schema":{"@context":"https:\/\/schema.org","@graph":[{"@type":"WebPage","@id":"https:\/\/spinbetter.games\/azerbaijan\/bonus\/freebet-in-app\/","url":"https:\/\/spinbetter.games\/azerbaijan\/bonus\/freebet-in-app\/","name":"SpinBetter proqramdaxili Freebet \u1409 Proqramdaxili m\u0259rc bonuslar\u0131","isPartOf":{"@id":"https:\/\/spinbetter.games\/azerbaijan\/#website"},"datePublished":"2025-04-30T08:44:17+00:00","description":"SpinBetter T\u0259tbiqind\u0259 pulsuz bahis il\u0259 oyununuza enerji verin! \ud83d\udcb8 G\u00f6z\u0259l m\u0259rc bonuslar\u0131n\u0131 k\u0259\u015ff edin v\u0259 qazanmaq \u015fans\u0131n\u0131z\u0131 art\u0131r\u0131n. An\u0131 qa\u00e7\u0131rmay\u0131n - udu\u015flar\u0131n\u0131z sizi g\u00f6zl\u0259yir!","breadcrumb":{"@id":"https:\/\/spinbetter.games\/azerbaijan\/bonus\/freebet-in-app\/#breadcrumb"},"inLanguage":"az","potentialAction":[{"@type":"ReadAction","target":["https:\/\/spinbetter.games\/azerbaijan\/bonus\/freebet-in-app\/"]}]},{"@type":"BreadcrumbList","@id":"https:\/\/spinbetter.games\/azerbaijan\/bonus\/freebet-in-app\/#breadcrumb","itemListElement":[{"@type":"ListItem","position":1,"name":"\u0413\u043b\u0430\u0432\u043d\u0430\u044f \u0441\u0442\u0440\u0430\u043d\u0438\u0446\u0430","item":"https:\/\/spinbetter.games\/azerbaijan\/"},{"@type":"ListItem","position":2,"name":"Bonus","item":"https:\/\/spinbetter.games\/azerbaijan\/bonus\/"},{"@type":"ListItem","position":3,"name":"T\u0259tbiqd\u0259 pulsuz bahis"}]},{"@type":"WebSite","@id":"https:\/\/spinbetter.games\/azerbaijan\/#website","url":"https:\/\/spinbetter.games\/azerbaijan\/","name":"SpinBetter AZ","description":"My WordPress Blog","potentialAction":[{"@type":"SearchAction","target":{"@type":"EntryPoint","urlTemplate":"https:\/\/spinbetter.games\/azerbaijan\/?s={search_term_string}"},"query-input":{"@type":"PropertyValueSpecification","valueRequired":true,"valueName":"search_term_string"}}],"inLanguage":"az"}]}},"_links":{"self":[{"href":"https:\/\/spinbetter.games\/azerbaijan\/wp-json\/wp\/v2\/pages\/872","targetHints":{"allow":["GET"]}}],"collection":[{"href":"https:\/\/spinbetter.games\/azerbaijan\/wp-json\/wp\/v2\/pages"}],"about":[{"href":"https:\/\/spinbetter.games\/azerbaijan\/wp-json\/wp\/v2\/types\/page"}],"author":[{"embeddable":true,"href":"https:\/\/spinbetter.games\/azerbaijan\/wp-json\/wp\/v2\/users\/1"}],"replies":[{"embeddable":true,"href":"https:\/\/spinbetter.games\/azerbaijan\/wp-json\/wp\/v2\/comments?post=872"}],"version-history":[{"count":1,"href":"https:\/\/spinbetter.games\/azerbaijan\/wp-json\/wp\/v2\/pages\/872\/revisions"}],"predecessor-version":[{"id":875,"href":"https:\/\/spinbetter.games\/azerbaijan\/wp-json\/wp\/v2\/pages\/872\/revisions\/875"}],"up":[{"embeddable":true,"href":"https:\/\/spinbetter.games\/azerbaijan\/wp-json\/wp\/v2\/pages\/152"}],"wp:attachment":[{"href":"https:\/\/spinbetter.games\/azerbaijan\/wp-json\/wp\/v2\/media?parent=872"}],"curies":[{"name":"wp","href":"https:\/\/api.w.org\/{rel}","templated":true}]}}