{"id":880,"date":"2025-04-30T09:04:42","date_gmt":"2025-04-30T09:04:42","guid":{"rendered":"https:\/\/spinbetter.games\/azerbaijan\/?page_id=880"},"modified":"2025-04-30T09:04:42","modified_gmt":"2025-04-30T09:04:42","slug":"welcome-pack","status":"publish","type":"page","link":"https:\/\/spinbetter.games\/azerbaijan\/bonus\/welcome-pack\/","title":{"rendered":"Xo\u015f g\u0259ldiniz paketi"},"content":{"rendered":"","protected":false},"excerpt":{"rendered":"","protected":false},"author":1,"featured_media":0,"parent":152,"menu_order":0,"comment_status":"closed","ping_status":"closed","template":"","meta":{"footnotes":""},"class_list":["post-880","page","type-page","status-publish","hentry"],"yoast_head":"<!-- This site is optimized with the Yoast SEO plugin v26.8 - https:\/\/yoast.com\/product\/yoast-seo-wordpress\/ -->\n<title>SpinBetter Xo\u015f G\u0259lm\u0259 Bonusu: 2950 AZN v\u0259 150 \u200b\u200bPulsuz spin<\/title>\n<meta name=\"description\" content=\"SpinBetter-\u0259 qo\u015fulun v\u0259 2950 AZN-\u0259 q\u0259d\u0259r xo\u015f g\u0259lmisiniz bonusu v\u0259 150 \u200b\u200bpulsuz f\u0131rlanma qazan\u0131n! \ud83d\udcb0\u015eans\u0131n\u0131z\u0131 s\u0131nay\u0131n v\u0259 s\u0259xav\u0259tli yeni ba\u015flayanlar \u00fc\u00e7\u00fcn imtiyazlarla qazanma\u011fa ba\u015flay\u0131n! \u015eans\u0131n\u0131z\u0131 qa\u00e7\u0131rmay\u0131n!\" \/>\n<meta name=\"robots\" content=\"index, follow, max-snippet:-1, max-image-preview:large, max-video-preview:-1\" \/>\n<link rel=\"canonical\" href=\"https:\/\/spinbetter.games\/azerbaijan\/bonus\/welcome-pack\/\" \/>\n<meta property=\"og:locale\" content=\"az_AZ\" \/>\n<meta property=\"og:type\" content=\"article\" \/>\n<meta property=\"og:title\" content=\"SpinBetter Xo\u015f G\u0259lm\u0259 Bonusu: 2950 AZN v\u0259 150 \u200b\u200bPulsuz spin\" \/>\n<meta property=\"og:description\" content=\"SpinBetter-\u0259 qo\u015fulun v\u0259 2950 AZN-\u0259 q\u0259d\u0259r xo\u015f g\u0259lmisiniz bonusu v\u0259 150 \u200b\u200bpulsuz f\u0131rlanma qazan\u0131n! \ud83d\udcb0\u015eans\u0131n\u0131z\u0131 s\u0131nay\u0131n v\u0259 s\u0259xav\u0259tli yeni ba\u015flayanlar \u00fc\u00e7\u00fcn imtiyazlarla qazanma\u011fa ba\u015flay\u0131n! \u015eans\u0131n\u0131z\u0131 qa\u00e7\u0131rmay\u0131n!\" \/>\n<meta property=\"og:url\" content=\"https:\/\/spinbetter.games\/azerbaijan\/bonus\/welcome-pack\/\" \/>\n<meta property=\"og:site_name\" content=\"SpinBetter AZ\" \/>\n<meta name=\"twitter:card\" content=\"summary_large_image\" \/>\n<script type=\"application\/ld+json\" class=\"yoast-schema-graph\">{\"@context\":\"https:\/\/schema.org\",\"@graph\":[{\"@type\":\"WebPage\",\"@id\":\"https:\/\/spinbetter.games\/azerbaijan\/bonus\/welcome-pack\/\",\"url\":\"https:\/\/spinbetter.games\/azerbaijan\/bonus\/welcome-pack\/\",\"name\":\"SpinBetter Xo\u015f G\u0259lm\u0259 Bonusu: 2950 AZN v\u0259 150 \u200b\u200bPulsuz spin\",\"isPartOf\":{\"@id\":\"https:\/\/spinbetter.games\/azerbaijan\/#website\"},\"datePublished\":\"2025-04-30T09:04:42+00:00\",\"description\":\"SpinBetter-\u0259 qo\u015fulun v\u0259 2950 AZN-\u0259 q\u0259d\u0259r xo\u015f g\u0259lmisiniz bonusu v\u0259 150 \u200b\u200bpulsuz f\u0131rlanma qazan\u0131n! \ud83d\udcb0\u015eans\u0131n\u0131z\u0131 s\u0131nay\u0131n v\u0259 s\u0259xav\u0259tli yeni ba\u015flayanlar \u00fc\u00e7\u00fcn imtiyazlarla qazanma\u011fa ba\u015flay\u0131n! \u015eans\u0131n\u0131z\u0131 qa\u00e7\u0131rmay\u0131n!\",\"breadcrumb\":{\"@id\":\"https:\/\/spinbetter.games\/azerbaijan\/bonus\/welcome-pack\/#breadcrumb\"},\"inLanguage\":\"az\",\"potentialAction\":[{\"@type\":\"ReadAction\",\"target\":[\"https:\/\/spinbetter.games\/azerbaijan\/bonus\/welcome-pack\/\"]}]},{\"@type\":\"BreadcrumbList\",\"@id\":\"https:\/\/spinbetter.games\/azerbaijan\/bonus\/welcome-pack\/#breadcrumb\",\"itemListElement\":[{\"@type\":\"ListItem\",\"position\":1,\"name\":\"\u0413\u043b\u0430\u0432\u043d\u0430\u044f \u0441\u0442\u0440\u0430\u043d\u0438\u0446\u0430\",\"item\":\"https:\/\/spinbetter.games\/azerbaijan\/\"},{\"@type\":\"ListItem\",\"position\":2,\"name\":\"Bonus\",\"item\":\"https:\/\/spinbetter.games\/azerbaijan\/bonus\/\"},{\"@type\":\"ListItem\",\"position\":3,\"name\":\"Xo\u015f g\u0259ldiniz paketi\"}]},{\"@type\":\"WebSite\",\"@id\":\"https:\/\/spinbetter.games\/azerbaijan\/#website\",\"url\":\"https:\/\/spinbetter.games\/azerbaijan\/\",\"name\":\"SpinBetter AZ\",\"description\":\"My WordPress Blog\",\"potentialAction\":[{\"@type\":\"SearchAction\",\"target\":{\"@type\":\"EntryPoint\",\"urlTemplate\":\"https:\/\/spinbetter.games\/azerbaijan\/?s={search_term_string}\"},\"query-input\":{\"@type\":\"PropertyValueSpecification\",\"valueRequired\":true,\"valueName\":\"search_term_string\"}}],\"inLanguage\":\"az\"}]}<\/script>\n<!-- \/ Yoast SEO plugin. -->","yoast_head_json":{"title":"SpinBetter Xo\u015f G\u0259lm\u0259 Bonusu: 2950 AZN v\u0259 150 \u200b\u200bPulsuz spin","description":"SpinBetter-\u0259 qo\u015fulun v\u0259 2950 AZN-\u0259 q\u0259d\u0259r xo\u015f g\u0259lmisiniz bonusu v\u0259 150 \u200b\u200bpulsuz f\u0131rlanma qazan\u0131n! \ud83d\udcb0\u015eans\u0131n\u0131z\u0131 s\u0131nay\u0131n v\u0259 s\u0259xav\u0259tli yeni ba\u015flayanlar \u00fc\u00e7\u00fcn imtiyazlarla qazanma\u011fa ba\u015flay\u0131n! \u015eans\u0131n\u0131z\u0131 qa\u00e7\u0131rmay\u0131n!","robots":{"index":"index","follow":"follow","max-snippet":"max-snippet:-1","max-image-preview":"max-image-preview:large","max-video-preview":"max-video-preview:-1"},"canonical":"https:\/\/spinbetter.games\/azerbaijan\/bonus\/welcome-pack\/","og_locale":"az_AZ","og_type":"article","og_title":"SpinBetter Xo\u015f G\u0259lm\u0259 Bonusu: 2950 AZN v\u0259 150 \u200b\u200bPulsuz spin","og_description":"SpinBetter-\u0259 qo\u015fulun v\u0259 2950 AZN-\u0259 q\u0259d\u0259r xo\u015f g\u0259lmisiniz bonusu v\u0259 150 \u200b\u200bpulsuz f\u0131rlanma qazan\u0131n! \ud83d\udcb0\u015eans\u0131n\u0131z\u0131 s\u0131nay\u0131n v\u0259 s\u0259xav\u0259tli yeni ba\u015flayanlar \u00fc\u00e7\u00fcn imtiyazlarla qazanma\u011fa ba\u015flay\u0131n! \u015eans\u0131n\u0131z\u0131 qa\u00e7\u0131rmay\u0131n!","og_url":"https:\/\/spinbetter.games\/azerbaijan\/bonus\/welcome-pack\/","og_site_name":"SpinBetter AZ","twitter_card":"summary_large_image","schema":{"@context":"https:\/\/schema.org","@graph":[{"@type":"WebPage","@id":"https:\/\/spinbetter.games\/azerbaijan\/bonus\/welcome-pack\/","url":"https:\/\/spinbetter.games\/azerbaijan\/bonus\/welcome-pack\/","name":"SpinBetter Xo\u015f G\u0259lm\u0259 Bonusu: 2950 AZN v\u0259 150 \u200b\u200bPulsuz spin","isPartOf":{"@id":"https:\/\/spinbetter.games\/azerbaijan\/#website"},"datePublished":"2025-04-30T09:04:42+00:00","description":"SpinBetter-\u0259 qo\u015fulun v\u0259 2950 AZN-\u0259 q\u0259d\u0259r xo\u015f g\u0259lmisiniz bonusu v\u0259 150 \u200b\u200bpulsuz f\u0131rlanma qazan\u0131n! \ud83d\udcb0\u015eans\u0131n\u0131z\u0131 s\u0131nay\u0131n v\u0259 s\u0259xav\u0259tli yeni ba\u015flayanlar \u00fc\u00e7\u00fcn imtiyazlarla qazanma\u011fa ba\u015flay\u0131n! \u015eans\u0131n\u0131z\u0131 qa\u00e7\u0131rmay\u0131n!","breadcrumb":{"@id":"https:\/\/spinbetter.games\/azerbaijan\/bonus\/welcome-pack\/#breadcrumb"},"inLanguage":"az","potentialAction":[{"@type":"ReadAction","target":["https:\/\/spinbetter.games\/azerbaijan\/bonus\/welcome-pack\/"]}]},{"@type":"BreadcrumbList","@id":"https:\/\/spinbetter.games\/azerbaijan\/bonus\/welcome-pack\/#breadcrumb","itemListElement":[{"@type":"ListItem","position":1,"name":"\u0413\u043b\u0430\u0432\u043d\u0430\u044f \u0441\u0442\u0440\u0430\u043d\u0438\u0446\u0430","item":"https:\/\/spinbetter.games\/azerbaijan\/"},{"@type":"ListItem","position":2,"name":"Bonus","item":"https:\/\/spinbetter.games\/azerbaijan\/bonus\/"},{"@type":"ListItem","position":3,"name":"Xo\u015f g\u0259ldiniz paketi"}]},{"@type":"WebSite","@id":"https:\/\/spinbetter.games\/azerbaijan\/#website","url":"https:\/\/spinbetter.games\/azerbaijan\/","name":"SpinBetter AZ","description":"My WordPress Blog","potentialAction":[{"@type":"SearchAction","target":{"@type":"EntryPoint","urlTemplate":"https:\/\/spinbetter.games\/azerbaijan\/?s={search_term_string}"},"query-input":{"@type":"PropertyValueSpecification","valueRequired":true,"valueName":"search_term_string"}}],"inLanguage":"az"}]}},"_links":{"self":[{"href":"https:\/\/spinbetter.games\/azerbaijan\/wp-json\/wp\/v2\/pages\/880","targetHints":{"allow":["GET"]}}],"collection":[{"href":"https:\/\/spinbetter.games\/azerbaijan\/wp-json\/wp\/v2\/pages"}],"about":[{"href":"https:\/\/spinbetter.games\/azerbaijan\/wp-json\/wp\/v2\/types\/page"}],"author":[{"embeddable":true,"href":"https:\/\/spinbetter.games\/azerbaijan\/wp-json\/wp\/v2\/users\/1"}],"replies":[{"embeddable":true,"href":"https:\/\/spinbetter.games\/azerbaijan\/wp-json\/wp\/v2\/comments?post=880"}],"version-history":[{"count":1,"href":"https:\/\/spinbetter.games\/azerbaijan\/wp-json\/wp\/v2\/pages\/880\/revisions"}],"predecessor-version":[{"id":883,"href":"https:\/\/spinbetter.games\/azerbaijan\/wp-json\/wp\/v2\/pages\/880\/revisions\/883"}],"up":[{"embeddable":true,"href":"https:\/\/spinbetter.games\/azerbaijan\/wp-json\/wp\/v2\/pages\/152"}],"wp:attachment":[{"href":"https:\/\/spinbetter.games\/azerbaijan\/wp-json\/wp\/v2\/media?parent=880"}],"curies":[{"name":"wp","href":"https:\/\/api.w.org\/{rel}","templated":true}]}}