{"id":888,"date":"2025-04-30T10:13:57","date_gmt":"2025-04-30T10:13:57","guid":{"rendered":"https:\/\/spinbetter.games\/azerbaijan\/?page_id=888"},"modified":"2025-09-26T06:04:06","modified_gmt":"2025-09-26T06:04:06","slug":"vote","status":"publish","type":"page","link":"https:\/\/spinbetter.games\/azerbaijan\/bonus\/vote\/","title":{"rendered":"\u018fn Yax\u015f\u0131 \u0130dmana s\u0259s verin"},"content":{"rendered":"","protected":false},"excerpt":{"rendered":"","protected":false},"author":1,"featured_media":0,"parent":152,"menu_order":0,"comment_status":"closed","ping_status":"closed","template":"","meta":{"footnotes":""},"class_list":["post-888","page","type-page","status-publish","hentry"],"yoast_head":"<!-- This site is optimized with the Yoast SEO plugin v26.8 - https:\/\/yoast.com\/product\/yoast-seo-wordpress\/ -->\n<title>Spinbetter: \u018fn Yax\u015f\u0131 \u0130dmana s\u0259s verin \u27a4 Pulsuz m\u0259rc \u0259ld\u0259 edin!<\/title>\n<meta name=\"description\" content=\"Spinbetter-d\u0259 \u0259n yax\u015f\u0131 idman n\u00f6v\u00fcn\u0259 s\u0259s verin v\u0259 pulsuz m\u0259rcinizi g\u00f6t\u00fcr\u00fcn! Sevimli f\u0259nl\u0259riniz\u0259 m\u0259rc etm\u0259k v\u0259 qazanmaq \u015fans\u0131n\u0131 qa\u00e7\u0131rmay\u0131n. Qumar d\u00fcnyas\u0131n\u0131n bir hiss\u0259si olun!\" \/>\n<meta name=\"robots\" content=\"index, follow, max-snippet:-1, max-image-preview:large, max-video-preview:-1\" \/>\n<link rel=\"canonical\" href=\"https:\/\/spinbetter.games\/azerbaijan\/bonus\/vote\/\" \/>\n<meta property=\"og:locale\" content=\"az_AZ\" \/>\n<meta property=\"og:type\" content=\"article\" \/>\n<meta property=\"og:title\" content=\"Spinbetter: \u018fn Yax\u015f\u0131 \u0130dmana s\u0259s verin \u27a4 Pulsuz m\u0259rc \u0259ld\u0259 edin!\" \/>\n<meta property=\"og:description\" content=\"Spinbetter-d\u0259 \u0259n yax\u015f\u0131 idman n\u00f6v\u00fcn\u0259 s\u0259s verin v\u0259 pulsuz m\u0259rcinizi g\u00f6t\u00fcr\u00fcn! Sevimli f\u0259nl\u0259riniz\u0259 m\u0259rc etm\u0259k v\u0259 qazanmaq \u015fans\u0131n\u0131 qa\u00e7\u0131rmay\u0131n. Qumar d\u00fcnyas\u0131n\u0131n bir hiss\u0259si olun!\" \/>\n<meta property=\"og:url\" content=\"https:\/\/spinbetter.games\/azerbaijan\/bonus\/vote\/\" \/>\n<meta property=\"og:site_name\" content=\"SpinBetter AZ\" \/>\n<meta property=\"article:modified_time\" content=\"2025-09-26T06:04:06+00:00\" \/>\n<meta name=\"twitter:card\" content=\"summary_large_image\" \/>\n<script type=\"application\/ld+json\" class=\"yoast-schema-graph\">{\"@context\":\"https:\/\/schema.org\",\"@graph\":[{\"@type\":\"WebPage\",\"@id\":\"https:\/\/spinbetter.games\/azerbaijan\/bonus\/vote\/\",\"url\":\"https:\/\/spinbetter.games\/azerbaijan\/bonus\/vote\/\",\"name\":\"Spinbetter: \u018fn Yax\u015f\u0131 \u0130dmana s\u0259s verin \u27a4 Pulsuz m\u0259rc \u0259ld\u0259 edin!\",\"isPartOf\":{\"@id\":\"https:\/\/spinbetter.games\/azerbaijan\/#website\"},\"datePublished\":\"2025-04-30T10:13:57+00:00\",\"dateModified\":\"2025-09-26T06:04:06+00:00\",\"description\":\"Spinbetter-d\u0259 \u0259n yax\u015f\u0131 idman n\u00f6v\u00fcn\u0259 s\u0259s verin v\u0259 pulsuz m\u0259rcinizi g\u00f6t\u00fcr\u00fcn! Sevimli f\u0259nl\u0259riniz\u0259 m\u0259rc etm\u0259k v\u0259 qazanmaq \u015fans\u0131n\u0131 qa\u00e7\u0131rmay\u0131n. Qumar d\u00fcnyas\u0131n\u0131n bir hiss\u0259si olun!\",\"breadcrumb\":{\"@id\":\"https:\/\/spinbetter.games\/azerbaijan\/bonus\/vote\/#breadcrumb\"},\"inLanguage\":\"az\",\"potentialAction\":[{\"@type\":\"ReadAction\",\"target\":[\"https:\/\/spinbetter.games\/azerbaijan\/bonus\/vote\/\"]}]},{\"@type\":\"BreadcrumbList\",\"@id\":\"https:\/\/spinbetter.games\/azerbaijan\/bonus\/vote\/#breadcrumb\",\"itemListElement\":[{\"@type\":\"ListItem\",\"position\":1,\"name\":\"\u0413\u043b\u0430\u0432\u043d\u0430\u044f \u0441\u0442\u0440\u0430\u043d\u0438\u0446\u0430\",\"item\":\"https:\/\/spinbetter.games\/azerbaijan\/\"},{\"@type\":\"ListItem\",\"position\":2,\"name\":\"Bonus\",\"item\":\"https:\/\/spinbetter.games\/azerbaijan\/bonus\/\"},{\"@type\":\"ListItem\",\"position\":3,\"name\":\"\u018fn Yax\u015f\u0131 \u0130dmana s\u0259s verin\"}]},{\"@type\":\"WebSite\",\"@id\":\"https:\/\/spinbetter.games\/azerbaijan\/#website\",\"url\":\"https:\/\/spinbetter.games\/azerbaijan\/\",\"name\":\"SpinBetter AZ\",\"description\":\"My WordPress Blog\",\"potentialAction\":[{\"@type\":\"SearchAction\",\"target\":{\"@type\":\"EntryPoint\",\"urlTemplate\":\"https:\/\/spinbetter.games\/azerbaijan\/?s={search_term_string}\"},\"query-input\":{\"@type\":\"PropertyValueSpecification\",\"valueRequired\":true,\"valueName\":\"search_term_string\"}}],\"inLanguage\":\"az\"}]}<\/script>\n<!-- \/ Yoast SEO plugin. -->","yoast_head_json":{"title":"Spinbetter: \u018fn Yax\u015f\u0131 \u0130dmana s\u0259s verin \u27a4 Pulsuz m\u0259rc \u0259ld\u0259 edin!","description":"Spinbetter-d\u0259 \u0259n yax\u015f\u0131 idman n\u00f6v\u00fcn\u0259 s\u0259s verin v\u0259 pulsuz m\u0259rcinizi g\u00f6t\u00fcr\u00fcn! Sevimli f\u0259nl\u0259riniz\u0259 m\u0259rc etm\u0259k v\u0259 qazanmaq \u015fans\u0131n\u0131 qa\u00e7\u0131rmay\u0131n. Qumar d\u00fcnyas\u0131n\u0131n bir hiss\u0259si olun!","robots":{"index":"index","follow":"follow","max-snippet":"max-snippet:-1","max-image-preview":"max-image-preview:large","max-video-preview":"max-video-preview:-1"},"canonical":"https:\/\/spinbetter.games\/azerbaijan\/bonus\/vote\/","og_locale":"az_AZ","og_type":"article","og_title":"Spinbetter: \u018fn Yax\u015f\u0131 \u0130dmana s\u0259s verin \u27a4 Pulsuz m\u0259rc \u0259ld\u0259 edin!","og_description":"Spinbetter-d\u0259 \u0259n yax\u015f\u0131 idman n\u00f6v\u00fcn\u0259 s\u0259s verin v\u0259 pulsuz m\u0259rcinizi g\u00f6t\u00fcr\u00fcn! Sevimli f\u0259nl\u0259riniz\u0259 m\u0259rc etm\u0259k v\u0259 qazanmaq \u015fans\u0131n\u0131 qa\u00e7\u0131rmay\u0131n. Qumar d\u00fcnyas\u0131n\u0131n bir hiss\u0259si olun!","og_url":"https:\/\/spinbetter.games\/azerbaijan\/bonus\/vote\/","og_site_name":"SpinBetter AZ","article_modified_time":"2025-09-26T06:04:06+00:00","twitter_card":"summary_large_image","schema":{"@context":"https:\/\/schema.org","@graph":[{"@type":"WebPage","@id":"https:\/\/spinbetter.games\/azerbaijan\/bonus\/vote\/","url":"https:\/\/spinbetter.games\/azerbaijan\/bonus\/vote\/","name":"Spinbetter: \u018fn Yax\u015f\u0131 \u0130dmana s\u0259s verin \u27a4 Pulsuz m\u0259rc \u0259ld\u0259 edin!","isPartOf":{"@id":"https:\/\/spinbetter.games\/azerbaijan\/#website"},"datePublished":"2025-04-30T10:13:57+00:00","dateModified":"2025-09-26T06:04:06+00:00","description":"Spinbetter-d\u0259 \u0259n yax\u015f\u0131 idman n\u00f6v\u00fcn\u0259 s\u0259s verin v\u0259 pulsuz m\u0259rcinizi g\u00f6t\u00fcr\u00fcn! Sevimli f\u0259nl\u0259riniz\u0259 m\u0259rc etm\u0259k v\u0259 qazanmaq \u015fans\u0131n\u0131 qa\u00e7\u0131rmay\u0131n. Qumar d\u00fcnyas\u0131n\u0131n bir hiss\u0259si olun!","breadcrumb":{"@id":"https:\/\/spinbetter.games\/azerbaijan\/bonus\/vote\/#breadcrumb"},"inLanguage":"az","potentialAction":[{"@type":"ReadAction","target":["https:\/\/spinbetter.games\/azerbaijan\/bonus\/vote\/"]}]},{"@type":"BreadcrumbList","@id":"https:\/\/spinbetter.games\/azerbaijan\/bonus\/vote\/#breadcrumb","itemListElement":[{"@type":"ListItem","position":1,"name":"\u0413\u043b\u0430\u0432\u043d\u0430\u044f \u0441\u0442\u0440\u0430\u043d\u0438\u0446\u0430","item":"https:\/\/spinbetter.games\/azerbaijan\/"},{"@type":"ListItem","position":2,"name":"Bonus","item":"https:\/\/spinbetter.games\/azerbaijan\/bonus\/"},{"@type":"ListItem","position":3,"name":"\u018fn Yax\u015f\u0131 \u0130dmana s\u0259s verin"}]},{"@type":"WebSite","@id":"https:\/\/spinbetter.games\/azerbaijan\/#website","url":"https:\/\/spinbetter.games\/azerbaijan\/","name":"SpinBetter AZ","description":"My WordPress Blog","potentialAction":[{"@type":"SearchAction","target":{"@type":"EntryPoint","urlTemplate":"https:\/\/spinbetter.games\/azerbaijan\/?s={search_term_string}"},"query-input":{"@type":"PropertyValueSpecification","valueRequired":true,"valueName":"search_term_string"}}],"inLanguage":"az"}]}},"_links":{"self":[{"href":"https:\/\/spinbetter.games\/azerbaijan\/wp-json\/wp\/v2\/pages\/888","targetHints":{"allow":["GET"]}}],"collection":[{"href":"https:\/\/spinbetter.games\/azerbaijan\/wp-json\/wp\/v2\/pages"}],"about":[{"href":"https:\/\/spinbetter.games\/azerbaijan\/wp-json\/wp\/v2\/types\/page"}],"author":[{"embeddable":true,"href":"https:\/\/spinbetter.games\/azerbaijan\/wp-json\/wp\/v2\/users\/1"}],"replies":[{"embeddable":true,"href":"https:\/\/spinbetter.games\/azerbaijan\/wp-json\/wp\/v2\/comments?post=888"}],"version-history":[{"count":4,"href":"https:\/\/spinbetter.games\/azerbaijan\/wp-json\/wp\/v2\/pages\/888\/revisions"}],"predecessor-version":[{"id":925,"href":"https:\/\/spinbetter.games\/azerbaijan\/wp-json\/wp\/v2\/pages\/888\/revisions\/925"}],"up":[{"embeddable":true,"href":"https:\/\/spinbetter.games\/azerbaijan\/wp-json\/wp\/v2\/pages\/152"}],"wp:attachment":[{"href":"https:\/\/spinbetter.games\/azerbaijan\/wp-json\/wp\/v2\/media?parent=888"}],"curies":[{"name":"wp","href":"https:\/\/api.w.org\/{rel}","templated":true}]}}