{"id":894,"date":"2025-04-30T10:21:28","date_gmt":"2025-04-30T10:21:28","guid":{"rendered":"https:\/\/spinbetter.games\/azerbaijan\/?page_id=894"},"modified":"2025-04-30T10:21:28","modified_gmt":"2025-04-30T10:21:28","slug":"express-of-the-day","status":"publish","type":"page","link":"https:\/\/spinbetter.games\/azerbaijan\/bonus\/express-of-the-day\/","title":{"rendered":"G\u00fcn\u00fcn ifad\u0259si"},"content":{"rendered":"","protected":false},"excerpt":{"rendered":"","protected":false},"author":1,"featured_media":0,"parent":152,"menu_order":0,"comment_status":"closed","ping_status":"closed","template":"","meta":{"footnotes":""},"class_list":["post-894","page","type-page","status-publish","hentry"],"yoast_head":"<!-- This site is optimized with the Yoast SEO plugin v26.8 - https:\/\/yoast.com\/product\/yoast-seo-wordpress\/ -->\n<title>10% \u018flav\u0259 M\u0259nf\u0259\u0259tl\u0259 G\u00fcn\u00fcn SpinBetter Ekspresi<\/title>\n<meta name=\"description\" content=\"Udu\u015flar\u0131n\u0131z\u0131 art\u0131rmaq \u015fans\u0131n\u0131 qa\u00e7\u0131rmay\u0131n! SpinBetter il\u0259 siz n\u0259inki m\u0259rcl\u0259r, h\u0259m d\u0259 G\u00fcn\u00fcn Ekspressind\u0259 qazanc\u0131n\u0131za \u0259lav\u0259 10% qazan\u0131rs\u0131n\u0131z! Bu g\u00fcn proqnozunuzu verin v\u0259 diqq\u0259tl\u0259 se\u00e7ilmi\u015f ifad\u0259l\u0259rl\u0259 u\u011fur \u015fans\u0131n\u0131z\u0131 art\u0131r\u0131n.\" \/>\n<meta name=\"robots\" content=\"index, follow, max-snippet:-1, max-image-preview:large, max-video-preview:-1\" \/>\n<link rel=\"canonical\" href=\"https:\/\/spinbetter.games\/azerbaijan\/bonus\/express-of-the-day\/\" \/>\n<meta property=\"og:locale\" content=\"az_AZ\" \/>\n<meta property=\"og:type\" content=\"article\" \/>\n<meta property=\"og:title\" content=\"10% \u018flav\u0259 M\u0259nf\u0259\u0259tl\u0259 G\u00fcn\u00fcn SpinBetter Ekspresi\" \/>\n<meta property=\"og:description\" content=\"Udu\u015flar\u0131n\u0131z\u0131 art\u0131rmaq \u015fans\u0131n\u0131 qa\u00e7\u0131rmay\u0131n! SpinBetter il\u0259 siz n\u0259inki m\u0259rcl\u0259r, h\u0259m d\u0259 G\u00fcn\u00fcn Ekspressind\u0259 qazanc\u0131n\u0131za \u0259lav\u0259 10% qazan\u0131rs\u0131n\u0131z! Bu g\u00fcn proqnozunuzu verin v\u0259 diqq\u0259tl\u0259 se\u00e7ilmi\u015f ifad\u0259l\u0259rl\u0259 u\u011fur \u015fans\u0131n\u0131z\u0131 art\u0131r\u0131n.\" \/>\n<meta property=\"og:url\" content=\"https:\/\/spinbetter.games\/azerbaijan\/bonus\/express-of-the-day\/\" \/>\n<meta property=\"og:site_name\" content=\"SpinBetter AZ\" \/>\n<meta name=\"twitter:card\" content=\"summary_large_image\" \/>\n<script type=\"application\/ld+json\" class=\"yoast-schema-graph\">{\"@context\":\"https:\/\/schema.org\",\"@graph\":[{\"@type\":\"WebPage\",\"@id\":\"https:\/\/spinbetter.games\/azerbaijan\/bonus\/express-of-the-day\/\",\"url\":\"https:\/\/spinbetter.games\/azerbaijan\/bonus\/express-of-the-day\/\",\"name\":\"10% \u018flav\u0259 M\u0259nf\u0259\u0259tl\u0259 G\u00fcn\u00fcn SpinBetter Ekspresi\",\"isPartOf\":{\"@id\":\"https:\/\/spinbetter.games\/azerbaijan\/#website\"},\"datePublished\":\"2025-04-30T10:21:28+00:00\",\"description\":\"Udu\u015flar\u0131n\u0131z\u0131 art\u0131rmaq \u015fans\u0131n\u0131 qa\u00e7\u0131rmay\u0131n! SpinBetter il\u0259 siz n\u0259inki m\u0259rcl\u0259r, h\u0259m d\u0259 G\u00fcn\u00fcn Ekspressind\u0259 qazanc\u0131n\u0131za \u0259lav\u0259 10% qazan\u0131rs\u0131n\u0131z! Bu g\u00fcn proqnozunuzu verin v\u0259 diqq\u0259tl\u0259 se\u00e7ilmi\u015f ifad\u0259l\u0259rl\u0259 u\u011fur \u015fans\u0131n\u0131z\u0131 art\u0131r\u0131n.\",\"breadcrumb\":{\"@id\":\"https:\/\/spinbetter.games\/azerbaijan\/bonus\/express-of-the-day\/#breadcrumb\"},\"inLanguage\":\"az\",\"potentialAction\":[{\"@type\":\"ReadAction\",\"target\":[\"https:\/\/spinbetter.games\/azerbaijan\/bonus\/express-of-the-day\/\"]}]},{\"@type\":\"BreadcrumbList\",\"@id\":\"https:\/\/spinbetter.games\/azerbaijan\/bonus\/express-of-the-day\/#breadcrumb\",\"itemListElement\":[{\"@type\":\"ListItem\",\"position\":1,\"name\":\"\u0413\u043b\u0430\u0432\u043d\u0430\u044f \u0441\u0442\u0440\u0430\u043d\u0438\u0446\u0430\",\"item\":\"https:\/\/spinbetter.games\/azerbaijan\/\"},{\"@type\":\"ListItem\",\"position\":2,\"name\":\"Bonus\",\"item\":\"https:\/\/spinbetter.games\/azerbaijan\/bonus\/\"},{\"@type\":\"ListItem\",\"position\":3,\"name\":\"G\u00fcn\u00fcn ifad\u0259si\"}]},{\"@type\":\"WebSite\",\"@id\":\"https:\/\/spinbetter.games\/azerbaijan\/#website\",\"url\":\"https:\/\/spinbetter.games\/azerbaijan\/\",\"name\":\"SpinBetter AZ\",\"description\":\"My WordPress Blog\",\"potentialAction\":[{\"@type\":\"SearchAction\",\"target\":{\"@type\":\"EntryPoint\",\"urlTemplate\":\"https:\/\/spinbetter.games\/azerbaijan\/?s={search_term_string}\"},\"query-input\":{\"@type\":\"PropertyValueSpecification\",\"valueRequired\":true,\"valueName\":\"search_term_string\"}}],\"inLanguage\":\"az\"}]}<\/script>\n<!-- \/ Yoast SEO plugin. -->","yoast_head_json":{"title":"10% \u018flav\u0259 M\u0259nf\u0259\u0259tl\u0259 G\u00fcn\u00fcn SpinBetter Ekspresi","description":"Udu\u015flar\u0131n\u0131z\u0131 art\u0131rmaq \u015fans\u0131n\u0131 qa\u00e7\u0131rmay\u0131n! SpinBetter il\u0259 siz n\u0259inki m\u0259rcl\u0259r, h\u0259m d\u0259 G\u00fcn\u00fcn Ekspressind\u0259 qazanc\u0131n\u0131za \u0259lav\u0259 10% qazan\u0131rs\u0131n\u0131z! Bu g\u00fcn proqnozunuzu verin v\u0259 diqq\u0259tl\u0259 se\u00e7ilmi\u015f ifad\u0259l\u0259rl\u0259 u\u011fur \u015fans\u0131n\u0131z\u0131 art\u0131r\u0131n.","robots":{"index":"index","follow":"follow","max-snippet":"max-snippet:-1","max-image-preview":"max-image-preview:large","max-video-preview":"max-video-preview:-1"},"canonical":"https:\/\/spinbetter.games\/azerbaijan\/bonus\/express-of-the-day\/","og_locale":"az_AZ","og_type":"article","og_title":"10% \u018flav\u0259 M\u0259nf\u0259\u0259tl\u0259 G\u00fcn\u00fcn SpinBetter Ekspresi","og_description":"Udu\u015flar\u0131n\u0131z\u0131 art\u0131rmaq \u015fans\u0131n\u0131 qa\u00e7\u0131rmay\u0131n! SpinBetter il\u0259 siz n\u0259inki m\u0259rcl\u0259r, h\u0259m d\u0259 G\u00fcn\u00fcn Ekspressind\u0259 qazanc\u0131n\u0131za \u0259lav\u0259 10% qazan\u0131rs\u0131n\u0131z! Bu g\u00fcn proqnozunuzu verin v\u0259 diqq\u0259tl\u0259 se\u00e7ilmi\u015f ifad\u0259l\u0259rl\u0259 u\u011fur \u015fans\u0131n\u0131z\u0131 art\u0131r\u0131n.","og_url":"https:\/\/spinbetter.games\/azerbaijan\/bonus\/express-of-the-day\/","og_site_name":"SpinBetter AZ","twitter_card":"summary_large_image","schema":{"@context":"https:\/\/schema.org","@graph":[{"@type":"WebPage","@id":"https:\/\/spinbetter.games\/azerbaijan\/bonus\/express-of-the-day\/","url":"https:\/\/spinbetter.games\/azerbaijan\/bonus\/express-of-the-day\/","name":"10% \u018flav\u0259 M\u0259nf\u0259\u0259tl\u0259 G\u00fcn\u00fcn SpinBetter Ekspresi","isPartOf":{"@id":"https:\/\/spinbetter.games\/azerbaijan\/#website"},"datePublished":"2025-04-30T10:21:28+00:00","description":"Udu\u015flar\u0131n\u0131z\u0131 art\u0131rmaq \u015fans\u0131n\u0131 qa\u00e7\u0131rmay\u0131n! SpinBetter il\u0259 siz n\u0259inki m\u0259rcl\u0259r, h\u0259m d\u0259 G\u00fcn\u00fcn Ekspressind\u0259 qazanc\u0131n\u0131za \u0259lav\u0259 10% qazan\u0131rs\u0131n\u0131z! Bu g\u00fcn proqnozunuzu verin v\u0259 diqq\u0259tl\u0259 se\u00e7ilmi\u015f ifad\u0259l\u0259rl\u0259 u\u011fur \u015fans\u0131n\u0131z\u0131 art\u0131r\u0131n.","breadcrumb":{"@id":"https:\/\/spinbetter.games\/azerbaijan\/bonus\/express-of-the-day\/#breadcrumb"},"inLanguage":"az","potentialAction":[{"@type":"ReadAction","target":["https:\/\/spinbetter.games\/azerbaijan\/bonus\/express-of-the-day\/"]}]},{"@type":"BreadcrumbList","@id":"https:\/\/spinbetter.games\/azerbaijan\/bonus\/express-of-the-day\/#breadcrumb","itemListElement":[{"@type":"ListItem","position":1,"name":"\u0413\u043b\u0430\u0432\u043d\u0430\u044f \u0441\u0442\u0440\u0430\u043d\u0438\u0446\u0430","item":"https:\/\/spinbetter.games\/azerbaijan\/"},{"@type":"ListItem","position":2,"name":"Bonus","item":"https:\/\/spinbetter.games\/azerbaijan\/bonus\/"},{"@type":"ListItem","position":3,"name":"G\u00fcn\u00fcn ifad\u0259si"}]},{"@type":"WebSite","@id":"https:\/\/spinbetter.games\/azerbaijan\/#website","url":"https:\/\/spinbetter.games\/azerbaijan\/","name":"SpinBetter AZ","description":"My WordPress Blog","potentialAction":[{"@type":"SearchAction","target":{"@type":"EntryPoint","urlTemplate":"https:\/\/spinbetter.games\/azerbaijan\/?s={search_term_string}"},"query-input":{"@type":"PropertyValueSpecification","valueRequired":true,"valueName":"search_term_string"}}],"inLanguage":"az"}]}},"_links":{"self":[{"href":"https:\/\/spinbetter.games\/azerbaijan\/wp-json\/wp\/v2\/pages\/894","targetHints":{"allow":["GET"]}}],"collection":[{"href":"https:\/\/spinbetter.games\/azerbaijan\/wp-json\/wp\/v2\/pages"}],"about":[{"href":"https:\/\/spinbetter.games\/azerbaijan\/wp-json\/wp\/v2\/types\/page"}],"author":[{"embeddable":true,"href":"https:\/\/spinbetter.games\/azerbaijan\/wp-json\/wp\/v2\/users\/1"}],"replies":[{"embeddable":true,"href":"https:\/\/spinbetter.games\/azerbaijan\/wp-json\/wp\/v2\/comments?post=894"}],"version-history":[{"count":1,"href":"https:\/\/spinbetter.games\/azerbaijan\/wp-json\/wp\/v2\/pages\/894\/revisions"}],"predecessor-version":[{"id":895,"href":"https:\/\/spinbetter.games\/azerbaijan\/wp-json\/wp\/v2\/pages\/894\/revisions\/895"}],"up":[{"embeddable":true,"href":"https:\/\/spinbetter.games\/azerbaijan\/wp-json\/wp\/v2\/pages\/152"}],"wp:attachment":[{"href":"https:\/\/spinbetter.games\/azerbaijan\/wp-json\/wp\/v2\/media?parent=894"}],"curies":[{"name":"wp","href":"https:\/\/api.w.org\/{rel}","templated":true}]}}