{"id":901,"date":"2025-04-30T10:49:48","date_gmt":"2025-04-30T10:49:48","guid":{"rendered":"https:\/\/spinbetter.games\/azerbaijan\/?page_id=901"},"modified":"2025-04-30T10:49:48","modified_gmt":"2025-04-30T10:49:48","slug":"advancebet","status":"publish","type":"page","link":"https:\/\/spinbetter.games\/azerbaijan\/bonus\/advancebet\/","title":{"rendered":"\u018fvv\u0259lc\u0259d\u0259n m\u0259rc"},"content":{"rendered":"","protected":false},"excerpt":{"rendered":"","protected":false},"author":1,"featured_media":0,"parent":152,"menu_order":0,"comment_status":"closed","ping_status":"closed","template":"","meta":{"footnotes":""},"class_list":["post-901","page","type-page","status-publish","hentry"],"yoast_head":"<!-- This site is optimized with the Yoast SEO plugin v26.8 - https:\/\/yoast.com\/product\/yoast-seo-wordpress\/ -->\n<title>SpinBetter \u0259vv\u0259lc\u0259d\u0259n m\u0259rc: Canl\u0131 olaraq \u0259vv\u0259lc\u0259d\u0259n al\u0131n<\/title>\n<meta name=\"description\" content=\"\u018fvv\u0259lki m\u0259rcl\u0259rinizin hesablanmas\u0131n\u0131 g\u00f6zl\u0259m\u0259d\u0259n daha \u00e7ox m\u0259rc etm\u0259k ist\u0259yirsiniz? SpinBetter siz\u0259 \u0259vv\u0259lc\u0259d\u0259n m\u0259rc verir - pul borc al\u0131n v\u0259 canl\u0131 v\u0259 qar\u015f\u0131dan g\u0259l\u0259n hadis\u0259l\u0259r\u0259 el\u0259 indi m\u0259rc edin! SpinBetter il\u0259 udu\u015flar\u0131n\u0131z\u0131 art\u0131rmaq \u015fans\u0131n\u0131 qa\u00e7\u0131rmay\u0131n!\" \/>\n<meta name=\"robots\" content=\"index, follow, max-snippet:-1, max-image-preview:large, max-video-preview:-1\" \/>\n<link rel=\"canonical\" href=\"https:\/\/spinbetter.games\/azerbaijan\/bonus\/advancebet\/\" \/>\n<meta property=\"og:locale\" content=\"az_AZ\" \/>\n<meta property=\"og:type\" content=\"article\" \/>\n<meta property=\"og:title\" content=\"SpinBetter \u0259vv\u0259lc\u0259d\u0259n m\u0259rc: Canl\u0131 olaraq \u0259vv\u0259lc\u0259d\u0259n al\u0131n\" \/>\n<meta property=\"og:description\" content=\"\u018fvv\u0259lki m\u0259rcl\u0259rinizin hesablanmas\u0131n\u0131 g\u00f6zl\u0259m\u0259d\u0259n daha \u00e7ox m\u0259rc etm\u0259k ist\u0259yirsiniz? SpinBetter siz\u0259 \u0259vv\u0259lc\u0259d\u0259n m\u0259rc verir - pul borc al\u0131n v\u0259 canl\u0131 v\u0259 qar\u015f\u0131dan g\u0259l\u0259n hadis\u0259l\u0259r\u0259 el\u0259 indi m\u0259rc edin! SpinBetter il\u0259 udu\u015flar\u0131n\u0131z\u0131 art\u0131rmaq \u015fans\u0131n\u0131 qa\u00e7\u0131rmay\u0131n!\" \/>\n<meta property=\"og:url\" content=\"https:\/\/spinbetter.games\/azerbaijan\/bonus\/advancebet\/\" \/>\n<meta property=\"og:site_name\" content=\"SpinBetter AZ\" \/>\n<meta name=\"twitter:card\" content=\"summary_large_image\" \/>\n<script type=\"application\/ld+json\" class=\"yoast-schema-graph\">{\"@context\":\"https:\/\/schema.org\",\"@graph\":[{\"@type\":\"WebPage\",\"@id\":\"https:\/\/spinbetter.games\/azerbaijan\/bonus\/advancebet\/\",\"url\":\"https:\/\/spinbetter.games\/azerbaijan\/bonus\/advancebet\/\",\"name\":\"SpinBetter \u0259vv\u0259lc\u0259d\u0259n m\u0259rc: Canl\u0131 olaraq \u0259vv\u0259lc\u0259d\u0259n al\u0131n\",\"isPartOf\":{\"@id\":\"https:\/\/spinbetter.games\/azerbaijan\/#website\"},\"datePublished\":\"2025-04-30T10:49:48+00:00\",\"description\":\"\u018fvv\u0259lki m\u0259rcl\u0259rinizin hesablanmas\u0131n\u0131 g\u00f6zl\u0259m\u0259d\u0259n daha \u00e7ox m\u0259rc etm\u0259k ist\u0259yirsiniz? SpinBetter siz\u0259 \u0259vv\u0259lc\u0259d\u0259n m\u0259rc verir - pul borc al\u0131n v\u0259 canl\u0131 v\u0259 qar\u015f\u0131dan g\u0259l\u0259n hadis\u0259l\u0259r\u0259 el\u0259 indi m\u0259rc edin! SpinBetter il\u0259 udu\u015flar\u0131n\u0131z\u0131 art\u0131rmaq \u015fans\u0131n\u0131 qa\u00e7\u0131rmay\u0131n!\",\"breadcrumb\":{\"@id\":\"https:\/\/spinbetter.games\/azerbaijan\/bonus\/advancebet\/#breadcrumb\"},\"inLanguage\":\"az\",\"potentialAction\":[{\"@type\":\"ReadAction\",\"target\":[\"https:\/\/spinbetter.games\/azerbaijan\/bonus\/advancebet\/\"]}]},{\"@type\":\"BreadcrumbList\",\"@id\":\"https:\/\/spinbetter.games\/azerbaijan\/bonus\/advancebet\/#breadcrumb\",\"itemListElement\":[{\"@type\":\"ListItem\",\"position\":1,\"name\":\"\u0413\u043b\u0430\u0432\u043d\u0430\u044f \u0441\u0442\u0440\u0430\u043d\u0438\u0446\u0430\",\"item\":\"https:\/\/spinbetter.games\/azerbaijan\/\"},{\"@type\":\"ListItem\",\"position\":2,\"name\":\"Bonus\",\"item\":\"https:\/\/spinbetter.games\/azerbaijan\/bonus\/\"},{\"@type\":\"ListItem\",\"position\":3,\"name\":\"\u018fvv\u0259lc\u0259d\u0259n m\u0259rc\"}]},{\"@type\":\"WebSite\",\"@id\":\"https:\/\/spinbetter.games\/azerbaijan\/#website\",\"url\":\"https:\/\/spinbetter.games\/azerbaijan\/\",\"name\":\"SpinBetter AZ\",\"description\":\"My WordPress Blog\",\"potentialAction\":[{\"@type\":\"SearchAction\",\"target\":{\"@type\":\"EntryPoint\",\"urlTemplate\":\"https:\/\/spinbetter.games\/azerbaijan\/?s={search_term_string}\"},\"query-input\":{\"@type\":\"PropertyValueSpecification\",\"valueRequired\":true,\"valueName\":\"search_term_string\"}}],\"inLanguage\":\"az\"}]}<\/script>\n<!-- \/ Yoast SEO plugin. -->","yoast_head_json":{"title":"SpinBetter \u0259vv\u0259lc\u0259d\u0259n m\u0259rc: Canl\u0131 olaraq \u0259vv\u0259lc\u0259d\u0259n al\u0131n","description":"\u018fvv\u0259lki m\u0259rcl\u0259rinizin hesablanmas\u0131n\u0131 g\u00f6zl\u0259m\u0259d\u0259n daha \u00e7ox m\u0259rc etm\u0259k ist\u0259yirsiniz? SpinBetter siz\u0259 \u0259vv\u0259lc\u0259d\u0259n m\u0259rc verir - pul borc al\u0131n v\u0259 canl\u0131 v\u0259 qar\u015f\u0131dan g\u0259l\u0259n hadis\u0259l\u0259r\u0259 el\u0259 indi m\u0259rc edin! SpinBetter il\u0259 udu\u015flar\u0131n\u0131z\u0131 art\u0131rmaq \u015fans\u0131n\u0131 qa\u00e7\u0131rmay\u0131n!","robots":{"index":"index","follow":"follow","max-snippet":"max-snippet:-1","max-image-preview":"max-image-preview:large","max-video-preview":"max-video-preview:-1"},"canonical":"https:\/\/spinbetter.games\/azerbaijan\/bonus\/advancebet\/","og_locale":"az_AZ","og_type":"article","og_title":"SpinBetter \u0259vv\u0259lc\u0259d\u0259n m\u0259rc: Canl\u0131 olaraq \u0259vv\u0259lc\u0259d\u0259n al\u0131n","og_description":"\u018fvv\u0259lki m\u0259rcl\u0259rinizin hesablanmas\u0131n\u0131 g\u00f6zl\u0259m\u0259d\u0259n daha \u00e7ox m\u0259rc etm\u0259k ist\u0259yirsiniz? SpinBetter siz\u0259 \u0259vv\u0259lc\u0259d\u0259n m\u0259rc verir - pul borc al\u0131n v\u0259 canl\u0131 v\u0259 qar\u015f\u0131dan g\u0259l\u0259n hadis\u0259l\u0259r\u0259 el\u0259 indi m\u0259rc edin! SpinBetter il\u0259 udu\u015flar\u0131n\u0131z\u0131 art\u0131rmaq \u015fans\u0131n\u0131 qa\u00e7\u0131rmay\u0131n!","og_url":"https:\/\/spinbetter.games\/azerbaijan\/bonus\/advancebet\/","og_site_name":"SpinBetter AZ","twitter_card":"summary_large_image","schema":{"@context":"https:\/\/schema.org","@graph":[{"@type":"WebPage","@id":"https:\/\/spinbetter.games\/azerbaijan\/bonus\/advancebet\/","url":"https:\/\/spinbetter.games\/azerbaijan\/bonus\/advancebet\/","name":"SpinBetter \u0259vv\u0259lc\u0259d\u0259n m\u0259rc: Canl\u0131 olaraq \u0259vv\u0259lc\u0259d\u0259n al\u0131n","isPartOf":{"@id":"https:\/\/spinbetter.games\/azerbaijan\/#website"},"datePublished":"2025-04-30T10:49:48+00:00","description":"\u018fvv\u0259lki m\u0259rcl\u0259rinizin hesablanmas\u0131n\u0131 g\u00f6zl\u0259m\u0259d\u0259n daha \u00e7ox m\u0259rc etm\u0259k ist\u0259yirsiniz? SpinBetter siz\u0259 \u0259vv\u0259lc\u0259d\u0259n m\u0259rc verir - pul borc al\u0131n v\u0259 canl\u0131 v\u0259 qar\u015f\u0131dan g\u0259l\u0259n hadis\u0259l\u0259r\u0259 el\u0259 indi m\u0259rc edin! SpinBetter il\u0259 udu\u015flar\u0131n\u0131z\u0131 art\u0131rmaq \u015fans\u0131n\u0131 qa\u00e7\u0131rmay\u0131n!","breadcrumb":{"@id":"https:\/\/spinbetter.games\/azerbaijan\/bonus\/advancebet\/#breadcrumb"},"inLanguage":"az","potentialAction":[{"@type":"ReadAction","target":["https:\/\/spinbetter.games\/azerbaijan\/bonus\/advancebet\/"]}]},{"@type":"BreadcrumbList","@id":"https:\/\/spinbetter.games\/azerbaijan\/bonus\/advancebet\/#breadcrumb","itemListElement":[{"@type":"ListItem","position":1,"name":"\u0413\u043b\u0430\u0432\u043d\u0430\u044f \u0441\u0442\u0440\u0430\u043d\u0438\u0446\u0430","item":"https:\/\/spinbetter.games\/azerbaijan\/"},{"@type":"ListItem","position":2,"name":"Bonus","item":"https:\/\/spinbetter.games\/azerbaijan\/bonus\/"},{"@type":"ListItem","position":3,"name":"\u018fvv\u0259lc\u0259d\u0259n m\u0259rc"}]},{"@type":"WebSite","@id":"https:\/\/spinbetter.games\/azerbaijan\/#website","url":"https:\/\/spinbetter.games\/azerbaijan\/","name":"SpinBetter AZ","description":"My WordPress Blog","potentialAction":[{"@type":"SearchAction","target":{"@type":"EntryPoint","urlTemplate":"https:\/\/spinbetter.games\/azerbaijan\/?s={search_term_string}"},"query-input":{"@type":"PropertyValueSpecification","valueRequired":true,"valueName":"search_term_string"}}],"inLanguage":"az"}]}},"_links":{"self":[{"href":"https:\/\/spinbetter.games\/azerbaijan\/wp-json\/wp\/v2\/pages\/901","targetHints":{"allow":["GET"]}}],"collection":[{"href":"https:\/\/spinbetter.games\/azerbaijan\/wp-json\/wp\/v2\/pages"}],"about":[{"href":"https:\/\/spinbetter.games\/azerbaijan\/wp-json\/wp\/v2\/types\/page"}],"author":[{"embeddable":true,"href":"https:\/\/spinbetter.games\/azerbaijan\/wp-json\/wp\/v2\/users\/1"}],"replies":[{"embeddable":true,"href":"https:\/\/spinbetter.games\/azerbaijan\/wp-json\/wp\/v2\/comments?post=901"}],"version-history":[{"count":1,"href":"https:\/\/spinbetter.games\/azerbaijan\/wp-json\/wp\/v2\/pages\/901\/revisions"}],"predecessor-version":[{"id":902,"href":"https:\/\/spinbetter.games\/azerbaijan\/wp-json\/wp\/v2\/pages\/901\/revisions\/902"}],"up":[{"embeddable":true,"href":"https:\/\/spinbetter.games\/azerbaijan\/wp-json\/wp\/v2\/pages\/152"}],"wp:attachment":[{"href":"https:\/\/spinbetter.games\/azerbaijan\/wp-json\/wp\/v2\/media?parent=901"}],"curies":[{"name":"wp","href":"https:\/\/api.w.org\/{rel}","templated":true}]}}