{"id":228,"date":"2024-04-30T13:54:42","date_gmt":"2024-04-30T13:54:42","guid":{"rendered":"https:\/\/spinbetter.games\/br\/?page_id=228"},"modified":"2024-10-31T07:22:48","modified_gmt":"2024-10-31T07:22:48","slug":"app","status":"publish","type":"page","link":"https:\/\/spinbetter.games\/br\/app\/","title":{"rendered":"Aplicativo"},"content":{"rendered":"","protected":false},"excerpt":{"rendered":"","protected":false},"author":1,"featured_media":0,"parent":0,"menu_order":0,"comment_status":"closed","ping_status":"closed","template":"","meta":{"footnotes":""},"class_list":["post-228","page","type-page","status-publish","hentry"],"yoast_head":"<!-- This site is optimized with the Yoast SEO plugin v26.8 - https:\/\/yoast.com\/product\/yoast-seo-wordpress\/ -->\n<title>Aplicativo SpinBetter \u2705 Download para Android e iOS Gr\u00e1tis<\/title>\n<meta name=\"description\" content=\"A vers\u00e3o m\u00f3vel do Spin Better Brasil \u00e9 uma oportunidade de acessar seu entretenimento favorito a qualquer hora e em qualquer lugar. Aproveite os benef\u00edcios da vers\u00e3o m\u00f3vel do Spinbetter\" \/>\n<meta name=\"robots\" content=\"index, follow, max-snippet:-1, max-image-preview:large, max-video-preview:-1\" \/>\n<link rel=\"canonical\" href=\"https:\/\/spinbetter.games\/br\/app\/\" \/>\n<meta property=\"og:locale\" content=\"pt_BR\" \/>\n<meta property=\"og:type\" content=\"article\" \/>\n<meta property=\"og:title\" content=\"Aplicativo SpinBetter \u2705 Download para Android e iOS Gr\u00e1tis\" \/>\n<meta property=\"og:description\" content=\"A vers\u00e3o m\u00f3vel do Spin Better Brasil \u00e9 uma oportunidade de acessar seu entretenimento favorito a qualquer hora e em qualquer lugar. Aproveite os benef\u00edcios da vers\u00e3o m\u00f3vel do Spinbetter\" \/>\n<meta property=\"og:url\" content=\"https:\/\/spinbetter.games\/br\/app\/\" \/>\n<meta property=\"og:site_name\" content=\"SpinBetter BR\" \/>\n<meta property=\"article:modified_time\" content=\"2024-10-31T07:22:48+00:00\" \/>\n<meta name=\"twitter:card\" content=\"summary_large_image\" \/>\n<script type=\"application\/ld+json\" class=\"yoast-schema-graph\">{\"@context\":\"https:\/\/schema.org\",\"@graph\":[{\"@type\":\"WebPage\",\"@id\":\"https:\/\/spinbetter.games\/br\/app\/\",\"url\":\"https:\/\/spinbetter.games\/br\/app\/\",\"name\":\"Aplicativo SpinBetter \u2705 Download para Android e iOS Gr\u00e1tis\",\"isPartOf\":{\"@id\":\"https:\/\/spinbetter.games\/br\/#website\"},\"datePublished\":\"2024-04-30T13:54:42+00:00\",\"dateModified\":\"2024-10-31T07:22:48+00:00\",\"description\":\"A vers\u00e3o m\u00f3vel do Spin Better Brasil \u00e9 uma oportunidade de acessar seu entretenimento favorito a qualquer hora e em qualquer lugar. Aproveite os benef\u00edcios da vers\u00e3o m\u00f3vel do Spinbetter\",\"breadcrumb\":{\"@id\":\"https:\/\/spinbetter.games\/br\/app\/#breadcrumb\"},\"inLanguage\":\"pt-BR\",\"potentialAction\":[{\"@type\":\"ReadAction\",\"target\":[\"https:\/\/spinbetter.games\/br\/app\/\"]}]},{\"@type\":\"BreadcrumbList\",\"@id\":\"https:\/\/spinbetter.games\/br\/app\/#breadcrumb\",\"itemListElement\":[{\"@type\":\"ListItem\",\"position\":1,\"name\":\"\u0413\u043b\u0430\u0432\u043d\u0430\u044f \u0441\u0442\u0440\u0430\u043d\u0438\u0446\u0430\",\"item\":\"https:\/\/spinbetter.games\/br\/\"},{\"@type\":\"ListItem\",\"position\":2,\"name\":\"Aplicativo\"}]},{\"@type\":\"WebSite\",\"@id\":\"https:\/\/spinbetter.games\/br\/#website\",\"url\":\"https:\/\/spinbetter.games\/br\/\",\"name\":\"SpinBetter BR\",\"description\":\"My WordPress Blog\",\"potentialAction\":[{\"@type\":\"SearchAction\",\"target\":{\"@type\":\"EntryPoint\",\"urlTemplate\":\"https:\/\/spinbetter.games\/br\/?s={search_term_string}\"},\"query-input\":{\"@type\":\"PropertyValueSpecification\",\"valueRequired\":true,\"valueName\":\"search_term_string\"}}],\"inLanguage\":\"pt-BR\"}]}<\/script>\n<!-- \/ Yoast SEO plugin. -->","yoast_head_json":{"title":"Aplicativo SpinBetter \u2705 Download para Android e iOS Gr\u00e1tis","description":"A vers\u00e3o m\u00f3vel do Spin Better Brasil \u00e9 uma oportunidade de acessar seu entretenimento favorito a qualquer hora e em qualquer lugar. Aproveite os benef\u00edcios da vers\u00e3o m\u00f3vel do Spinbetter","robots":{"index":"index","follow":"follow","max-snippet":"max-snippet:-1","max-image-preview":"max-image-preview:large","max-video-preview":"max-video-preview:-1"},"canonical":"https:\/\/spinbetter.games\/br\/app\/","og_locale":"pt_BR","og_type":"article","og_title":"Aplicativo SpinBetter \u2705 Download para Android e iOS Gr\u00e1tis","og_description":"A vers\u00e3o m\u00f3vel do Spin Better Brasil \u00e9 uma oportunidade de acessar seu entretenimento favorito a qualquer hora e em qualquer lugar. Aproveite os benef\u00edcios da vers\u00e3o m\u00f3vel do Spinbetter","og_url":"https:\/\/spinbetter.games\/br\/app\/","og_site_name":"SpinBetter BR","article_modified_time":"2024-10-31T07:22:48+00:00","twitter_card":"summary_large_image","schema":{"@context":"https:\/\/schema.org","@graph":[{"@type":"WebPage","@id":"https:\/\/spinbetter.games\/br\/app\/","url":"https:\/\/spinbetter.games\/br\/app\/","name":"Aplicativo SpinBetter \u2705 Download para Android e iOS Gr\u00e1tis","isPartOf":{"@id":"https:\/\/spinbetter.games\/br\/#website"},"datePublished":"2024-04-30T13:54:42+00:00","dateModified":"2024-10-31T07:22:48+00:00","description":"A vers\u00e3o m\u00f3vel do Spin Better Brasil \u00e9 uma oportunidade de acessar seu entretenimento favorito a qualquer hora e em qualquer lugar. Aproveite os benef\u00edcios da vers\u00e3o m\u00f3vel do Spinbetter","breadcrumb":{"@id":"https:\/\/spinbetter.games\/br\/app\/#breadcrumb"},"inLanguage":"pt-BR","potentialAction":[{"@type":"ReadAction","target":["https:\/\/spinbetter.games\/br\/app\/"]}]},{"@type":"BreadcrumbList","@id":"https:\/\/spinbetter.games\/br\/app\/#breadcrumb","itemListElement":[{"@type":"ListItem","position":1,"name":"\u0413\u043b\u0430\u0432\u043d\u0430\u044f \u0441\u0442\u0440\u0430\u043d\u0438\u0446\u0430","item":"https:\/\/spinbetter.games\/br\/"},{"@type":"ListItem","position":2,"name":"Aplicativo"}]},{"@type":"WebSite","@id":"https:\/\/spinbetter.games\/br\/#website","url":"https:\/\/spinbetter.games\/br\/","name":"SpinBetter BR","description":"My WordPress Blog","potentialAction":[{"@type":"SearchAction","target":{"@type":"EntryPoint","urlTemplate":"https:\/\/spinbetter.games\/br\/?s={search_term_string}"},"query-input":{"@type":"PropertyValueSpecification","valueRequired":true,"valueName":"search_term_string"}}],"inLanguage":"pt-BR"}]}},"_links":{"self":[{"href":"https:\/\/spinbetter.games\/br\/wp-json\/wp\/v2\/pages\/228","targetHints":{"allow":["GET"]}}],"collection":[{"href":"https:\/\/spinbetter.games\/br\/wp-json\/wp\/v2\/pages"}],"about":[{"href":"https:\/\/spinbetter.games\/br\/wp-json\/wp\/v2\/types\/page"}],"author":[{"embeddable":true,"href":"https:\/\/spinbetter.games\/br\/wp-json\/wp\/v2\/users\/1"}],"replies":[{"embeddable":true,"href":"https:\/\/spinbetter.games\/br\/wp-json\/wp\/v2\/comments?post=228"}],"version-history":[{"count":22,"href":"https:\/\/spinbetter.games\/br\/wp-json\/wp\/v2\/pages\/228\/revisions"}],"predecessor-version":[{"id":630,"href":"https:\/\/spinbetter.games\/br\/wp-json\/wp\/v2\/pages\/228\/revisions\/630"}],"wp:attachment":[{"href":"https:\/\/spinbetter.games\/br\/wp-json\/wp\/v2\/media?parent=228"}],"curies":[{"name":"wp","href":"https:\/\/api.w.org\/{rel}","templated":true}]}}