{"id":251,"date":"2024-10-07T07:59:32","date_gmt":"2024-10-07T07:59:32","guid":{"rendered":"https:\/\/spinbetter.games\/cl\/?page_id=251"},"modified":"2025-10-01T17:36:52","modified_gmt":"2025-10-01T17:36:52","slug":"casino","status":"publish","type":"page","link":"https:\/\/spinbetter.games\/cl\/casino\/","title":{"rendered":"Casino"},"content":{"rendered":"","protected":false},"excerpt":{"rendered":"","protected":false},"author":1,"featured_media":0,"parent":0,"menu_order":0,"comment_status":"closed","ping_status":"closed","template":"","meta":{"footnotes":""},"class_list":["post-251","page","type-page","status-publish","hentry"],"yoast_head":"<!-- This site is optimized with the Yoast SEO plugin v26.8 - https:\/\/yoast.com\/product\/yoast-seo-wordpress\/ -->\n<title>Spinbetter Chile Casino | Tiradas Gratis &amp; Juegos<\/title>\n<meta name=\"description\" content=\"Spin Better es un nuevo casino \u2728 con licencia de Cura\u00e7ao, una app m\u00f3vil y un sistema de bonos \u00fanico \u2b50 Reg\u00edstrate en Spin Casino y juega a varios juegos de diferentes categor\u00edas.\" \/>\n<meta name=\"robots\" content=\"index, follow, max-snippet:-1, max-image-preview:large, max-video-preview:-1\" \/>\n<link rel=\"canonical\" href=\"https:\/\/spinbetter.games\/cl\/casino\/\" \/>\n<meta property=\"og:locale\" content=\"es_ES\" \/>\n<meta property=\"og:type\" content=\"article\" \/>\n<meta property=\"og:title\" content=\"Spinbetter Chile Casino | Tiradas Gratis &amp; Juegos\" \/>\n<meta property=\"og:description\" content=\"Spin Better es un nuevo casino \u2728 con licencia de Cura\u00e7ao, una app m\u00f3vil y un sistema de bonos \u00fanico \u2b50 Reg\u00edstrate en Spin Casino y juega a varios juegos de diferentes categor\u00edas.\" \/>\n<meta property=\"og:url\" content=\"https:\/\/spinbetter.games\/cl\/casino\/\" \/>\n<meta property=\"og:site_name\" content=\"SpinBetter cl\" \/>\n<meta property=\"article:modified_time\" content=\"2025-10-01T17:36:52+00:00\" \/>\n<meta name=\"twitter:card\" content=\"summary_large_image\" \/>\n<script type=\"application\/ld+json\" class=\"yoast-schema-graph\">{\"@context\":\"https:\/\/schema.org\",\"@graph\":[{\"@type\":\"WebPage\",\"@id\":\"https:\/\/spinbetter.games\/cl\/casino\/\",\"url\":\"https:\/\/spinbetter.games\/cl\/casino\/\",\"name\":\"Spinbetter Chile Casino | Tiradas Gratis & Juegos\",\"isPartOf\":{\"@id\":\"https:\/\/spinbetter.games\/cl\/#website\"},\"datePublished\":\"2024-10-07T07:59:32+00:00\",\"dateModified\":\"2025-10-01T17:36:52+00:00\",\"description\":\"Spin Better es un nuevo casino \u2728 con licencia de Cura\u00e7ao, una app m\u00f3vil y un sistema de bonos \u00fanico \u2b50 Reg\u00edstrate en Spin Casino y juega a varios juegos de diferentes categor\u00edas.\",\"breadcrumb\":{\"@id\":\"https:\/\/spinbetter.games\/cl\/casino\/#breadcrumb\"},\"inLanguage\":\"es-CL\",\"potentialAction\":[{\"@type\":\"ReadAction\",\"target\":[\"https:\/\/spinbetter.games\/cl\/casino\/\"]}]},{\"@type\":\"BreadcrumbList\",\"@id\":\"https:\/\/spinbetter.games\/cl\/casino\/#breadcrumb\",\"itemListElement\":[{\"@type\":\"ListItem\",\"position\":1,\"name\":\"\u0413\u043b\u0430\u0432\u043d\u0430\u044f \u0441\u0442\u0440\u0430\u043d\u0438\u0446\u0430\",\"item\":\"https:\/\/spinbetter.games\/cl\/\"},{\"@type\":\"ListItem\",\"position\":2,\"name\":\"Casino\"}]},{\"@type\":\"WebSite\",\"@id\":\"https:\/\/spinbetter.games\/cl\/#website\",\"url\":\"https:\/\/spinbetter.games\/cl\/\",\"name\":\"SpinBetter cl\",\"description\":\"My WordPress Blog\",\"potentialAction\":[{\"@type\":\"SearchAction\",\"target\":{\"@type\":\"EntryPoint\",\"urlTemplate\":\"https:\/\/spinbetter.games\/cl\/?s={search_term_string}\"},\"query-input\":{\"@type\":\"PropertyValueSpecification\",\"valueRequired\":true,\"valueName\":\"search_term_string\"}}],\"inLanguage\":\"es-CL\"}]}<\/script>\n<!-- \/ Yoast SEO plugin. -->","yoast_head_json":{"title":"Spinbetter Chile Casino | Tiradas Gratis & Juegos","description":"Spin Better es un nuevo casino \u2728 con licencia de Cura\u00e7ao, una app m\u00f3vil y un sistema de bonos \u00fanico \u2b50 Reg\u00edstrate en Spin Casino y juega a varios juegos de diferentes categor\u00edas.","robots":{"index":"index","follow":"follow","max-snippet":"max-snippet:-1","max-image-preview":"max-image-preview:large","max-video-preview":"max-video-preview:-1"},"canonical":"https:\/\/spinbetter.games\/cl\/casino\/","og_locale":"es_ES","og_type":"article","og_title":"Spinbetter Chile Casino | Tiradas Gratis & Juegos","og_description":"Spin Better es un nuevo casino \u2728 con licencia de Cura\u00e7ao, una app m\u00f3vil y un sistema de bonos \u00fanico \u2b50 Reg\u00edstrate en Spin Casino y juega a varios juegos de diferentes categor\u00edas.","og_url":"https:\/\/spinbetter.games\/cl\/casino\/","og_site_name":"SpinBetter cl","article_modified_time":"2025-10-01T17:36:52+00:00","twitter_card":"summary_large_image","schema":{"@context":"https:\/\/schema.org","@graph":[{"@type":"WebPage","@id":"https:\/\/spinbetter.games\/cl\/casino\/","url":"https:\/\/spinbetter.games\/cl\/casino\/","name":"Spinbetter Chile Casino | Tiradas Gratis & Juegos","isPartOf":{"@id":"https:\/\/spinbetter.games\/cl\/#website"},"datePublished":"2024-10-07T07:59:32+00:00","dateModified":"2025-10-01T17:36:52+00:00","description":"Spin Better es un nuevo casino \u2728 con licencia de Cura\u00e7ao, una app m\u00f3vil y un sistema de bonos \u00fanico \u2b50 Reg\u00edstrate en Spin Casino y juega a varios juegos de diferentes categor\u00edas.","breadcrumb":{"@id":"https:\/\/spinbetter.games\/cl\/casino\/#breadcrumb"},"inLanguage":"es-CL","potentialAction":[{"@type":"ReadAction","target":["https:\/\/spinbetter.games\/cl\/casino\/"]}]},{"@type":"BreadcrumbList","@id":"https:\/\/spinbetter.games\/cl\/casino\/#breadcrumb","itemListElement":[{"@type":"ListItem","position":1,"name":"\u0413\u043b\u0430\u0432\u043d\u0430\u044f \u0441\u0442\u0440\u0430\u043d\u0438\u0446\u0430","item":"https:\/\/spinbetter.games\/cl\/"},{"@type":"ListItem","position":2,"name":"Casino"}]},{"@type":"WebSite","@id":"https:\/\/spinbetter.games\/cl\/#website","url":"https:\/\/spinbetter.games\/cl\/","name":"SpinBetter cl","description":"My WordPress Blog","potentialAction":[{"@type":"SearchAction","target":{"@type":"EntryPoint","urlTemplate":"https:\/\/spinbetter.games\/cl\/?s={search_term_string}"},"query-input":{"@type":"PropertyValueSpecification","valueRequired":true,"valueName":"search_term_string"}}],"inLanguage":"es-CL"}]}},"_links":{"self":[{"href":"https:\/\/spinbetter.games\/cl\/wp-json\/wp\/v2\/pages\/251","targetHints":{"allow":["GET"]}}],"collection":[{"href":"https:\/\/spinbetter.games\/cl\/wp-json\/wp\/v2\/pages"}],"about":[{"href":"https:\/\/spinbetter.games\/cl\/wp-json\/wp\/v2\/types\/page"}],"author":[{"embeddable":true,"href":"https:\/\/spinbetter.games\/cl\/wp-json\/wp\/v2\/users\/1"}],"replies":[{"embeddable":true,"href":"https:\/\/spinbetter.games\/cl\/wp-json\/wp\/v2\/comments?post=251"}],"version-history":[{"count":5,"href":"https:\/\/spinbetter.games\/cl\/wp-json\/wp\/v2\/pages\/251\/revisions"}],"predecessor-version":[{"id":1014,"href":"https:\/\/spinbetter.games\/cl\/wp-json\/wp\/v2\/pages\/251\/revisions\/1014"}],"wp:attachment":[{"href":"https:\/\/spinbetter.games\/cl\/wp-json\/wp\/v2\/media?parent=251"}],"curies":[{"name":"wp","href":"https:\/\/api.w.org\/{rel}","templated":true}]}}