{"id":521,"date":"2024-07-19T14:37:05","date_gmt":"2024-07-19T14:37:05","guid":{"rendered":"https:\/\/spinbetter.games\/cm\/?page_id=521"},"modified":"2025-02-27T09:24:48","modified_gmt":"2025-02-27T09:24:48","slug":"apk","status":"publish","type":"page","link":"https:\/\/spinbetter.games\/cm\/apk\/","title":{"rendered":"Apk"},"content":{"rendered":"","protected":false},"excerpt":{"rendered":"","protected":false},"author":1,"featured_media":0,"parent":0,"menu_order":0,"comment_status":"closed","ping_status":"closed","template":"","meta":{"footnotes":""},"class_list":["post-521","page","type-page","status-publish","hentry"],"yoast_head":"<!-- This site is optimized with the Yoast SEO plugin v26.8 - https:\/\/yoast.com\/product\/yoast-seo-wordpress\/ -->\n<title>SpinBetter Cameroun Apk \u25b6\ufe0f Comment t\u00e9l\u00e9charger et jouer<\/title>\n<meta name=\"description\" content=\"Le t\u00e9l\u00e9chargement de l&#039;apk Spin Better est un moyen pratique d&#039;acc\u00e9der aux paris sportifs et aux casinos en d\u00e9placement. Spinbetter Apk pour Android offre une interface optimis\u00e9e et des offres de bonus exclusives.\" \/>\n<meta name=\"robots\" content=\"index, follow, max-snippet:-1, max-image-preview:large, max-video-preview:-1\" \/>\n<link rel=\"canonical\" href=\"https:\/\/spinbetter.games\/cm\/apk\/\" \/>\n<meta property=\"og:locale\" content=\"fr_FR\" \/>\n<meta property=\"og:type\" content=\"article\" \/>\n<meta property=\"og:title\" content=\"SpinBetter Cameroun Apk \u25b6\ufe0f Comment t\u00e9l\u00e9charger et jouer\" \/>\n<meta property=\"og:description\" content=\"Le t\u00e9l\u00e9chargement de l&#039;apk Spin Better est un moyen pratique d&#039;acc\u00e9der aux paris sportifs et aux casinos en d\u00e9placement. Spinbetter Apk pour Android offre une interface optimis\u00e9e et des offres de bonus exclusives.\" \/>\n<meta property=\"og:url\" content=\"https:\/\/spinbetter.games\/cm\/apk\/\" \/>\n<meta property=\"og:site_name\" content=\"Spinbetter games cm\" \/>\n<meta property=\"article:modified_time\" content=\"2025-02-27T09:24:48+00:00\" \/>\n<meta name=\"twitter:card\" content=\"summary_large_image\" \/>\n<script type=\"application\/ld+json\" class=\"yoast-schema-graph\">{\"@context\":\"https:\/\/schema.org\",\"@graph\":[{\"@type\":\"WebPage\",\"@id\":\"https:\/\/spinbetter.games\/cm\/apk\/\",\"url\":\"https:\/\/spinbetter.games\/cm\/apk\/\",\"name\":\"SpinBetter Cameroun Apk \u25b6\ufe0f Comment t\u00e9l\u00e9charger et jouer\",\"isPartOf\":{\"@id\":\"https:\/\/spinbetter.games\/cm\/#website\"},\"datePublished\":\"2024-07-19T14:37:05+00:00\",\"dateModified\":\"2025-02-27T09:24:48+00:00\",\"description\":\"Le t\u00e9l\u00e9chargement de l'apk Spin Better est un moyen pratique d'acc\u00e9der aux paris sportifs et aux casinos en d\u00e9placement. Spinbetter Apk pour Android offre une interface optimis\u00e9e et des offres de bonus exclusives.\",\"breadcrumb\":{\"@id\":\"https:\/\/spinbetter.games\/cm\/apk\/#breadcrumb\"},\"inLanguage\":\"fr-CM\",\"potentialAction\":[{\"@type\":\"ReadAction\",\"target\":[\"https:\/\/spinbetter.games\/cm\/apk\/\"]}]},{\"@type\":\"BreadcrumbList\",\"@id\":\"https:\/\/spinbetter.games\/cm\/apk\/#breadcrumb\",\"itemListElement\":[{\"@type\":\"ListItem\",\"position\":1,\"name\":\"\u0413\u043b\u0430\u0432\u043d\u0430\u044f \u0441\u0442\u0440\u0430\u043d\u0438\u0446\u0430\",\"item\":\"https:\/\/spinbetter.games\/cm\/\"},{\"@type\":\"ListItem\",\"position\":2,\"name\":\"Apk\"}]},{\"@type\":\"WebSite\",\"@id\":\"https:\/\/spinbetter.games\/cm\/#website\",\"url\":\"https:\/\/spinbetter.games\/cm\/\",\"name\":\"Spinbetter games cm\",\"description\":\"My WordPress Blog\",\"potentialAction\":[{\"@type\":\"SearchAction\",\"target\":{\"@type\":\"EntryPoint\",\"urlTemplate\":\"https:\/\/spinbetter.games\/cm\/?s={search_term_string}\"},\"query-input\":{\"@type\":\"PropertyValueSpecification\",\"valueRequired\":true,\"valueName\":\"search_term_string\"}}],\"inLanguage\":\"fr-CM\"}]}<\/script>\n<!-- \/ Yoast SEO plugin. -->","yoast_head_json":{"title":"SpinBetter Cameroun Apk \u25b6\ufe0f Comment t\u00e9l\u00e9charger et jouer","description":"Le t\u00e9l\u00e9chargement de l'apk Spin Better est un moyen pratique d'acc\u00e9der aux paris sportifs et aux casinos en d\u00e9placement. Spinbetter Apk pour Android offre une interface optimis\u00e9e et des offres de bonus exclusives.","robots":{"index":"index","follow":"follow","max-snippet":"max-snippet:-1","max-image-preview":"max-image-preview:large","max-video-preview":"max-video-preview:-1"},"canonical":"https:\/\/spinbetter.games\/cm\/apk\/","og_locale":"fr_FR","og_type":"article","og_title":"SpinBetter Cameroun Apk \u25b6\ufe0f Comment t\u00e9l\u00e9charger et jouer","og_description":"Le t\u00e9l\u00e9chargement de l'apk Spin Better est un moyen pratique d'acc\u00e9der aux paris sportifs et aux casinos en d\u00e9placement. Spinbetter Apk pour Android offre une interface optimis\u00e9e et des offres de bonus exclusives.","og_url":"https:\/\/spinbetter.games\/cm\/apk\/","og_site_name":"Spinbetter games cm","article_modified_time":"2025-02-27T09:24:48+00:00","twitter_card":"summary_large_image","schema":{"@context":"https:\/\/schema.org","@graph":[{"@type":"WebPage","@id":"https:\/\/spinbetter.games\/cm\/apk\/","url":"https:\/\/spinbetter.games\/cm\/apk\/","name":"SpinBetter Cameroun Apk \u25b6\ufe0f Comment t\u00e9l\u00e9charger et jouer","isPartOf":{"@id":"https:\/\/spinbetter.games\/cm\/#website"},"datePublished":"2024-07-19T14:37:05+00:00","dateModified":"2025-02-27T09:24:48+00:00","description":"Le t\u00e9l\u00e9chargement de l'apk Spin Better est un moyen pratique d'acc\u00e9der aux paris sportifs et aux casinos en d\u00e9placement. Spinbetter Apk pour Android offre une interface optimis\u00e9e et des offres de bonus exclusives.","breadcrumb":{"@id":"https:\/\/spinbetter.games\/cm\/apk\/#breadcrumb"},"inLanguage":"fr-CM","potentialAction":[{"@type":"ReadAction","target":["https:\/\/spinbetter.games\/cm\/apk\/"]}]},{"@type":"BreadcrumbList","@id":"https:\/\/spinbetter.games\/cm\/apk\/#breadcrumb","itemListElement":[{"@type":"ListItem","position":1,"name":"\u0413\u043b\u0430\u0432\u043d\u0430\u044f \u0441\u0442\u0440\u0430\u043d\u0438\u0446\u0430","item":"https:\/\/spinbetter.games\/cm\/"},{"@type":"ListItem","position":2,"name":"Apk"}]},{"@type":"WebSite","@id":"https:\/\/spinbetter.games\/cm\/#website","url":"https:\/\/spinbetter.games\/cm\/","name":"Spinbetter games cm","description":"My WordPress Blog","potentialAction":[{"@type":"SearchAction","target":{"@type":"EntryPoint","urlTemplate":"https:\/\/spinbetter.games\/cm\/?s={search_term_string}"},"query-input":{"@type":"PropertyValueSpecification","valueRequired":true,"valueName":"search_term_string"}}],"inLanguage":"fr-CM"}]}},"_links":{"self":[{"href":"https:\/\/spinbetter.games\/cm\/wp-json\/wp\/v2\/pages\/521","targetHints":{"allow":["GET"]}}],"collection":[{"href":"https:\/\/spinbetter.games\/cm\/wp-json\/wp\/v2\/pages"}],"about":[{"href":"https:\/\/spinbetter.games\/cm\/wp-json\/wp\/v2\/types\/page"}],"author":[{"embeddable":true,"href":"https:\/\/spinbetter.games\/cm\/wp-json\/wp\/v2\/users\/1"}],"replies":[{"embeddable":true,"href":"https:\/\/spinbetter.games\/cm\/wp-json\/wp\/v2\/comments?post=521"}],"version-history":[{"count":2,"href":"https:\/\/spinbetter.games\/cm\/wp-json\/wp\/v2\/pages\/521\/revisions"}],"predecessor-version":[{"id":853,"href":"https:\/\/spinbetter.games\/cm\/wp-json\/wp\/v2\/pages\/521\/revisions\/853"}],"wp:attachment":[{"href":"https:\/\/spinbetter.games\/cm\/wp-json\/wp\/v2\/media?parent=521"}],"curies":[{"name":"wp","href":"https:\/\/api.w.org\/{rel}","templated":true}]}}