{"id":549,"date":"2024-09-24T06:14:56","date_gmt":"2024-09-24T06:14:56","guid":{"rendered":"https:\/\/spinbetter.games\/cm\/?page_id=549"},"modified":"2025-07-21T15:39:33","modified_gmt":"2025-07-21T15:39:33","slug":"promo-code","status":"publish","type":"page","link":"https:\/\/spinbetter.games\/cm\/promo-code\/","title":{"rendered":"Code promo"},"content":{"rendered":"","protected":false},"excerpt":{"rendered":"","protected":false},"author":1,"featured_media":0,"parent":0,"menu_order":0,"comment_status":"closed","ping_status":"closed","template":"","meta":{"footnotes":""},"class_list":["post-549","page","type-page","status-publish","hentry"],"yoast_head":"<!-- This site is optimized with the Yoast SEO plugin v26.8 - https:\/\/yoast.com\/product\/yoast-seo-wordpress\/ -->\n<title>SpinBetter Cameroun Promo Code 2025 \u25b6\ufe0f Codes de bonus r\u00e9els<\/title>\n<meta name=\"description\" content=\"Trouvez les meilleurs codes bonus SpinBetter et obtenez des bonus sans d\u00e9p\u00f4t et des tours gratuits exclusifs. Utilisez le code promo Spin Better lors de votre inscription. Les codes bonus peuvent vous offrir des tours gratuits sur vos machines \u00e0 sous pr\u00e9f\u00e9r\u00e9es et des paris gratuits sur les sports les plus populaires chez Spin Better.\" \/>\n<meta name=\"robots\" content=\"index, follow, max-snippet:-1, max-image-preview:large, max-video-preview:-1\" \/>\n<link rel=\"canonical\" href=\"https:\/\/spinbetter.games\/cm\/promo-code\/\" \/>\n<meta property=\"og:locale\" content=\"fr_FR\" \/>\n<meta property=\"og:type\" content=\"article\" \/>\n<meta property=\"og:title\" content=\"SpinBetter Cameroun Promo Code 2025 \u25b6\ufe0f Codes de bonus r\u00e9els\" \/>\n<meta property=\"og:description\" content=\"Trouvez les meilleurs codes bonus SpinBetter et obtenez des bonus sans d\u00e9p\u00f4t et des tours gratuits exclusifs. Utilisez le code promo Spin Better lors de votre inscription. Les codes bonus peuvent vous offrir des tours gratuits sur vos machines \u00e0 sous pr\u00e9f\u00e9r\u00e9es et des paris gratuits sur les sports les plus populaires chez Spin Better.\" \/>\n<meta property=\"og:url\" content=\"https:\/\/spinbetter.games\/cm\/promo-code\/\" \/>\n<meta property=\"og:site_name\" content=\"Spinbetter games cm\" \/>\n<meta property=\"article:modified_time\" content=\"2025-07-21T15:39:33+00:00\" \/>\n<meta name=\"twitter:card\" content=\"summary_large_image\" \/>\n<script type=\"application\/ld+json\" class=\"yoast-schema-graph\">{\"@context\":\"https:\/\/schema.org\",\"@graph\":[{\"@type\":\"WebPage\",\"@id\":\"https:\/\/spinbetter.games\/cm\/promo-code\/\",\"url\":\"https:\/\/spinbetter.games\/cm\/promo-code\/\",\"name\":\"SpinBetter Cameroun Promo Code 2025 \u25b6\ufe0f Codes de bonus r\u00e9els\",\"isPartOf\":{\"@id\":\"https:\/\/spinbetter.games\/cm\/#website\"},\"datePublished\":\"2024-09-24T06:14:56+00:00\",\"dateModified\":\"2025-07-21T15:39:33+00:00\",\"description\":\"Trouvez les meilleurs codes bonus SpinBetter et obtenez des bonus sans d\u00e9p\u00f4t et des tours gratuits exclusifs. Utilisez le code promo Spin Better lors de votre inscription. Les codes bonus peuvent vous offrir des tours gratuits sur vos machines \u00e0 sous pr\u00e9f\u00e9r\u00e9es et des paris gratuits sur les sports les plus populaires chez Spin Better.\",\"breadcrumb\":{\"@id\":\"https:\/\/spinbetter.games\/cm\/promo-code\/#breadcrumb\"},\"inLanguage\":\"fr-CM\",\"potentialAction\":[{\"@type\":\"ReadAction\",\"target\":[\"https:\/\/spinbetter.games\/cm\/promo-code\/\"]}]},{\"@type\":\"BreadcrumbList\",\"@id\":\"https:\/\/spinbetter.games\/cm\/promo-code\/#breadcrumb\",\"itemListElement\":[{\"@type\":\"ListItem\",\"position\":1,\"name\":\"\u0413\u043b\u0430\u0432\u043d\u0430\u044f \u0441\u0442\u0440\u0430\u043d\u0438\u0446\u0430\",\"item\":\"https:\/\/spinbetter.games\/cm\/\"},{\"@type\":\"ListItem\",\"position\":2,\"name\":\"Code promo\"}]},{\"@type\":\"WebSite\",\"@id\":\"https:\/\/spinbetter.games\/cm\/#website\",\"url\":\"https:\/\/spinbetter.games\/cm\/\",\"name\":\"Spinbetter games cm\",\"description\":\"My WordPress Blog\",\"potentialAction\":[{\"@type\":\"SearchAction\",\"target\":{\"@type\":\"EntryPoint\",\"urlTemplate\":\"https:\/\/spinbetter.games\/cm\/?s={search_term_string}\"},\"query-input\":{\"@type\":\"PropertyValueSpecification\",\"valueRequired\":true,\"valueName\":\"search_term_string\"}}],\"inLanguage\":\"fr-CM\"}]}<\/script>\n<!-- \/ Yoast SEO plugin. -->","yoast_head_json":{"title":"SpinBetter Cameroun Promo Code 2025 \u25b6\ufe0f Codes de bonus r\u00e9els","description":"Trouvez les meilleurs codes bonus SpinBetter et obtenez des bonus sans d\u00e9p\u00f4t et des tours gratuits exclusifs. Utilisez le code promo Spin Better lors de votre inscription. Les codes bonus peuvent vous offrir des tours gratuits sur vos machines \u00e0 sous pr\u00e9f\u00e9r\u00e9es et des paris gratuits sur les sports les plus populaires chez Spin Better.","robots":{"index":"index","follow":"follow","max-snippet":"max-snippet:-1","max-image-preview":"max-image-preview:large","max-video-preview":"max-video-preview:-1"},"canonical":"https:\/\/spinbetter.games\/cm\/promo-code\/","og_locale":"fr_FR","og_type":"article","og_title":"SpinBetter Cameroun Promo Code 2025 \u25b6\ufe0f Codes de bonus r\u00e9els","og_description":"Trouvez les meilleurs codes bonus SpinBetter et obtenez des bonus sans d\u00e9p\u00f4t et des tours gratuits exclusifs. Utilisez le code promo Spin Better lors de votre inscription. Les codes bonus peuvent vous offrir des tours gratuits sur vos machines \u00e0 sous pr\u00e9f\u00e9r\u00e9es et des paris gratuits sur les sports les plus populaires chez Spin Better.","og_url":"https:\/\/spinbetter.games\/cm\/promo-code\/","og_site_name":"Spinbetter games cm","article_modified_time":"2025-07-21T15:39:33+00:00","twitter_card":"summary_large_image","schema":{"@context":"https:\/\/schema.org","@graph":[{"@type":"WebPage","@id":"https:\/\/spinbetter.games\/cm\/promo-code\/","url":"https:\/\/spinbetter.games\/cm\/promo-code\/","name":"SpinBetter Cameroun Promo Code 2025 \u25b6\ufe0f Codes de bonus r\u00e9els","isPartOf":{"@id":"https:\/\/spinbetter.games\/cm\/#website"},"datePublished":"2024-09-24T06:14:56+00:00","dateModified":"2025-07-21T15:39:33+00:00","description":"Trouvez les meilleurs codes bonus SpinBetter et obtenez des bonus sans d\u00e9p\u00f4t et des tours gratuits exclusifs. Utilisez le code promo Spin Better lors de votre inscription. Les codes bonus peuvent vous offrir des tours gratuits sur vos machines \u00e0 sous pr\u00e9f\u00e9r\u00e9es et des paris gratuits sur les sports les plus populaires chez Spin Better.","breadcrumb":{"@id":"https:\/\/spinbetter.games\/cm\/promo-code\/#breadcrumb"},"inLanguage":"fr-CM","potentialAction":[{"@type":"ReadAction","target":["https:\/\/spinbetter.games\/cm\/promo-code\/"]}]},{"@type":"BreadcrumbList","@id":"https:\/\/spinbetter.games\/cm\/promo-code\/#breadcrumb","itemListElement":[{"@type":"ListItem","position":1,"name":"\u0413\u043b\u0430\u0432\u043d\u0430\u044f \u0441\u0442\u0440\u0430\u043d\u0438\u0446\u0430","item":"https:\/\/spinbetter.games\/cm\/"},{"@type":"ListItem","position":2,"name":"Code promo"}]},{"@type":"WebSite","@id":"https:\/\/spinbetter.games\/cm\/#website","url":"https:\/\/spinbetter.games\/cm\/","name":"Spinbetter games cm","description":"My WordPress Blog","potentialAction":[{"@type":"SearchAction","target":{"@type":"EntryPoint","urlTemplate":"https:\/\/spinbetter.games\/cm\/?s={search_term_string}"},"query-input":{"@type":"PropertyValueSpecification","valueRequired":true,"valueName":"search_term_string"}}],"inLanguage":"fr-CM"}]}},"_links":{"self":[{"href":"https:\/\/spinbetter.games\/cm\/wp-json\/wp\/v2\/pages\/549","targetHints":{"allow":["GET"]}}],"collection":[{"href":"https:\/\/spinbetter.games\/cm\/wp-json\/wp\/v2\/pages"}],"about":[{"href":"https:\/\/spinbetter.games\/cm\/wp-json\/wp\/v2\/types\/page"}],"author":[{"embeddable":true,"href":"https:\/\/spinbetter.games\/cm\/wp-json\/wp\/v2\/users\/1"}],"replies":[{"embeddable":true,"href":"https:\/\/spinbetter.games\/cm\/wp-json\/wp\/v2\/comments?post=549"}],"version-history":[{"count":4,"href":"https:\/\/spinbetter.games\/cm\/wp-json\/wp\/v2\/pages\/549\/revisions"}],"predecessor-version":[{"id":878,"href":"https:\/\/spinbetter.games\/cm\/wp-json\/wp\/v2\/pages\/549\/revisions\/878"}],"wp:attachment":[{"href":"https:\/\/spinbetter.games\/cm\/wp-json\/wp\/v2\/media?parent=549"}],"curies":[{"name":"wp","href":"https:\/\/api.w.org\/{rel}","templated":true}]}}