{"id":566,"date":"2024-10-30T14:03:04","date_gmt":"2024-10-30T14:03:04","guid":{"rendered":"https:\/\/spinbetter.games\/cm\/?page_id=566"},"modified":"2025-02-27T11:40:26","modified_gmt":"2025-02-27T11:40:26","slug":"football","status":"publish","type":"page","link":"https:\/\/spinbetter.games\/cm\/football\/","title":{"rendered":"Football"},"content":{"rendered":"","protected":false},"excerpt":{"rendered":"","protected":false},"author":1,"featured_media":0,"parent":0,"menu_order":0,"comment_status":"closed","ping_status":"closed","template":"","meta":{"footnotes":""},"class_list":["post-566","page","type-page","status-publish","hentry"],"yoast_head":"<!-- This site is optimized with the Yoast SEO plugin v26.8 - https:\/\/yoast.com\/product\/yoast-seo-wordpress\/ -->\n<title>SpinBetter Cameroun Football Betting \u2714\ufe0f Cotes \u00e9lev\u00e9es<\/title>\n<meta name=\"description\" content=\"Spinbetter propose un large \u00e9ventail d&#039;\u00e9v\u00e9nements et de march\u00e9s de paris sur le football \u26a1 Apprenez \u00e0 parier sur le football et trouvez les meilleures cotes chez Spin Better \u26bd Obtenez des conseils professionnels sur les paris sur le football.\" \/>\n<meta name=\"robots\" content=\"index, follow, max-snippet:-1, max-image-preview:large, max-video-preview:-1\" \/>\n<link rel=\"canonical\" href=\"https:\/\/spinbetter.games\/cm\/football\/\" \/>\n<meta property=\"og:locale\" content=\"fr_FR\" \/>\n<meta property=\"og:type\" content=\"article\" \/>\n<meta property=\"og:title\" content=\"SpinBetter Cameroun Football Betting \u2714\ufe0f Cotes \u00e9lev\u00e9es\" \/>\n<meta property=\"og:description\" content=\"Spinbetter propose un large \u00e9ventail d&#039;\u00e9v\u00e9nements et de march\u00e9s de paris sur le football \u26a1 Apprenez \u00e0 parier sur le football et trouvez les meilleures cotes chez Spin Better \u26bd Obtenez des conseils professionnels sur les paris sur le football.\" \/>\n<meta property=\"og:url\" content=\"https:\/\/spinbetter.games\/cm\/football\/\" \/>\n<meta property=\"og:site_name\" content=\"Spinbetter games cm\" \/>\n<meta property=\"article:modified_time\" content=\"2025-02-27T11:40:26+00:00\" \/>\n<meta name=\"twitter:card\" content=\"summary_large_image\" \/>\n<script type=\"application\/ld+json\" class=\"yoast-schema-graph\">{\"@context\":\"https:\/\/schema.org\",\"@graph\":[{\"@type\":\"WebPage\",\"@id\":\"https:\/\/spinbetter.games\/cm\/football\/\",\"url\":\"https:\/\/spinbetter.games\/cm\/football\/\",\"name\":\"SpinBetter Cameroun Football Betting \u2714\ufe0f Cotes \u00e9lev\u00e9es\",\"isPartOf\":{\"@id\":\"https:\/\/spinbetter.games\/cm\/#website\"},\"datePublished\":\"2024-10-30T14:03:04+00:00\",\"dateModified\":\"2025-02-27T11:40:26+00:00\",\"description\":\"Spinbetter propose un large \u00e9ventail d'\u00e9v\u00e9nements et de march\u00e9s de paris sur le football \u26a1 Apprenez \u00e0 parier sur le football et trouvez les meilleures cotes chez Spin Better \u26bd Obtenez des conseils professionnels sur les paris sur le football.\",\"breadcrumb\":{\"@id\":\"https:\/\/spinbetter.games\/cm\/football\/#breadcrumb\"},\"inLanguage\":\"fr-CM\",\"potentialAction\":[{\"@type\":\"ReadAction\",\"target\":[\"https:\/\/spinbetter.games\/cm\/football\/\"]}]},{\"@type\":\"BreadcrumbList\",\"@id\":\"https:\/\/spinbetter.games\/cm\/football\/#breadcrumb\",\"itemListElement\":[{\"@type\":\"ListItem\",\"position\":1,\"name\":\"\u0413\u043b\u0430\u0432\u043d\u0430\u044f \u0441\u0442\u0440\u0430\u043d\u0438\u0446\u0430\",\"item\":\"https:\/\/spinbetter.games\/cm\/\"},{\"@type\":\"ListItem\",\"position\":2,\"name\":\"Football\"}]},{\"@type\":\"WebSite\",\"@id\":\"https:\/\/spinbetter.games\/cm\/#website\",\"url\":\"https:\/\/spinbetter.games\/cm\/\",\"name\":\"Spinbetter games cm\",\"description\":\"My WordPress Blog\",\"potentialAction\":[{\"@type\":\"SearchAction\",\"target\":{\"@type\":\"EntryPoint\",\"urlTemplate\":\"https:\/\/spinbetter.games\/cm\/?s={search_term_string}\"},\"query-input\":{\"@type\":\"PropertyValueSpecification\",\"valueRequired\":true,\"valueName\":\"search_term_string\"}}],\"inLanguage\":\"fr-CM\"}]}<\/script>\n<!-- \/ Yoast SEO plugin. -->","yoast_head_json":{"title":"SpinBetter Cameroun Football Betting \u2714\ufe0f Cotes \u00e9lev\u00e9es","description":"Spinbetter propose un large \u00e9ventail d'\u00e9v\u00e9nements et de march\u00e9s de paris sur le football \u26a1 Apprenez \u00e0 parier sur le football et trouvez les meilleures cotes chez Spin Better \u26bd Obtenez des conseils professionnels sur les paris sur le football.","robots":{"index":"index","follow":"follow","max-snippet":"max-snippet:-1","max-image-preview":"max-image-preview:large","max-video-preview":"max-video-preview:-1"},"canonical":"https:\/\/spinbetter.games\/cm\/football\/","og_locale":"fr_FR","og_type":"article","og_title":"SpinBetter Cameroun Football Betting \u2714\ufe0f Cotes \u00e9lev\u00e9es","og_description":"Spinbetter propose un large \u00e9ventail d'\u00e9v\u00e9nements et de march\u00e9s de paris sur le football \u26a1 Apprenez \u00e0 parier sur le football et trouvez les meilleures cotes chez Spin Better \u26bd Obtenez des conseils professionnels sur les paris sur le football.","og_url":"https:\/\/spinbetter.games\/cm\/football\/","og_site_name":"Spinbetter games cm","article_modified_time":"2025-02-27T11:40:26+00:00","twitter_card":"summary_large_image","schema":{"@context":"https:\/\/schema.org","@graph":[{"@type":"WebPage","@id":"https:\/\/spinbetter.games\/cm\/football\/","url":"https:\/\/spinbetter.games\/cm\/football\/","name":"SpinBetter Cameroun Football Betting \u2714\ufe0f Cotes \u00e9lev\u00e9es","isPartOf":{"@id":"https:\/\/spinbetter.games\/cm\/#website"},"datePublished":"2024-10-30T14:03:04+00:00","dateModified":"2025-02-27T11:40:26+00:00","description":"Spinbetter propose un large \u00e9ventail d'\u00e9v\u00e9nements et de march\u00e9s de paris sur le football \u26a1 Apprenez \u00e0 parier sur le football et trouvez les meilleures cotes chez Spin Better \u26bd Obtenez des conseils professionnels sur les paris sur le football.","breadcrumb":{"@id":"https:\/\/spinbetter.games\/cm\/football\/#breadcrumb"},"inLanguage":"fr-CM","potentialAction":[{"@type":"ReadAction","target":["https:\/\/spinbetter.games\/cm\/football\/"]}]},{"@type":"BreadcrumbList","@id":"https:\/\/spinbetter.games\/cm\/football\/#breadcrumb","itemListElement":[{"@type":"ListItem","position":1,"name":"\u0413\u043b\u0430\u0432\u043d\u0430\u044f \u0441\u0442\u0440\u0430\u043d\u0438\u0446\u0430","item":"https:\/\/spinbetter.games\/cm\/"},{"@type":"ListItem","position":2,"name":"Football"}]},{"@type":"WebSite","@id":"https:\/\/spinbetter.games\/cm\/#website","url":"https:\/\/spinbetter.games\/cm\/","name":"Spinbetter games cm","description":"My WordPress Blog","potentialAction":[{"@type":"SearchAction","target":{"@type":"EntryPoint","urlTemplate":"https:\/\/spinbetter.games\/cm\/?s={search_term_string}"},"query-input":{"@type":"PropertyValueSpecification","valueRequired":true,"valueName":"search_term_string"}}],"inLanguage":"fr-CM"}]}},"_links":{"self":[{"href":"https:\/\/spinbetter.games\/cm\/wp-json\/wp\/v2\/pages\/566","targetHints":{"allow":["GET"]}}],"collection":[{"href":"https:\/\/spinbetter.games\/cm\/wp-json\/wp\/v2\/pages"}],"about":[{"href":"https:\/\/spinbetter.games\/cm\/wp-json\/wp\/v2\/types\/page"}],"author":[{"embeddable":true,"href":"https:\/\/spinbetter.games\/cm\/wp-json\/wp\/v2\/users\/1"}],"replies":[{"embeddable":true,"href":"https:\/\/spinbetter.games\/cm\/wp-json\/wp\/v2\/comments?post=566"}],"version-history":[{"count":3,"href":"https:\/\/spinbetter.games\/cm\/wp-json\/wp\/v2\/pages\/566\/revisions"}],"predecessor-version":[{"id":858,"href":"https:\/\/spinbetter.games\/cm\/wp-json\/wp\/v2\/pages\/566\/revisions\/858"}],"wp:attachment":[{"href":"https:\/\/spinbetter.games\/cm\/wp-json\/wp\/v2\/media?parent=566"}],"curies":[{"name":"wp","href":"https:\/\/api.w.org\/{rel}","templated":true}]}}