{"id":1035,"date":"2025-03-20T13:52:37","date_gmt":"2025-03-20T13:52:37","guid":{"rendered":"https:\/\/spinbetter.games\/?page_id=1035"},"modified":"2025-04-01T08:16:04","modified_gmt":"2025-04-01T08:16:04","slug":"deposit-lottery","status":"publish","type":"page","link":"https:\/\/spinbetter.games\/cs\/bonus\/deposit-lottery\/","title":{"rendered":"Depozitn\u00ed loterie"},"content":{"rendered":"","protected":false},"excerpt":{"rendered":"","protected":false},"author":1,"featured_media":0,"parent":152,"menu_order":0,"comment_status":"closed","ping_status":"closed","template":"","meta":{"footnotes":""},"class_list":["post-1035","page","type-page","status-publish","hentry"],"yoast_head":"<!-- This site is optimized with the Yoast SEO plugin v26.8 - https:\/\/yoast.com\/product\/yoast-seo-wordpress\/ -->\n<title>Depozitn\u00ed loterie SpinBetter: T\u00fddenn\u00ed freebety a promo body<\/title>\n<meta name=\"description\" content=\"Zvy\u0161te svou \u0161anci na v\u00fdhru! Vlo\u017ete na SpinBetter 75 K\u010d nebo v\u00edce, z\u00edskejte tikety a sout\u011b\u017ete ka\u017ed\u00fd t\u00fdden o 750 000 K\u010d freebet\u016f a 2 000 000 propaga\u010dn\u00edch bod\u016f. \u010c\u00edm v\u00edce tiket\u016f m\u00e1te, t\u00edm bl\u00ed\u017ee jste v\u00fdh\u0159e!\" \/>\n<meta name=\"robots\" content=\"index, follow, max-snippet:-1, max-image-preview:large, max-video-preview:-1\" \/>\n<link rel=\"canonical\" href=\"https:\/\/spinbetter.games\/cs\/bonus\/deposit-lottery\/\" \/>\n<meta property=\"og:locale\" content=\"cs_CZ\" \/>\n<meta property=\"og:type\" content=\"article\" \/>\n<meta property=\"og:title\" content=\"Depozitn\u00ed loterie SpinBetter: T\u00fddenn\u00ed freebety a promo body\" \/>\n<meta property=\"og:description\" content=\"Zvy\u0161te svou \u0161anci na v\u00fdhru! Vlo\u017ete na SpinBetter 75 K\u010d nebo v\u00edce, z\u00edskejte tikety a sout\u011b\u017ete ka\u017ed\u00fd t\u00fdden o 750 000 K\u010d freebet\u016f a 2 000 000 propaga\u010dn\u00edch bod\u016f. \u010c\u00edm v\u00edce tiket\u016f m\u00e1te, t\u00edm bl\u00ed\u017ee jste v\u00fdh\u0159e!\" \/>\n<meta property=\"og:url\" content=\"https:\/\/spinbetter.games\/cs\/bonus\/deposit-lottery\/\" \/>\n<meta property=\"og:site_name\" content=\"Spinbetter CS\" \/>\n<meta property=\"article:modified_time\" content=\"2025-04-01T08:16:04+00:00\" \/>\n<meta name=\"twitter:card\" content=\"summary_large_image\" \/>\n<script type=\"application\/ld+json\" class=\"yoast-schema-graph\">{\"@context\":\"https:\/\/schema.org\",\"@graph\":[{\"@type\":\"WebPage\",\"@id\":\"https:\/\/spinbetter.games\/cs\/bonus\/deposit-lottery\/\",\"url\":\"https:\/\/spinbetter.games\/cs\/bonus\/deposit-lottery\/\",\"name\":\"Depozitn\u00ed loterie SpinBetter: T\u00fddenn\u00ed freebety a promo body\",\"isPartOf\":{\"@id\":\"https:\/\/spinbetter.games\/cs\/#website\"},\"datePublished\":\"2025-03-20T13:52:37+00:00\",\"dateModified\":\"2025-04-01T08:16:04+00:00\",\"description\":\"Zvy\u0161te svou \u0161anci na v\u00fdhru! Vlo\u017ete na SpinBetter 75 K\u010d nebo v\u00edce, z\u00edskejte tikety a sout\u011b\u017ete ka\u017ed\u00fd t\u00fdden o 750 000 K\u010d freebet\u016f a 2 000 000 propaga\u010dn\u00edch bod\u016f. \u010c\u00edm v\u00edce tiket\u016f m\u00e1te, t\u00edm bl\u00ed\u017ee jste v\u00fdh\u0159e!\",\"breadcrumb\":{\"@id\":\"https:\/\/spinbetter.games\/cs\/bonus\/deposit-lottery\/#breadcrumb\"},\"inLanguage\":\"cs\",\"potentialAction\":[{\"@type\":\"ReadAction\",\"target\":[\"https:\/\/spinbetter.games\/cs\/bonus\/deposit-lottery\/\"]}]},{\"@type\":\"BreadcrumbList\",\"@id\":\"https:\/\/spinbetter.games\/cs\/bonus\/deposit-lottery\/#breadcrumb\",\"itemListElement\":[{\"@type\":\"ListItem\",\"position\":1,\"name\":\"\u0413\u043b\u0430\u0432\u043d\u0430\u044f \u0441\u0442\u0440\u0430\u043d\u0438\u0446\u0430\",\"item\":\"https:\/\/spinbetter.games\/cs\/\"},{\"@type\":\"ListItem\",\"position\":2,\"name\":\"Bonus\",\"item\":\"https:\/\/spinbetter.games\/cs\/bonus\/\"},{\"@type\":\"ListItem\",\"position\":3,\"name\":\"Depozitn\u00ed loterie\"}]},{\"@type\":\"WebSite\",\"@id\":\"https:\/\/spinbetter.games\/cs\/#website\",\"url\":\"https:\/\/spinbetter.games\/cs\/\",\"name\":\"Spinbetter CS\",\"description\":\"My WordPress Blog\",\"potentialAction\":[{\"@type\":\"SearchAction\",\"target\":{\"@type\":\"EntryPoint\",\"urlTemplate\":\"https:\/\/spinbetter.games\/cs\/?s={search_term_string}\"},\"query-input\":{\"@type\":\"PropertyValueSpecification\",\"valueRequired\":true,\"valueName\":\"search_term_string\"}}],\"inLanguage\":\"cs\"}]}<\/script>\n<!-- \/ Yoast SEO plugin. -->","yoast_head_json":{"title":"Depozitn\u00ed loterie SpinBetter: T\u00fddenn\u00ed freebety a promo body","description":"Zvy\u0161te svou \u0161anci na v\u00fdhru! Vlo\u017ete na SpinBetter 75 K\u010d nebo v\u00edce, z\u00edskejte tikety a sout\u011b\u017ete ka\u017ed\u00fd t\u00fdden o 750 000 K\u010d freebet\u016f a 2 000 000 propaga\u010dn\u00edch bod\u016f. \u010c\u00edm v\u00edce tiket\u016f m\u00e1te, t\u00edm bl\u00ed\u017ee jste v\u00fdh\u0159e!","robots":{"index":"index","follow":"follow","max-snippet":"max-snippet:-1","max-image-preview":"max-image-preview:large","max-video-preview":"max-video-preview:-1"},"canonical":"https:\/\/spinbetter.games\/cs\/bonus\/deposit-lottery\/","og_locale":"cs_CZ","og_type":"article","og_title":"Depozitn\u00ed loterie SpinBetter: T\u00fddenn\u00ed freebety a promo body","og_description":"Zvy\u0161te svou \u0161anci na v\u00fdhru! Vlo\u017ete na SpinBetter 75 K\u010d nebo v\u00edce, z\u00edskejte tikety a sout\u011b\u017ete ka\u017ed\u00fd t\u00fdden o 750 000 K\u010d freebet\u016f a 2 000 000 propaga\u010dn\u00edch bod\u016f. \u010c\u00edm v\u00edce tiket\u016f m\u00e1te, t\u00edm bl\u00ed\u017ee jste v\u00fdh\u0159e!","og_url":"https:\/\/spinbetter.games\/cs\/bonus\/deposit-lottery\/","og_site_name":"Spinbetter CS","article_modified_time":"2025-04-01T08:16:04+00:00","twitter_card":"summary_large_image","schema":{"@context":"https:\/\/schema.org","@graph":[{"@type":"WebPage","@id":"https:\/\/spinbetter.games\/cs\/bonus\/deposit-lottery\/","url":"https:\/\/spinbetter.games\/cs\/bonus\/deposit-lottery\/","name":"Depozitn\u00ed loterie SpinBetter: T\u00fddenn\u00ed freebety a promo body","isPartOf":{"@id":"https:\/\/spinbetter.games\/cs\/#website"},"datePublished":"2025-03-20T13:52:37+00:00","dateModified":"2025-04-01T08:16:04+00:00","description":"Zvy\u0161te svou \u0161anci na v\u00fdhru! Vlo\u017ete na SpinBetter 75 K\u010d nebo v\u00edce, z\u00edskejte tikety a sout\u011b\u017ete ka\u017ed\u00fd t\u00fdden o 750 000 K\u010d freebet\u016f a 2 000 000 propaga\u010dn\u00edch bod\u016f. \u010c\u00edm v\u00edce tiket\u016f m\u00e1te, t\u00edm bl\u00ed\u017ee jste v\u00fdh\u0159e!","breadcrumb":{"@id":"https:\/\/spinbetter.games\/cs\/bonus\/deposit-lottery\/#breadcrumb"},"inLanguage":"cs","potentialAction":[{"@type":"ReadAction","target":["https:\/\/spinbetter.games\/cs\/bonus\/deposit-lottery\/"]}]},{"@type":"BreadcrumbList","@id":"https:\/\/spinbetter.games\/cs\/bonus\/deposit-lottery\/#breadcrumb","itemListElement":[{"@type":"ListItem","position":1,"name":"\u0413\u043b\u0430\u0432\u043d\u0430\u044f \u0441\u0442\u0440\u0430\u043d\u0438\u0446\u0430","item":"https:\/\/spinbetter.games\/cs\/"},{"@type":"ListItem","position":2,"name":"Bonus","item":"https:\/\/spinbetter.games\/cs\/bonus\/"},{"@type":"ListItem","position":3,"name":"Depozitn\u00ed loterie"}]},{"@type":"WebSite","@id":"https:\/\/spinbetter.games\/cs\/#website","url":"https:\/\/spinbetter.games\/cs\/","name":"Spinbetter CS","description":"My WordPress Blog","potentialAction":[{"@type":"SearchAction","target":{"@type":"EntryPoint","urlTemplate":"https:\/\/spinbetter.games\/cs\/?s={search_term_string}"},"query-input":{"@type":"PropertyValueSpecification","valueRequired":true,"valueName":"search_term_string"}}],"inLanguage":"cs"}]}},"_links":{"self":[{"href":"https:\/\/spinbetter.games\/cs\/wp-json\/wp\/v2\/pages\/1035","targetHints":{"allow":["GET"]}}],"collection":[{"href":"https:\/\/spinbetter.games\/cs\/wp-json\/wp\/v2\/pages"}],"about":[{"href":"https:\/\/spinbetter.games\/cs\/wp-json\/wp\/v2\/types\/page"}],"author":[{"embeddable":true,"href":"https:\/\/spinbetter.games\/cs\/wp-json\/wp\/v2\/users\/1"}],"replies":[{"embeddable":true,"href":"https:\/\/spinbetter.games\/cs\/wp-json\/wp\/v2\/comments?post=1035"}],"version-history":[{"count":2,"href":"https:\/\/spinbetter.games\/cs\/wp-json\/wp\/v2\/pages\/1035\/revisions"}],"predecessor-version":[{"id":1151,"href":"https:\/\/spinbetter.games\/cs\/wp-json\/wp\/v2\/pages\/1035\/revisions\/1151"}],"up":[{"embeddable":true,"href":"https:\/\/spinbetter.games\/cs\/wp-json\/wp\/v2\/pages\/152"}],"wp:attachment":[{"href":"https:\/\/spinbetter.games\/cs\/wp-json\/wp\/v2\/media?parent=1035"}],"curies":[{"name":"wp","href":"https:\/\/api.w.org\/{rel}","templated":true}]}}