{"id":1244,"date":"2025-04-21T07:25:41","date_gmt":"2025-04-21T07:25:41","guid":{"rendered":"https:\/\/spinbetter.games\/?page_id=1244"},"modified":"2025-05-19T04:46:28","modified_gmt":"2025-05-19T04:46:28","slug":"advancebet","status":"publish","type":"page","link":"https:\/\/spinbetter.games\/cs\/bonus\/advancebet\/","title":{"rendered":"Advancebet"},"content":{"rendered":"","protected":false},"excerpt":{"rendered":"","protected":false},"author":1,"featured_media":0,"parent":152,"menu_order":0,"comment_status":"closed","ping_status":"closed","template":"","meta":{"footnotes":""},"class_list":["post-1244","page","type-page","status-publish","hentry"],"yoast_head":"<!-- This site is optimized with the Yoast SEO plugin v26.8 - https:\/\/yoast.com\/product\/yoast-seo-wordpress\/ -->\n<title>Z\u00e1lohov\u00e1 s\u00e1zka SpinBetter: Jak z\u00edskat a pou\u017e\u00edt z\u00e1lohu na \u017eiv\u011b<\/title>\n<meta name=\"description\" content=\"Chcete vsadit v\u00edce, ani\u017e byste museli \u010dekat na vyhodnocen\u00ed p\u0159edchoz\u00edch s\u00e1zek? SpinBetter v\u00e1m nab\u00edz\u00ed s\u00e1zku p\u0159edem - p\u016fj\u010dte si pen\u00edze a s\u00e1zejte na \u017eiv\u00e9 a nadch\u00e1zej\u00edc\u00ed ud\u00e1losti hned te\u010f! Nenechte si uj\u00edt p\u0159\u00edle\u017eitost maximalizovat sv\u00e9 v\u00fdhry se SpinBetter!\" \/>\n<meta name=\"robots\" content=\"index, follow, max-snippet:-1, max-image-preview:large, max-video-preview:-1\" \/>\n<link rel=\"canonical\" href=\"https:\/\/spinbetter.games\/cs\/bonus\/advancebet\/\" \/>\n<meta property=\"og:locale\" content=\"cs_CZ\" \/>\n<meta property=\"og:type\" content=\"article\" \/>\n<meta property=\"og:title\" content=\"Z\u00e1lohov\u00e1 s\u00e1zka SpinBetter: Jak z\u00edskat a pou\u017e\u00edt z\u00e1lohu na \u017eiv\u011b\" \/>\n<meta property=\"og:description\" content=\"Chcete vsadit v\u00edce, ani\u017e byste museli \u010dekat na vyhodnocen\u00ed p\u0159edchoz\u00edch s\u00e1zek? SpinBetter v\u00e1m nab\u00edz\u00ed s\u00e1zku p\u0159edem - p\u016fj\u010dte si pen\u00edze a s\u00e1zejte na \u017eiv\u00e9 a nadch\u00e1zej\u00edc\u00ed ud\u00e1losti hned te\u010f! Nenechte si uj\u00edt p\u0159\u00edle\u017eitost maximalizovat sv\u00e9 v\u00fdhry se SpinBetter!\" \/>\n<meta property=\"og:url\" content=\"https:\/\/spinbetter.games\/cs\/bonus\/advancebet\/\" \/>\n<meta property=\"og:site_name\" content=\"Spinbetter CS\" \/>\n<meta property=\"article:modified_time\" content=\"2025-05-19T04:46:28+00:00\" \/>\n<meta name=\"twitter:card\" content=\"summary_large_image\" \/>\n<script type=\"application\/ld+json\" class=\"yoast-schema-graph\">{\"@context\":\"https:\/\/schema.org\",\"@graph\":[{\"@type\":\"WebPage\",\"@id\":\"https:\/\/spinbetter.games\/cs\/bonus\/advancebet\/\",\"url\":\"https:\/\/spinbetter.games\/cs\/bonus\/advancebet\/\",\"name\":\"Z\u00e1lohov\u00e1 s\u00e1zka SpinBetter: Jak z\u00edskat a pou\u017e\u00edt z\u00e1lohu na \u017eiv\u011b\",\"isPartOf\":{\"@id\":\"https:\/\/spinbetter.games\/cs\/#website\"},\"datePublished\":\"2025-04-21T07:25:41+00:00\",\"dateModified\":\"2025-05-19T04:46:28+00:00\",\"description\":\"Chcete vsadit v\u00edce, ani\u017e byste museli \u010dekat na vyhodnocen\u00ed p\u0159edchoz\u00edch s\u00e1zek? SpinBetter v\u00e1m nab\u00edz\u00ed s\u00e1zku p\u0159edem - p\u016fj\u010dte si pen\u00edze a s\u00e1zejte na \u017eiv\u00e9 a nadch\u00e1zej\u00edc\u00ed ud\u00e1losti hned te\u010f! Nenechte si uj\u00edt p\u0159\u00edle\u017eitost maximalizovat sv\u00e9 v\u00fdhry se SpinBetter!\",\"breadcrumb\":{\"@id\":\"https:\/\/spinbetter.games\/cs\/bonus\/advancebet\/#breadcrumb\"},\"inLanguage\":\"cs\",\"potentialAction\":[{\"@type\":\"ReadAction\",\"target\":[\"https:\/\/spinbetter.games\/cs\/bonus\/advancebet\/\"]}]},{\"@type\":\"BreadcrumbList\",\"@id\":\"https:\/\/spinbetter.games\/cs\/bonus\/advancebet\/#breadcrumb\",\"itemListElement\":[{\"@type\":\"ListItem\",\"position\":1,\"name\":\"\u0413\u043b\u0430\u0432\u043d\u0430\u044f \u0441\u0442\u0440\u0430\u043d\u0438\u0446\u0430\",\"item\":\"https:\/\/spinbetter.games\/cs\/\"},{\"@type\":\"ListItem\",\"position\":2,\"name\":\"Bonus\",\"item\":\"https:\/\/spinbetter.games\/cs\/bonus\/\"},{\"@type\":\"ListItem\",\"position\":3,\"name\":\"Advancebet\"}]},{\"@type\":\"WebSite\",\"@id\":\"https:\/\/spinbetter.games\/cs\/#website\",\"url\":\"https:\/\/spinbetter.games\/cs\/\",\"name\":\"Spinbetter CS\",\"description\":\"My WordPress Blog\",\"potentialAction\":[{\"@type\":\"SearchAction\",\"target\":{\"@type\":\"EntryPoint\",\"urlTemplate\":\"https:\/\/spinbetter.games\/cs\/?s={search_term_string}\"},\"query-input\":{\"@type\":\"PropertyValueSpecification\",\"valueRequired\":true,\"valueName\":\"search_term_string\"}}],\"inLanguage\":\"cs\"}]}<\/script>\n<!-- \/ Yoast SEO plugin. -->","yoast_head_json":{"title":"Z\u00e1lohov\u00e1 s\u00e1zka SpinBetter: Jak z\u00edskat a pou\u017e\u00edt z\u00e1lohu na \u017eiv\u011b","description":"Chcete vsadit v\u00edce, ani\u017e byste museli \u010dekat na vyhodnocen\u00ed p\u0159edchoz\u00edch s\u00e1zek? SpinBetter v\u00e1m nab\u00edz\u00ed s\u00e1zku p\u0159edem - p\u016fj\u010dte si pen\u00edze a s\u00e1zejte na \u017eiv\u00e9 a nadch\u00e1zej\u00edc\u00ed ud\u00e1losti hned te\u010f! Nenechte si uj\u00edt p\u0159\u00edle\u017eitost maximalizovat sv\u00e9 v\u00fdhry se SpinBetter!","robots":{"index":"index","follow":"follow","max-snippet":"max-snippet:-1","max-image-preview":"max-image-preview:large","max-video-preview":"max-video-preview:-1"},"canonical":"https:\/\/spinbetter.games\/cs\/bonus\/advancebet\/","og_locale":"cs_CZ","og_type":"article","og_title":"Z\u00e1lohov\u00e1 s\u00e1zka SpinBetter: Jak z\u00edskat a pou\u017e\u00edt z\u00e1lohu na \u017eiv\u011b","og_description":"Chcete vsadit v\u00edce, ani\u017e byste museli \u010dekat na vyhodnocen\u00ed p\u0159edchoz\u00edch s\u00e1zek? SpinBetter v\u00e1m nab\u00edz\u00ed s\u00e1zku p\u0159edem - p\u016fj\u010dte si pen\u00edze a s\u00e1zejte na \u017eiv\u00e9 a nadch\u00e1zej\u00edc\u00ed ud\u00e1losti hned te\u010f! Nenechte si uj\u00edt p\u0159\u00edle\u017eitost maximalizovat sv\u00e9 v\u00fdhry se SpinBetter!","og_url":"https:\/\/spinbetter.games\/cs\/bonus\/advancebet\/","og_site_name":"Spinbetter CS","article_modified_time":"2025-05-19T04:46:28+00:00","twitter_card":"summary_large_image","schema":{"@context":"https:\/\/schema.org","@graph":[{"@type":"WebPage","@id":"https:\/\/spinbetter.games\/cs\/bonus\/advancebet\/","url":"https:\/\/spinbetter.games\/cs\/bonus\/advancebet\/","name":"Z\u00e1lohov\u00e1 s\u00e1zka SpinBetter: Jak z\u00edskat a pou\u017e\u00edt z\u00e1lohu na \u017eiv\u011b","isPartOf":{"@id":"https:\/\/spinbetter.games\/cs\/#website"},"datePublished":"2025-04-21T07:25:41+00:00","dateModified":"2025-05-19T04:46:28+00:00","description":"Chcete vsadit v\u00edce, ani\u017e byste museli \u010dekat na vyhodnocen\u00ed p\u0159edchoz\u00edch s\u00e1zek? SpinBetter v\u00e1m nab\u00edz\u00ed s\u00e1zku p\u0159edem - p\u016fj\u010dte si pen\u00edze a s\u00e1zejte na \u017eiv\u00e9 a nadch\u00e1zej\u00edc\u00ed ud\u00e1losti hned te\u010f! Nenechte si uj\u00edt p\u0159\u00edle\u017eitost maximalizovat sv\u00e9 v\u00fdhry se SpinBetter!","breadcrumb":{"@id":"https:\/\/spinbetter.games\/cs\/bonus\/advancebet\/#breadcrumb"},"inLanguage":"cs","potentialAction":[{"@type":"ReadAction","target":["https:\/\/spinbetter.games\/cs\/bonus\/advancebet\/"]}]},{"@type":"BreadcrumbList","@id":"https:\/\/spinbetter.games\/cs\/bonus\/advancebet\/#breadcrumb","itemListElement":[{"@type":"ListItem","position":1,"name":"\u0413\u043b\u0430\u0432\u043d\u0430\u044f \u0441\u0442\u0440\u0430\u043d\u0438\u0446\u0430","item":"https:\/\/spinbetter.games\/cs\/"},{"@type":"ListItem","position":2,"name":"Bonus","item":"https:\/\/spinbetter.games\/cs\/bonus\/"},{"@type":"ListItem","position":3,"name":"Advancebet"}]},{"@type":"WebSite","@id":"https:\/\/spinbetter.games\/cs\/#website","url":"https:\/\/spinbetter.games\/cs\/","name":"Spinbetter CS","description":"My WordPress Blog","potentialAction":[{"@type":"SearchAction","target":{"@type":"EntryPoint","urlTemplate":"https:\/\/spinbetter.games\/cs\/?s={search_term_string}"},"query-input":{"@type":"PropertyValueSpecification","valueRequired":true,"valueName":"search_term_string"}}],"inLanguage":"cs"}]}},"_links":{"self":[{"href":"https:\/\/spinbetter.games\/cs\/wp-json\/wp\/v2\/pages\/1244","targetHints":{"allow":["GET"]}}],"collection":[{"href":"https:\/\/spinbetter.games\/cs\/wp-json\/wp\/v2\/pages"}],"about":[{"href":"https:\/\/spinbetter.games\/cs\/wp-json\/wp\/v2\/types\/page"}],"author":[{"embeddable":true,"href":"https:\/\/spinbetter.games\/cs\/wp-json\/wp\/v2\/users\/1"}],"replies":[{"embeddable":true,"href":"https:\/\/spinbetter.games\/cs\/wp-json\/wp\/v2\/comments?post=1244"}],"version-history":[{"count":1,"href":"https:\/\/spinbetter.games\/cs\/wp-json\/wp\/v2\/pages\/1244\/revisions"}],"predecessor-version":[{"id":1363,"href":"https:\/\/spinbetter.games\/cs\/wp-json\/wp\/v2\/pages\/1244\/revisions\/1363"}],"up":[{"embeddable":true,"href":"https:\/\/spinbetter.games\/cs\/wp-json\/wp\/v2\/pages\/152"}],"wp:attachment":[{"href":"https:\/\/spinbetter.games\/cs\/wp-json\/wp\/v2\/media?parent=1244"}],"curies":[{"name":"wp","href":"https:\/\/api.w.org\/{rel}","templated":true}]}}