{"id":1512,"date":"2025-09-14T06:43:03","date_gmt":"2025-09-14T06:43:03","guid":{"rendered":"https:\/\/spinbetter.games\/?page_id=1512"},"modified":"2025-12-19T12:13:07","modified_gmt":"2025-12-19T12:13:07","slug":"esports","status":"publish","type":"page","link":"https:\/\/spinbetter.games\/cs\/esports\/","title":{"rendered":"eSport"},"content":{"rendered":"","protected":false},"excerpt":{"rendered":"","protected":false},"author":1,"featured_media":0,"parent":0,"menu_order":0,"comment_status":"closed","ping_status":"closed","template":"","meta":{"footnotes":""},"class_list":["post-1512","page","type-page","status-publish","hentry"],"yoast_head":"<!-- This site is optimized with the Yoast SEO plugin v26.8 - https:\/\/yoast.com\/product\/yoast-seo-wordpress\/ -->\n<title>Spinbetter eSport | S\u00e1zen\u00ed na kyber\u0161porty, bonusy, mo\u017enosti<\/title>\n<meta name=\"description\" content=\"Objevte Spinbetter eSport \u2014 v\u00e1\u0161 kompletn\u00ed pr\u016fvodce s\u00e1zen\u00edm na eSporty. Seznamte se s funkcemi platformy, jedine\u010dn\u00fdmi sekcemi Live a Line a sledujte bezplatn\u00e9 videop\u0159enosy z\u00e1pas\u016f. S\u00e1zejte na eSporty se SpinBetter a nenechte si uj\u00edt \u0161anci na v\u00fdhru!\" \/>\n<meta name=\"robots\" content=\"index, follow, max-snippet:-1, max-image-preview:large, max-video-preview:-1\" \/>\n<link rel=\"canonical\" href=\"https:\/\/spinbetter.games\/cs\/esports\/\" \/>\n<meta property=\"og:locale\" content=\"cs_CZ\" \/>\n<meta property=\"og:type\" content=\"article\" \/>\n<meta property=\"og:title\" content=\"Spinbetter eSport | S\u00e1zen\u00ed na kyber\u0161porty, bonusy, mo\u017enosti\" \/>\n<meta property=\"og:description\" content=\"Objevte Spinbetter eSport \u2014 v\u00e1\u0161 kompletn\u00ed pr\u016fvodce s\u00e1zen\u00edm na eSporty. Seznamte se s funkcemi platformy, jedine\u010dn\u00fdmi sekcemi Live a Line a sledujte bezplatn\u00e9 videop\u0159enosy z\u00e1pas\u016f. S\u00e1zejte na eSporty se SpinBetter a nenechte si uj\u00edt \u0161anci na v\u00fdhru!\" \/>\n<meta property=\"og:url\" content=\"https:\/\/spinbetter.games\/cs\/esports\/\" \/>\n<meta property=\"og:site_name\" content=\"Spinbetter CS\" \/>\n<meta property=\"article:modified_time\" content=\"2025-12-19T12:13:07+00:00\" \/>\n<meta name=\"twitter:card\" content=\"summary_large_image\" \/>\n<script type=\"application\/ld+json\" class=\"yoast-schema-graph\">{\"@context\":\"https:\/\/schema.org\",\"@graph\":[{\"@type\":\"WebPage\",\"@id\":\"https:\/\/spinbetter.games\/cs\/esports\/\",\"url\":\"https:\/\/spinbetter.games\/cs\/esports\/\",\"name\":\"Spinbetter eSport | S\u00e1zen\u00ed na kyber\u0161porty, bonusy, mo\u017enosti\",\"isPartOf\":{\"@id\":\"https:\/\/spinbetter.games\/cs\/#website\"},\"datePublished\":\"2025-09-14T06:43:03+00:00\",\"dateModified\":\"2025-12-19T12:13:07+00:00\",\"description\":\"Objevte Spinbetter eSport \u2014 v\u00e1\u0161 kompletn\u00ed pr\u016fvodce s\u00e1zen\u00edm na eSporty. Seznamte se s funkcemi platformy, jedine\u010dn\u00fdmi sekcemi Live a Line a sledujte bezplatn\u00e9 videop\u0159enosy z\u00e1pas\u016f. S\u00e1zejte na eSporty se SpinBetter a nenechte si uj\u00edt \u0161anci na v\u00fdhru!\",\"breadcrumb\":{\"@id\":\"https:\/\/spinbetter.games\/cs\/esports\/#breadcrumb\"},\"inLanguage\":\"cs\",\"potentialAction\":[{\"@type\":\"ReadAction\",\"target\":[\"https:\/\/spinbetter.games\/cs\/esports\/\"]}]},{\"@type\":\"BreadcrumbList\",\"@id\":\"https:\/\/spinbetter.games\/cs\/esports\/#breadcrumb\",\"itemListElement\":[{\"@type\":\"ListItem\",\"position\":1,\"name\":\"\u0413\u043b\u0430\u0432\u043d\u0430\u044f \u0441\u0442\u0440\u0430\u043d\u0438\u0446\u0430\",\"item\":\"https:\/\/spinbetter.games\/cs\/\"},{\"@type\":\"ListItem\",\"position\":2,\"name\":\"eSport\"}]},{\"@type\":\"WebSite\",\"@id\":\"https:\/\/spinbetter.games\/cs\/#website\",\"url\":\"https:\/\/spinbetter.games\/cs\/\",\"name\":\"Spinbetter CS\",\"description\":\"My WordPress Blog\",\"potentialAction\":[{\"@type\":\"SearchAction\",\"target\":{\"@type\":\"EntryPoint\",\"urlTemplate\":\"https:\/\/spinbetter.games\/cs\/?s={search_term_string}\"},\"query-input\":{\"@type\":\"PropertyValueSpecification\",\"valueRequired\":true,\"valueName\":\"search_term_string\"}}],\"inLanguage\":\"cs\"}]}<\/script>\n<!-- \/ Yoast SEO plugin. -->","yoast_head_json":{"title":"Spinbetter eSport | S\u00e1zen\u00ed na kyber\u0161porty, bonusy, mo\u017enosti","description":"Objevte Spinbetter eSport \u2014 v\u00e1\u0161 kompletn\u00ed pr\u016fvodce s\u00e1zen\u00edm na eSporty. Seznamte se s funkcemi platformy, jedine\u010dn\u00fdmi sekcemi Live a Line a sledujte bezplatn\u00e9 videop\u0159enosy z\u00e1pas\u016f. S\u00e1zejte na eSporty se SpinBetter a nenechte si uj\u00edt \u0161anci na v\u00fdhru!","robots":{"index":"index","follow":"follow","max-snippet":"max-snippet:-1","max-image-preview":"max-image-preview:large","max-video-preview":"max-video-preview:-1"},"canonical":"https:\/\/spinbetter.games\/cs\/esports\/","og_locale":"cs_CZ","og_type":"article","og_title":"Spinbetter eSport | S\u00e1zen\u00ed na kyber\u0161porty, bonusy, mo\u017enosti","og_description":"Objevte Spinbetter eSport \u2014 v\u00e1\u0161 kompletn\u00ed pr\u016fvodce s\u00e1zen\u00edm na eSporty. Seznamte se s funkcemi platformy, jedine\u010dn\u00fdmi sekcemi Live a Line a sledujte bezplatn\u00e9 videop\u0159enosy z\u00e1pas\u016f. S\u00e1zejte na eSporty se SpinBetter a nenechte si uj\u00edt \u0161anci na v\u00fdhru!","og_url":"https:\/\/spinbetter.games\/cs\/esports\/","og_site_name":"Spinbetter CS","article_modified_time":"2025-12-19T12:13:07+00:00","twitter_card":"summary_large_image","schema":{"@context":"https:\/\/schema.org","@graph":[{"@type":"WebPage","@id":"https:\/\/spinbetter.games\/cs\/esports\/","url":"https:\/\/spinbetter.games\/cs\/esports\/","name":"Spinbetter eSport | S\u00e1zen\u00ed na kyber\u0161porty, bonusy, mo\u017enosti","isPartOf":{"@id":"https:\/\/spinbetter.games\/cs\/#website"},"datePublished":"2025-09-14T06:43:03+00:00","dateModified":"2025-12-19T12:13:07+00:00","description":"Objevte Spinbetter eSport \u2014 v\u00e1\u0161 kompletn\u00ed pr\u016fvodce s\u00e1zen\u00edm na eSporty. Seznamte se s funkcemi platformy, jedine\u010dn\u00fdmi sekcemi Live a Line a sledujte bezplatn\u00e9 videop\u0159enosy z\u00e1pas\u016f. S\u00e1zejte na eSporty se SpinBetter a nenechte si uj\u00edt \u0161anci na v\u00fdhru!","breadcrumb":{"@id":"https:\/\/spinbetter.games\/cs\/esports\/#breadcrumb"},"inLanguage":"cs","potentialAction":[{"@type":"ReadAction","target":["https:\/\/spinbetter.games\/cs\/esports\/"]}]},{"@type":"BreadcrumbList","@id":"https:\/\/spinbetter.games\/cs\/esports\/#breadcrumb","itemListElement":[{"@type":"ListItem","position":1,"name":"\u0413\u043b\u0430\u0432\u043d\u0430\u044f \u0441\u0442\u0440\u0430\u043d\u0438\u0446\u0430","item":"https:\/\/spinbetter.games\/cs\/"},{"@type":"ListItem","position":2,"name":"eSport"}]},{"@type":"WebSite","@id":"https:\/\/spinbetter.games\/cs\/#website","url":"https:\/\/spinbetter.games\/cs\/","name":"Spinbetter CS","description":"My WordPress Blog","potentialAction":[{"@type":"SearchAction","target":{"@type":"EntryPoint","urlTemplate":"https:\/\/spinbetter.games\/cs\/?s={search_term_string}"},"query-input":{"@type":"PropertyValueSpecification","valueRequired":true,"valueName":"search_term_string"}}],"inLanguage":"cs"}]}},"_links":{"self":[{"href":"https:\/\/spinbetter.games\/cs\/wp-json\/wp\/v2\/pages\/1512","targetHints":{"allow":["GET"]}}],"collection":[{"href":"https:\/\/spinbetter.games\/cs\/wp-json\/wp\/v2\/pages"}],"about":[{"href":"https:\/\/spinbetter.games\/cs\/wp-json\/wp\/v2\/types\/page"}],"author":[{"embeddable":true,"href":"https:\/\/spinbetter.games\/cs\/wp-json\/wp\/v2\/users\/1"}],"replies":[{"embeddable":true,"href":"https:\/\/spinbetter.games\/cs\/wp-json\/wp\/v2\/comments?post=1512"}],"version-history":[{"count":2,"href":"https:\/\/spinbetter.games\/cs\/wp-json\/wp\/v2\/pages\/1512\/revisions"}],"predecessor-version":[{"id":1947,"href":"https:\/\/spinbetter.games\/cs\/wp-json\/wp\/v2\/pages\/1512\/revisions\/1947"}],"wp:attachment":[{"href":"https:\/\/spinbetter.games\/cs\/wp-json\/wp\/v2\/media?parent=1512"}],"curies":[{"name":"wp","href":"https:\/\/api.w.org\/{rel}","templated":true}]}}