{"id":1658,"date":"2025-09-15T12:03:58","date_gmt":"2025-09-15T12:03:58","guid":{"rendered":"https:\/\/spinbetter.games\/?page_id=1658"},"modified":"2025-12-19T11:00:02","modified_gmt":"2025-12-19T11:00:02","slug":"aviator","status":"publish","type":"page","link":"https:\/\/spinbetter.games\/cs\/aviator\/","title":{"rendered":"Letec"},"content":{"rendered":"","protected":false},"excerpt":{"rendered":"","protected":false},"author":1,"featured_media":0,"parent":0,"menu_order":0,"comment_status":"closed","ping_status":"closed","template":"","meta":{"footnotes":""},"class_list":["post-1658","page","type-page","status-publish","hentry"],"yoast_head":"<!-- This site is optimized with the Yoast SEO plugin v26.8 - https:\/\/yoast.com\/product\/yoast-seo-wordpress\/ -->\n<title>SpinBetter Letec \u1409 Hrajte a vyhrajte v nejlep\u0161\u00ed crash h\u0159e<\/title>\n<meta name=\"description\" content=\"Objevte vzru\u0161uj\u00edc\u00ed sv\u011bt SpinBetter Letec! Nau\u010dte se hr\u00e1t tuto obl\u00edbenou hru, z\u00edskejte tipy na strategii a maximalizaci sv\u00fdch v\u00fdher. P\u0159ipojte se k milion\u016fm hr\u00e1\u010d\u016f a u\u017eijte si vysok\u00e9 \u0161ance na v\u00fdhru a jedine\u010dn\u00fd hern\u00ed z\u00e1\u017eitek!\" \/>\n<meta name=\"robots\" content=\"index, follow, max-snippet:-1, max-image-preview:large, max-video-preview:-1\" \/>\n<link rel=\"canonical\" href=\"https:\/\/spinbetter.games\/cs\/aviator\/\" \/>\n<meta property=\"og:locale\" content=\"cs_CZ\" \/>\n<meta property=\"og:type\" content=\"article\" \/>\n<meta property=\"og:title\" content=\"SpinBetter Letec \u1409 Hrajte a vyhrajte v nejlep\u0161\u00ed crash h\u0159e\" \/>\n<meta property=\"og:description\" content=\"Objevte vzru\u0161uj\u00edc\u00ed sv\u011bt SpinBetter Letec! Nau\u010dte se hr\u00e1t tuto obl\u00edbenou hru, z\u00edskejte tipy na strategii a maximalizaci sv\u00fdch v\u00fdher. P\u0159ipojte se k milion\u016fm hr\u00e1\u010d\u016f a u\u017eijte si vysok\u00e9 \u0161ance na v\u00fdhru a jedine\u010dn\u00fd hern\u00ed z\u00e1\u017eitek!\" \/>\n<meta property=\"og:url\" content=\"https:\/\/spinbetter.games\/cs\/aviator\/\" \/>\n<meta property=\"og:site_name\" content=\"Spinbetter CS\" \/>\n<meta property=\"article:modified_time\" content=\"2025-12-19T11:00:02+00:00\" \/>\n<meta name=\"twitter:card\" content=\"summary_large_image\" \/>\n<script type=\"application\/ld+json\" class=\"yoast-schema-graph\">{\"@context\":\"https:\/\/schema.org\",\"@graph\":[{\"@type\":\"WebPage\",\"@id\":\"https:\/\/spinbetter.games\/cs\/aviator\/\",\"url\":\"https:\/\/spinbetter.games\/cs\/aviator\/\",\"name\":\"SpinBetter Letec \u1409 Hrajte a vyhrajte v nejlep\u0161\u00ed crash h\u0159e\",\"isPartOf\":{\"@id\":\"https:\/\/spinbetter.games\/cs\/#website\"},\"datePublished\":\"2025-09-15T12:03:58+00:00\",\"dateModified\":\"2025-12-19T11:00:02+00:00\",\"description\":\"Objevte vzru\u0161uj\u00edc\u00ed sv\u011bt SpinBetter Letec! Nau\u010dte se hr\u00e1t tuto obl\u00edbenou hru, z\u00edskejte tipy na strategii a maximalizaci sv\u00fdch v\u00fdher. P\u0159ipojte se k milion\u016fm hr\u00e1\u010d\u016f a u\u017eijte si vysok\u00e9 \u0161ance na v\u00fdhru a jedine\u010dn\u00fd hern\u00ed z\u00e1\u017eitek!\",\"breadcrumb\":{\"@id\":\"https:\/\/spinbetter.games\/cs\/aviator\/#breadcrumb\"},\"inLanguage\":\"cs\",\"potentialAction\":[{\"@type\":\"ReadAction\",\"target\":[\"https:\/\/spinbetter.games\/cs\/aviator\/\"]}]},{\"@type\":\"BreadcrumbList\",\"@id\":\"https:\/\/spinbetter.games\/cs\/aviator\/#breadcrumb\",\"itemListElement\":[{\"@type\":\"ListItem\",\"position\":1,\"name\":\"\u0413\u043b\u0430\u0432\u043d\u0430\u044f \u0441\u0442\u0440\u0430\u043d\u0438\u0446\u0430\",\"item\":\"https:\/\/spinbetter.games\/cs\/\"},{\"@type\":\"ListItem\",\"position\":2,\"name\":\"Letec\"}]},{\"@type\":\"WebSite\",\"@id\":\"https:\/\/spinbetter.games\/cs\/#website\",\"url\":\"https:\/\/spinbetter.games\/cs\/\",\"name\":\"Spinbetter CS\",\"description\":\"My WordPress Blog\",\"potentialAction\":[{\"@type\":\"SearchAction\",\"target\":{\"@type\":\"EntryPoint\",\"urlTemplate\":\"https:\/\/spinbetter.games\/cs\/?s={search_term_string}\"},\"query-input\":{\"@type\":\"PropertyValueSpecification\",\"valueRequired\":true,\"valueName\":\"search_term_string\"}}],\"inLanguage\":\"cs\"}]}<\/script>\n<!-- \/ Yoast SEO plugin. -->","yoast_head_json":{"title":"SpinBetter Letec \u1409 Hrajte a vyhrajte v nejlep\u0161\u00ed crash h\u0159e","description":"Objevte vzru\u0161uj\u00edc\u00ed sv\u011bt SpinBetter Letec! Nau\u010dte se hr\u00e1t tuto obl\u00edbenou hru, z\u00edskejte tipy na strategii a maximalizaci sv\u00fdch v\u00fdher. P\u0159ipojte se k milion\u016fm hr\u00e1\u010d\u016f a u\u017eijte si vysok\u00e9 \u0161ance na v\u00fdhru a jedine\u010dn\u00fd hern\u00ed z\u00e1\u017eitek!","robots":{"index":"index","follow":"follow","max-snippet":"max-snippet:-1","max-image-preview":"max-image-preview:large","max-video-preview":"max-video-preview:-1"},"canonical":"https:\/\/spinbetter.games\/cs\/aviator\/","og_locale":"cs_CZ","og_type":"article","og_title":"SpinBetter Letec \u1409 Hrajte a vyhrajte v nejlep\u0161\u00ed crash h\u0159e","og_description":"Objevte vzru\u0161uj\u00edc\u00ed sv\u011bt SpinBetter Letec! Nau\u010dte se hr\u00e1t tuto obl\u00edbenou hru, z\u00edskejte tipy na strategii a maximalizaci sv\u00fdch v\u00fdher. P\u0159ipojte se k milion\u016fm hr\u00e1\u010d\u016f a u\u017eijte si vysok\u00e9 \u0161ance na v\u00fdhru a jedine\u010dn\u00fd hern\u00ed z\u00e1\u017eitek!","og_url":"https:\/\/spinbetter.games\/cs\/aviator\/","og_site_name":"Spinbetter CS","article_modified_time":"2025-12-19T11:00:02+00:00","twitter_card":"summary_large_image","schema":{"@context":"https:\/\/schema.org","@graph":[{"@type":"WebPage","@id":"https:\/\/spinbetter.games\/cs\/aviator\/","url":"https:\/\/spinbetter.games\/cs\/aviator\/","name":"SpinBetter Letec \u1409 Hrajte a vyhrajte v nejlep\u0161\u00ed crash h\u0159e","isPartOf":{"@id":"https:\/\/spinbetter.games\/cs\/#website"},"datePublished":"2025-09-15T12:03:58+00:00","dateModified":"2025-12-19T11:00:02+00:00","description":"Objevte vzru\u0161uj\u00edc\u00ed sv\u011bt SpinBetter Letec! Nau\u010dte se hr\u00e1t tuto obl\u00edbenou hru, z\u00edskejte tipy na strategii a maximalizaci sv\u00fdch v\u00fdher. P\u0159ipojte se k milion\u016fm hr\u00e1\u010d\u016f a u\u017eijte si vysok\u00e9 \u0161ance na v\u00fdhru a jedine\u010dn\u00fd hern\u00ed z\u00e1\u017eitek!","breadcrumb":{"@id":"https:\/\/spinbetter.games\/cs\/aviator\/#breadcrumb"},"inLanguage":"cs","potentialAction":[{"@type":"ReadAction","target":["https:\/\/spinbetter.games\/cs\/aviator\/"]}]},{"@type":"BreadcrumbList","@id":"https:\/\/spinbetter.games\/cs\/aviator\/#breadcrumb","itemListElement":[{"@type":"ListItem","position":1,"name":"\u0413\u043b\u0430\u0432\u043d\u0430\u044f \u0441\u0442\u0440\u0430\u043d\u0438\u0446\u0430","item":"https:\/\/spinbetter.games\/cs\/"},{"@type":"ListItem","position":2,"name":"Letec"}]},{"@type":"WebSite","@id":"https:\/\/spinbetter.games\/cs\/#website","url":"https:\/\/spinbetter.games\/cs\/","name":"Spinbetter CS","description":"My WordPress Blog","potentialAction":[{"@type":"SearchAction","target":{"@type":"EntryPoint","urlTemplate":"https:\/\/spinbetter.games\/cs\/?s={search_term_string}"},"query-input":{"@type":"PropertyValueSpecification","valueRequired":true,"valueName":"search_term_string"}}],"inLanguage":"cs"}]}},"_links":{"self":[{"href":"https:\/\/spinbetter.games\/cs\/wp-json\/wp\/v2\/pages\/1658","targetHints":{"allow":["GET"]}}],"collection":[{"href":"https:\/\/spinbetter.games\/cs\/wp-json\/wp\/v2\/pages"}],"about":[{"href":"https:\/\/spinbetter.games\/cs\/wp-json\/wp\/v2\/types\/page"}],"author":[{"embeddable":true,"href":"https:\/\/spinbetter.games\/cs\/wp-json\/wp\/v2\/users\/1"}],"replies":[{"embeddable":true,"href":"https:\/\/spinbetter.games\/cs\/wp-json\/wp\/v2\/comments?post=1658"}],"version-history":[{"count":3,"href":"https:\/\/spinbetter.games\/cs\/wp-json\/wp\/v2\/pages\/1658\/revisions"}],"predecessor-version":[{"id":1935,"href":"https:\/\/spinbetter.games\/cs\/wp-json\/wp\/v2\/pages\/1658\/revisions\/1935"}],"wp:attachment":[{"href":"https:\/\/spinbetter.games\/cs\/wp-json\/wp\/v2\/media?parent=1658"}],"curies":[{"name":"wp","href":"https:\/\/api.w.org\/{rel}","templated":true}]}}