{"id":1719,"date":"2025-09-23T05:43:49","date_gmt":"2025-09-23T05:43:49","guid":{"rendered":"https:\/\/spinbetter.games\/?page_id=1719"},"modified":"2025-12-19T12:29:15","modified_gmt":"2025-12-19T12:29:15","slug":"nhl-x-nba","status":"publish","type":"page","link":"https:\/\/spinbetter.games\/cs\/bonus\/nhl-x-nba\/","title":{"rendered":"NHL x NBA"},"content":{"rendered":"","protected":false},"excerpt":{"rendered":"","protected":false},"author":1,"featured_media":0,"parent":152,"menu_order":0,"comment_status":"closed","ping_status":"closed","template":"","meta":{"footnotes":""},"class_list":["post-1719","page","type-page","status-publish","hentry"],"yoast_head":"<!-- This site is optimized with the Yoast SEO plugin v26.8 - https:\/\/yoast.com\/product\/yoast-seo-wordpress\/ -->\n<title>Spinbetter NHL x NBA Jackpot | 40 000 K\u010d na s\u00e1zky<\/title>\n<meta name=\"description\" content=\"Spinbetter rozd\u00e1v\u00e1 40 000 K\u010d na s\u00e1zky na NHL a NBA. Uzav\u0159ete s\u00e1zky na hokej a basketbal ji\u017e od 16 K\u010d a z\u00edskejte tikety, kter\u00e9 v\u00e1m d\u00e1vaj\u00ed \u0161anci vyhr\u00e1t velk\u00e9 pen\u011b\u017en\u00ed ceny.\" \/>\n<meta name=\"robots\" content=\"index, follow, max-snippet:-1, max-image-preview:large, max-video-preview:-1\" \/>\n<link rel=\"canonical\" href=\"https:\/\/spinbetter.games\/cs\/bonus\/nhl-x-nba\/\" \/>\n<meta property=\"og:locale\" content=\"cs_CZ\" \/>\n<meta property=\"og:type\" content=\"article\" \/>\n<meta property=\"og:title\" content=\"Spinbetter NHL x NBA Jackpot | 40 000 K\u010d na s\u00e1zky\" \/>\n<meta property=\"og:description\" content=\"Spinbetter rozd\u00e1v\u00e1 40 000 K\u010d na s\u00e1zky na NHL a NBA. Uzav\u0159ete s\u00e1zky na hokej a basketbal ji\u017e od 16 K\u010d a z\u00edskejte tikety, kter\u00e9 v\u00e1m d\u00e1vaj\u00ed \u0161anci vyhr\u00e1t velk\u00e9 pen\u011b\u017en\u00ed ceny.\" \/>\n<meta property=\"og:url\" content=\"https:\/\/spinbetter.games\/cs\/bonus\/nhl-x-nba\/\" \/>\n<meta property=\"og:site_name\" content=\"Spinbetter CS\" \/>\n<meta property=\"article:modified_time\" content=\"2025-12-19T12:29:15+00:00\" \/>\n<meta name=\"twitter:card\" content=\"summary_large_image\" \/>\n<script type=\"application\/ld+json\" class=\"yoast-schema-graph\">{\"@context\":\"https:\/\/schema.org\",\"@graph\":[{\"@type\":\"WebPage\",\"@id\":\"https:\/\/spinbetter.games\/cs\/bonus\/nhl-x-nba\/\",\"url\":\"https:\/\/spinbetter.games\/cs\/bonus\/nhl-x-nba\/\",\"name\":\"Spinbetter NHL x NBA Jackpot | 40 000 K\u010d na s\u00e1zky\",\"isPartOf\":{\"@id\":\"https:\/\/spinbetter.games\/cs\/#website\"},\"datePublished\":\"2025-09-23T05:43:49+00:00\",\"dateModified\":\"2025-12-19T12:29:15+00:00\",\"description\":\"Spinbetter rozd\u00e1v\u00e1 40 000 K\u010d na s\u00e1zky na NHL a NBA. Uzav\u0159ete s\u00e1zky na hokej a basketbal ji\u017e od 16 K\u010d a z\u00edskejte tikety, kter\u00e9 v\u00e1m d\u00e1vaj\u00ed \u0161anci vyhr\u00e1t velk\u00e9 pen\u011b\u017en\u00ed ceny.\",\"breadcrumb\":{\"@id\":\"https:\/\/spinbetter.games\/cs\/bonus\/nhl-x-nba\/#breadcrumb\"},\"inLanguage\":\"cs\",\"potentialAction\":[{\"@type\":\"ReadAction\",\"target\":[\"https:\/\/spinbetter.games\/cs\/bonus\/nhl-x-nba\/\"]}]},{\"@type\":\"BreadcrumbList\",\"@id\":\"https:\/\/spinbetter.games\/cs\/bonus\/nhl-x-nba\/#breadcrumb\",\"itemListElement\":[{\"@type\":\"ListItem\",\"position\":1,\"name\":\"\u0413\u043b\u0430\u0432\u043d\u0430\u044f \u0441\u0442\u0440\u0430\u043d\u0438\u0446\u0430\",\"item\":\"https:\/\/spinbetter.games\/cs\/\"},{\"@type\":\"ListItem\",\"position\":2,\"name\":\"Bonus\",\"item\":\"https:\/\/spinbetter.games\/cs\/bonus\/\"},{\"@type\":\"ListItem\",\"position\":3,\"name\":\"NHL x NBA\"}]},{\"@type\":\"WebSite\",\"@id\":\"https:\/\/spinbetter.games\/cs\/#website\",\"url\":\"https:\/\/spinbetter.games\/cs\/\",\"name\":\"Spinbetter CS\",\"description\":\"My WordPress Blog\",\"potentialAction\":[{\"@type\":\"SearchAction\",\"target\":{\"@type\":\"EntryPoint\",\"urlTemplate\":\"https:\/\/spinbetter.games\/cs\/?s={search_term_string}\"},\"query-input\":{\"@type\":\"PropertyValueSpecification\",\"valueRequired\":true,\"valueName\":\"search_term_string\"}}],\"inLanguage\":\"cs\"}]}<\/script>\n<!-- \/ Yoast SEO plugin. -->","yoast_head_json":{"title":"Spinbetter NHL x NBA Jackpot | 40 000 K\u010d na s\u00e1zky","description":"Spinbetter rozd\u00e1v\u00e1 40 000 K\u010d na s\u00e1zky na NHL a NBA. Uzav\u0159ete s\u00e1zky na hokej a basketbal ji\u017e od 16 K\u010d a z\u00edskejte tikety, kter\u00e9 v\u00e1m d\u00e1vaj\u00ed \u0161anci vyhr\u00e1t velk\u00e9 pen\u011b\u017en\u00ed ceny.","robots":{"index":"index","follow":"follow","max-snippet":"max-snippet:-1","max-image-preview":"max-image-preview:large","max-video-preview":"max-video-preview:-1"},"canonical":"https:\/\/spinbetter.games\/cs\/bonus\/nhl-x-nba\/","og_locale":"cs_CZ","og_type":"article","og_title":"Spinbetter NHL x NBA Jackpot | 40 000 K\u010d na s\u00e1zky","og_description":"Spinbetter rozd\u00e1v\u00e1 40 000 K\u010d na s\u00e1zky na NHL a NBA. Uzav\u0159ete s\u00e1zky na hokej a basketbal ji\u017e od 16 K\u010d a z\u00edskejte tikety, kter\u00e9 v\u00e1m d\u00e1vaj\u00ed \u0161anci vyhr\u00e1t velk\u00e9 pen\u011b\u017en\u00ed ceny.","og_url":"https:\/\/spinbetter.games\/cs\/bonus\/nhl-x-nba\/","og_site_name":"Spinbetter CS","article_modified_time":"2025-12-19T12:29:15+00:00","twitter_card":"summary_large_image","schema":{"@context":"https:\/\/schema.org","@graph":[{"@type":"WebPage","@id":"https:\/\/spinbetter.games\/cs\/bonus\/nhl-x-nba\/","url":"https:\/\/spinbetter.games\/cs\/bonus\/nhl-x-nba\/","name":"Spinbetter NHL x NBA Jackpot | 40 000 K\u010d na s\u00e1zky","isPartOf":{"@id":"https:\/\/spinbetter.games\/cs\/#website"},"datePublished":"2025-09-23T05:43:49+00:00","dateModified":"2025-12-19T12:29:15+00:00","description":"Spinbetter rozd\u00e1v\u00e1 40 000 K\u010d na s\u00e1zky na NHL a NBA. Uzav\u0159ete s\u00e1zky na hokej a basketbal ji\u017e od 16 K\u010d a z\u00edskejte tikety, kter\u00e9 v\u00e1m d\u00e1vaj\u00ed \u0161anci vyhr\u00e1t velk\u00e9 pen\u011b\u017en\u00ed ceny.","breadcrumb":{"@id":"https:\/\/spinbetter.games\/cs\/bonus\/nhl-x-nba\/#breadcrumb"},"inLanguage":"cs","potentialAction":[{"@type":"ReadAction","target":["https:\/\/spinbetter.games\/cs\/bonus\/nhl-x-nba\/"]}]},{"@type":"BreadcrumbList","@id":"https:\/\/spinbetter.games\/cs\/bonus\/nhl-x-nba\/#breadcrumb","itemListElement":[{"@type":"ListItem","position":1,"name":"\u0413\u043b\u0430\u0432\u043d\u0430\u044f \u0441\u0442\u0440\u0430\u043d\u0438\u0446\u0430","item":"https:\/\/spinbetter.games\/cs\/"},{"@type":"ListItem","position":2,"name":"Bonus","item":"https:\/\/spinbetter.games\/cs\/bonus\/"},{"@type":"ListItem","position":3,"name":"NHL x NBA"}]},{"@type":"WebSite","@id":"https:\/\/spinbetter.games\/cs\/#website","url":"https:\/\/spinbetter.games\/cs\/","name":"Spinbetter CS","description":"My WordPress Blog","potentialAction":[{"@type":"SearchAction","target":{"@type":"EntryPoint","urlTemplate":"https:\/\/spinbetter.games\/cs\/?s={search_term_string}"},"query-input":{"@type":"PropertyValueSpecification","valueRequired":true,"valueName":"search_term_string"}}],"inLanguage":"cs"}]}},"_links":{"self":[{"href":"https:\/\/spinbetter.games\/cs\/wp-json\/wp\/v2\/pages\/1719","targetHints":{"allow":["GET"]}}],"collection":[{"href":"https:\/\/spinbetter.games\/cs\/wp-json\/wp\/v2\/pages"}],"about":[{"href":"https:\/\/spinbetter.games\/cs\/wp-json\/wp\/v2\/types\/page"}],"author":[{"embeddable":true,"href":"https:\/\/spinbetter.games\/cs\/wp-json\/wp\/v2\/users\/1"}],"replies":[{"embeddable":true,"href":"https:\/\/spinbetter.games\/cs\/wp-json\/wp\/v2\/comments?post=1719"}],"version-history":[{"count":1,"href":"https:\/\/spinbetter.games\/cs\/wp-json\/wp\/v2\/pages\/1719\/revisions"}],"predecessor-version":[{"id":1955,"href":"https:\/\/spinbetter.games\/cs\/wp-json\/wp\/v2\/pages\/1719\/revisions\/1955"}],"up":[{"embeddable":true,"href":"https:\/\/spinbetter.games\/cs\/wp-json\/wp\/v2\/pages\/152"}],"wp:attachment":[{"href":"https:\/\/spinbetter.games\/cs\/wp-json\/wp\/v2\/media?parent=1719"}],"curies":[{"name":"wp","href":"https:\/\/api.w.org\/{rel}","templated":true}]}}