{"id":1735,"date":"2025-09-23T06:43:57","date_gmt":"2025-09-23T06:43:57","guid":{"rendered":"https:\/\/spinbetter.games\/?page_id=1735"},"modified":"2025-12-19T13:39:08","modified_gmt":"2025-12-19T13:39:08","slug":"sport-halloween","status":"publish","type":"page","link":"https:\/\/spinbetter.games\/cs\/bonus\/sport-halloween\/","title":{"rendered":"Sportovn\u00ed Halloween"},"content":{"rendered":"","protected":false},"excerpt":{"rendered":"","protected":false},"author":1,"featured_media":0,"parent":152,"menu_order":0,"comment_status":"closed","ping_status":"closed","template":"","meta":{"footnotes":""},"class_list":["post-1735","page","type-page","status-publish","hentry"],"yoast_head":"<!-- This site is optimized with the Yoast SEO plugin v26.8 - https:\/\/yoast.com\/product\/yoast-seo-wordpress\/ -->\n<title>Spinbetter Ahoj, v\u00edt\u011bzi \u2192 Z\u00edskejte s\u00e1zku zdarma a\u017e do v\u00fd\u0161e 400 K\u010d<\/title>\n<meta name=\"description\" content=\"Halloweensk\u00e1 akce SpinBetter \ud83c\udf83 Hallo, v\u00edt\u011bzi \u2014 vyber si d\u00fdni na SpinBetter, prove vklad ve v\u00fd\u0161i 30 K\u010d nebo v\u00edce a z\u00edskej ka\u017ed\u00fd den zaru\u010den\u00e9 s\u00e1zky zdarma v hodnot\u011b 6 K\u010d\u2013400 K\u010d. Zapoj se hned te\u010f!\" \/>\n<meta name=\"robots\" content=\"index, follow, max-snippet:-1, max-image-preview:large, max-video-preview:-1\" \/>\n<link rel=\"canonical\" href=\"https:\/\/spinbetter.games\/cs\/bonus\/sport-halloween\/\" \/>\n<meta property=\"og:locale\" content=\"cs_CZ\" \/>\n<meta property=\"og:type\" content=\"article\" \/>\n<meta property=\"og:title\" content=\"Spinbetter Ahoj, v\u00edt\u011bzi \u2192 Z\u00edskejte s\u00e1zku zdarma a\u017e do v\u00fd\u0161e 400 K\u010d\" \/>\n<meta property=\"og:description\" content=\"Halloweensk\u00e1 akce SpinBetter \ud83c\udf83 Hallo, v\u00edt\u011bzi \u2014 vyber si d\u00fdni na SpinBetter, prove vklad ve v\u00fd\u0161i 30 K\u010d nebo v\u00edce a z\u00edskej ka\u017ed\u00fd den zaru\u010den\u00e9 s\u00e1zky zdarma v hodnot\u011b 6 K\u010d\u2013400 K\u010d. Zapoj se hned te\u010f!\" \/>\n<meta property=\"og:url\" content=\"https:\/\/spinbetter.games\/cs\/bonus\/sport-halloween\/\" \/>\n<meta property=\"og:site_name\" content=\"Spinbetter CS\" \/>\n<meta property=\"article:modified_time\" content=\"2025-12-19T13:39:08+00:00\" \/>\n<meta name=\"twitter:card\" content=\"summary_large_image\" \/>\n<script type=\"application\/ld+json\" class=\"yoast-schema-graph\">{\"@context\":\"https:\/\/schema.org\",\"@graph\":[{\"@type\":\"WebPage\",\"@id\":\"https:\/\/spinbetter.games\/cs\/bonus\/sport-halloween\/\",\"url\":\"https:\/\/spinbetter.games\/cs\/bonus\/sport-halloween\/\",\"name\":\"Spinbetter Ahoj, v\u00edt\u011bzi \u2192 Z\u00edskejte s\u00e1zku zdarma a\u017e do v\u00fd\u0161e 400 K\u010d\",\"isPartOf\":{\"@id\":\"https:\/\/spinbetter.games\/cs\/#website\"},\"datePublished\":\"2025-09-23T06:43:57+00:00\",\"dateModified\":\"2025-12-19T13:39:08+00:00\",\"description\":\"Halloweensk\u00e1 akce SpinBetter \ud83c\udf83 Hallo, v\u00edt\u011bzi \u2014 vyber si d\u00fdni na SpinBetter, prove vklad ve v\u00fd\u0161i 30 K\u010d nebo v\u00edce a z\u00edskej ka\u017ed\u00fd den zaru\u010den\u00e9 s\u00e1zky zdarma v hodnot\u011b 6 K\u010d\u2013400 K\u010d. Zapoj se hned te\u010f!\",\"breadcrumb\":{\"@id\":\"https:\/\/spinbetter.games\/cs\/bonus\/sport-halloween\/#breadcrumb\"},\"inLanguage\":\"cs\",\"potentialAction\":[{\"@type\":\"ReadAction\",\"target\":[\"https:\/\/spinbetter.games\/cs\/bonus\/sport-halloween\/\"]}]},{\"@type\":\"BreadcrumbList\",\"@id\":\"https:\/\/spinbetter.games\/cs\/bonus\/sport-halloween\/#breadcrumb\",\"itemListElement\":[{\"@type\":\"ListItem\",\"position\":1,\"name\":\"\u0413\u043b\u0430\u0432\u043d\u0430\u044f \u0441\u0442\u0440\u0430\u043d\u0438\u0446\u0430\",\"item\":\"https:\/\/spinbetter.games\/cs\/\"},{\"@type\":\"ListItem\",\"position\":2,\"name\":\"Bonus\",\"item\":\"https:\/\/spinbetter.games\/cs\/bonus\/\"},{\"@type\":\"ListItem\",\"position\":3,\"name\":\"Sportovn\u00ed Halloween\"}]},{\"@type\":\"WebSite\",\"@id\":\"https:\/\/spinbetter.games\/cs\/#website\",\"url\":\"https:\/\/spinbetter.games\/cs\/\",\"name\":\"Spinbetter CS\",\"description\":\"My WordPress Blog\",\"potentialAction\":[{\"@type\":\"SearchAction\",\"target\":{\"@type\":\"EntryPoint\",\"urlTemplate\":\"https:\/\/spinbetter.games\/cs\/?s={search_term_string}\"},\"query-input\":{\"@type\":\"PropertyValueSpecification\",\"valueRequired\":true,\"valueName\":\"search_term_string\"}}],\"inLanguage\":\"cs\"}]}<\/script>\n<!-- \/ Yoast SEO plugin. -->","yoast_head_json":{"title":"Spinbetter Ahoj, v\u00edt\u011bzi \u2192 Z\u00edskejte s\u00e1zku zdarma a\u017e do v\u00fd\u0161e 400 K\u010d","description":"Halloweensk\u00e1 akce SpinBetter \ud83c\udf83 Hallo, v\u00edt\u011bzi \u2014 vyber si d\u00fdni na SpinBetter, prove vklad ve v\u00fd\u0161i 30 K\u010d nebo v\u00edce a z\u00edskej ka\u017ed\u00fd den zaru\u010den\u00e9 s\u00e1zky zdarma v hodnot\u011b 6 K\u010d\u2013400 K\u010d. Zapoj se hned te\u010f!","robots":{"index":"index","follow":"follow","max-snippet":"max-snippet:-1","max-image-preview":"max-image-preview:large","max-video-preview":"max-video-preview:-1"},"canonical":"https:\/\/spinbetter.games\/cs\/bonus\/sport-halloween\/","og_locale":"cs_CZ","og_type":"article","og_title":"Spinbetter Ahoj, v\u00edt\u011bzi \u2192 Z\u00edskejte s\u00e1zku zdarma a\u017e do v\u00fd\u0161e 400 K\u010d","og_description":"Halloweensk\u00e1 akce SpinBetter \ud83c\udf83 Hallo, v\u00edt\u011bzi \u2014 vyber si d\u00fdni na SpinBetter, prove vklad ve v\u00fd\u0161i 30 K\u010d nebo v\u00edce a z\u00edskej ka\u017ed\u00fd den zaru\u010den\u00e9 s\u00e1zky zdarma v hodnot\u011b 6 K\u010d\u2013400 K\u010d. Zapoj se hned te\u010f!","og_url":"https:\/\/spinbetter.games\/cs\/bonus\/sport-halloween\/","og_site_name":"Spinbetter CS","article_modified_time":"2025-12-19T13:39:08+00:00","twitter_card":"summary_large_image","schema":{"@context":"https:\/\/schema.org","@graph":[{"@type":"WebPage","@id":"https:\/\/spinbetter.games\/cs\/bonus\/sport-halloween\/","url":"https:\/\/spinbetter.games\/cs\/bonus\/sport-halloween\/","name":"Spinbetter Ahoj, v\u00edt\u011bzi \u2192 Z\u00edskejte s\u00e1zku zdarma a\u017e do v\u00fd\u0161e 400 K\u010d","isPartOf":{"@id":"https:\/\/spinbetter.games\/cs\/#website"},"datePublished":"2025-09-23T06:43:57+00:00","dateModified":"2025-12-19T13:39:08+00:00","description":"Halloweensk\u00e1 akce SpinBetter \ud83c\udf83 Hallo, v\u00edt\u011bzi \u2014 vyber si d\u00fdni na SpinBetter, prove vklad ve v\u00fd\u0161i 30 K\u010d nebo v\u00edce a z\u00edskej ka\u017ed\u00fd den zaru\u010den\u00e9 s\u00e1zky zdarma v hodnot\u011b 6 K\u010d\u2013400 K\u010d. Zapoj se hned te\u010f!","breadcrumb":{"@id":"https:\/\/spinbetter.games\/cs\/bonus\/sport-halloween\/#breadcrumb"},"inLanguage":"cs","potentialAction":[{"@type":"ReadAction","target":["https:\/\/spinbetter.games\/cs\/bonus\/sport-halloween\/"]}]},{"@type":"BreadcrumbList","@id":"https:\/\/spinbetter.games\/cs\/bonus\/sport-halloween\/#breadcrumb","itemListElement":[{"@type":"ListItem","position":1,"name":"\u0413\u043b\u0430\u0432\u043d\u0430\u044f \u0441\u0442\u0440\u0430\u043d\u0438\u0446\u0430","item":"https:\/\/spinbetter.games\/cs\/"},{"@type":"ListItem","position":2,"name":"Bonus","item":"https:\/\/spinbetter.games\/cs\/bonus\/"},{"@type":"ListItem","position":3,"name":"Sportovn\u00ed Halloween"}]},{"@type":"WebSite","@id":"https:\/\/spinbetter.games\/cs\/#website","url":"https:\/\/spinbetter.games\/cs\/","name":"Spinbetter CS","description":"My WordPress Blog","potentialAction":[{"@type":"SearchAction","target":{"@type":"EntryPoint","urlTemplate":"https:\/\/spinbetter.games\/cs\/?s={search_term_string}"},"query-input":{"@type":"PropertyValueSpecification","valueRequired":true,"valueName":"search_term_string"}}],"inLanguage":"cs"}]}},"_links":{"self":[{"href":"https:\/\/spinbetter.games\/cs\/wp-json\/wp\/v2\/pages\/1735","targetHints":{"allow":["GET"]}}],"collection":[{"href":"https:\/\/spinbetter.games\/cs\/wp-json\/wp\/v2\/pages"}],"about":[{"href":"https:\/\/spinbetter.games\/cs\/wp-json\/wp\/v2\/types\/page"}],"author":[{"embeddable":true,"href":"https:\/\/spinbetter.games\/cs\/wp-json\/wp\/v2\/users\/1"}],"replies":[{"embeddable":true,"href":"https:\/\/spinbetter.games\/cs\/wp-json\/wp\/v2\/comments?post=1735"}],"version-history":[{"count":2,"href":"https:\/\/spinbetter.games\/cs\/wp-json\/wp\/v2\/pages\/1735\/revisions"}],"predecessor-version":[{"id":1960,"href":"https:\/\/spinbetter.games\/cs\/wp-json\/wp\/v2\/pages\/1735\/revisions\/1960"}],"up":[{"embeddable":true,"href":"https:\/\/spinbetter.games\/cs\/wp-json\/wp\/v2\/pages\/152"}],"wp:attachment":[{"href":"https:\/\/spinbetter.games\/cs\/wp-json\/wp\/v2\/media?parent=1735"}],"curies":[{"name":"wp","href":"https:\/\/api.w.org\/{rel}","templated":true}]}}