{"id":1836,"date":"2025-12-02T06:49:28","date_gmt":"2025-12-02T06:49:28","guid":{"rendered":"https:\/\/spinbetter.games\/?page_id=1836"},"modified":"2025-12-19T12:21:29","modified_gmt":"2025-12-19T12:21:29","slug":"ice-hockey","status":"publish","type":"page","link":"https:\/\/spinbetter.games\/cs\/ice-hockey\/","title":{"rendered":"Ledn\u00ed hokej"},"content":{"rendered":"","protected":false},"excerpt":{"rendered":"","protected":false},"author":1,"featured_media":0,"parent":0,"menu_order":0,"comment_status":"closed","ping_status":"closed","template":"","meta":{"footnotes":""},"class_list":["post-1836","page","type-page","status-publish","hentry"],"yoast_head":"<!-- This site is optimized with the Yoast SEO plugin v26.8 - https:\/\/yoast.com\/product\/yoast-seo-wordpress\/ -->\n<title>S\u00e1zky na hokej na Spinbetter \u2705 Vysok\u00e9 kurzy na NHL a KHL<\/title>\n<meta name=\"description\" content=\"S\u00e1zejte na hokej na ofici\u00e1ln\u00edch str\u00e1nk\u00e1ch Spinbetter! \u0160irok\u00e1 nab\u00eddka s\u00e1zek na NHL, KHL a mistrovstv\u00ed sv\u011bta. Vysok\u00e9 kurzy, a\u017e 500+ v\u00fdsledk\u016f a 100% bonus k prvn\u00edmu vkladu. T\u00fddenn\u00ed cashback a rychl\u00e9 v\u00fdplaty.\" \/>\n<meta name=\"robots\" content=\"index, follow, max-snippet:-1, max-image-preview:large, max-video-preview:-1\" \/>\n<link rel=\"canonical\" href=\"https:\/\/spinbetter.games\/cs\/ice-hockey\/\" \/>\n<meta property=\"og:locale\" content=\"cs_CZ\" \/>\n<meta property=\"og:type\" content=\"article\" \/>\n<meta property=\"og:title\" content=\"S\u00e1zky na hokej na Spinbetter \u2705 Vysok\u00e9 kurzy na NHL a KHL\" \/>\n<meta property=\"og:description\" content=\"S\u00e1zejte na hokej na ofici\u00e1ln\u00edch str\u00e1nk\u00e1ch Spinbetter! \u0160irok\u00e1 nab\u00eddka s\u00e1zek na NHL, KHL a mistrovstv\u00ed sv\u011bta. Vysok\u00e9 kurzy, a\u017e 500+ v\u00fdsledk\u016f a 100% bonus k prvn\u00edmu vkladu. T\u00fddenn\u00ed cashback a rychl\u00e9 v\u00fdplaty.\" \/>\n<meta property=\"og:url\" content=\"https:\/\/spinbetter.games\/cs\/ice-hockey\/\" \/>\n<meta property=\"og:site_name\" content=\"Spinbetter CS\" \/>\n<meta property=\"article:modified_time\" content=\"2025-12-19T12:21:29+00:00\" \/>\n<meta name=\"twitter:card\" content=\"summary_large_image\" \/>\n<script type=\"application\/ld+json\" class=\"yoast-schema-graph\">{\"@context\":\"https:\/\/schema.org\",\"@graph\":[{\"@type\":\"WebPage\",\"@id\":\"https:\/\/spinbetter.games\/cs\/ice-hockey\/\",\"url\":\"https:\/\/spinbetter.games\/cs\/ice-hockey\/\",\"name\":\"S\u00e1zky na hokej na Spinbetter \u2705 Vysok\u00e9 kurzy na NHL a KHL\",\"isPartOf\":{\"@id\":\"https:\/\/spinbetter.games\/cs\/#website\"},\"datePublished\":\"2025-12-02T06:49:28+00:00\",\"dateModified\":\"2025-12-19T12:21:29+00:00\",\"description\":\"S\u00e1zejte na hokej na ofici\u00e1ln\u00edch str\u00e1nk\u00e1ch Spinbetter! \u0160irok\u00e1 nab\u00eddka s\u00e1zek na NHL, KHL a mistrovstv\u00ed sv\u011bta. Vysok\u00e9 kurzy, a\u017e 500+ v\u00fdsledk\u016f a 100% bonus k prvn\u00edmu vkladu. T\u00fddenn\u00ed cashback a rychl\u00e9 v\u00fdplaty.\",\"breadcrumb\":{\"@id\":\"https:\/\/spinbetter.games\/cs\/ice-hockey\/#breadcrumb\"},\"inLanguage\":\"cs\",\"potentialAction\":[{\"@type\":\"ReadAction\",\"target\":[\"https:\/\/spinbetter.games\/cs\/ice-hockey\/\"]}]},{\"@type\":\"BreadcrumbList\",\"@id\":\"https:\/\/spinbetter.games\/cs\/ice-hockey\/#breadcrumb\",\"itemListElement\":[{\"@type\":\"ListItem\",\"position\":1,\"name\":\"\u0413\u043b\u0430\u0432\u043d\u0430\u044f \u0441\u0442\u0440\u0430\u043d\u0438\u0446\u0430\",\"item\":\"https:\/\/spinbetter.games\/cs\/\"},{\"@type\":\"ListItem\",\"position\":2,\"name\":\"Ledn\u00ed hokej\"}]},{\"@type\":\"WebSite\",\"@id\":\"https:\/\/spinbetter.games\/cs\/#website\",\"url\":\"https:\/\/spinbetter.games\/cs\/\",\"name\":\"Spinbetter CS\",\"description\":\"My WordPress Blog\",\"potentialAction\":[{\"@type\":\"SearchAction\",\"target\":{\"@type\":\"EntryPoint\",\"urlTemplate\":\"https:\/\/spinbetter.games\/cs\/?s={search_term_string}\"},\"query-input\":{\"@type\":\"PropertyValueSpecification\",\"valueRequired\":true,\"valueName\":\"search_term_string\"}}],\"inLanguage\":\"cs\"}]}<\/script>\n<!-- \/ Yoast SEO plugin. -->","yoast_head_json":{"title":"S\u00e1zky na hokej na Spinbetter \u2705 Vysok\u00e9 kurzy na NHL a KHL","description":"S\u00e1zejte na hokej na ofici\u00e1ln\u00edch str\u00e1nk\u00e1ch Spinbetter! \u0160irok\u00e1 nab\u00eddka s\u00e1zek na NHL, KHL a mistrovstv\u00ed sv\u011bta. Vysok\u00e9 kurzy, a\u017e 500+ v\u00fdsledk\u016f a 100% bonus k prvn\u00edmu vkladu. T\u00fddenn\u00ed cashback a rychl\u00e9 v\u00fdplaty.","robots":{"index":"index","follow":"follow","max-snippet":"max-snippet:-1","max-image-preview":"max-image-preview:large","max-video-preview":"max-video-preview:-1"},"canonical":"https:\/\/spinbetter.games\/cs\/ice-hockey\/","og_locale":"cs_CZ","og_type":"article","og_title":"S\u00e1zky na hokej na Spinbetter \u2705 Vysok\u00e9 kurzy na NHL a KHL","og_description":"S\u00e1zejte na hokej na ofici\u00e1ln\u00edch str\u00e1nk\u00e1ch Spinbetter! \u0160irok\u00e1 nab\u00eddka s\u00e1zek na NHL, KHL a mistrovstv\u00ed sv\u011bta. Vysok\u00e9 kurzy, a\u017e 500+ v\u00fdsledk\u016f a 100% bonus k prvn\u00edmu vkladu. T\u00fddenn\u00ed cashback a rychl\u00e9 v\u00fdplaty.","og_url":"https:\/\/spinbetter.games\/cs\/ice-hockey\/","og_site_name":"Spinbetter CS","article_modified_time":"2025-12-19T12:21:29+00:00","twitter_card":"summary_large_image","schema":{"@context":"https:\/\/schema.org","@graph":[{"@type":"WebPage","@id":"https:\/\/spinbetter.games\/cs\/ice-hockey\/","url":"https:\/\/spinbetter.games\/cs\/ice-hockey\/","name":"S\u00e1zky na hokej na Spinbetter \u2705 Vysok\u00e9 kurzy na NHL a KHL","isPartOf":{"@id":"https:\/\/spinbetter.games\/cs\/#website"},"datePublished":"2025-12-02T06:49:28+00:00","dateModified":"2025-12-19T12:21:29+00:00","description":"S\u00e1zejte na hokej na ofici\u00e1ln\u00edch str\u00e1nk\u00e1ch Spinbetter! \u0160irok\u00e1 nab\u00eddka s\u00e1zek na NHL, KHL a mistrovstv\u00ed sv\u011bta. Vysok\u00e9 kurzy, a\u017e 500+ v\u00fdsledk\u016f a 100% bonus k prvn\u00edmu vkladu. T\u00fddenn\u00ed cashback a rychl\u00e9 v\u00fdplaty.","breadcrumb":{"@id":"https:\/\/spinbetter.games\/cs\/ice-hockey\/#breadcrumb"},"inLanguage":"cs","potentialAction":[{"@type":"ReadAction","target":["https:\/\/spinbetter.games\/cs\/ice-hockey\/"]}]},{"@type":"BreadcrumbList","@id":"https:\/\/spinbetter.games\/cs\/ice-hockey\/#breadcrumb","itemListElement":[{"@type":"ListItem","position":1,"name":"\u0413\u043b\u0430\u0432\u043d\u0430\u044f \u0441\u0442\u0440\u0430\u043d\u0438\u0446\u0430","item":"https:\/\/spinbetter.games\/cs\/"},{"@type":"ListItem","position":2,"name":"Ledn\u00ed hokej"}]},{"@type":"WebSite","@id":"https:\/\/spinbetter.games\/cs\/#website","url":"https:\/\/spinbetter.games\/cs\/","name":"Spinbetter CS","description":"My WordPress Blog","potentialAction":[{"@type":"SearchAction","target":{"@type":"EntryPoint","urlTemplate":"https:\/\/spinbetter.games\/cs\/?s={search_term_string}"},"query-input":{"@type":"PropertyValueSpecification","valueRequired":true,"valueName":"search_term_string"}}],"inLanguage":"cs"}]}},"_links":{"self":[{"href":"https:\/\/spinbetter.games\/cs\/wp-json\/wp\/v2\/pages\/1836","targetHints":{"allow":["GET"]}}],"collection":[{"href":"https:\/\/spinbetter.games\/cs\/wp-json\/wp\/v2\/pages"}],"about":[{"href":"https:\/\/spinbetter.games\/cs\/wp-json\/wp\/v2\/types\/page"}],"author":[{"embeddable":true,"href":"https:\/\/spinbetter.games\/cs\/wp-json\/wp\/v2\/users\/1"}],"replies":[{"embeddable":true,"href":"https:\/\/spinbetter.games\/cs\/wp-json\/wp\/v2\/comments?post=1836"}],"version-history":[{"count":3,"href":"https:\/\/spinbetter.games\/cs\/wp-json\/wp\/v2\/pages\/1836\/revisions"}],"predecessor-version":[{"id":1954,"href":"https:\/\/spinbetter.games\/cs\/wp-json\/wp\/v2\/pages\/1836\/revisions\/1954"}],"wp:attachment":[{"href":"https:\/\/spinbetter.games\/cs\/wp-json\/wp\/v2\/media?parent=1836"}],"curies":[{"name":"wp","href":"https:\/\/api.w.org\/{rel}","templated":true}]}}