{"id":1853,"date":"2025-12-08T06:30:26","date_gmt":"2025-12-08T06:30:26","guid":{"rendered":"https:\/\/spinbetter.games\/?page_id=1853"},"modified":"2025-12-19T14:19:37","modified_gmt":"2025-12-19T14:19:37","slug":"tennis-betting","status":"publish","type":"page","link":"https:\/\/spinbetter.games\/cs\/tennis-betting\/","title":{"rendered":"Tenis"},"content":{"rendered":"","protected":false},"excerpt":{"rendered":"","protected":false},"author":1,"featured_media":0,"parent":0,"menu_order":0,"comment_status":"closed","ping_status":"closed","template":"","meta":{"footnotes":""},"class_list":["post-1853","page","type-page","status-publish","hentry"],"yoast_head":"<!-- This site is optimized with the Yoast SEO plugin v26.8 - https:\/\/yoast.com\/product\/yoast-seo-wordpress\/ -->\n<title>Spinbetter S\u00e1zky na tenis \u1409 Vysok\u00e9 kurzy ATP\/WTA a \u0161irok\u00fd v\u00fdb\u011br<\/title>\n<meta name=\"description\" content=\"S\u00e1zejte na tenis na Spinbetter na turnaj\u00edch ATP, WTA, ITF a Grand Slam s vysok\u00fdmi kurzy a \u0161irokou nab\u00eddkou her a set\u016f. K dispozici jsou s\u00e1zky p\u0159ed z\u00e1pasem i live s\u00e1zky, spolu s uv\u00edtac\u00edm bonusem a\u017e 100 % a rychl\u00fdmi v\u00fdplatami.\" \/>\n<meta name=\"robots\" content=\"index, follow, max-snippet:-1, max-image-preview:large, max-video-preview:-1\" \/>\n<link rel=\"canonical\" href=\"https:\/\/spinbetter.games\/cs\/tennis-betting\/\" \/>\n<meta property=\"og:locale\" content=\"cs_CZ\" \/>\n<meta property=\"og:type\" content=\"article\" \/>\n<meta property=\"og:title\" content=\"Spinbetter S\u00e1zky na tenis \u1409 Vysok\u00e9 kurzy ATP\/WTA a \u0161irok\u00fd v\u00fdb\u011br\" \/>\n<meta property=\"og:description\" content=\"S\u00e1zejte na tenis na Spinbetter na turnaj\u00edch ATP, WTA, ITF a Grand Slam s vysok\u00fdmi kurzy a \u0161irokou nab\u00eddkou her a set\u016f. K dispozici jsou s\u00e1zky p\u0159ed z\u00e1pasem i live s\u00e1zky, spolu s uv\u00edtac\u00edm bonusem a\u017e 100 % a rychl\u00fdmi v\u00fdplatami.\" \/>\n<meta property=\"og:url\" content=\"https:\/\/spinbetter.games\/cs\/tennis-betting\/\" \/>\n<meta property=\"og:site_name\" content=\"Spinbetter CS\" \/>\n<meta property=\"article:modified_time\" content=\"2025-12-19T14:19:37+00:00\" \/>\n<meta name=\"twitter:card\" content=\"summary_large_image\" \/>\n<script type=\"application\/ld+json\" class=\"yoast-schema-graph\">{\"@context\":\"https:\/\/schema.org\",\"@graph\":[{\"@type\":\"WebPage\",\"@id\":\"https:\/\/spinbetter.games\/cs\/tennis-betting\/\",\"url\":\"https:\/\/spinbetter.games\/cs\/tennis-betting\/\",\"name\":\"Spinbetter S\u00e1zky na tenis \u1409 Vysok\u00e9 kurzy ATP\/WTA a \u0161irok\u00fd v\u00fdb\u011br\",\"isPartOf\":{\"@id\":\"https:\/\/spinbetter.games\/cs\/#website\"},\"datePublished\":\"2025-12-08T06:30:26+00:00\",\"dateModified\":\"2025-12-19T14:19:37+00:00\",\"description\":\"S\u00e1zejte na tenis na Spinbetter na turnaj\u00edch ATP, WTA, ITF a Grand Slam s vysok\u00fdmi kurzy a \u0161irokou nab\u00eddkou her a set\u016f. K dispozici jsou s\u00e1zky p\u0159ed z\u00e1pasem i live s\u00e1zky, spolu s uv\u00edtac\u00edm bonusem a\u017e 100 % a rychl\u00fdmi v\u00fdplatami.\",\"breadcrumb\":{\"@id\":\"https:\/\/spinbetter.games\/cs\/tennis-betting\/#breadcrumb\"},\"inLanguage\":\"cs\",\"potentialAction\":[{\"@type\":\"ReadAction\",\"target\":[\"https:\/\/spinbetter.games\/cs\/tennis-betting\/\"]}]},{\"@type\":\"BreadcrumbList\",\"@id\":\"https:\/\/spinbetter.games\/cs\/tennis-betting\/#breadcrumb\",\"itemListElement\":[{\"@type\":\"ListItem\",\"position\":1,\"name\":\"\u0413\u043b\u0430\u0432\u043d\u0430\u044f \u0441\u0442\u0440\u0430\u043d\u0438\u0446\u0430\",\"item\":\"https:\/\/spinbetter.games\/cs\/\"},{\"@type\":\"ListItem\",\"position\":2,\"name\":\"Tenis\"}]},{\"@type\":\"WebSite\",\"@id\":\"https:\/\/spinbetter.games\/cs\/#website\",\"url\":\"https:\/\/spinbetter.games\/cs\/\",\"name\":\"Spinbetter CS\",\"description\":\"My WordPress Blog\",\"potentialAction\":[{\"@type\":\"SearchAction\",\"target\":{\"@type\":\"EntryPoint\",\"urlTemplate\":\"https:\/\/spinbetter.games\/cs\/?s={search_term_string}\"},\"query-input\":{\"@type\":\"PropertyValueSpecification\",\"valueRequired\":true,\"valueName\":\"search_term_string\"}}],\"inLanguage\":\"cs\"}]}<\/script>\n<!-- \/ Yoast SEO plugin. -->","yoast_head_json":{"title":"Spinbetter S\u00e1zky na tenis \u1409 Vysok\u00e9 kurzy ATP\/WTA a \u0161irok\u00fd v\u00fdb\u011br","description":"S\u00e1zejte na tenis na Spinbetter na turnaj\u00edch ATP, WTA, ITF a Grand Slam s vysok\u00fdmi kurzy a \u0161irokou nab\u00eddkou her a set\u016f. K dispozici jsou s\u00e1zky p\u0159ed z\u00e1pasem i live s\u00e1zky, spolu s uv\u00edtac\u00edm bonusem a\u017e 100 % a rychl\u00fdmi v\u00fdplatami.","robots":{"index":"index","follow":"follow","max-snippet":"max-snippet:-1","max-image-preview":"max-image-preview:large","max-video-preview":"max-video-preview:-1"},"canonical":"https:\/\/spinbetter.games\/cs\/tennis-betting\/","og_locale":"cs_CZ","og_type":"article","og_title":"Spinbetter S\u00e1zky na tenis \u1409 Vysok\u00e9 kurzy ATP\/WTA a \u0161irok\u00fd v\u00fdb\u011br","og_description":"S\u00e1zejte na tenis na Spinbetter na turnaj\u00edch ATP, WTA, ITF a Grand Slam s vysok\u00fdmi kurzy a \u0161irokou nab\u00eddkou her a set\u016f. K dispozici jsou s\u00e1zky p\u0159ed z\u00e1pasem i live s\u00e1zky, spolu s uv\u00edtac\u00edm bonusem a\u017e 100 % a rychl\u00fdmi v\u00fdplatami.","og_url":"https:\/\/spinbetter.games\/cs\/tennis-betting\/","og_site_name":"Spinbetter CS","article_modified_time":"2025-12-19T14:19:37+00:00","twitter_card":"summary_large_image","schema":{"@context":"https:\/\/schema.org","@graph":[{"@type":"WebPage","@id":"https:\/\/spinbetter.games\/cs\/tennis-betting\/","url":"https:\/\/spinbetter.games\/cs\/tennis-betting\/","name":"Spinbetter S\u00e1zky na tenis \u1409 Vysok\u00e9 kurzy ATP\/WTA a \u0161irok\u00fd v\u00fdb\u011br","isPartOf":{"@id":"https:\/\/spinbetter.games\/cs\/#website"},"datePublished":"2025-12-08T06:30:26+00:00","dateModified":"2025-12-19T14:19:37+00:00","description":"S\u00e1zejte na tenis na Spinbetter na turnaj\u00edch ATP, WTA, ITF a Grand Slam s vysok\u00fdmi kurzy a \u0161irokou nab\u00eddkou her a set\u016f. K dispozici jsou s\u00e1zky p\u0159ed z\u00e1pasem i live s\u00e1zky, spolu s uv\u00edtac\u00edm bonusem a\u017e 100 % a rychl\u00fdmi v\u00fdplatami.","breadcrumb":{"@id":"https:\/\/spinbetter.games\/cs\/tennis-betting\/#breadcrumb"},"inLanguage":"cs","potentialAction":[{"@type":"ReadAction","target":["https:\/\/spinbetter.games\/cs\/tennis-betting\/"]}]},{"@type":"BreadcrumbList","@id":"https:\/\/spinbetter.games\/cs\/tennis-betting\/#breadcrumb","itemListElement":[{"@type":"ListItem","position":1,"name":"\u0413\u043b\u0430\u0432\u043d\u0430\u044f \u0441\u0442\u0440\u0430\u043d\u0438\u0446\u0430","item":"https:\/\/spinbetter.games\/cs\/"},{"@type":"ListItem","position":2,"name":"Tenis"}]},{"@type":"WebSite","@id":"https:\/\/spinbetter.games\/cs\/#website","url":"https:\/\/spinbetter.games\/cs\/","name":"Spinbetter CS","description":"My WordPress Blog","potentialAction":[{"@type":"SearchAction","target":{"@type":"EntryPoint","urlTemplate":"https:\/\/spinbetter.games\/cs\/?s={search_term_string}"},"query-input":{"@type":"PropertyValueSpecification","valueRequired":true,"valueName":"search_term_string"}}],"inLanguage":"cs"}]}},"_links":{"self":[{"href":"https:\/\/spinbetter.games\/cs\/wp-json\/wp\/v2\/pages\/1853","targetHints":{"allow":["GET"]}}],"collection":[{"href":"https:\/\/spinbetter.games\/cs\/wp-json\/wp\/v2\/pages"}],"about":[{"href":"https:\/\/spinbetter.games\/cs\/wp-json\/wp\/v2\/types\/page"}],"author":[{"embeddable":true,"href":"https:\/\/spinbetter.games\/cs\/wp-json\/wp\/v2\/users\/1"}],"replies":[{"embeddable":true,"href":"https:\/\/spinbetter.games\/cs\/wp-json\/wp\/v2\/comments?post=1853"}],"version-history":[{"count":2,"href":"https:\/\/spinbetter.games\/cs\/wp-json\/wp\/v2\/pages\/1853\/revisions"}],"predecessor-version":[{"id":1962,"href":"https:\/\/spinbetter.games\/cs\/wp-json\/wp\/v2\/pages\/1853\/revisions\/1962"}],"wp:attachment":[{"href":"https:\/\/spinbetter.games\/cs\/wp-json\/wp\/v2\/media?parent=1853"}],"curies":[{"name":"wp","href":"https:\/\/api.w.org\/{rel}","templated":true}]}}