{"id":1870,"date":"2025-12-16T06:13:56","date_gmt":"2025-12-16T06:13:56","guid":{"rendered":"https:\/\/spinbetter.games\/?page_id=1870"},"modified":"2025-12-19T11:47:20","modified_gmt":"2025-12-19T11:47:20","slug":"christmas-drop","status":"publish","type":"page","link":"https:\/\/spinbetter.games\/cs\/bonus\/christmas-drop\/","title":{"rendered":"V\u00e1no\u010dn\u00ed kapka"},"content":{"rendered":"","protected":false},"excerpt":{"rendered":"","protected":false},"author":1,"featured_media":0,"parent":152,"menu_order":0,"comment_status":"closed","ping_status":"closed","template":"","meta":{"footnotes":""},"class_list":["post-1870","page","type-page","status-publish","hentry"],"yoast_head":"<!-- This site is optimized with the Yoast SEO plugin v26.8 - https:\/\/yoast.com\/product\/yoast-seo-wordpress\/ -->\n<title>Spinbetter V\u00e1no\u010dn\u00ed kapka \u1409 S\u00e1zky zdarma a\u017e do v\u00fd\u0161e 1 000 K\u010d<\/title>\n<meta name=\"description\" content=\"Z\u00fa\u010dastn\u011bte se v\u00e1no\u010dn\u00ed akce Christmas Drop na Spinbetter \u2013 v\u00e1no\u010dn\u00ed promo akce s d\u00e1rky, oto\u010dkami zdarma a bonusy za vklad. Z\u00edskejte denn\u00ed s\u00e1zky zdarma za vklady ve v\u00fd\u0161i 22 K\u010d a v\u00edce.\" \/>\n<meta name=\"robots\" content=\"index, follow, max-snippet:-1, max-image-preview:large, max-video-preview:-1\" \/>\n<link rel=\"canonical\" href=\"https:\/\/spinbetter.games\/cs\/bonus\/christmas-drop\/\" \/>\n<meta property=\"og:locale\" content=\"cs_CZ\" \/>\n<meta property=\"og:type\" content=\"article\" \/>\n<meta property=\"og:title\" content=\"Spinbetter V\u00e1no\u010dn\u00ed kapka \u1409 S\u00e1zky zdarma a\u017e do v\u00fd\u0161e 1 000 K\u010d\" \/>\n<meta property=\"og:description\" content=\"Z\u00fa\u010dastn\u011bte se v\u00e1no\u010dn\u00ed akce Christmas Drop na Spinbetter \u2013 v\u00e1no\u010dn\u00ed promo akce s d\u00e1rky, oto\u010dkami zdarma a bonusy za vklad. Z\u00edskejte denn\u00ed s\u00e1zky zdarma za vklady ve v\u00fd\u0161i 22 K\u010d a v\u00edce.\" \/>\n<meta property=\"og:url\" content=\"https:\/\/spinbetter.games\/cs\/bonus\/christmas-drop\/\" \/>\n<meta property=\"og:site_name\" content=\"Spinbetter CS\" \/>\n<meta property=\"article:modified_time\" content=\"2025-12-19T11:47:20+00:00\" \/>\n<meta name=\"twitter:card\" content=\"summary_large_image\" \/>\n<script type=\"application\/ld+json\" class=\"yoast-schema-graph\">{\"@context\":\"https:\/\/schema.org\",\"@graph\":[{\"@type\":\"WebPage\",\"@id\":\"https:\/\/spinbetter.games\/cs\/bonus\/christmas-drop\/\",\"url\":\"https:\/\/spinbetter.games\/cs\/bonus\/christmas-drop\/\",\"name\":\"Spinbetter V\u00e1no\u010dn\u00ed kapka \u1409 S\u00e1zky zdarma a\u017e do v\u00fd\u0161e 1 000 K\u010d\",\"isPartOf\":{\"@id\":\"https:\/\/spinbetter.games\/cs\/#website\"},\"datePublished\":\"2025-12-16T06:13:56+00:00\",\"dateModified\":\"2025-12-19T11:47:20+00:00\",\"description\":\"Z\u00fa\u010dastn\u011bte se v\u00e1no\u010dn\u00ed akce Christmas Drop na Spinbetter \u2013 v\u00e1no\u010dn\u00ed promo akce s d\u00e1rky, oto\u010dkami zdarma a bonusy za vklad. Z\u00edskejte denn\u00ed s\u00e1zky zdarma za vklady ve v\u00fd\u0161i 22 K\u010d a v\u00edce.\",\"breadcrumb\":{\"@id\":\"https:\/\/spinbetter.games\/cs\/bonus\/christmas-drop\/#breadcrumb\"},\"inLanguage\":\"cs\",\"potentialAction\":[{\"@type\":\"ReadAction\",\"target\":[\"https:\/\/spinbetter.games\/cs\/bonus\/christmas-drop\/\"]}]},{\"@type\":\"BreadcrumbList\",\"@id\":\"https:\/\/spinbetter.games\/cs\/bonus\/christmas-drop\/#breadcrumb\",\"itemListElement\":[{\"@type\":\"ListItem\",\"position\":1,\"name\":\"\u0413\u043b\u0430\u0432\u043d\u0430\u044f \u0441\u0442\u0440\u0430\u043d\u0438\u0446\u0430\",\"item\":\"https:\/\/spinbetter.games\/cs\/\"},{\"@type\":\"ListItem\",\"position\":2,\"name\":\"Bonus\",\"item\":\"https:\/\/spinbetter.games\/cs\/bonus\/\"},{\"@type\":\"ListItem\",\"position\":3,\"name\":\"V\u00e1no\u010dn\u00ed kapka\"}]},{\"@type\":\"WebSite\",\"@id\":\"https:\/\/spinbetter.games\/cs\/#website\",\"url\":\"https:\/\/spinbetter.games\/cs\/\",\"name\":\"Spinbetter CS\",\"description\":\"My WordPress Blog\",\"potentialAction\":[{\"@type\":\"SearchAction\",\"target\":{\"@type\":\"EntryPoint\",\"urlTemplate\":\"https:\/\/spinbetter.games\/cs\/?s={search_term_string}\"},\"query-input\":{\"@type\":\"PropertyValueSpecification\",\"valueRequired\":true,\"valueName\":\"search_term_string\"}}],\"inLanguage\":\"cs\"}]}<\/script>\n<!-- \/ Yoast SEO plugin. -->","yoast_head_json":{"title":"Spinbetter V\u00e1no\u010dn\u00ed kapka \u1409 S\u00e1zky zdarma a\u017e do v\u00fd\u0161e 1 000 K\u010d","description":"Z\u00fa\u010dastn\u011bte se v\u00e1no\u010dn\u00ed akce Christmas Drop na Spinbetter \u2013 v\u00e1no\u010dn\u00ed promo akce s d\u00e1rky, oto\u010dkami zdarma a bonusy za vklad. Z\u00edskejte denn\u00ed s\u00e1zky zdarma za vklady ve v\u00fd\u0161i 22 K\u010d a v\u00edce.","robots":{"index":"index","follow":"follow","max-snippet":"max-snippet:-1","max-image-preview":"max-image-preview:large","max-video-preview":"max-video-preview:-1"},"canonical":"https:\/\/spinbetter.games\/cs\/bonus\/christmas-drop\/","og_locale":"cs_CZ","og_type":"article","og_title":"Spinbetter V\u00e1no\u010dn\u00ed kapka \u1409 S\u00e1zky zdarma a\u017e do v\u00fd\u0161e 1 000 K\u010d","og_description":"Z\u00fa\u010dastn\u011bte se v\u00e1no\u010dn\u00ed akce Christmas Drop na Spinbetter \u2013 v\u00e1no\u010dn\u00ed promo akce s d\u00e1rky, oto\u010dkami zdarma a bonusy za vklad. Z\u00edskejte denn\u00ed s\u00e1zky zdarma za vklady ve v\u00fd\u0161i 22 K\u010d a v\u00edce.","og_url":"https:\/\/spinbetter.games\/cs\/bonus\/christmas-drop\/","og_site_name":"Spinbetter CS","article_modified_time":"2025-12-19T11:47:20+00:00","twitter_card":"summary_large_image","schema":{"@context":"https:\/\/schema.org","@graph":[{"@type":"WebPage","@id":"https:\/\/spinbetter.games\/cs\/bonus\/christmas-drop\/","url":"https:\/\/spinbetter.games\/cs\/bonus\/christmas-drop\/","name":"Spinbetter V\u00e1no\u010dn\u00ed kapka \u1409 S\u00e1zky zdarma a\u017e do v\u00fd\u0161e 1 000 K\u010d","isPartOf":{"@id":"https:\/\/spinbetter.games\/cs\/#website"},"datePublished":"2025-12-16T06:13:56+00:00","dateModified":"2025-12-19T11:47:20+00:00","description":"Z\u00fa\u010dastn\u011bte se v\u00e1no\u010dn\u00ed akce Christmas Drop na Spinbetter \u2013 v\u00e1no\u010dn\u00ed promo akce s d\u00e1rky, oto\u010dkami zdarma a bonusy za vklad. Z\u00edskejte denn\u00ed s\u00e1zky zdarma za vklady ve v\u00fd\u0161i 22 K\u010d a v\u00edce.","breadcrumb":{"@id":"https:\/\/spinbetter.games\/cs\/bonus\/christmas-drop\/#breadcrumb"},"inLanguage":"cs","potentialAction":[{"@type":"ReadAction","target":["https:\/\/spinbetter.games\/cs\/bonus\/christmas-drop\/"]}]},{"@type":"BreadcrumbList","@id":"https:\/\/spinbetter.games\/cs\/bonus\/christmas-drop\/#breadcrumb","itemListElement":[{"@type":"ListItem","position":1,"name":"\u0413\u043b\u0430\u0432\u043d\u0430\u044f \u0441\u0442\u0440\u0430\u043d\u0438\u0446\u0430","item":"https:\/\/spinbetter.games\/cs\/"},{"@type":"ListItem","position":2,"name":"Bonus","item":"https:\/\/spinbetter.games\/cs\/bonus\/"},{"@type":"ListItem","position":3,"name":"V\u00e1no\u010dn\u00ed kapka"}]},{"@type":"WebSite","@id":"https:\/\/spinbetter.games\/cs\/#website","url":"https:\/\/spinbetter.games\/cs\/","name":"Spinbetter CS","description":"My WordPress Blog","potentialAction":[{"@type":"SearchAction","target":{"@type":"EntryPoint","urlTemplate":"https:\/\/spinbetter.games\/cs\/?s={search_term_string}"},"query-input":{"@type":"PropertyValueSpecification","valueRequired":true,"valueName":"search_term_string"}}],"inLanguage":"cs"}]}},"_links":{"self":[{"href":"https:\/\/spinbetter.games\/cs\/wp-json\/wp\/v2\/pages\/1870","targetHints":{"allow":["GET"]}}],"collection":[{"href":"https:\/\/spinbetter.games\/cs\/wp-json\/wp\/v2\/pages"}],"about":[{"href":"https:\/\/spinbetter.games\/cs\/wp-json\/wp\/v2\/types\/page"}],"author":[{"embeddable":true,"href":"https:\/\/spinbetter.games\/cs\/wp-json\/wp\/v2\/users\/1"}],"replies":[{"embeddable":true,"href":"https:\/\/spinbetter.games\/cs\/wp-json\/wp\/v2\/comments?post=1870"}],"version-history":[{"count":3,"href":"https:\/\/spinbetter.games\/cs\/wp-json\/wp\/v2\/pages\/1870\/revisions"}],"predecessor-version":[{"id":1943,"href":"https:\/\/spinbetter.games\/cs\/wp-json\/wp\/v2\/pages\/1870\/revisions\/1943"}],"up":[{"embeddable":true,"href":"https:\/\/spinbetter.games\/cs\/wp-json\/wp\/v2\/pages\/152"}],"wp:attachment":[{"href":"https:\/\/spinbetter.games\/cs\/wp-json\/wp\/v2\/media?parent=1870"}],"curies":[{"name":"wp","href":"https:\/\/api.w.org\/{rel}","templated":true}]}}