{"id":1913,"date":"2025-12-16T10:40:37","date_gmt":"2025-12-16T10:40:37","guid":{"rendered":"https:\/\/spinbetter.games\/?page_id=1913"},"modified":"2025-12-19T14:26:41","modified_gmt":"2025-12-19T14:26:41","slug":"volleyball-betting","status":"publish","type":"page","link":"https:\/\/spinbetter.games\/cs\/volleyball-betting\/","title":{"rendered":"Volejbal"},"content":{"rendered":"","protected":false},"excerpt":{"rendered":"","protected":false},"author":1,"featured_media":0,"parent":0,"menu_order":0,"comment_status":"closed","ping_status":"closed","template":"","meta":{"footnotes":""},"class_list":["post-1913","page","type-page","status-publish","hentry"],"yoast_head":"<!-- This site is optimized with the Yoast SEO plugin v26.8 - https:\/\/yoast.com\/product\/yoast-seo-wordpress\/ -->\n<title>S\u00e1zky na volejbal Spinbetter \u1409 live a vysok\u00e9 kurzy<\/title>\n<meta name=\"description\" content=\"S\u00e1zejte na volejbal na Spinbetter \u2705 Super League, Pro League, sv\u011btov\u00e9 turnaje. \u0160irok\u00e1 nab\u00eddka p\u0159edz\u00e1pasov\u00fdch a live s\u00e1zek na sety, celkov\u00e9 sk\u00f3re a handicapy. Vysok\u00e9 kurzy, p\u0159enosy z\u00e1pas\u016f a 100% bonus k prvn\u00edmu vkladu.\" \/>\n<meta name=\"robots\" content=\"index, follow, max-snippet:-1, max-image-preview:large, max-video-preview:-1\" \/>\n<link rel=\"canonical\" href=\"https:\/\/spinbetter.games\/cs\/volleyball-betting\/\" \/>\n<meta property=\"og:locale\" content=\"cs_CZ\" \/>\n<meta property=\"og:type\" content=\"article\" \/>\n<meta property=\"og:title\" content=\"S\u00e1zky na volejbal Spinbetter \u1409 live a vysok\u00e9 kurzy\" \/>\n<meta property=\"og:description\" content=\"S\u00e1zejte na volejbal na Spinbetter \u2705 Super League, Pro League, sv\u011btov\u00e9 turnaje. \u0160irok\u00e1 nab\u00eddka p\u0159edz\u00e1pasov\u00fdch a live s\u00e1zek na sety, celkov\u00e9 sk\u00f3re a handicapy. Vysok\u00e9 kurzy, p\u0159enosy z\u00e1pas\u016f a 100% bonus k prvn\u00edmu vkladu.\" \/>\n<meta property=\"og:url\" content=\"https:\/\/spinbetter.games\/cs\/volleyball-betting\/\" \/>\n<meta property=\"og:site_name\" content=\"Spinbetter CS\" \/>\n<meta property=\"article:modified_time\" content=\"2025-12-19T14:26:41+00:00\" \/>\n<meta name=\"twitter:card\" content=\"summary_large_image\" \/>\n<script type=\"application\/ld+json\" class=\"yoast-schema-graph\">{\"@context\":\"https:\/\/schema.org\",\"@graph\":[{\"@type\":\"WebPage\",\"@id\":\"https:\/\/spinbetter.games\/cs\/volleyball-betting\/\",\"url\":\"https:\/\/spinbetter.games\/cs\/volleyball-betting\/\",\"name\":\"S\u00e1zky na volejbal Spinbetter \u1409 live a vysok\u00e9 kurzy\",\"isPartOf\":{\"@id\":\"https:\/\/spinbetter.games\/cs\/#website\"},\"datePublished\":\"2025-12-16T10:40:37+00:00\",\"dateModified\":\"2025-12-19T14:26:41+00:00\",\"description\":\"S\u00e1zejte na volejbal na Spinbetter \u2705 Super League, Pro League, sv\u011btov\u00e9 turnaje. \u0160irok\u00e1 nab\u00eddka p\u0159edz\u00e1pasov\u00fdch a live s\u00e1zek na sety, celkov\u00e9 sk\u00f3re a handicapy. Vysok\u00e9 kurzy, p\u0159enosy z\u00e1pas\u016f a 100% bonus k prvn\u00edmu vkladu.\",\"breadcrumb\":{\"@id\":\"https:\/\/spinbetter.games\/cs\/volleyball-betting\/#breadcrumb\"},\"inLanguage\":\"cs\",\"potentialAction\":[{\"@type\":\"ReadAction\",\"target\":[\"https:\/\/spinbetter.games\/cs\/volleyball-betting\/\"]}]},{\"@type\":\"BreadcrumbList\",\"@id\":\"https:\/\/spinbetter.games\/cs\/volleyball-betting\/#breadcrumb\",\"itemListElement\":[{\"@type\":\"ListItem\",\"position\":1,\"name\":\"\u0413\u043b\u0430\u0432\u043d\u0430\u044f \u0441\u0442\u0440\u0430\u043d\u0438\u0446\u0430\",\"item\":\"https:\/\/spinbetter.games\/cs\/\"},{\"@type\":\"ListItem\",\"position\":2,\"name\":\"Volejbal\"}]},{\"@type\":\"WebSite\",\"@id\":\"https:\/\/spinbetter.games\/cs\/#website\",\"url\":\"https:\/\/spinbetter.games\/cs\/\",\"name\":\"Spinbetter CS\",\"description\":\"My WordPress Blog\",\"potentialAction\":[{\"@type\":\"SearchAction\",\"target\":{\"@type\":\"EntryPoint\",\"urlTemplate\":\"https:\/\/spinbetter.games\/cs\/?s={search_term_string}\"},\"query-input\":{\"@type\":\"PropertyValueSpecification\",\"valueRequired\":true,\"valueName\":\"search_term_string\"}}],\"inLanguage\":\"cs\"}]}<\/script>\n<!-- \/ Yoast SEO plugin. -->","yoast_head_json":{"title":"S\u00e1zky na volejbal Spinbetter \u1409 live a vysok\u00e9 kurzy","description":"S\u00e1zejte na volejbal na Spinbetter \u2705 Super League, Pro League, sv\u011btov\u00e9 turnaje. \u0160irok\u00e1 nab\u00eddka p\u0159edz\u00e1pasov\u00fdch a live s\u00e1zek na sety, celkov\u00e9 sk\u00f3re a handicapy. Vysok\u00e9 kurzy, p\u0159enosy z\u00e1pas\u016f a 100% bonus k prvn\u00edmu vkladu.","robots":{"index":"index","follow":"follow","max-snippet":"max-snippet:-1","max-image-preview":"max-image-preview:large","max-video-preview":"max-video-preview:-1"},"canonical":"https:\/\/spinbetter.games\/cs\/volleyball-betting\/","og_locale":"cs_CZ","og_type":"article","og_title":"S\u00e1zky na volejbal Spinbetter \u1409 live a vysok\u00e9 kurzy","og_description":"S\u00e1zejte na volejbal na Spinbetter \u2705 Super League, Pro League, sv\u011btov\u00e9 turnaje. \u0160irok\u00e1 nab\u00eddka p\u0159edz\u00e1pasov\u00fdch a live s\u00e1zek na sety, celkov\u00e9 sk\u00f3re a handicapy. Vysok\u00e9 kurzy, p\u0159enosy z\u00e1pas\u016f a 100% bonus k prvn\u00edmu vkladu.","og_url":"https:\/\/spinbetter.games\/cs\/volleyball-betting\/","og_site_name":"Spinbetter CS","article_modified_time":"2025-12-19T14:26:41+00:00","twitter_card":"summary_large_image","schema":{"@context":"https:\/\/schema.org","@graph":[{"@type":"WebPage","@id":"https:\/\/spinbetter.games\/cs\/volleyball-betting\/","url":"https:\/\/spinbetter.games\/cs\/volleyball-betting\/","name":"S\u00e1zky na volejbal Spinbetter \u1409 live a vysok\u00e9 kurzy","isPartOf":{"@id":"https:\/\/spinbetter.games\/cs\/#website"},"datePublished":"2025-12-16T10:40:37+00:00","dateModified":"2025-12-19T14:26:41+00:00","description":"S\u00e1zejte na volejbal na Spinbetter \u2705 Super League, Pro League, sv\u011btov\u00e9 turnaje. \u0160irok\u00e1 nab\u00eddka p\u0159edz\u00e1pasov\u00fdch a live s\u00e1zek na sety, celkov\u00e9 sk\u00f3re a handicapy. Vysok\u00e9 kurzy, p\u0159enosy z\u00e1pas\u016f a 100% bonus k prvn\u00edmu vkladu.","breadcrumb":{"@id":"https:\/\/spinbetter.games\/cs\/volleyball-betting\/#breadcrumb"},"inLanguage":"cs","potentialAction":[{"@type":"ReadAction","target":["https:\/\/spinbetter.games\/cs\/volleyball-betting\/"]}]},{"@type":"BreadcrumbList","@id":"https:\/\/spinbetter.games\/cs\/volleyball-betting\/#breadcrumb","itemListElement":[{"@type":"ListItem","position":1,"name":"\u0413\u043b\u0430\u0432\u043d\u0430\u044f \u0441\u0442\u0440\u0430\u043d\u0438\u0446\u0430","item":"https:\/\/spinbetter.games\/cs\/"},{"@type":"ListItem","position":2,"name":"Volejbal"}]},{"@type":"WebSite","@id":"https:\/\/spinbetter.games\/cs\/#website","url":"https:\/\/spinbetter.games\/cs\/","name":"Spinbetter CS","description":"My WordPress Blog","potentialAction":[{"@type":"SearchAction","target":{"@type":"EntryPoint","urlTemplate":"https:\/\/spinbetter.games\/cs\/?s={search_term_string}"},"query-input":{"@type":"PropertyValueSpecification","valueRequired":true,"valueName":"search_term_string"}}],"inLanguage":"cs"}]}},"_links":{"self":[{"href":"https:\/\/spinbetter.games\/cs\/wp-json\/wp\/v2\/pages\/1913","targetHints":{"allow":["GET"]}}],"collection":[{"href":"https:\/\/spinbetter.games\/cs\/wp-json\/wp\/v2\/pages"}],"about":[{"href":"https:\/\/spinbetter.games\/cs\/wp-json\/wp\/v2\/types\/page"}],"author":[{"embeddable":true,"href":"https:\/\/spinbetter.games\/cs\/wp-json\/wp\/v2\/users\/1"}],"replies":[{"embeddable":true,"href":"https:\/\/spinbetter.games\/cs\/wp-json\/wp\/v2\/comments?post=1913"}],"version-history":[{"count":2,"href":"https:\/\/spinbetter.games\/cs\/wp-json\/wp\/v2\/pages\/1913\/revisions"}],"predecessor-version":[{"id":1964,"href":"https:\/\/spinbetter.games\/cs\/wp-json\/wp\/v2\/pages\/1913\/revisions\/1964"}],"wp:attachment":[{"href":"https:\/\/spinbetter.games\/cs\/wp-json\/wp\/v2\/media?parent=1913"}],"curies":[{"name":"wp","href":"https:\/\/api.w.org\/{rel}","templated":true}]}}