{"id":1929,"date":"2025-04-20T05:57:06","date_gmt":"2025-04-20T05:57:06","guid":{"rendered":"https:\/\/spinbetter.games\/?page_id=1373"},"modified":"2025-12-19T13:22:35","modified_gmt":"2025-12-19T13:22:35","slug":"no-deposit","status":"publish","type":"page","link":"https:\/\/spinbetter.games\/cs\/bonus\/no-deposit\/","title":{"rendered":"Bonus bez vkladu"},"content":{"rendered":"","protected":false},"excerpt":{"rendered":"","protected":false},"author":1,"featured_media":0,"parent":152,"menu_order":0,"comment_status":"closed","ping_status":"closed","template":"","meta":{"footnotes":""},"class_list":["post-1929","page","type-page","status-publish","hentry"],"yoast_head":"<!-- This site is optimized with the Yoast SEO plugin v26.8 - https:\/\/yoast.com\/product\/yoast-seo-wordpress\/ -->\n<title>Spinbetter Bonus bez vkladu | Za\u010dn\u011bte hr\u00e1t bez vklad\u016f<\/title>\n<meta name=\"description\" content=\"Z\u00edskejte bonus Spinbetter bez vkladu a za\u010dn\u011bte vyhr\u00e1vat bez rizika! Zapome\u0148te na vklady \u2013 vyzkou\u0161ejte sv\u00e9 \u0161t\u011bst\u00ed hned te\u010f, ani\u017e byste utratili jedin\u00fd cent!\" \/>\n<meta name=\"robots\" content=\"index, follow, max-snippet:-1, max-image-preview:large, max-video-preview:-1\" \/>\n<link rel=\"canonical\" href=\"https:\/\/spinbetter.games\/cs\/bonus\/no-deposit\/\" \/>\n<meta property=\"og:locale\" content=\"cs_CZ\" \/>\n<meta property=\"og:type\" content=\"article\" \/>\n<meta property=\"og:title\" content=\"Spinbetter Bonus bez vkladu | Za\u010dn\u011bte hr\u00e1t bez vklad\u016f\" \/>\n<meta property=\"og:description\" content=\"Z\u00edskejte bonus Spinbetter bez vkladu a za\u010dn\u011bte vyhr\u00e1vat bez rizika! Zapome\u0148te na vklady \u2013 vyzkou\u0161ejte sv\u00e9 \u0161t\u011bst\u00ed hned te\u010f, ani\u017e byste utratili jedin\u00fd cent!\" \/>\n<meta property=\"og:url\" content=\"https:\/\/spinbetter.games\/cs\/bonus\/no-deposit\/\" \/>\n<meta property=\"og:site_name\" content=\"Spinbetter CS\" \/>\n<meta property=\"article:modified_time\" content=\"2025-12-19T13:22:35+00:00\" \/>\n<meta name=\"twitter:card\" content=\"summary_large_image\" \/>\n<script type=\"application\/ld+json\" class=\"yoast-schema-graph\">{\"@context\":\"https:\/\/schema.org\",\"@graph\":[{\"@type\":\"WebPage\",\"@id\":\"https:\/\/spinbetter.games\/cs\/bonus\/no-deposit\/\",\"url\":\"https:\/\/spinbetter.games\/cs\/bonus\/no-deposit\/\",\"name\":\"Spinbetter Bonus bez vkladu | Za\u010dn\u011bte hr\u00e1t bez vklad\u016f\",\"isPartOf\":{\"@id\":\"https:\/\/spinbetter.games\/cs\/#website\"},\"datePublished\":\"2025-04-20T05:57:06+00:00\",\"dateModified\":\"2025-12-19T13:22:35+00:00\",\"description\":\"Z\u00edskejte bonus Spinbetter bez vkladu a za\u010dn\u011bte vyhr\u00e1vat bez rizika! Zapome\u0148te na vklady \u2013 vyzkou\u0161ejte sv\u00e9 \u0161t\u011bst\u00ed hned te\u010f, ani\u017e byste utratili jedin\u00fd cent!\",\"breadcrumb\":{\"@id\":\"https:\/\/spinbetter.games\/cs\/bonus\/no-deposit\/#breadcrumb\"},\"inLanguage\":\"cs\",\"potentialAction\":[{\"@type\":\"ReadAction\",\"target\":[\"https:\/\/spinbetter.games\/cs\/bonus\/no-deposit\/\"]}]},{\"@type\":\"BreadcrumbList\",\"@id\":\"https:\/\/spinbetter.games\/cs\/bonus\/no-deposit\/#breadcrumb\",\"itemListElement\":[{\"@type\":\"ListItem\",\"position\":1,\"name\":\"\u0413\u043b\u0430\u0432\u043d\u0430\u044f \u0441\u0442\u0440\u0430\u043d\u0438\u0446\u0430\",\"item\":\"https:\/\/spinbetter.games\/cs\/\"},{\"@type\":\"ListItem\",\"position\":2,\"name\":\"Bonus\",\"item\":\"https:\/\/spinbetter.games\/cs\/bonus\/\"},{\"@type\":\"ListItem\",\"position\":3,\"name\":\"Bonus bez vkladu\"}]},{\"@type\":\"WebSite\",\"@id\":\"https:\/\/spinbetter.games\/cs\/#website\",\"url\":\"https:\/\/spinbetter.games\/cs\/\",\"name\":\"Spinbetter CS\",\"description\":\"My WordPress Blog\",\"potentialAction\":[{\"@type\":\"SearchAction\",\"target\":{\"@type\":\"EntryPoint\",\"urlTemplate\":\"https:\/\/spinbetter.games\/cs\/?s={search_term_string}\"},\"query-input\":{\"@type\":\"PropertyValueSpecification\",\"valueRequired\":true,\"valueName\":\"search_term_string\"}}],\"inLanguage\":\"cs\"}]}<\/script>\n<!-- \/ Yoast SEO plugin. -->","yoast_head_json":{"title":"Spinbetter Bonus bez vkladu | Za\u010dn\u011bte hr\u00e1t bez vklad\u016f","description":"Z\u00edskejte bonus Spinbetter bez vkladu a za\u010dn\u011bte vyhr\u00e1vat bez rizika! Zapome\u0148te na vklady \u2013 vyzkou\u0161ejte sv\u00e9 \u0161t\u011bst\u00ed hned te\u010f, ani\u017e byste utratili jedin\u00fd cent!","robots":{"index":"index","follow":"follow","max-snippet":"max-snippet:-1","max-image-preview":"max-image-preview:large","max-video-preview":"max-video-preview:-1"},"canonical":"https:\/\/spinbetter.games\/cs\/bonus\/no-deposit\/","og_locale":"cs_CZ","og_type":"article","og_title":"Spinbetter Bonus bez vkladu | Za\u010dn\u011bte hr\u00e1t bez vklad\u016f","og_description":"Z\u00edskejte bonus Spinbetter bez vkladu a za\u010dn\u011bte vyhr\u00e1vat bez rizika! Zapome\u0148te na vklady \u2013 vyzkou\u0161ejte sv\u00e9 \u0161t\u011bst\u00ed hned te\u010f, ani\u017e byste utratili jedin\u00fd cent!","og_url":"https:\/\/spinbetter.games\/cs\/bonus\/no-deposit\/","og_site_name":"Spinbetter CS","article_modified_time":"2025-12-19T13:22:35+00:00","twitter_card":"summary_large_image","schema":{"@context":"https:\/\/schema.org","@graph":[{"@type":"WebPage","@id":"https:\/\/spinbetter.games\/cs\/bonus\/no-deposit\/","url":"https:\/\/spinbetter.games\/cs\/bonus\/no-deposit\/","name":"Spinbetter Bonus bez vkladu | Za\u010dn\u011bte hr\u00e1t bez vklad\u016f","isPartOf":{"@id":"https:\/\/spinbetter.games\/cs\/#website"},"datePublished":"2025-04-20T05:57:06+00:00","dateModified":"2025-12-19T13:22:35+00:00","description":"Z\u00edskejte bonus Spinbetter bez vkladu a za\u010dn\u011bte vyhr\u00e1vat bez rizika! Zapome\u0148te na vklady \u2013 vyzkou\u0161ejte sv\u00e9 \u0161t\u011bst\u00ed hned te\u010f, ani\u017e byste utratili jedin\u00fd cent!","breadcrumb":{"@id":"https:\/\/spinbetter.games\/cs\/bonus\/no-deposit\/#breadcrumb"},"inLanguage":"cs","potentialAction":[{"@type":"ReadAction","target":["https:\/\/spinbetter.games\/cs\/bonus\/no-deposit\/"]}]},{"@type":"BreadcrumbList","@id":"https:\/\/spinbetter.games\/cs\/bonus\/no-deposit\/#breadcrumb","itemListElement":[{"@type":"ListItem","position":1,"name":"\u0413\u043b\u0430\u0432\u043d\u0430\u044f \u0441\u0442\u0440\u0430\u043d\u0438\u0446\u0430","item":"https:\/\/spinbetter.games\/cs\/"},{"@type":"ListItem","position":2,"name":"Bonus","item":"https:\/\/spinbetter.games\/cs\/bonus\/"},{"@type":"ListItem","position":3,"name":"Bonus bez vkladu"}]},{"@type":"WebSite","@id":"https:\/\/spinbetter.games\/cs\/#website","url":"https:\/\/spinbetter.games\/cs\/","name":"Spinbetter CS","description":"My WordPress Blog","potentialAction":[{"@type":"SearchAction","target":{"@type":"EntryPoint","urlTemplate":"https:\/\/spinbetter.games\/cs\/?s={search_term_string}"},"query-input":{"@type":"PropertyValueSpecification","valueRequired":true,"valueName":"search_term_string"}}],"inLanguage":"cs"}]}},"_links":{"self":[{"href":"https:\/\/spinbetter.games\/cs\/wp-json\/wp\/v2\/pages\/1929","targetHints":{"allow":["GET"]}}],"collection":[{"href":"https:\/\/spinbetter.games\/cs\/wp-json\/wp\/v2\/pages"}],"about":[{"href":"https:\/\/spinbetter.games\/cs\/wp-json\/wp\/v2\/types\/page"}],"author":[{"embeddable":true,"href":"https:\/\/spinbetter.games\/cs\/wp-json\/wp\/v2\/users\/1"}],"replies":[{"embeddable":true,"href":"https:\/\/spinbetter.games\/cs\/wp-json\/wp\/v2\/comments?post=1929"}],"version-history":[{"count":2,"href":"https:\/\/spinbetter.games\/cs\/wp-json\/wp\/v2\/pages\/1929\/revisions"}],"predecessor-version":[{"id":1957,"href":"https:\/\/spinbetter.games\/cs\/wp-json\/wp\/v2\/pages\/1929\/revisions\/1957"}],"up":[{"embeddable":true,"href":"https:\/\/spinbetter.games\/cs\/wp-json\/wp\/v2\/pages\/152"}],"wp:attachment":[{"href":"https:\/\/spinbetter.games\/cs\/wp-json\/wp\/v2\/media?parent=1929"}],"curies":[{"name":"wp","href":"https:\/\/api.w.org\/{rel}","templated":true}]}}