{"id":228,"date":"2024-10-20T13:54:42","date_gmt":"2024-10-20T13:54:42","guid":{"rendered":"https:\/\/spinbetter.games\/?page_id=228"},"modified":"2025-01-06T06:58:18","modified_gmt":"2025-01-06T06:58:18","slug":"app","status":"publish","type":"page","link":"https:\/\/spinbetter.games\/cs\/app\/","title":{"rendered":"Aplikace"},"content":{"rendered":"","protected":false},"excerpt":{"rendered":"","protected":false},"author":1,"featured_media":0,"parent":0,"menu_order":0,"comment_status":"closed","ping_status":"closed","template":"","meta":{"footnotes":""},"class_list":["post-228","page","type-page","status-publish","hentry"],"yoast_head":"<!-- This site is optimized with the Yoast SEO plugin v26.8 - https:\/\/yoast.com\/product\/yoast-seo-wordpress\/ -->\n<title>SpinBetter App \u2705 Ke sta\u017een\u00ed pro Android a iOS zdarma<\/title>\n<meta name=\"description\" content=\"Mobiln\u00ed verze Spin better je p\u0159\u00edle\u017eitost\u00ed k p\u0159\u00edstupu k obl\u00edben\u00e9 z\u00e1bav\u011b kdykoli a kdekoli. U\u017eijte si v\u00fdhody mobiln\u00ed verze Spinbetter\" \/>\n<meta name=\"robots\" content=\"index, follow, max-snippet:-1, max-image-preview:large, max-video-preview:-1\" \/>\n<link rel=\"canonical\" href=\"https:\/\/spinbetter.games\/cs\/app\/\" \/>\n<meta property=\"og:locale\" content=\"cs_CZ\" \/>\n<meta property=\"og:type\" content=\"article\" \/>\n<meta property=\"og:title\" content=\"SpinBetter App \u2705 Ke sta\u017een\u00ed pro Android a iOS zdarma\" \/>\n<meta property=\"og:description\" content=\"Mobiln\u00ed verze Spin better je p\u0159\u00edle\u017eitost\u00ed k p\u0159\u00edstupu k obl\u00edben\u00e9 z\u00e1bav\u011b kdykoli a kdekoli. U\u017eijte si v\u00fdhody mobiln\u00ed verze Spinbetter\" \/>\n<meta property=\"og:url\" content=\"https:\/\/spinbetter.games\/cs\/app\/\" \/>\n<meta property=\"og:site_name\" content=\"Spinbetter CS\" \/>\n<meta property=\"article:modified_time\" content=\"2025-01-06T06:58:18+00:00\" \/>\n<meta name=\"twitter:card\" content=\"summary_large_image\" \/>\n<script type=\"application\/ld+json\" class=\"yoast-schema-graph\">{\"@context\":\"https:\/\/schema.org\",\"@graph\":[{\"@type\":\"WebPage\",\"@id\":\"https:\/\/spinbetter.games\/cs\/app\/\",\"url\":\"https:\/\/spinbetter.games\/cs\/app\/\",\"name\":\"SpinBetter App \u2705 Ke sta\u017een\u00ed pro Android a iOS zdarma\",\"isPartOf\":{\"@id\":\"https:\/\/spinbetter.games\/cs\/#website\"},\"datePublished\":\"2024-10-20T13:54:42+00:00\",\"dateModified\":\"2025-01-06T06:58:18+00:00\",\"description\":\"Mobiln\u00ed verze Spin better je p\u0159\u00edle\u017eitost\u00ed k p\u0159\u00edstupu k obl\u00edben\u00e9 z\u00e1bav\u011b kdykoli a kdekoli. U\u017eijte si v\u00fdhody mobiln\u00ed verze Spinbetter\",\"breadcrumb\":{\"@id\":\"https:\/\/spinbetter.games\/cs\/app\/#breadcrumb\"},\"inLanguage\":\"cs\",\"potentialAction\":[{\"@type\":\"ReadAction\",\"target\":[\"https:\/\/spinbetter.games\/cs\/app\/\"]}]},{\"@type\":\"BreadcrumbList\",\"@id\":\"https:\/\/spinbetter.games\/cs\/app\/#breadcrumb\",\"itemListElement\":[{\"@type\":\"ListItem\",\"position\":1,\"name\":\"\u0413\u043b\u0430\u0432\u043d\u0430\u044f \u0441\u0442\u0440\u0430\u043d\u0438\u0446\u0430\",\"item\":\"https:\/\/spinbetter.games\/cs\/\"},{\"@type\":\"ListItem\",\"position\":2,\"name\":\"Aplikace\"}]},{\"@type\":\"WebSite\",\"@id\":\"https:\/\/spinbetter.games\/cs\/#website\",\"url\":\"https:\/\/spinbetter.games\/cs\/\",\"name\":\"Spinbetter CS\",\"description\":\"My WordPress Blog\",\"potentialAction\":[{\"@type\":\"SearchAction\",\"target\":{\"@type\":\"EntryPoint\",\"urlTemplate\":\"https:\/\/spinbetter.games\/cs\/?s={search_term_string}\"},\"query-input\":{\"@type\":\"PropertyValueSpecification\",\"valueRequired\":true,\"valueName\":\"search_term_string\"}}],\"inLanguage\":\"cs\"}]}<\/script>\n<!-- \/ Yoast SEO plugin. -->","yoast_head_json":{"title":"SpinBetter App \u2705 Ke sta\u017een\u00ed pro Android a iOS zdarma","description":"Mobiln\u00ed verze Spin better je p\u0159\u00edle\u017eitost\u00ed k p\u0159\u00edstupu k obl\u00edben\u00e9 z\u00e1bav\u011b kdykoli a kdekoli. U\u017eijte si v\u00fdhody mobiln\u00ed verze Spinbetter","robots":{"index":"index","follow":"follow","max-snippet":"max-snippet:-1","max-image-preview":"max-image-preview:large","max-video-preview":"max-video-preview:-1"},"canonical":"https:\/\/spinbetter.games\/cs\/app\/","og_locale":"cs_CZ","og_type":"article","og_title":"SpinBetter App \u2705 Ke sta\u017een\u00ed pro Android a iOS zdarma","og_description":"Mobiln\u00ed verze Spin better je p\u0159\u00edle\u017eitost\u00ed k p\u0159\u00edstupu k obl\u00edben\u00e9 z\u00e1bav\u011b kdykoli a kdekoli. U\u017eijte si v\u00fdhody mobiln\u00ed verze Spinbetter","og_url":"https:\/\/spinbetter.games\/cs\/app\/","og_site_name":"Spinbetter CS","article_modified_time":"2025-01-06T06:58:18+00:00","twitter_card":"summary_large_image","schema":{"@context":"https:\/\/schema.org","@graph":[{"@type":"WebPage","@id":"https:\/\/spinbetter.games\/cs\/app\/","url":"https:\/\/spinbetter.games\/cs\/app\/","name":"SpinBetter App \u2705 Ke sta\u017een\u00ed pro Android a iOS zdarma","isPartOf":{"@id":"https:\/\/spinbetter.games\/cs\/#website"},"datePublished":"2024-10-20T13:54:42+00:00","dateModified":"2025-01-06T06:58:18+00:00","description":"Mobiln\u00ed verze Spin better je p\u0159\u00edle\u017eitost\u00ed k p\u0159\u00edstupu k obl\u00edben\u00e9 z\u00e1bav\u011b kdykoli a kdekoli. U\u017eijte si v\u00fdhody mobiln\u00ed verze Spinbetter","breadcrumb":{"@id":"https:\/\/spinbetter.games\/cs\/app\/#breadcrumb"},"inLanguage":"cs","potentialAction":[{"@type":"ReadAction","target":["https:\/\/spinbetter.games\/cs\/app\/"]}]},{"@type":"BreadcrumbList","@id":"https:\/\/spinbetter.games\/cs\/app\/#breadcrumb","itemListElement":[{"@type":"ListItem","position":1,"name":"\u0413\u043b\u0430\u0432\u043d\u0430\u044f \u0441\u0442\u0440\u0430\u043d\u0438\u0446\u0430","item":"https:\/\/spinbetter.games\/cs\/"},{"@type":"ListItem","position":2,"name":"Aplikace"}]},{"@type":"WebSite","@id":"https:\/\/spinbetter.games\/cs\/#website","url":"https:\/\/spinbetter.games\/cs\/","name":"Spinbetter CS","description":"My WordPress Blog","potentialAction":[{"@type":"SearchAction","target":{"@type":"EntryPoint","urlTemplate":"https:\/\/spinbetter.games\/cs\/?s={search_term_string}"},"query-input":{"@type":"PropertyValueSpecification","valueRequired":true,"valueName":"search_term_string"}}],"inLanguage":"cs"}]}},"_links":{"self":[{"href":"https:\/\/spinbetter.games\/cs\/wp-json\/wp\/v2\/pages\/228","targetHints":{"allow":["GET"]}}],"collection":[{"href":"https:\/\/spinbetter.games\/cs\/wp-json\/wp\/v2\/pages"}],"about":[{"href":"https:\/\/spinbetter.games\/cs\/wp-json\/wp\/v2\/types\/page"}],"author":[{"embeddable":true,"href":"https:\/\/spinbetter.games\/cs\/wp-json\/wp\/v2\/users\/1"}],"replies":[{"embeddable":true,"href":"https:\/\/spinbetter.games\/cs\/wp-json\/wp\/v2\/comments?post=228"}],"version-history":[{"count":2,"href":"https:\/\/spinbetter.games\/cs\/wp-json\/wp\/v2\/pages\/228\/revisions"}],"predecessor-version":[{"id":719,"href":"https:\/\/spinbetter.games\/cs\/wp-json\/wp\/v2\/pages\/228\/revisions\/719"}],"wp:attachment":[{"href":"https:\/\/spinbetter.games\/cs\/wp-json\/wp\/v2\/media?parent=228"}],"curies":[{"name":"wp","href":"https:\/\/api.w.org\/{rel}","templated":true}]}}