{"id":459,"date":"2024-10-11T12:53:54","date_gmt":"2024-10-11T12:53:54","guid":{"rendered":"https:\/\/spinbetter.games\/?page_id=459"},"modified":"2025-01-06T11:02:28","modified_gmt":"2025-01-06T11:02:28","slug":"sports","status":"publish","type":"page","link":"https:\/\/spinbetter.games\/cs\/sports\/","title":{"rendered":"Sport"},"content":{"rendered":"","protected":false},"excerpt":{"rendered":"","protected":false},"author":1,"featured_media":0,"parent":0,"menu_order":0,"comment_status":"closed","ping_status":"closed","template":"","meta":{"footnotes":""},"class_list":["post-459","page","type-page","status-publish","hentry"],"yoast_head":"<!-- This site is optimized with the Yoast SEO plugin v26.8 - https:\/\/yoast.com\/product\/yoast-seo-wordpress\/ -->\n<title>SpinBetter: Sportovn\u00ed s\u00e1zen\u00ed online<\/title>\n<meta name=\"description\" content=\"SpinBetter je online platforma, kter\u00e1 nab\u00edz\u00ed vysok\u00e9 kurzy na sportovn\u00ed s\u00e1zky, live s\u00e1zky a \u0161irokou \u0161k\u00e1lu sportovn\u00edch ud\u00e1lost\u00ed. Za\u010dn\u011bte sv\u00e9 sportovn\u00ed s\u00e1zkov\u00e9 dobrodru\u017estv\u00ed se Spin Better!\" \/>\n<meta name=\"robots\" content=\"index, follow, max-snippet:-1, max-image-preview:large, max-video-preview:-1\" \/>\n<link rel=\"canonical\" href=\"https:\/\/spinbetter.games\/cs\/sports\/\" \/>\n<meta property=\"og:locale\" content=\"cs_CZ\" \/>\n<meta property=\"og:type\" content=\"article\" \/>\n<meta property=\"og:title\" content=\"SpinBetter: Sportovn\u00ed s\u00e1zen\u00ed online\" \/>\n<meta property=\"og:description\" content=\"SpinBetter je online platforma, kter\u00e1 nab\u00edz\u00ed vysok\u00e9 kurzy na sportovn\u00ed s\u00e1zky, live s\u00e1zky a \u0161irokou \u0161k\u00e1lu sportovn\u00edch ud\u00e1lost\u00ed. Za\u010dn\u011bte sv\u00e9 sportovn\u00ed s\u00e1zkov\u00e9 dobrodru\u017estv\u00ed se Spin Better!\" \/>\n<meta property=\"og:url\" content=\"https:\/\/spinbetter.games\/cs\/sports\/\" \/>\n<meta property=\"og:site_name\" content=\"Spinbetter CS\" \/>\n<meta property=\"article:modified_time\" content=\"2025-01-06T11:02:28+00:00\" \/>\n<meta name=\"twitter:card\" content=\"summary_large_image\" \/>\n<script type=\"application\/ld+json\" class=\"yoast-schema-graph\">{\"@context\":\"https:\/\/schema.org\",\"@graph\":[{\"@type\":\"WebPage\",\"@id\":\"https:\/\/spinbetter.games\/cs\/sports\/\",\"url\":\"https:\/\/spinbetter.games\/cs\/sports\/\",\"name\":\"SpinBetter: Sportovn\u00ed s\u00e1zen\u00ed online\",\"isPartOf\":{\"@id\":\"https:\/\/spinbetter.games\/cs\/#website\"},\"datePublished\":\"2024-10-11T12:53:54+00:00\",\"dateModified\":\"2025-01-06T11:02:28+00:00\",\"description\":\"SpinBetter je online platforma, kter\u00e1 nab\u00edz\u00ed vysok\u00e9 kurzy na sportovn\u00ed s\u00e1zky, live s\u00e1zky a \u0161irokou \u0161k\u00e1lu sportovn\u00edch ud\u00e1lost\u00ed. Za\u010dn\u011bte sv\u00e9 sportovn\u00ed s\u00e1zkov\u00e9 dobrodru\u017estv\u00ed se Spin Better!\",\"breadcrumb\":{\"@id\":\"https:\/\/spinbetter.games\/cs\/sports\/#breadcrumb\"},\"inLanguage\":\"cs\",\"potentialAction\":[{\"@type\":\"ReadAction\",\"target\":[\"https:\/\/spinbetter.games\/cs\/sports\/\"]}]},{\"@type\":\"BreadcrumbList\",\"@id\":\"https:\/\/spinbetter.games\/cs\/sports\/#breadcrumb\",\"itemListElement\":[{\"@type\":\"ListItem\",\"position\":1,\"name\":\"\u0413\u043b\u0430\u0432\u043d\u0430\u044f \u0441\u0442\u0440\u0430\u043d\u0438\u0446\u0430\",\"item\":\"https:\/\/spinbetter.games\/cs\/\"},{\"@type\":\"ListItem\",\"position\":2,\"name\":\"Sport\"}]},{\"@type\":\"WebSite\",\"@id\":\"https:\/\/spinbetter.games\/cs\/#website\",\"url\":\"https:\/\/spinbetter.games\/cs\/\",\"name\":\"Spinbetter CS\",\"description\":\"My WordPress Blog\",\"potentialAction\":[{\"@type\":\"SearchAction\",\"target\":{\"@type\":\"EntryPoint\",\"urlTemplate\":\"https:\/\/spinbetter.games\/cs\/?s={search_term_string}\"},\"query-input\":{\"@type\":\"PropertyValueSpecification\",\"valueRequired\":true,\"valueName\":\"search_term_string\"}}],\"inLanguage\":\"cs\"}]}<\/script>\n<!-- \/ Yoast SEO plugin. -->","yoast_head_json":{"title":"SpinBetter: Sportovn\u00ed s\u00e1zen\u00ed online","description":"SpinBetter je online platforma, kter\u00e1 nab\u00edz\u00ed vysok\u00e9 kurzy na sportovn\u00ed s\u00e1zky, live s\u00e1zky a \u0161irokou \u0161k\u00e1lu sportovn\u00edch ud\u00e1lost\u00ed. Za\u010dn\u011bte sv\u00e9 sportovn\u00ed s\u00e1zkov\u00e9 dobrodru\u017estv\u00ed se Spin Better!","robots":{"index":"index","follow":"follow","max-snippet":"max-snippet:-1","max-image-preview":"max-image-preview:large","max-video-preview":"max-video-preview:-1"},"canonical":"https:\/\/spinbetter.games\/cs\/sports\/","og_locale":"cs_CZ","og_type":"article","og_title":"SpinBetter: Sportovn\u00ed s\u00e1zen\u00ed online","og_description":"SpinBetter je online platforma, kter\u00e1 nab\u00edz\u00ed vysok\u00e9 kurzy na sportovn\u00ed s\u00e1zky, live s\u00e1zky a \u0161irokou \u0161k\u00e1lu sportovn\u00edch ud\u00e1lost\u00ed. Za\u010dn\u011bte sv\u00e9 sportovn\u00ed s\u00e1zkov\u00e9 dobrodru\u017estv\u00ed se Spin Better!","og_url":"https:\/\/spinbetter.games\/cs\/sports\/","og_site_name":"Spinbetter CS","article_modified_time":"2025-01-06T11:02:28+00:00","twitter_card":"summary_large_image","schema":{"@context":"https:\/\/schema.org","@graph":[{"@type":"WebPage","@id":"https:\/\/spinbetter.games\/cs\/sports\/","url":"https:\/\/spinbetter.games\/cs\/sports\/","name":"SpinBetter: Sportovn\u00ed s\u00e1zen\u00ed online","isPartOf":{"@id":"https:\/\/spinbetter.games\/cs\/#website"},"datePublished":"2024-10-11T12:53:54+00:00","dateModified":"2025-01-06T11:02:28+00:00","description":"SpinBetter je online platforma, kter\u00e1 nab\u00edz\u00ed vysok\u00e9 kurzy na sportovn\u00ed s\u00e1zky, live s\u00e1zky a \u0161irokou \u0161k\u00e1lu sportovn\u00edch ud\u00e1lost\u00ed. Za\u010dn\u011bte sv\u00e9 sportovn\u00ed s\u00e1zkov\u00e9 dobrodru\u017estv\u00ed se Spin Better!","breadcrumb":{"@id":"https:\/\/spinbetter.games\/cs\/sports\/#breadcrumb"},"inLanguage":"cs","potentialAction":[{"@type":"ReadAction","target":["https:\/\/spinbetter.games\/cs\/sports\/"]}]},{"@type":"BreadcrumbList","@id":"https:\/\/spinbetter.games\/cs\/sports\/#breadcrumb","itemListElement":[{"@type":"ListItem","position":1,"name":"\u0413\u043b\u0430\u0432\u043d\u0430\u044f \u0441\u0442\u0440\u0430\u043d\u0438\u0446\u0430","item":"https:\/\/spinbetter.games\/cs\/"},{"@type":"ListItem","position":2,"name":"Sport"}]},{"@type":"WebSite","@id":"https:\/\/spinbetter.games\/cs\/#website","url":"https:\/\/spinbetter.games\/cs\/","name":"Spinbetter CS","description":"My WordPress Blog","potentialAction":[{"@type":"SearchAction","target":{"@type":"EntryPoint","urlTemplate":"https:\/\/spinbetter.games\/cs\/?s={search_term_string}"},"query-input":{"@type":"PropertyValueSpecification","valueRequired":true,"valueName":"search_term_string"}}],"inLanguage":"cs"}]}},"_links":{"self":[{"href":"https:\/\/spinbetter.games\/cs\/wp-json\/wp\/v2\/pages\/459","targetHints":{"allow":["GET"]}}],"collection":[{"href":"https:\/\/spinbetter.games\/cs\/wp-json\/wp\/v2\/pages"}],"about":[{"href":"https:\/\/spinbetter.games\/cs\/wp-json\/wp\/v2\/types\/page"}],"author":[{"embeddable":true,"href":"https:\/\/spinbetter.games\/cs\/wp-json\/wp\/v2\/users\/1"}],"replies":[{"embeddable":true,"href":"https:\/\/spinbetter.games\/cs\/wp-json\/wp\/v2\/comments?post=459"}],"version-history":[{"count":2,"href":"https:\/\/spinbetter.games\/cs\/wp-json\/wp\/v2\/pages\/459\/revisions"}],"predecessor-version":[{"id":733,"href":"https:\/\/spinbetter.games\/cs\/wp-json\/wp\/v2\/pages\/459\/revisions\/733"}],"wp:attachment":[{"href":"https:\/\/spinbetter.games\/cs\/wp-json\/wp\/v2\/media?parent=459"}],"curies":[{"name":"wp","href":"https:\/\/api.w.org\/{rel}","templated":true}]}}