{"id":521,"date":"2024-07-19T14:37:05","date_gmt":"2024-07-19T14:37:05","guid":{"rendered":"https:\/\/spinbetter.games\/?page_id=521"},"modified":"2025-01-06T06:41:54","modified_gmt":"2025-01-06T06:41:54","slug":"apk","status":"publish","type":"page","link":"https:\/\/spinbetter.games\/cs\/apk\/","title":{"rendered":"Apk"},"content":{"rendered":"","protected":false},"excerpt":{"rendered":"","protected":false},"author":1,"featured_media":0,"parent":0,"menu_order":0,"comment_status":"closed","ping_status":"closed","template":"","meta":{"footnotes":""},"class_list":["post-521","page","type-page","status-publish","hentry"],"yoast_head":"<!-- This site is optimized with the Yoast SEO plugin v26.8 - https:\/\/yoast.com\/product\/yoast-seo-wordpress\/ -->\n<title>SpinBetter Apk \u25b6\ufe0f Jak st\u00e1hnout a hr\u00e1t<\/title>\n<meta name=\"description\" content=\"Spin Better apk ke sta\u017een\u00ed je pohodln\u00fd zp\u016fsob p\u0159\u00edstupu ke s\u00e1zkov\u00fdm kancel\u00e1\u0159\u00edm a kasinu na cest\u00e1ch. Spinbetter Apk pro Android nab\u00edz\u00ed optimalizovan\u00e9 rozhran\u00ed a exkluzivn\u00ed bonusov\u00e9 nab\u00eddky.\" \/>\n<meta name=\"robots\" content=\"index, follow, max-snippet:-1, max-image-preview:large, max-video-preview:-1\" \/>\n<link rel=\"canonical\" href=\"https:\/\/spinbetter.games\/cs\/apk\/\" \/>\n<meta property=\"og:locale\" content=\"cs_CZ\" \/>\n<meta property=\"og:type\" content=\"article\" \/>\n<meta property=\"og:title\" content=\"SpinBetter Apk \u25b6\ufe0f Jak st\u00e1hnout a hr\u00e1t\" \/>\n<meta property=\"og:description\" content=\"Spin Better apk ke sta\u017een\u00ed je pohodln\u00fd zp\u016fsob p\u0159\u00edstupu ke s\u00e1zkov\u00fdm kancel\u00e1\u0159\u00edm a kasinu na cest\u00e1ch. Spinbetter Apk pro Android nab\u00edz\u00ed optimalizovan\u00e9 rozhran\u00ed a exkluzivn\u00ed bonusov\u00e9 nab\u00eddky.\" \/>\n<meta property=\"og:url\" content=\"https:\/\/spinbetter.games\/cs\/apk\/\" \/>\n<meta property=\"og:site_name\" content=\"Spinbetter CS\" \/>\n<meta property=\"article:modified_time\" content=\"2025-01-06T06:41:54+00:00\" \/>\n<meta name=\"twitter:card\" content=\"summary_large_image\" \/>\n<script type=\"application\/ld+json\" class=\"yoast-schema-graph\">{\"@context\":\"https:\/\/schema.org\",\"@graph\":[{\"@type\":\"WebPage\",\"@id\":\"https:\/\/spinbetter.games\/cs\/apk\/\",\"url\":\"https:\/\/spinbetter.games\/cs\/apk\/\",\"name\":\"SpinBetter Apk \u25b6\ufe0f Jak st\u00e1hnout a hr\u00e1t\",\"isPartOf\":{\"@id\":\"https:\/\/spinbetter.games\/cs\/#website\"},\"datePublished\":\"2024-07-19T14:37:05+00:00\",\"dateModified\":\"2025-01-06T06:41:54+00:00\",\"description\":\"Spin Better apk ke sta\u017een\u00ed je pohodln\u00fd zp\u016fsob p\u0159\u00edstupu ke s\u00e1zkov\u00fdm kancel\u00e1\u0159\u00edm a kasinu na cest\u00e1ch. Spinbetter Apk pro Android nab\u00edz\u00ed optimalizovan\u00e9 rozhran\u00ed a exkluzivn\u00ed bonusov\u00e9 nab\u00eddky.\",\"breadcrumb\":{\"@id\":\"https:\/\/spinbetter.games\/cs\/apk\/#breadcrumb\"},\"inLanguage\":\"cs\",\"potentialAction\":[{\"@type\":\"ReadAction\",\"target\":[\"https:\/\/spinbetter.games\/cs\/apk\/\"]}]},{\"@type\":\"BreadcrumbList\",\"@id\":\"https:\/\/spinbetter.games\/cs\/apk\/#breadcrumb\",\"itemListElement\":[{\"@type\":\"ListItem\",\"position\":1,\"name\":\"\u0413\u043b\u0430\u0432\u043d\u0430\u044f \u0441\u0442\u0440\u0430\u043d\u0438\u0446\u0430\",\"item\":\"https:\/\/spinbetter.games\/cs\/\"},{\"@type\":\"ListItem\",\"position\":2,\"name\":\"Apk\"}]},{\"@type\":\"WebSite\",\"@id\":\"https:\/\/spinbetter.games\/cs\/#website\",\"url\":\"https:\/\/spinbetter.games\/cs\/\",\"name\":\"Spinbetter CS\",\"description\":\"My WordPress Blog\",\"potentialAction\":[{\"@type\":\"SearchAction\",\"target\":{\"@type\":\"EntryPoint\",\"urlTemplate\":\"https:\/\/spinbetter.games\/cs\/?s={search_term_string}\"},\"query-input\":{\"@type\":\"PropertyValueSpecification\",\"valueRequired\":true,\"valueName\":\"search_term_string\"}}],\"inLanguage\":\"cs\"}]}<\/script>\n<!-- \/ Yoast SEO plugin. -->","yoast_head_json":{"title":"SpinBetter Apk \u25b6\ufe0f Jak st\u00e1hnout a hr\u00e1t","description":"Spin Better apk ke sta\u017een\u00ed je pohodln\u00fd zp\u016fsob p\u0159\u00edstupu ke s\u00e1zkov\u00fdm kancel\u00e1\u0159\u00edm a kasinu na cest\u00e1ch. Spinbetter Apk pro Android nab\u00edz\u00ed optimalizovan\u00e9 rozhran\u00ed a exkluzivn\u00ed bonusov\u00e9 nab\u00eddky.","robots":{"index":"index","follow":"follow","max-snippet":"max-snippet:-1","max-image-preview":"max-image-preview:large","max-video-preview":"max-video-preview:-1"},"canonical":"https:\/\/spinbetter.games\/cs\/apk\/","og_locale":"cs_CZ","og_type":"article","og_title":"SpinBetter Apk \u25b6\ufe0f Jak st\u00e1hnout a hr\u00e1t","og_description":"Spin Better apk ke sta\u017een\u00ed je pohodln\u00fd zp\u016fsob p\u0159\u00edstupu ke s\u00e1zkov\u00fdm kancel\u00e1\u0159\u00edm a kasinu na cest\u00e1ch. Spinbetter Apk pro Android nab\u00edz\u00ed optimalizovan\u00e9 rozhran\u00ed a exkluzivn\u00ed bonusov\u00e9 nab\u00eddky.","og_url":"https:\/\/spinbetter.games\/cs\/apk\/","og_site_name":"Spinbetter CS","article_modified_time":"2025-01-06T06:41:54+00:00","twitter_card":"summary_large_image","schema":{"@context":"https:\/\/schema.org","@graph":[{"@type":"WebPage","@id":"https:\/\/spinbetter.games\/cs\/apk\/","url":"https:\/\/spinbetter.games\/cs\/apk\/","name":"SpinBetter Apk \u25b6\ufe0f Jak st\u00e1hnout a hr\u00e1t","isPartOf":{"@id":"https:\/\/spinbetter.games\/cs\/#website"},"datePublished":"2024-07-19T14:37:05+00:00","dateModified":"2025-01-06T06:41:54+00:00","description":"Spin Better apk ke sta\u017een\u00ed je pohodln\u00fd zp\u016fsob p\u0159\u00edstupu ke s\u00e1zkov\u00fdm kancel\u00e1\u0159\u00edm a kasinu na cest\u00e1ch. Spinbetter Apk pro Android nab\u00edz\u00ed optimalizovan\u00e9 rozhran\u00ed a exkluzivn\u00ed bonusov\u00e9 nab\u00eddky.","breadcrumb":{"@id":"https:\/\/spinbetter.games\/cs\/apk\/#breadcrumb"},"inLanguage":"cs","potentialAction":[{"@type":"ReadAction","target":["https:\/\/spinbetter.games\/cs\/apk\/"]}]},{"@type":"BreadcrumbList","@id":"https:\/\/spinbetter.games\/cs\/apk\/#breadcrumb","itemListElement":[{"@type":"ListItem","position":1,"name":"\u0413\u043b\u0430\u0432\u043d\u0430\u044f \u0441\u0442\u0440\u0430\u043d\u0438\u0446\u0430","item":"https:\/\/spinbetter.games\/cs\/"},{"@type":"ListItem","position":2,"name":"Apk"}]},{"@type":"WebSite","@id":"https:\/\/spinbetter.games\/cs\/#website","url":"https:\/\/spinbetter.games\/cs\/","name":"Spinbetter CS","description":"My WordPress Blog","potentialAction":[{"@type":"SearchAction","target":{"@type":"EntryPoint","urlTemplate":"https:\/\/spinbetter.games\/cs\/?s={search_term_string}"},"query-input":{"@type":"PropertyValueSpecification","valueRequired":true,"valueName":"search_term_string"}}],"inLanguage":"cs"}]}},"_links":{"self":[{"href":"https:\/\/spinbetter.games\/cs\/wp-json\/wp\/v2\/pages\/521","targetHints":{"allow":["GET"]}}],"collection":[{"href":"https:\/\/spinbetter.games\/cs\/wp-json\/wp\/v2\/pages"}],"about":[{"href":"https:\/\/spinbetter.games\/cs\/wp-json\/wp\/v2\/types\/page"}],"author":[{"embeddable":true,"href":"https:\/\/spinbetter.games\/cs\/wp-json\/wp\/v2\/users\/1"}],"replies":[{"embeddable":true,"href":"https:\/\/spinbetter.games\/cs\/wp-json\/wp\/v2\/comments?post=521"}],"version-history":[{"count":1,"href":"https:\/\/spinbetter.games\/cs\/wp-json\/wp\/v2\/pages\/521\/revisions"}],"predecessor-version":[{"id":717,"href":"https:\/\/spinbetter.games\/cs\/wp-json\/wp\/v2\/pages\/521\/revisions\/717"}],"wp:attachment":[{"href":"https:\/\/spinbetter.games\/cs\/wp-json\/wp\/v2\/media?parent=521"}],"curies":[{"name":"wp","href":"https:\/\/api.w.org\/{rel}","templated":true}]}}