{"id":914,"date":"2025-03-05T13:33:29","date_gmt":"2025-03-05T13:33:29","guid":{"rendered":"https:\/\/spinbetter.games\/?page_id=914"},"modified":"2025-04-01T08:38:57","modified_gmt":"2025-04-01T08:38:57","slug":"freebet-in-app","status":"publish","type":"page","link":"https:\/\/spinbetter.games\/cs\/bonus\/freebet-in-app\/","title":{"rendered":"Freebet v aplikaci"},"content":{"rendered":"","protected":false},"excerpt":{"rendered":"","protected":false},"author":1,"featured_media":0,"parent":152,"menu_order":2,"comment_status":"closed","ping_status":"closed","template":"","meta":{"footnotes":""},"class_list":["post-914","page","type-page","status-publish","hentry"],"yoast_head":"<!-- This site is optimized with the Yoast SEO plugin v26.8 - https:\/\/yoast.com\/product\/yoast-seo-wordpress\/ -->\n<title>S\u00e1zky zdarma v aplikaci SpinBetter \u1409 S\u00e1zkov\u00e9 bonusy v aplikaci<\/title>\n<meta name=\"description\" content=\"Dodejte sv\u00e9 h\u0159e energii s bezplatnou s\u00e1zkou v aplikaci SpinBetter! \ud83d\udcb8 Objevte skv\u011bl\u00e9 s\u00e1zkov\u00e9 bonusy a zvy\u0161te sv\u00e9 \u0161ance na v\u00fdhru. Neprop\u00e1sn\u011bte ten spr\u00e1vn\u00fd okam\u017eik - va\u0161e v\u00fdhry \u010dekaj\u00ed pr\u00e1v\u011b na v\u00e1s!\" \/>\n<meta name=\"robots\" content=\"index, follow, max-snippet:-1, max-image-preview:large, max-video-preview:-1\" \/>\n<link rel=\"canonical\" href=\"https:\/\/spinbetter.games\/cs\/bonus\/freebet-in-app\/\" \/>\n<meta property=\"og:locale\" content=\"cs_CZ\" \/>\n<meta property=\"og:type\" content=\"article\" \/>\n<meta property=\"og:title\" content=\"S\u00e1zky zdarma v aplikaci SpinBetter \u1409 S\u00e1zkov\u00e9 bonusy v aplikaci\" \/>\n<meta property=\"og:description\" content=\"Dodejte sv\u00e9 h\u0159e energii s bezplatnou s\u00e1zkou v aplikaci SpinBetter! \ud83d\udcb8 Objevte skv\u011bl\u00e9 s\u00e1zkov\u00e9 bonusy a zvy\u0161te sv\u00e9 \u0161ance na v\u00fdhru. Neprop\u00e1sn\u011bte ten spr\u00e1vn\u00fd okam\u017eik - va\u0161e v\u00fdhry \u010dekaj\u00ed pr\u00e1v\u011b na v\u00e1s!\" \/>\n<meta property=\"og:url\" content=\"https:\/\/spinbetter.games\/cs\/bonus\/freebet-in-app\/\" \/>\n<meta property=\"og:site_name\" content=\"Spinbetter CS\" \/>\n<meta property=\"article:modified_time\" content=\"2025-04-01T08:38:57+00:00\" \/>\n<meta name=\"twitter:card\" content=\"summary_large_image\" \/>\n<script type=\"application\/ld+json\" class=\"yoast-schema-graph\">{\"@context\":\"https:\/\/schema.org\",\"@graph\":[{\"@type\":\"WebPage\",\"@id\":\"https:\/\/spinbetter.games\/cs\/bonus\/freebet-in-app\/\",\"url\":\"https:\/\/spinbetter.games\/cs\/bonus\/freebet-in-app\/\",\"name\":\"S\u00e1zky zdarma v aplikaci SpinBetter \u1409 S\u00e1zkov\u00e9 bonusy v aplikaci\",\"isPartOf\":{\"@id\":\"https:\/\/spinbetter.games\/cs\/#website\"},\"datePublished\":\"2025-03-05T13:33:29+00:00\",\"dateModified\":\"2025-04-01T08:38:57+00:00\",\"description\":\"Dodejte sv\u00e9 h\u0159e energii s bezplatnou s\u00e1zkou v aplikaci SpinBetter! \ud83d\udcb8 Objevte skv\u011bl\u00e9 s\u00e1zkov\u00e9 bonusy a zvy\u0161te sv\u00e9 \u0161ance na v\u00fdhru. Neprop\u00e1sn\u011bte ten spr\u00e1vn\u00fd okam\u017eik - va\u0161e v\u00fdhry \u010dekaj\u00ed pr\u00e1v\u011b na v\u00e1s!\",\"breadcrumb\":{\"@id\":\"https:\/\/spinbetter.games\/cs\/bonus\/freebet-in-app\/#breadcrumb\"},\"inLanguage\":\"cs\",\"potentialAction\":[{\"@type\":\"ReadAction\",\"target\":[\"https:\/\/spinbetter.games\/cs\/bonus\/freebet-in-app\/\"]}]},{\"@type\":\"BreadcrumbList\",\"@id\":\"https:\/\/spinbetter.games\/cs\/bonus\/freebet-in-app\/#breadcrumb\",\"itemListElement\":[{\"@type\":\"ListItem\",\"position\":1,\"name\":\"\u0413\u043b\u0430\u0432\u043d\u0430\u044f \u0441\u0442\u0440\u0430\u043d\u0438\u0446\u0430\",\"item\":\"https:\/\/spinbetter.games\/cs\/\"},{\"@type\":\"ListItem\",\"position\":2,\"name\":\"Bonus\",\"item\":\"https:\/\/spinbetter.games\/cs\/bonus\/\"},{\"@type\":\"ListItem\",\"position\":3,\"name\":\"Freebet v aplikaci\"}]},{\"@type\":\"WebSite\",\"@id\":\"https:\/\/spinbetter.games\/cs\/#website\",\"url\":\"https:\/\/spinbetter.games\/cs\/\",\"name\":\"Spinbetter CS\",\"description\":\"My WordPress Blog\",\"potentialAction\":[{\"@type\":\"SearchAction\",\"target\":{\"@type\":\"EntryPoint\",\"urlTemplate\":\"https:\/\/spinbetter.games\/cs\/?s={search_term_string}\"},\"query-input\":{\"@type\":\"PropertyValueSpecification\",\"valueRequired\":true,\"valueName\":\"search_term_string\"}}],\"inLanguage\":\"cs\"}]}<\/script>\n<!-- \/ Yoast SEO plugin. -->","yoast_head_json":{"title":"S\u00e1zky zdarma v aplikaci SpinBetter \u1409 S\u00e1zkov\u00e9 bonusy v aplikaci","description":"Dodejte sv\u00e9 h\u0159e energii s bezplatnou s\u00e1zkou v aplikaci SpinBetter! \ud83d\udcb8 Objevte skv\u011bl\u00e9 s\u00e1zkov\u00e9 bonusy a zvy\u0161te sv\u00e9 \u0161ance na v\u00fdhru. Neprop\u00e1sn\u011bte ten spr\u00e1vn\u00fd okam\u017eik - va\u0161e v\u00fdhry \u010dekaj\u00ed pr\u00e1v\u011b na v\u00e1s!","robots":{"index":"index","follow":"follow","max-snippet":"max-snippet:-1","max-image-preview":"max-image-preview:large","max-video-preview":"max-video-preview:-1"},"canonical":"https:\/\/spinbetter.games\/cs\/bonus\/freebet-in-app\/","og_locale":"cs_CZ","og_type":"article","og_title":"S\u00e1zky zdarma v aplikaci SpinBetter \u1409 S\u00e1zkov\u00e9 bonusy v aplikaci","og_description":"Dodejte sv\u00e9 h\u0159e energii s bezplatnou s\u00e1zkou v aplikaci SpinBetter! \ud83d\udcb8 Objevte skv\u011bl\u00e9 s\u00e1zkov\u00e9 bonusy a zvy\u0161te sv\u00e9 \u0161ance na v\u00fdhru. Neprop\u00e1sn\u011bte ten spr\u00e1vn\u00fd okam\u017eik - va\u0161e v\u00fdhry \u010dekaj\u00ed pr\u00e1v\u011b na v\u00e1s!","og_url":"https:\/\/spinbetter.games\/cs\/bonus\/freebet-in-app\/","og_site_name":"Spinbetter CS","article_modified_time":"2025-04-01T08:38:57+00:00","twitter_card":"summary_large_image","schema":{"@context":"https:\/\/schema.org","@graph":[{"@type":"WebPage","@id":"https:\/\/spinbetter.games\/cs\/bonus\/freebet-in-app\/","url":"https:\/\/spinbetter.games\/cs\/bonus\/freebet-in-app\/","name":"S\u00e1zky zdarma v aplikaci SpinBetter \u1409 S\u00e1zkov\u00e9 bonusy v aplikaci","isPartOf":{"@id":"https:\/\/spinbetter.games\/cs\/#website"},"datePublished":"2025-03-05T13:33:29+00:00","dateModified":"2025-04-01T08:38:57+00:00","description":"Dodejte sv\u00e9 h\u0159e energii s bezplatnou s\u00e1zkou v aplikaci SpinBetter! \ud83d\udcb8 Objevte skv\u011bl\u00e9 s\u00e1zkov\u00e9 bonusy a zvy\u0161te sv\u00e9 \u0161ance na v\u00fdhru. Neprop\u00e1sn\u011bte ten spr\u00e1vn\u00fd okam\u017eik - va\u0161e v\u00fdhry \u010dekaj\u00ed pr\u00e1v\u011b na v\u00e1s!","breadcrumb":{"@id":"https:\/\/spinbetter.games\/cs\/bonus\/freebet-in-app\/#breadcrumb"},"inLanguage":"cs","potentialAction":[{"@type":"ReadAction","target":["https:\/\/spinbetter.games\/cs\/bonus\/freebet-in-app\/"]}]},{"@type":"BreadcrumbList","@id":"https:\/\/spinbetter.games\/cs\/bonus\/freebet-in-app\/#breadcrumb","itemListElement":[{"@type":"ListItem","position":1,"name":"\u0413\u043b\u0430\u0432\u043d\u0430\u044f \u0441\u0442\u0440\u0430\u043d\u0438\u0446\u0430","item":"https:\/\/spinbetter.games\/cs\/"},{"@type":"ListItem","position":2,"name":"Bonus","item":"https:\/\/spinbetter.games\/cs\/bonus\/"},{"@type":"ListItem","position":3,"name":"Freebet v aplikaci"}]},{"@type":"WebSite","@id":"https:\/\/spinbetter.games\/cs\/#website","url":"https:\/\/spinbetter.games\/cs\/","name":"Spinbetter CS","description":"My WordPress Blog","potentialAction":[{"@type":"SearchAction","target":{"@type":"EntryPoint","urlTemplate":"https:\/\/spinbetter.games\/cs\/?s={search_term_string}"},"query-input":{"@type":"PropertyValueSpecification","valueRequired":true,"valueName":"search_term_string"}}],"inLanguage":"cs"}]}},"_links":{"self":[{"href":"https:\/\/spinbetter.games\/cs\/wp-json\/wp\/v2\/pages\/914","targetHints":{"allow":["GET"]}}],"collection":[{"href":"https:\/\/spinbetter.games\/cs\/wp-json\/wp\/v2\/pages"}],"about":[{"href":"https:\/\/spinbetter.games\/cs\/wp-json\/wp\/v2\/types\/page"}],"author":[{"embeddable":true,"href":"https:\/\/spinbetter.games\/cs\/wp-json\/wp\/v2\/users\/1"}],"replies":[{"embeddable":true,"href":"https:\/\/spinbetter.games\/cs\/wp-json\/wp\/v2\/comments?post=914"}],"version-history":[{"count":2,"href":"https:\/\/spinbetter.games\/cs\/wp-json\/wp\/v2\/pages\/914\/revisions"}],"predecessor-version":[{"id":1163,"href":"https:\/\/spinbetter.games\/cs\/wp-json\/wp\/v2\/pages\/914\/revisions\/1163"}],"up":[{"embeddable":true,"href":"https:\/\/spinbetter.games\/cs\/wp-json\/wp\/v2\/pages\/152"}],"wp:attachment":[{"href":"https:\/\/spinbetter.games\/cs\/wp-json\/wp\/v2\/media?parent=914"}],"curies":[{"name":"wp","href":"https:\/\/api.w.org\/{rel}","templated":true}]}}