{"id":920,"date":"2025-03-05T14:08:33","date_gmt":"2025-03-05T14:08:33","guid":{"rendered":"https:\/\/spinbetter.games\/?page_id=920"},"modified":"2025-04-01T08:31:43","modified_gmt":"2025-04-01T08:31:43","slug":"first-deposit","status":"publish","type":"page","link":"https:\/\/spinbetter.games\/cs\/bonus\/first-deposit\/","title":{"rendered":"Prvn\u00ed vklad"},"content":{"rendered":"","protected":false},"excerpt":{"rendered":"","protected":false},"author":1,"featured_media":0,"parent":152,"menu_order":0,"comment_status":"closed","ping_status":"closed","template":"","meta":{"footnotes":""},"class_list":["post-920","page","type-page","status-publish","hentry"],"yoast_head":"<!-- This site is optimized with the Yoast SEO plugin v26.8 - https:\/\/yoast.com\/product\/yoast-seo-wordpress\/ -->\n<title>Spinbetter Bonus za prvn\u00ed vklad 100% \u1409 Zvy\u0161te sv\u00e9 \u0161ance<\/title>\n<meta name=\"description\" content=\"Z\u00edskejte 100% bonus na sv\u016fj prvn\u00ed vklad na SpinBetter a zvy\u0161te sv\u00e9 \u0161ance na v\u00fdhru! \ud83d\udca5 Ud\u011blejte prvn\u00ed krok k velk\u00fdm v\u00fdhr\u00e1m - otev\u0159ete hon na v\u00fdhry pr\u00e1v\u011b te\u010f! \ud83e\udd11\" \/>\n<meta name=\"robots\" content=\"index, follow, max-snippet:-1, max-image-preview:large, max-video-preview:-1\" \/>\n<link rel=\"canonical\" href=\"https:\/\/spinbetter.games\/cs\/bonus\/first-deposit\/\" \/>\n<meta property=\"og:locale\" content=\"cs_CZ\" \/>\n<meta property=\"og:type\" content=\"article\" \/>\n<meta property=\"og:title\" content=\"Spinbetter Bonus za prvn\u00ed vklad 100% \u1409 Zvy\u0161te sv\u00e9 \u0161ance\" \/>\n<meta property=\"og:description\" content=\"Z\u00edskejte 100% bonus na sv\u016fj prvn\u00ed vklad na SpinBetter a zvy\u0161te sv\u00e9 \u0161ance na v\u00fdhru! \ud83d\udca5 Ud\u011blejte prvn\u00ed krok k velk\u00fdm v\u00fdhr\u00e1m - otev\u0159ete hon na v\u00fdhry pr\u00e1v\u011b te\u010f! \ud83e\udd11\" \/>\n<meta property=\"og:url\" content=\"https:\/\/spinbetter.games\/cs\/bonus\/first-deposit\/\" \/>\n<meta property=\"og:site_name\" content=\"Spinbetter CS\" \/>\n<meta property=\"article:modified_time\" content=\"2025-04-01T08:31:43+00:00\" \/>\n<meta name=\"twitter:card\" content=\"summary_large_image\" \/>\n<script type=\"application\/ld+json\" class=\"yoast-schema-graph\">{\"@context\":\"https:\/\/schema.org\",\"@graph\":[{\"@type\":\"WebPage\",\"@id\":\"https:\/\/spinbetter.games\/cs\/bonus\/first-deposit\/\",\"url\":\"https:\/\/spinbetter.games\/cs\/bonus\/first-deposit\/\",\"name\":\"Spinbetter Bonus za prvn\u00ed vklad 100% \u1409 Zvy\u0161te sv\u00e9 \u0161ance\",\"isPartOf\":{\"@id\":\"https:\/\/spinbetter.games\/cs\/#website\"},\"datePublished\":\"2025-03-05T14:08:33+00:00\",\"dateModified\":\"2025-04-01T08:31:43+00:00\",\"description\":\"Z\u00edskejte 100% bonus na sv\u016fj prvn\u00ed vklad na SpinBetter a zvy\u0161te sv\u00e9 \u0161ance na v\u00fdhru! \ud83d\udca5 Ud\u011blejte prvn\u00ed krok k velk\u00fdm v\u00fdhr\u00e1m - otev\u0159ete hon na v\u00fdhry pr\u00e1v\u011b te\u010f! \ud83e\udd11\",\"breadcrumb\":{\"@id\":\"https:\/\/spinbetter.games\/cs\/bonus\/first-deposit\/#breadcrumb\"},\"inLanguage\":\"cs\",\"potentialAction\":[{\"@type\":\"ReadAction\",\"target\":[\"https:\/\/spinbetter.games\/cs\/bonus\/first-deposit\/\"]}]},{\"@type\":\"BreadcrumbList\",\"@id\":\"https:\/\/spinbetter.games\/cs\/bonus\/first-deposit\/#breadcrumb\",\"itemListElement\":[{\"@type\":\"ListItem\",\"position\":1,\"name\":\"\u0413\u043b\u0430\u0432\u043d\u0430\u044f \u0441\u0442\u0440\u0430\u043d\u0438\u0446\u0430\",\"item\":\"https:\/\/spinbetter.games\/cs\/\"},{\"@type\":\"ListItem\",\"position\":2,\"name\":\"Bonus\",\"item\":\"https:\/\/spinbetter.games\/cs\/bonus\/\"},{\"@type\":\"ListItem\",\"position\":3,\"name\":\"Prvn\u00ed vklad\"}]},{\"@type\":\"WebSite\",\"@id\":\"https:\/\/spinbetter.games\/cs\/#website\",\"url\":\"https:\/\/spinbetter.games\/cs\/\",\"name\":\"Spinbetter CS\",\"description\":\"My WordPress Blog\",\"potentialAction\":[{\"@type\":\"SearchAction\",\"target\":{\"@type\":\"EntryPoint\",\"urlTemplate\":\"https:\/\/spinbetter.games\/cs\/?s={search_term_string}\"},\"query-input\":{\"@type\":\"PropertyValueSpecification\",\"valueRequired\":true,\"valueName\":\"search_term_string\"}}],\"inLanguage\":\"cs\"}]}<\/script>\n<!-- \/ Yoast SEO plugin. -->","yoast_head_json":{"title":"Spinbetter Bonus za prvn\u00ed vklad 100% \u1409 Zvy\u0161te sv\u00e9 \u0161ance","description":"Z\u00edskejte 100% bonus na sv\u016fj prvn\u00ed vklad na SpinBetter a zvy\u0161te sv\u00e9 \u0161ance na v\u00fdhru! \ud83d\udca5 Ud\u011blejte prvn\u00ed krok k velk\u00fdm v\u00fdhr\u00e1m - otev\u0159ete hon na v\u00fdhry pr\u00e1v\u011b te\u010f! \ud83e\udd11","robots":{"index":"index","follow":"follow","max-snippet":"max-snippet:-1","max-image-preview":"max-image-preview:large","max-video-preview":"max-video-preview:-1"},"canonical":"https:\/\/spinbetter.games\/cs\/bonus\/first-deposit\/","og_locale":"cs_CZ","og_type":"article","og_title":"Spinbetter Bonus za prvn\u00ed vklad 100% \u1409 Zvy\u0161te sv\u00e9 \u0161ance","og_description":"Z\u00edskejte 100% bonus na sv\u016fj prvn\u00ed vklad na SpinBetter a zvy\u0161te sv\u00e9 \u0161ance na v\u00fdhru! \ud83d\udca5 Ud\u011blejte prvn\u00ed krok k velk\u00fdm v\u00fdhr\u00e1m - otev\u0159ete hon na v\u00fdhry pr\u00e1v\u011b te\u010f! \ud83e\udd11","og_url":"https:\/\/spinbetter.games\/cs\/bonus\/first-deposit\/","og_site_name":"Spinbetter CS","article_modified_time":"2025-04-01T08:31:43+00:00","twitter_card":"summary_large_image","schema":{"@context":"https:\/\/schema.org","@graph":[{"@type":"WebPage","@id":"https:\/\/spinbetter.games\/cs\/bonus\/first-deposit\/","url":"https:\/\/spinbetter.games\/cs\/bonus\/first-deposit\/","name":"Spinbetter Bonus za prvn\u00ed vklad 100% \u1409 Zvy\u0161te sv\u00e9 \u0161ance","isPartOf":{"@id":"https:\/\/spinbetter.games\/cs\/#website"},"datePublished":"2025-03-05T14:08:33+00:00","dateModified":"2025-04-01T08:31:43+00:00","description":"Z\u00edskejte 100% bonus na sv\u016fj prvn\u00ed vklad na SpinBetter a zvy\u0161te sv\u00e9 \u0161ance na v\u00fdhru! \ud83d\udca5 Ud\u011blejte prvn\u00ed krok k velk\u00fdm v\u00fdhr\u00e1m - otev\u0159ete hon na v\u00fdhry pr\u00e1v\u011b te\u010f! \ud83e\udd11","breadcrumb":{"@id":"https:\/\/spinbetter.games\/cs\/bonus\/first-deposit\/#breadcrumb"},"inLanguage":"cs","potentialAction":[{"@type":"ReadAction","target":["https:\/\/spinbetter.games\/cs\/bonus\/first-deposit\/"]}]},{"@type":"BreadcrumbList","@id":"https:\/\/spinbetter.games\/cs\/bonus\/first-deposit\/#breadcrumb","itemListElement":[{"@type":"ListItem","position":1,"name":"\u0413\u043b\u0430\u0432\u043d\u0430\u044f \u0441\u0442\u0440\u0430\u043d\u0438\u0446\u0430","item":"https:\/\/spinbetter.games\/cs\/"},{"@type":"ListItem","position":2,"name":"Bonus","item":"https:\/\/spinbetter.games\/cs\/bonus\/"},{"@type":"ListItem","position":3,"name":"Prvn\u00ed vklad"}]},{"@type":"WebSite","@id":"https:\/\/spinbetter.games\/cs\/#website","url":"https:\/\/spinbetter.games\/cs\/","name":"Spinbetter CS","description":"My WordPress Blog","potentialAction":[{"@type":"SearchAction","target":{"@type":"EntryPoint","urlTemplate":"https:\/\/spinbetter.games\/cs\/?s={search_term_string}"},"query-input":{"@type":"PropertyValueSpecification","valueRequired":true,"valueName":"search_term_string"}}],"inLanguage":"cs"}]}},"_links":{"self":[{"href":"https:\/\/spinbetter.games\/cs\/wp-json\/wp\/v2\/pages\/920","targetHints":{"allow":["GET"]}}],"collection":[{"href":"https:\/\/spinbetter.games\/cs\/wp-json\/wp\/v2\/pages"}],"about":[{"href":"https:\/\/spinbetter.games\/cs\/wp-json\/wp\/v2\/types\/page"}],"author":[{"embeddable":true,"href":"https:\/\/spinbetter.games\/cs\/wp-json\/wp\/v2\/users\/1"}],"replies":[{"embeddable":true,"href":"https:\/\/spinbetter.games\/cs\/wp-json\/wp\/v2\/comments?post=920"}],"version-history":[{"count":2,"href":"https:\/\/spinbetter.games\/cs\/wp-json\/wp\/v2\/pages\/920\/revisions"}],"predecessor-version":[{"id":1161,"href":"https:\/\/spinbetter.games\/cs\/wp-json\/wp\/v2\/pages\/920\/revisions\/1161"}],"up":[{"embeddable":true,"href":"https:\/\/spinbetter.games\/cs\/wp-json\/wp\/v2\/pages\/152"}],"wp:attachment":[{"href":"https:\/\/spinbetter.games\/cs\/wp-json\/wp\/v2\/media?parent=920"}],"curies":[{"name":"wp","href":"https:\/\/api.w.org\/{rel}","templated":true}]}}