{"id":1138,"date":"2025-03-25T06:54:47","date_gmt":"2025-03-25T06:54:47","guid":{"rendered":"https:\/\/spinbetter.games\/?page_id=1138"},"modified":"2025-09-26T06:08:37","modified_gmt":"2025-09-26T06:08:37","slug":"vote","status":"publish","type":"page","link":"https:\/\/spinbetter.games\/da\/bonus\/vote\/","title":{"rendered":"Stem p\u00e5 den bedste sport"},"content":{"rendered":"","protected":false},"excerpt":{"rendered":"","protected":false},"author":1,"featured_media":0,"parent":152,"menu_order":0,"comment_status":"closed","ping_status":"closed","template":"","meta":{"footnotes":""},"class_list":["post-1138","page","type-page","status-publish","hentry"],"yoast_head":"<!-- This site is optimized with the Yoast SEO plugin v26.8 - https:\/\/yoast.com\/product\/yoast-seo-wordpress\/ -->\n<title>Spinbetter: Stem p\u00e5 den bedste sport: \u27a4 Hent og brug dit freebet!<\/title>\n<meta name=\"description\" content=\"Stem p\u00e5 den bedste sport p\u00e5 Spinbetter, og hent dit freebet! G\u00e5 ikke glip af chancen for at spille og vinde p\u00e5 dine favoritdiscipliner. Bliv en del af spilleverdenen!\" \/>\n<meta name=\"robots\" content=\"index, follow, max-snippet:-1, max-image-preview:large, max-video-preview:-1\" \/>\n<link rel=\"canonical\" href=\"https:\/\/spinbetter.games\/da\/bonus\/vote\/\" \/>\n<meta property=\"og:locale\" content=\"da_DK\" \/>\n<meta property=\"og:type\" content=\"article\" \/>\n<meta property=\"og:title\" content=\"Spinbetter: Stem p\u00e5 den bedste sport: \u27a4 Hent og brug dit freebet!\" \/>\n<meta property=\"og:description\" content=\"Stem p\u00e5 den bedste sport p\u00e5 Spinbetter, og hent dit freebet! G\u00e5 ikke glip af chancen for at spille og vinde p\u00e5 dine favoritdiscipliner. Bliv en del af spilleverdenen!\" \/>\n<meta property=\"og:url\" content=\"https:\/\/spinbetter.games\/da\/bonus\/vote\/\" \/>\n<meta property=\"og:site_name\" content=\"SpinBetter da\" \/>\n<meta property=\"article:modified_time\" content=\"2025-09-26T06:08:37+00:00\" \/>\n<meta name=\"twitter:card\" content=\"summary_large_image\" \/>\n<script type=\"application\/ld+json\" class=\"yoast-schema-graph\">{\"@context\":\"https:\/\/schema.org\",\"@graph\":[{\"@type\":\"WebPage\",\"@id\":\"https:\/\/spinbetter.games\/da\/bonus\/vote\/\",\"url\":\"https:\/\/spinbetter.games\/da\/bonus\/vote\/\",\"name\":\"Spinbetter: Stem p\u00e5 den bedste sport: \u27a4 Hent og brug dit freebet!\",\"isPartOf\":{\"@id\":\"https:\/\/spinbetter.games\/da\/#website\"},\"datePublished\":\"2025-03-25T06:54:47+00:00\",\"dateModified\":\"2025-09-26T06:08:37+00:00\",\"description\":\"Stem p\u00e5 den bedste sport p\u00e5 Spinbetter, og hent dit freebet! G\u00e5 ikke glip af chancen for at spille og vinde p\u00e5 dine favoritdiscipliner. Bliv en del af spilleverdenen!\",\"breadcrumb\":{\"@id\":\"https:\/\/spinbetter.games\/da\/bonus\/vote\/#breadcrumb\"},\"inLanguage\":\"da-DK\",\"potentialAction\":[{\"@type\":\"ReadAction\",\"target\":[\"https:\/\/spinbetter.games\/da\/bonus\/vote\/\"]}]},{\"@type\":\"BreadcrumbList\",\"@id\":\"https:\/\/spinbetter.games\/da\/bonus\/vote\/#breadcrumb\",\"itemListElement\":[{\"@type\":\"ListItem\",\"position\":1,\"name\":\"\u0413\u043b\u0430\u0432\u043d\u0430\u044f \u0441\u0442\u0440\u0430\u043d\u0438\u0446\u0430\",\"item\":\"https:\/\/spinbetter.games\/da\/\"},{\"@type\":\"ListItem\",\"position\":2,\"name\":\"Bonus\",\"item\":\"https:\/\/spinbetter.games\/da\/bonus\/\"},{\"@type\":\"ListItem\",\"position\":3,\"name\":\"Stem p\u00e5 den bedste sport\"}]},{\"@type\":\"WebSite\",\"@id\":\"https:\/\/spinbetter.games\/da\/#website\",\"url\":\"https:\/\/spinbetter.games\/da\/\",\"name\":\"SpinBetter da\",\"description\":\"My WordPress Blog\",\"potentialAction\":[{\"@type\":\"SearchAction\",\"target\":{\"@type\":\"EntryPoint\",\"urlTemplate\":\"https:\/\/spinbetter.games\/da\/?s={search_term_string}\"},\"query-input\":{\"@type\":\"PropertyValueSpecification\",\"valueRequired\":true,\"valueName\":\"search_term_string\"}}],\"inLanguage\":\"da-DK\"}]}<\/script>\n<!-- \/ Yoast SEO plugin. -->","yoast_head_json":{"title":"Spinbetter: Stem p\u00e5 den bedste sport: \u27a4 Hent og brug dit freebet!","description":"Stem p\u00e5 den bedste sport p\u00e5 Spinbetter, og hent dit freebet! G\u00e5 ikke glip af chancen for at spille og vinde p\u00e5 dine favoritdiscipliner. Bliv en del af spilleverdenen!","robots":{"index":"index","follow":"follow","max-snippet":"max-snippet:-1","max-image-preview":"max-image-preview:large","max-video-preview":"max-video-preview:-1"},"canonical":"https:\/\/spinbetter.games\/da\/bonus\/vote\/","og_locale":"da_DK","og_type":"article","og_title":"Spinbetter: Stem p\u00e5 den bedste sport: \u27a4 Hent og brug dit freebet!","og_description":"Stem p\u00e5 den bedste sport p\u00e5 Spinbetter, og hent dit freebet! G\u00e5 ikke glip af chancen for at spille og vinde p\u00e5 dine favoritdiscipliner. Bliv en del af spilleverdenen!","og_url":"https:\/\/spinbetter.games\/da\/bonus\/vote\/","og_site_name":"SpinBetter da","article_modified_time":"2025-09-26T06:08:37+00:00","twitter_card":"summary_large_image","schema":{"@context":"https:\/\/schema.org","@graph":[{"@type":"WebPage","@id":"https:\/\/spinbetter.games\/da\/bonus\/vote\/","url":"https:\/\/spinbetter.games\/da\/bonus\/vote\/","name":"Spinbetter: Stem p\u00e5 den bedste sport: \u27a4 Hent og brug dit freebet!","isPartOf":{"@id":"https:\/\/spinbetter.games\/da\/#website"},"datePublished":"2025-03-25T06:54:47+00:00","dateModified":"2025-09-26T06:08:37+00:00","description":"Stem p\u00e5 den bedste sport p\u00e5 Spinbetter, og hent dit freebet! G\u00e5 ikke glip af chancen for at spille og vinde p\u00e5 dine favoritdiscipliner. Bliv en del af spilleverdenen!","breadcrumb":{"@id":"https:\/\/spinbetter.games\/da\/bonus\/vote\/#breadcrumb"},"inLanguage":"da-DK","potentialAction":[{"@type":"ReadAction","target":["https:\/\/spinbetter.games\/da\/bonus\/vote\/"]}]},{"@type":"BreadcrumbList","@id":"https:\/\/spinbetter.games\/da\/bonus\/vote\/#breadcrumb","itemListElement":[{"@type":"ListItem","position":1,"name":"\u0413\u043b\u0430\u0432\u043d\u0430\u044f \u0441\u0442\u0440\u0430\u043d\u0438\u0446\u0430","item":"https:\/\/spinbetter.games\/da\/"},{"@type":"ListItem","position":2,"name":"Bonus","item":"https:\/\/spinbetter.games\/da\/bonus\/"},{"@type":"ListItem","position":3,"name":"Stem p\u00e5 den bedste sport"}]},{"@type":"WebSite","@id":"https:\/\/spinbetter.games\/da\/#website","url":"https:\/\/spinbetter.games\/da\/","name":"SpinBetter da","description":"My WordPress Blog","potentialAction":[{"@type":"SearchAction","target":{"@type":"EntryPoint","urlTemplate":"https:\/\/spinbetter.games\/da\/?s={search_term_string}"},"query-input":{"@type":"PropertyValueSpecification","valueRequired":true,"valueName":"search_term_string"}}],"inLanguage":"da-DK"}]}},"_links":{"self":[{"href":"https:\/\/spinbetter.games\/da\/wp-json\/wp\/v2\/pages\/1138","targetHints":{"allow":["GET"]}}],"collection":[{"href":"https:\/\/spinbetter.games\/da\/wp-json\/wp\/v2\/pages"}],"about":[{"href":"https:\/\/spinbetter.games\/da\/wp-json\/wp\/v2\/types\/page"}],"author":[{"embeddable":true,"href":"https:\/\/spinbetter.games\/da\/wp-json\/wp\/v2\/users\/1"}],"replies":[{"embeddable":true,"href":"https:\/\/spinbetter.games\/da\/wp-json\/wp\/v2\/comments?post=1138"}],"version-history":[{"count":3,"href":"https:\/\/spinbetter.games\/da\/wp-json\/wp\/v2\/pages\/1138\/revisions"}],"predecessor-version":[{"id":1420,"href":"https:\/\/spinbetter.games\/da\/wp-json\/wp\/v2\/pages\/1138\/revisions\/1420"}],"up":[{"embeddable":true,"href":"https:\/\/spinbetter.games\/da\/wp-json\/wp\/v2\/pages\/152"}],"wp:attachment":[{"href":"https:\/\/spinbetter.games\/da\/wp-json\/wp\/v2\/media?parent=1138"}],"curies":[{"name":"wp","href":"https:\/\/api.w.org\/{rel}","templated":true}]}}