{"id":1359,"date":"2025-05-12T14:08:44","date_gmt":"2025-05-12T14:08:44","guid":{"rendered":"https:\/\/spinbetter.games\/?page_id=1359"},"modified":"2025-05-24T07:34:00","modified_gmt":"2025-05-24T07:34:00","slug":"betting-insurance","status":"publish","type":"page","link":"https:\/\/spinbetter.games\/da\/bonus\/betting-insurance\/","title":{"rendered":"100% v\u00e6ddem\u00e5lsforsikring"},"content":{"rendered":"","protected":false},"excerpt":{"rendered":"","protected":false},"author":1,"featured_media":0,"parent":152,"menu_order":0,"comment_status":"closed","ping_status":"closed","template":"","meta":{"footnotes":""},"class_list":["post-1359","page","type-page","status-publish","hentry"],"yoast_head":"<!-- This site is optimized with the Yoast SEO plugin v26.8 - https:\/\/yoast.com\/product\/yoast-seo-wordpress\/ -->\n<title>SpinBetter 100% m\u00e5lspilsforsikring: Penge tilbage ved tab<\/title>\n<meta name=\"description\" content=\"Spil p\u00e5 din favorits m\u00e5l og f\u00e5 100% forsikring med SpinBetter! Hvis han ikke scorer, refunderer vi dine penge i form af et freebet. Deltag i El Classico og vind med omtanke!\" \/>\n<meta name=\"robots\" content=\"index, follow, max-snippet:-1, max-image-preview:large, max-video-preview:-1\" \/>\n<link rel=\"canonical\" href=\"https:\/\/spinbetter.games\/da\/bonus\/betting-insurance\/\" \/>\n<meta property=\"og:locale\" content=\"da_DK\" \/>\n<meta property=\"og:type\" content=\"article\" \/>\n<meta property=\"og:title\" content=\"SpinBetter 100% m\u00e5lspilsforsikring: Penge tilbage ved tab\" \/>\n<meta property=\"og:description\" content=\"Spil p\u00e5 din favorits m\u00e5l og f\u00e5 100% forsikring med SpinBetter! Hvis han ikke scorer, refunderer vi dine penge i form af et freebet. Deltag i El Classico og vind med omtanke!\" \/>\n<meta property=\"og:url\" content=\"https:\/\/spinbetter.games\/da\/bonus\/betting-insurance\/\" \/>\n<meta property=\"og:site_name\" content=\"SpinBetter da\" \/>\n<meta property=\"article:modified_time\" content=\"2025-05-24T07:34:00+00:00\" \/>\n<meta name=\"twitter:card\" content=\"summary_large_image\" \/>\n<script type=\"application\/ld+json\" class=\"yoast-schema-graph\">{\"@context\":\"https:\/\/schema.org\",\"@graph\":[{\"@type\":\"WebPage\",\"@id\":\"https:\/\/spinbetter.games\/da\/bonus\/betting-insurance\/\",\"url\":\"https:\/\/spinbetter.games\/da\/bonus\/betting-insurance\/\",\"name\":\"SpinBetter 100% m\u00e5lspilsforsikring: Penge tilbage ved tab\",\"isPartOf\":{\"@id\":\"https:\/\/spinbetter.games\/da\/#website\"},\"datePublished\":\"2025-05-12T14:08:44+00:00\",\"dateModified\":\"2025-05-24T07:34:00+00:00\",\"description\":\"Spil p\u00e5 din favorits m\u00e5l og f\u00e5 100% forsikring med SpinBetter! Hvis han ikke scorer, refunderer vi dine penge i form af et freebet. Deltag i El Classico og vind med omtanke!\",\"breadcrumb\":{\"@id\":\"https:\/\/spinbetter.games\/da\/bonus\/betting-insurance\/#breadcrumb\"},\"inLanguage\":\"da-DK\",\"potentialAction\":[{\"@type\":\"ReadAction\",\"target\":[\"https:\/\/spinbetter.games\/da\/bonus\/betting-insurance\/\"]}]},{\"@type\":\"BreadcrumbList\",\"@id\":\"https:\/\/spinbetter.games\/da\/bonus\/betting-insurance\/#breadcrumb\",\"itemListElement\":[{\"@type\":\"ListItem\",\"position\":1,\"name\":\"\u0413\u043b\u0430\u0432\u043d\u0430\u044f \u0441\u0442\u0440\u0430\u043d\u0438\u0446\u0430\",\"item\":\"https:\/\/spinbetter.games\/da\/\"},{\"@type\":\"ListItem\",\"position\":2,\"name\":\"Bonus\",\"item\":\"https:\/\/spinbetter.games\/da\/bonus\/\"},{\"@type\":\"ListItem\",\"position\":3,\"name\":\"100% v\u00e6ddem\u00e5lsforsikring\"}]},{\"@type\":\"WebSite\",\"@id\":\"https:\/\/spinbetter.games\/da\/#website\",\"url\":\"https:\/\/spinbetter.games\/da\/\",\"name\":\"SpinBetter da\",\"description\":\"My WordPress Blog\",\"potentialAction\":[{\"@type\":\"SearchAction\",\"target\":{\"@type\":\"EntryPoint\",\"urlTemplate\":\"https:\/\/spinbetter.games\/da\/?s={search_term_string}\"},\"query-input\":{\"@type\":\"PropertyValueSpecification\",\"valueRequired\":true,\"valueName\":\"search_term_string\"}}],\"inLanguage\":\"da-DK\"}]}<\/script>\n<!-- \/ Yoast SEO plugin. -->","yoast_head_json":{"title":"SpinBetter 100% m\u00e5lspilsforsikring: Penge tilbage ved tab","description":"Spil p\u00e5 din favorits m\u00e5l og f\u00e5 100% forsikring med SpinBetter! Hvis han ikke scorer, refunderer vi dine penge i form af et freebet. Deltag i El Classico og vind med omtanke!","robots":{"index":"index","follow":"follow","max-snippet":"max-snippet:-1","max-image-preview":"max-image-preview:large","max-video-preview":"max-video-preview:-1"},"canonical":"https:\/\/spinbetter.games\/da\/bonus\/betting-insurance\/","og_locale":"da_DK","og_type":"article","og_title":"SpinBetter 100% m\u00e5lspilsforsikring: Penge tilbage ved tab","og_description":"Spil p\u00e5 din favorits m\u00e5l og f\u00e5 100% forsikring med SpinBetter! Hvis han ikke scorer, refunderer vi dine penge i form af et freebet. Deltag i El Classico og vind med omtanke!","og_url":"https:\/\/spinbetter.games\/da\/bonus\/betting-insurance\/","og_site_name":"SpinBetter da","article_modified_time":"2025-05-24T07:34:00+00:00","twitter_card":"summary_large_image","schema":{"@context":"https:\/\/schema.org","@graph":[{"@type":"WebPage","@id":"https:\/\/spinbetter.games\/da\/bonus\/betting-insurance\/","url":"https:\/\/spinbetter.games\/da\/bonus\/betting-insurance\/","name":"SpinBetter 100% m\u00e5lspilsforsikring: Penge tilbage ved tab","isPartOf":{"@id":"https:\/\/spinbetter.games\/da\/#website"},"datePublished":"2025-05-12T14:08:44+00:00","dateModified":"2025-05-24T07:34:00+00:00","description":"Spil p\u00e5 din favorits m\u00e5l og f\u00e5 100% forsikring med SpinBetter! Hvis han ikke scorer, refunderer vi dine penge i form af et freebet. Deltag i El Classico og vind med omtanke!","breadcrumb":{"@id":"https:\/\/spinbetter.games\/da\/bonus\/betting-insurance\/#breadcrumb"},"inLanguage":"da-DK","potentialAction":[{"@type":"ReadAction","target":["https:\/\/spinbetter.games\/da\/bonus\/betting-insurance\/"]}]},{"@type":"BreadcrumbList","@id":"https:\/\/spinbetter.games\/da\/bonus\/betting-insurance\/#breadcrumb","itemListElement":[{"@type":"ListItem","position":1,"name":"\u0413\u043b\u0430\u0432\u043d\u0430\u044f \u0441\u0442\u0440\u0430\u043d\u0438\u0446\u0430","item":"https:\/\/spinbetter.games\/da\/"},{"@type":"ListItem","position":2,"name":"Bonus","item":"https:\/\/spinbetter.games\/da\/bonus\/"},{"@type":"ListItem","position":3,"name":"100% v\u00e6ddem\u00e5lsforsikring"}]},{"@type":"WebSite","@id":"https:\/\/spinbetter.games\/da\/#website","url":"https:\/\/spinbetter.games\/da\/","name":"SpinBetter da","description":"My WordPress Blog","potentialAction":[{"@type":"SearchAction","target":{"@type":"EntryPoint","urlTemplate":"https:\/\/spinbetter.games\/da\/?s={search_term_string}"},"query-input":{"@type":"PropertyValueSpecification","valueRequired":true,"valueName":"search_term_string"}}],"inLanguage":"da-DK"}]}},"_links":{"self":[{"href":"https:\/\/spinbetter.games\/da\/wp-json\/wp\/v2\/pages\/1359","targetHints":{"allow":["GET"]}}],"collection":[{"href":"https:\/\/spinbetter.games\/da\/wp-json\/wp\/v2\/pages"}],"about":[{"href":"https:\/\/spinbetter.games\/da\/wp-json\/wp\/v2\/types\/page"}],"author":[{"embeddable":true,"href":"https:\/\/spinbetter.games\/da\/wp-json\/wp\/v2\/users\/1"}],"replies":[{"embeddable":true,"href":"https:\/\/spinbetter.games\/da\/wp-json\/wp\/v2\/comments?post=1359"}],"version-history":[{"count":5,"href":"https:\/\/spinbetter.games\/da\/wp-json\/wp\/v2\/pages\/1359\/revisions"}],"predecessor-version":[{"id":1411,"href":"https:\/\/spinbetter.games\/da\/wp-json\/wp\/v2\/pages\/1359\/revisions\/1411"}],"up":[{"embeddable":true,"href":"https:\/\/spinbetter.games\/da\/wp-json\/wp\/v2\/pages\/152"}],"wp:attachment":[{"href":"https:\/\/spinbetter.games\/da\/wp-json\/wp\/v2\/media?parent=1359"}],"curies":[{"name":"wp","href":"https:\/\/api.w.org\/{rel}","templated":true}]}}