{"id":255,"date":"2025-02-10T08:11:18","date_gmt":"2025-02-10T08:11:18","guid":{"rendered":"https:\/\/spinbetter.games\/da\/?page_id=255"},"modified":"2025-02-17T12:07:09","modified_gmt":"2025-02-17T12:07:09","slug":"login","status":"publish","type":"page","link":"https:\/\/spinbetter.games\/da\/login\/","title":{"rendered":"Login"},"content":{"rendered":"","protected":false},"excerpt":{"rendered":"","protected":false},"author":1,"featured_media":0,"parent":0,"menu_order":0,"comment_status":"closed","ping_status":"closed","template":"","meta":{"footnotes":""},"class_list":["post-255","page","type-page","status-publish","hentry"],"yoast_head":"<!-- This site is optimized with the Yoast SEO plugin v26.8 - https:\/\/yoast.com\/product\/yoast-seo-wordpress\/ -->\n<title>Spinbetter Danmark login og tilmelding<\/title>\n<meta name=\"description\" content=\"Trin-for-trin Spinbetter-loginproces - S\u00e5dan f\u00e5r du adgang til din konto - Log ind p\u00e5 Spin Better og f\u00e5 en velkomstpakke op til 11 000 DKK og 150 gratis spins\" \/>\n<meta name=\"robots\" content=\"index, follow, max-snippet:-1, max-image-preview:large, max-video-preview:-1\" \/>\n<link rel=\"canonical\" href=\"https:\/\/spinbetter.games\/da\/login\/\" \/>\n<meta property=\"og:locale\" content=\"da_DK\" \/>\n<meta property=\"og:type\" content=\"article\" \/>\n<meta property=\"og:title\" content=\"Spinbetter Danmark login og tilmelding\" \/>\n<meta property=\"og:description\" content=\"Trin-for-trin Spinbetter-loginproces - S\u00e5dan f\u00e5r du adgang til din konto - Log ind p\u00e5 Spin Better og f\u00e5 en velkomstpakke op til 11 000 DKK og 150 gratis spins\" \/>\n<meta property=\"og:url\" content=\"https:\/\/spinbetter.games\/da\/login\/\" \/>\n<meta property=\"og:site_name\" content=\"SpinBetter da\" \/>\n<meta property=\"article:modified_time\" content=\"2025-02-17T12:07:09+00:00\" \/>\n<meta name=\"twitter:card\" content=\"summary_large_image\" \/>\n<script type=\"application\/ld+json\" class=\"yoast-schema-graph\">{\"@context\":\"https:\/\/schema.org\",\"@graph\":[{\"@type\":\"WebPage\",\"@id\":\"https:\/\/spinbetter.games\/da\/login\/\",\"url\":\"https:\/\/spinbetter.games\/da\/login\/\",\"name\":\"Spinbetter Danmark login og tilmelding\",\"isPartOf\":{\"@id\":\"https:\/\/spinbetter.games\/da\/#website\"},\"datePublished\":\"2025-02-10T08:11:18+00:00\",\"dateModified\":\"2025-02-17T12:07:09+00:00\",\"description\":\"Trin-for-trin Spinbetter-loginproces - S\u00e5dan f\u00e5r du adgang til din konto - Log ind p\u00e5 Spin Better og f\u00e5 en velkomstpakke op til 11 000 DKK og 150 gratis spins\",\"breadcrumb\":{\"@id\":\"https:\/\/spinbetter.games\/da\/login\/#breadcrumb\"},\"inLanguage\":\"da-DK\",\"potentialAction\":[{\"@type\":\"ReadAction\",\"target\":[\"https:\/\/spinbetter.games\/da\/login\/\"]}]},{\"@type\":\"BreadcrumbList\",\"@id\":\"https:\/\/spinbetter.games\/da\/login\/#breadcrumb\",\"itemListElement\":[{\"@type\":\"ListItem\",\"position\":1,\"name\":\"\u0413\u043b\u0430\u0432\u043d\u0430\u044f \u0441\u0442\u0440\u0430\u043d\u0438\u0446\u0430\",\"item\":\"https:\/\/spinbetter.games\/da\/\"},{\"@type\":\"ListItem\",\"position\":2,\"name\":\"Login\"}]},{\"@type\":\"WebSite\",\"@id\":\"https:\/\/spinbetter.games\/da\/#website\",\"url\":\"https:\/\/spinbetter.games\/da\/\",\"name\":\"SpinBetter da\",\"description\":\"My WordPress Blog\",\"potentialAction\":[{\"@type\":\"SearchAction\",\"target\":{\"@type\":\"EntryPoint\",\"urlTemplate\":\"https:\/\/spinbetter.games\/da\/?s={search_term_string}\"},\"query-input\":{\"@type\":\"PropertyValueSpecification\",\"valueRequired\":true,\"valueName\":\"search_term_string\"}}],\"inLanguage\":\"da-DK\"}]}<\/script>\n<!-- \/ Yoast SEO plugin. -->","yoast_head_json":{"title":"Spinbetter Danmark login og tilmelding","description":"Trin-for-trin Spinbetter-loginproces - S\u00e5dan f\u00e5r du adgang til din konto - Log ind p\u00e5 Spin Better og f\u00e5 en velkomstpakke op til 11 000 DKK og 150 gratis spins","robots":{"index":"index","follow":"follow","max-snippet":"max-snippet:-1","max-image-preview":"max-image-preview:large","max-video-preview":"max-video-preview:-1"},"canonical":"https:\/\/spinbetter.games\/da\/login\/","og_locale":"da_DK","og_type":"article","og_title":"Spinbetter Danmark login og tilmelding","og_description":"Trin-for-trin Spinbetter-loginproces - S\u00e5dan f\u00e5r du adgang til din konto - Log ind p\u00e5 Spin Better og f\u00e5 en velkomstpakke op til 11 000 DKK og 150 gratis spins","og_url":"https:\/\/spinbetter.games\/da\/login\/","og_site_name":"SpinBetter da","article_modified_time":"2025-02-17T12:07:09+00:00","twitter_card":"summary_large_image","schema":{"@context":"https:\/\/schema.org","@graph":[{"@type":"WebPage","@id":"https:\/\/spinbetter.games\/da\/login\/","url":"https:\/\/spinbetter.games\/da\/login\/","name":"Spinbetter Danmark login og tilmelding","isPartOf":{"@id":"https:\/\/spinbetter.games\/da\/#website"},"datePublished":"2025-02-10T08:11:18+00:00","dateModified":"2025-02-17T12:07:09+00:00","description":"Trin-for-trin Spinbetter-loginproces - S\u00e5dan f\u00e5r du adgang til din konto - Log ind p\u00e5 Spin Better og f\u00e5 en velkomstpakke op til 11 000 DKK og 150 gratis spins","breadcrumb":{"@id":"https:\/\/spinbetter.games\/da\/login\/#breadcrumb"},"inLanguage":"da-DK","potentialAction":[{"@type":"ReadAction","target":["https:\/\/spinbetter.games\/da\/login\/"]}]},{"@type":"BreadcrumbList","@id":"https:\/\/spinbetter.games\/da\/login\/#breadcrumb","itemListElement":[{"@type":"ListItem","position":1,"name":"\u0413\u043b\u0430\u0432\u043d\u0430\u044f \u0441\u0442\u0440\u0430\u043d\u0438\u0446\u0430","item":"https:\/\/spinbetter.games\/da\/"},{"@type":"ListItem","position":2,"name":"Login"}]},{"@type":"WebSite","@id":"https:\/\/spinbetter.games\/da\/#website","url":"https:\/\/spinbetter.games\/da\/","name":"SpinBetter da","description":"My WordPress Blog","potentialAction":[{"@type":"SearchAction","target":{"@type":"EntryPoint","urlTemplate":"https:\/\/spinbetter.games\/da\/?s={search_term_string}"},"query-input":{"@type":"PropertyValueSpecification","valueRequired":true,"valueName":"search_term_string"}}],"inLanguage":"da-DK"}]}},"_links":{"self":[{"href":"https:\/\/spinbetter.games\/da\/wp-json\/wp\/v2\/pages\/255","targetHints":{"allow":["GET"]}}],"collection":[{"href":"https:\/\/spinbetter.games\/da\/wp-json\/wp\/v2\/pages"}],"about":[{"href":"https:\/\/spinbetter.games\/da\/wp-json\/wp\/v2\/types\/page"}],"author":[{"embeddable":true,"href":"https:\/\/spinbetter.games\/da\/wp-json\/wp\/v2\/users\/1"}],"replies":[{"embeddable":true,"href":"https:\/\/spinbetter.games\/da\/wp-json\/wp\/v2\/comments?post=255"}],"version-history":[{"count":7,"href":"https:\/\/spinbetter.games\/da\/wp-json\/wp\/v2\/pages\/255\/revisions"}],"predecessor-version":[{"id":875,"href":"https:\/\/spinbetter.games\/da\/wp-json\/wp\/v2\/pages\/255\/revisions\/875"}],"wp:attachment":[{"href":"https:\/\/spinbetter.games\/da\/wp-json\/wp\/v2\/media?parent=255"}],"curies":[{"name":"wp","href":"https:\/\/api.w.org\/{rel}","templated":true}]}}