{"id":459,"date":"2024-10-11T12:53:54","date_gmt":"2024-10-11T12:53:54","guid":{"rendered":"https:\/\/spinbetter.games\/da\/?page_id=459"},"modified":"2025-02-17T13:04:11","modified_gmt":"2025-02-17T13:04:11","slug":"sports","status":"publish","type":"page","link":"https:\/\/spinbetter.games\/da\/sports\/","title":{"rendered":"Sport"},"content":{"rendered":"","protected":false},"excerpt":{"rendered":"","protected":false},"author":1,"featured_media":0,"parent":0,"menu_order":0,"comment_status":"closed","ping_status":"closed","template":"","meta":{"footnotes":""},"class_list":["post-459","page","type-page","status-publish","hentry"],"yoast_head":"<!-- This site is optimized with the Yoast SEO plugin v26.8 - https:\/\/yoast.com\/product\/yoast-seo-wordpress\/ -->\n<title>SpinBetter Danmark: Online sportsv\u00e6ddem\u00e5l<\/title>\n<meta name=\"description\" content=\"SpinBetter er en online platform, der tilbyder h\u00f8je odds for sportsv\u00e6ddem\u00e5l, live-v\u00e6ddem\u00e5l og en lang r\u00e6kke sportsbegivenheder. Start dit sportsbetting-eventyr med Spin Better!\" \/>\n<meta name=\"robots\" content=\"index, follow, max-snippet:-1, max-image-preview:large, max-video-preview:-1\" \/>\n<link rel=\"canonical\" href=\"https:\/\/spinbetter.games\/da\/sports\/\" \/>\n<meta property=\"og:locale\" content=\"da_DK\" \/>\n<meta property=\"og:type\" content=\"article\" \/>\n<meta property=\"og:title\" content=\"SpinBetter Danmark: Online sportsv\u00e6ddem\u00e5l\" \/>\n<meta property=\"og:description\" content=\"SpinBetter er en online platform, der tilbyder h\u00f8je odds for sportsv\u00e6ddem\u00e5l, live-v\u00e6ddem\u00e5l og en lang r\u00e6kke sportsbegivenheder. Start dit sportsbetting-eventyr med Spin Better!\" \/>\n<meta property=\"og:url\" content=\"https:\/\/spinbetter.games\/da\/sports\/\" \/>\n<meta property=\"og:site_name\" content=\"SpinBetter da\" \/>\n<meta property=\"article:modified_time\" content=\"2025-02-17T13:04:11+00:00\" \/>\n<meta name=\"twitter:card\" content=\"summary_large_image\" \/>\n<script type=\"application\/ld+json\" class=\"yoast-schema-graph\">{\"@context\":\"https:\/\/schema.org\",\"@graph\":[{\"@type\":\"WebPage\",\"@id\":\"https:\/\/spinbetter.games\/da\/sports\/\",\"url\":\"https:\/\/spinbetter.games\/da\/sports\/\",\"name\":\"SpinBetter Danmark: Online sportsv\u00e6ddem\u00e5l\",\"isPartOf\":{\"@id\":\"https:\/\/spinbetter.games\/da\/#website\"},\"datePublished\":\"2024-10-11T12:53:54+00:00\",\"dateModified\":\"2025-02-17T13:04:11+00:00\",\"description\":\"SpinBetter er en online platform, der tilbyder h\u00f8je odds for sportsv\u00e6ddem\u00e5l, live-v\u00e6ddem\u00e5l og en lang r\u00e6kke sportsbegivenheder. Start dit sportsbetting-eventyr med Spin Better!\",\"breadcrumb\":{\"@id\":\"https:\/\/spinbetter.games\/da\/sports\/#breadcrumb\"},\"inLanguage\":\"da-DK\",\"potentialAction\":[{\"@type\":\"ReadAction\",\"target\":[\"https:\/\/spinbetter.games\/da\/sports\/\"]}]},{\"@type\":\"BreadcrumbList\",\"@id\":\"https:\/\/spinbetter.games\/da\/sports\/#breadcrumb\",\"itemListElement\":[{\"@type\":\"ListItem\",\"position\":1,\"name\":\"\u0413\u043b\u0430\u0432\u043d\u0430\u044f \u0441\u0442\u0440\u0430\u043d\u0438\u0446\u0430\",\"item\":\"https:\/\/spinbetter.games\/da\/\"},{\"@type\":\"ListItem\",\"position\":2,\"name\":\"Sport\"}]},{\"@type\":\"WebSite\",\"@id\":\"https:\/\/spinbetter.games\/da\/#website\",\"url\":\"https:\/\/spinbetter.games\/da\/\",\"name\":\"SpinBetter da\",\"description\":\"My WordPress Blog\",\"potentialAction\":[{\"@type\":\"SearchAction\",\"target\":{\"@type\":\"EntryPoint\",\"urlTemplate\":\"https:\/\/spinbetter.games\/da\/?s={search_term_string}\"},\"query-input\":{\"@type\":\"PropertyValueSpecification\",\"valueRequired\":true,\"valueName\":\"search_term_string\"}}],\"inLanguage\":\"da-DK\"}]}<\/script>\n<!-- \/ Yoast SEO plugin. -->","yoast_head_json":{"title":"SpinBetter Danmark: Online sportsv\u00e6ddem\u00e5l","description":"SpinBetter er en online platform, der tilbyder h\u00f8je odds for sportsv\u00e6ddem\u00e5l, live-v\u00e6ddem\u00e5l og en lang r\u00e6kke sportsbegivenheder. Start dit sportsbetting-eventyr med Spin Better!","robots":{"index":"index","follow":"follow","max-snippet":"max-snippet:-1","max-image-preview":"max-image-preview:large","max-video-preview":"max-video-preview:-1"},"canonical":"https:\/\/spinbetter.games\/da\/sports\/","og_locale":"da_DK","og_type":"article","og_title":"SpinBetter Danmark: Online sportsv\u00e6ddem\u00e5l","og_description":"SpinBetter er en online platform, der tilbyder h\u00f8je odds for sportsv\u00e6ddem\u00e5l, live-v\u00e6ddem\u00e5l og en lang r\u00e6kke sportsbegivenheder. Start dit sportsbetting-eventyr med Spin Better!","og_url":"https:\/\/spinbetter.games\/da\/sports\/","og_site_name":"SpinBetter da","article_modified_time":"2025-02-17T13:04:11+00:00","twitter_card":"summary_large_image","schema":{"@context":"https:\/\/schema.org","@graph":[{"@type":"WebPage","@id":"https:\/\/spinbetter.games\/da\/sports\/","url":"https:\/\/spinbetter.games\/da\/sports\/","name":"SpinBetter Danmark: Online sportsv\u00e6ddem\u00e5l","isPartOf":{"@id":"https:\/\/spinbetter.games\/da\/#website"},"datePublished":"2024-10-11T12:53:54+00:00","dateModified":"2025-02-17T13:04:11+00:00","description":"SpinBetter er en online platform, der tilbyder h\u00f8je odds for sportsv\u00e6ddem\u00e5l, live-v\u00e6ddem\u00e5l og en lang r\u00e6kke sportsbegivenheder. Start dit sportsbetting-eventyr med Spin Better!","breadcrumb":{"@id":"https:\/\/spinbetter.games\/da\/sports\/#breadcrumb"},"inLanguage":"da-DK","potentialAction":[{"@type":"ReadAction","target":["https:\/\/spinbetter.games\/da\/sports\/"]}]},{"@type":"BreadcrumbList","@id":"https:\/\/spinbetter.games\/da\/sports\/#breadcrumb","itemListElement":[{"@type":"ListItem","position":1,"name":"\u0413\u043b\u0430\u0432\u043d\u0430\u044f \u0441\u0442\u0440\u0430\u043d\u0438\u0446\u0430","item":"https:\/\/spinbetter.games\/da\/"},{"@type":"ListItem","position":2,"name":"Sport"}]},{"@type":"WebSite","@id":"https:\/\/spinbetter.games\/da\/#website","url":"https:\/\/spinbetter.games\/da\/","name":"SpinBetter da","description":"My WordPress Blog","potentialAction":[{"@type":"SearchAction","target":{"@type":"EntryPoint","urlTemplate":"https:\/\/spinbetter.games\/da\/?s={search_term_string}"},"query-input":{"@type":"PropertyValueSpecification","valueRequired":true,"valueName":"search_term_string"}}],"inLanguage":"da-DK"}]}},"_links":{"self":[{"href":"https:\/\/spinbetter.games\/da\/wp-json\/wp\/v2\/pages\/459","targetHints":{"allow":["GET"]}}],"collection":[{"href":"https:\/\/spinbetter.games\/da\/wp-json\/wp\/v2\/pages"}],"about":[{"href":"https:\/\/spinbetter.games\/da\/wp-json\/wp\/v2\/types\/page"}],"author":[{"embeddable":true,"href":"https:\/\/spinbetter.games\/da\/wp-json\/wp\/v2\/users\/1"}],"replies":[{"embeddable":true,"href":"https:\/\/spinbetter.games\/da\/wp-json\/wp\/v2\/comments?post=459"}],"version-history":[{"count":4,"href":"https:\/\/spinbetter.games\/da\/wp-json\/wp\/v2\/pages\/459\/revisions"}],"predecessor-version":[{"id":882,"href":"https:\/\/spinbetter.games\/da\/wp-json\/wp\/v2\/pages\/459\/revisions\/882"}],"wp:attachment":[{"href":"https:\/\/spinbetter.games\/da\/wp-json\/wp\/v2\/media?parent=459"}],"curies":[{"name":"wp","href":"https:\/\/api.w.org\/{rel}","templated":true}]}}