{"id":566,"date":"2024-10-30T14:03:04","date_gmt":"2024-10-30T14:03:04","guid":{"rendered":"https:\/\/spinbetter.games\/da\/?page_id=566"},"modified":"2025-02-17T10:49:03","modified_gmt":"2025-02-17T10:49:03","slug":"football","status":"publish","type":"page","link":"https:\/\/spinbetter.games\/da\/football\/","title":{"rendered":"Fodbold"},"content":{"rendered":"","protected":false},"excerpt":{"rendered":"","protected":false},"author":1,"featured_media":0,"parent":0,"menu_order":0,"comment_status":"closed","ping_status":"closed","template":"","meta":{"footnotes":""},"class_list":["post-566","page","type-page","status-publish","hentry"],"yoast_head":"<!-- This site is optimized with the Yoast SEO plugin v26.8 - https:\/\/yoast.com\/product\/yoast-seo-wordpress\/ -->\n<title>SpinBetter Danmark fodboldspil \u2714\ufe0f H\u00f8je odds<\/title>\n<meta name=\"description\" content=\"Spinbetter tilbyder en bred vifte af fodboldv\u00e6ddem\u00e5l og markeder \u26a1 L\u00e6r at spille p\u00e5 fodbold og find de bedste odds hos Spin Better \u26bd F\u00e5 professionelle tips til fodboldv\u00e6ddem\u00e5l\" \/>\n<meta name=\"robots\" content=\"index, follow, max-snippet:-1, max-image-preview:large, max-video-preview:-1\" \/>\n<link rel=\"canonical\" href=\"https:\/\/spinbetter.games\/da\/football\/\" \/>\n<meta property=\"og:locale\" content=\"da_DK\" \/>\n<meta property=\"og:type\" content=\"article\" \/>\n<meta property=\"og:title\" content=\"SpinBetter Danmark fodboldspil \u2714\ufe0f H\u00f8je odds\" \/>\n<meta property=\"og:description\" content=\"Spinbetter tilbyder en bred vifte af fodboldv\u00e6ddem\u00e5l og markeder \u26a1 L\u00e6r at spille p\u00e5 fodbold og find de bedste odds hos Spin Better \u26bd F\u00e5 professionelle tips til fodboldv\u00e6ddem\u00e5l\" \/>\n<meta property=\"og:url\" content=\"https:\/\/spinbetter.games\/da\/football\/\" \/>\n<meta property=\"og:site_name\" content=\"SpinBetter da\" \/>\n<meta property=\"article:modified_time\" content=\"2025-02-17T10:49:03+00:00\" \/>\n<meta name=\"twitter:card\" content=\"summary_large_image\" \/>\n<script type=\"application\/ld+json\" class=\"yoast-schema-graph\">{\"@context\":\"https:\/\/schema.org\",\"@graph\":[{\"@type\":\"WebPage\",\"@id\":\"https:\/\/spinbetter.games\/da\/football\/\",\"url\":\"https:\/\/spinbetter.games\/da\/football\/\",\"name\":\"SpinBetter Danmark fodboldspil \u2714\ufe0f H\u00f8je odds\",\"isPartOf\":{\"@id\":\"https:\/\/spinbetter.games\/da\/#website\"},\"datePublished\":\"2024-10-30T14:03:04+00:00\",\"dateModified\":\"2025-02-17T10:49:03+00:00\",\"description\":\"Spinbetter tilbyder en bred vifte af fodboldv\u00e6ddem\u00e5l og markeder \u26a1 L\u00e6r at spille p\u00e5 fodbold og find de bedste odds hos Spin Better \u26bd F\u00e5 professionelle tips til fodboldv\u00e6ddem\u00e5l\",\"breadcrumb\":{\"@id\":\"https:\/\/spinbetter.games\/da\/football\/#breadcrumb\"},\"inLanguage\":\"da-DK\",\"potentialAction\":[{\"@type\":\"ReadAction\",\"target\":[\"https:\/\/spinbetter.games\/da\/football\/\"]}]},{\"@type\":\"BreadcrumbList\",\"@id\":\"https:\/\/spinbetter.games\/da\/football\/#breadcrumb\",\"itemListElement\":[{\"@type\":\"ListItem\",\"position\":1,\"name\":\"\u0413\u043b\u0430\u0432\u043d\u0430\u044f \u0441\u0442\u0440\u0430\u043d\u0438\u0446\u0430\",\"item\":\"https:\/\/spinbetter.games\/da\/\"},{\"@type\":\"ListItem\",\"position\":2,\"name\":\"Fodbold\"}]},{\"@type\":\"WebSite\",\"@id\":\"https:\/\/spinbetter.games\/da\/#website\",\"url\":\"https:\/\/spinbetter.games\/da\/\",\"name\":\"SpinBetter da\",\"description\":\"My WordPress Blog\",\"potentialAction\":[{\"@type\":\"SearchAction\",\"target\":{\"@type\":\"EntryPoint\",\"urlTemplate\":\"https:\/\/spinbetter.games\/da\/?s={search_term_string}\"},\"query-input\":{\"@type\":\"PropertyValueSpecification\",\"valueRequired\":true,\"valueName\":\"search_term_string\"}}],\"inLanguage\":\"da-DK\"}]}<\/script>\n<!-- \/ Yoast SEO plugin. -->","yoast_head_json":{"title":"SpinBetter Danmark fodboldspil \u2714\ufe0f H\u00f8je odds","description":"Spinbetter tilbyder en bred vifte af fodboldv\u00e6ddem\u00e5l og markeder \u26a1 L\u00e6r at spille p\u00e5 fodbold og find de bedste odds hos Spin Better \u26bd F\u00e5 professionelle tips til fodboldv\u00e6ddem\u00e5l","robots":{"index":"index","follow":"follow","max-snippet":"max-snippet:-1","max-image-preview":"max-image-preview:large","max-video-preview":"max-video-preview:-1"},"canonical":"https:\/\/spinbetter.games\/da\/football\/","og_locale":"da_DK","og_type":"article","og_title":"SpinBetter Danmark fodboldspil \u2714\ufe0f H\u00f8je odds","og_description":"Spinbetter tilbyder en bred vifte af fodboldv\u00e6ddem\u00e5l og markeder \u26a1 L\u00e6r at spille p\u00e5 fodbold og find de bedste odds hos Spin Better \u26bd F\u00e5 professionelle tips til fodboldv\u00e6ddem\u00e5l","og_url":"https:\/\/spinbetter.games\/da\/football\/","og_site_name":"SpinBetter da","article_modified_time":"2025-02-17T10:49:03+00:00","twitter_card":"summary_large_image","schema":{"@context":"https:\/\/schema.org","@graph":[{"@type":"WebPage","@id":"https:\/\/spinbetter.games\/da\/football\/","url":"https:\/\/spinbetter.games\/da\/football\/","name":"SpinBetter Danmark fodboldspil \u2714\ufe0f H\u00f8je odds","isPartOf":{"@id":"https:\/\/spinbetter.games\/da\/#website"},"datePublished":"2024-10-30T14:03:04+00:00","dateModified":"2025-02-17T10:49:03+00:00","description":"Spinbetter tilbyder en bred vifte af fodboldv\u00e6ddem\u00e5l og markeder \u26a1 L\u00e6r at spille p\u00e5 fodbold og find de bedste odds hos Spin Better \u26bd F\u00e5 professionelle tips til fodboldv\u00e6ddem\u00e5l","breadcrumb":{"@id":"https:\/\/spinbetter.games\/da\/football\/#breadcrumb"},"inLanguage":"da-DK","potentialAction":[{"@type":"ReadAction","target":["https:\/\/spinbetter.games\/da\/football\/"]}]},{"@type":"BreadcrumbList","@id":"https:\/\/spinbetter.games\/da\/football\/#breadcrumb","itemListElement":[{"@type":"ListItem","position":1,"name":"\u0413\u043b\u0430\u0432\u043d\u0430\u044f \u0441\u0442\u0440\u0430\u043d\u0438\u0446\u0430","item":"https:\/\/spinbetter.games\/da\/"},{"@type":"ListItem","position":2,"name":"Fodbold"}]},{"@type":"WebSite","@id":"https:\/\/spinbetter.games\/da\/#website","url":"https:\/\/spinbetter.games\/da\/","name":"SpinBetter da","description":"My WordPress Blog","potentialAction":[{"@type":"SearchAction","target":{"@type":"EntryPoint","urlTemplate":"https:\/\/spinbetter.games\/da\/?s={search_term_string}"},"query-input":{"@type":"PropertyValueSpecification","valueRequired":true,"valueName":"search_term_string"}}],"inLanguage":"da-DK"}]}},"_links":{"self":[{"href":"https:\/\/spinbetter.games\/da\/wp-json\/wp\/v2\/pages\/566","targetHints":{"allow":["GET"]}}],"collection":[{"href":"https:\/\/spinbetter.games\/da\/wp-json\/wp\/v2\/pages"}],"about":[{"href":"https:\/\/spinbetter.games\/da\/wp-json\/wp\/v2\/types\/page"}],"author":[{"embeddable":true,"href":"https:\/\/spinbetter.games\/da\/wp-json\/wp\/v2\/users\/1"}],"replies":[{"embeddable":true,"href":"https:\/\/spinbetter.games\/da\/wp-json\/wp\/v2\/comments?post=566"}],"version-history":[{"count":4,"href":"https:\/\/spinbetter.games\/da\/wp-json\/wp\/v2\/pages\/566\/revisions"}],"predecessor-version":[{"id":870,"href":"https:\/\/spinbetter.games\/da\/wp-json\/wp\/v2\/pages\/566\/revisions\/870"}],"wp:attachment":[{"href":"https:\/\/spinbetter.games\/da\/wp-json\/wp\/v2\/media?parent=566"}],"curies":[{"name":"wp","href":"https:\/\/api.w.org\/{rel}","templated":true}]}}