{"id":920,"date":"2025-03-05T14:08:33","date_gmt":"2025-03-05T14:08:33","guid":{"rendered":"https:\/\/spinbetter.games\/?page_id=920"},"modified":"2025-05-16T14:13:40","modified_gmt":"2025-05-16T14:13:40","slug":"first-deposit","status":"publish","type":"page","link":"https:\/\/spinbetter.games\/da\/bonus\/first-deposit\/","title":{"rendered":"F\u00f8rste indbetaling"},"content":{"rendered":"","protected":false},"excerpt":{"rendered":"","protected":false},"author":1,"featured_media":0,"parent":152,"menu_order":0,"comment_status":"closed","ping_status":"closed","template":"","meta":{"footnotes":""},"class_list":["post-920","page","type-page","status-publish","hentry"],"yoast_head":"<!-- This site is optimized with the Yoast SEO plugin v26.8 - https:\/\/yoast.com\/product\/yoast-seo-wordpress\/ -->\n<title>Spinbetter Bonus p\u00e5 den f\u00f8rste indbetaling 100% \u1409 For\u00f8g dine odds<\/title>\n<meta name=\"description\" content=\"F\u00e5 en 100% bonus p\u00e5 din f\u00f8rste indbetaling hos SpinBetter og \u00f8g dine chancer for at vinde! \ud83d\udca5 Tag det f\u00f8rste skridt mod store gevinster - \u00e5bn jagten p\u00e5 gevinster lige nu! \ud83e\udd11\" \/>\n<meta name=\"robots\" content=\"index, follow, max-snippet:-1, max-image-preview:large, max-video-preview:-1\" \/>\n<link rel=\"canonical\" href=\"https:\/\/spinbetter.games\/da\/bonus\/first-deposit\/\" \/>\n<meta property=\"og:locale\" content=\"da_DK\" \/>\n<meta property=\"og:type\" content=\"article\" \/>\n<meta property=\"og:title\" content=\"Spinbetter Bonus p\u00e5 den f\u00f8rste indbetaling 100% \u1409 For\u00f8g dine odds\" \/>\n<meta property=\"og:description\" content=\"F\u00e5 en 100% bonus p\u00e5 din f\u00f8rste indbetaling hos SpinBetter og \u00f8g dine chancer for at vinde! \ud83d\udca5 Tag det f\u00f8rste skridt mod store gevinster - \u00e5bn jagten p\u00e5 gevinster lige nu! \ud83e\udd11\" \/>\n<meta property=\"og:url\" content=\"https:\/\/spinbetter.games\/da\/bonus\/first-deposit\/\" \/>\n<meta property=\"og:site_name\" content=\"SpinBetter da\" \/>\n<meta property=\"article:modified_time\" content=\"2025-05-16T14:13:40+00:00\" \/>\n<meta name=\"twitter:card\" content=\"summary_large_image\" \/>\n<script type=\"application\/ld+json\" class=\"yoast-schema-graph\">{\"@context\":\"https:\/\/schema.org\",\"@graph\":[{\"@type\":\"WebPage\",\"@id\":\"https:\/\/spinbetter.games\/da\/bonus\/first-deposit\/\",\"url\":\"https:\/\/spinbetter.games\/da\/bonus\/first-deposit\/\",\"name\":\"Spinbetter Bonus p\u00e5 den f\u00f8rste indbetaling 100% \u1409 For\u00f8g dine odds\",\"isPartOf\":{\"@id\":\"https:\/\/spinbetter.games\/da\/#website\"},\"datePublished\":\"2025-03-05T14:08:33+00:00\",\"dateModified\":\"2025-05-16T14:13:40+00:00\",\"description\":\"F\u00e5 en 100% bonus p\u00e5 din f\u00f8rste indbetaling hos SpinBetter og \u00f8g dine chancer for at vinde! \ud83d\udca5 Tag det f\u00f8rste skridt mod store gevinster - \u00e5bn jagten p\u00e5 gevinster lige nu! \ud83e\udd11\",\"breadcrumb\":{\"@id\":\"https:\/\/spinbetter.games\/da\/bonus\/first-deposit\/#breadcrumb\"},\"inLanguage\":\"da-DK\",\"potentialAction\":[{\"@type\":\"ReadAction\",\"target\":[\"https:\/\/spinbetter.games\/da\/bonus\/first-deposit\/\"]}]},{\"@type\":\"BreadcrumbList\",\"@id\":\"https:\/\/spinbetter.games\/da\/bonus\/first-deposit\/#breadcrumb\",\"itemListElement\":[{\"@type\":\"ListItem\",\"position\":1,\"name\":\"\u0413\u043b\u0430\u0432\u043d\u0430\u044f \u0441\u0442\u0440\u0430\u043d\u0438\u0446\u0430\",\"item\":\"https:\/\/spinbetter.games\/da\/\"},{\"@type\":\"ListItem\",\"position\":2,\"name\":\"Bonus\",\"item\":\"https:\/\/spinbetter.games\/da\/bonus\/\"},{\"@type\":\"ListItem\",\"position\":3,\"name\":\"F\u00f8rste indbetaling\"}]},{\"@type\":\"WebSite\",\"@id\":\"https:\/\/spinbetter.games\/da\/#website\",\"url\":\"https:\/\/spinbetter.games\/da\/\",\"name\":\"SpinBetter da\",\"description\":\"My WordPress Blog\",\"potentialAction\":[{\"@type\":\"SearchAction\",\"target\":{\"@type\":\"EntryPoint\",\"urlTemplate\":\"https:\/\/spinbetter.games\/da\/?s={search_term_string}\"},\"query-input\":{\"@type\":\"PropertyValueSpecification\",\"valueRequired\":true,\"valueName\":\"search_term_string\"}}],\"inLanguage\":\"da-DK\"}]}<\/script>\n<!-- \/ Yoast SEO plugin. -->","yoast_head_json":{"title":"Spinbetter Bonus p\u00e5 den f\u00f8rste indbetaling 100% \u1409 For\u00f8g dine odds","description":"F\u00e5 en 100% bonus p\u00e5 din f\u00f8rste indbetaling hos SpinBetter og \u00f8g dine chancer for at vinde! \ud83d\udca5 Tag det f\u00f8rste skridt mod store gevinster - \u00e5bn jagten p\u00e5 gevinster lige nu! \ud83e\udd11","robots":{"index":"index","follow":"follow","max-snippet":"max-snippet:-1","max-image-preview":"max-image-preview:large","max-video-preview":"max-video-preview:-1"},"canonical":"https:\/\/spinbetter.games\/da\/bonus\/first-deposit\/","og_locale":"da_DK","og_type":"article","og_title":"Spinbetter Bonus p\u00e5 den f\u00f8rste indbetaling 100% \u1409 For\u00f8g dine odds","og_description":"F\u00e5 en 100% bonus p\u00e5 din f\u00f8rste indbetaling hos SpinBetter og \u00f8g dine chancer for at vinde! \ud83d\udca5 Tag det f\u00f8rste skridt mod store gevinster - \u00e5bn jagten p\u00e5 gevinster lige nu! \ud83e\udd11","og_url":"https:\/\/spinbetter.games\/da\/bonus\/first-deposit\/","og_site_name":"SpinBetter da","article_modified_time":"2025-05-16T14:13:40+00:00","twitter_card":"summary_large_image","schema":{"@context":"https:\/\/schema.org","@graph":[{"@type":"WebPage","@id":"https:\/\/spinbetter.games\/da\/bonus\/first-deposit\/","url":"https:\/\/spinbetter.games\/da\/bonus\/first-deposit\/","name":"Spinbetter Bonus p\u00e5 den f\u00f8rste indbetaling 100% \u1409 For\u00f8g dine odds","isPartOf":{"@id":"https:\/\/spinbetter.games\/da\/#website"},"datePublished":"2025-03-05T14:08:33+00:00","dateModified":"2025-05-16T14:13:40+00:00","description":"F\u00e5 en 100% bonus p\u00e5 din f\u00f8rste indbetaling hos SpinBetter og \u00f8g dine chancer for at vinde! \ud83d\udca5 Tag det f\u00f8rste skridt mod store gevinster - \u00e5bn jagten p\u00e5 gevinster lige nu! \ud83e\udd11","breadcrumb":{"@id":"https:\/\/spinbetter.games\/da\/bonus\/first-deposit\/#breadcrumb"},"inLanguage":"da-DK","potentialAction":[{"@type":"ReadAction","target":["https:\/\/spinbetter.games\/da\/bonus\/first-deposit\/"]}]},{"@type":"BreadcrumbList","@id":"https:\/\/spinbetter.games\/da\/bonus\/first-deposit\/#breadcrumb","itemListElement":[{"@type":"ListItem","position":1,"name":"\u0413\u043b\u0430\u0432\u043d\u0430\u044f \u0441\u0442\u0440\u0430\u043d\u0438\u0446\u0430","item":"https:\/\/spinbetter.games\/da\/"},{"@type":"ListItem","position":2,"name":"Bonus","item":"https:\/\/spinbetter.games\/da\/bonus\/"},{"@type":"ListItem","position":3,"name":"F\u00f8rste indbetaling"}]},{"@type":"WebSite","@id":"https:\/\/spinbetter.games\/da\/#website","url":"https:\/\/spinbetter.games\/da\/","name":"SpinBetter da","description":"My WordPress Blog","potentialAction":[{"@type":"SearchAction","target":{"@type":"EntryPoint","urlTemplate":"https:\/\/spinbetter.games\/da\/?s={search_term_string}"},"query-input":{"@type":"PropertyValueSpecification","valueRequired":true,"valueName":"search_term_string"}}],"inLanguage":"da-DK"}]}},"_links":{"self":[{"href":"https:\/\/spinbetter.games\/da\/wp-json\/wp\/v2\/pages\/920","targetHints":{"allow":["GET"]}}],"collection":[{"href":"https:\/\/spinbetter.games\/da\/wp-json\/wp\/v2\/pages"}],"about":[{"href":"https:\/\/spinbetter.games\/da\/wp-json\/wp\/v2\/types\/page"}],"author":[{"embeddable":true,"href":"https:\/\/spinbetter.games\/da\/wp-json\/wp\/v2\/users\/1"}],"replies":[{"embeddable":true,"href":"https:\/\/spinbetter.games\/da\/wp-json\/wp\/v2\/comments?post=920"}],"version-history":[{"count":2,"href":"https:\/\/spinbetter.games\/da\/wp-json\/wp\/v2\/pages\/920\/revisions"}],"predecessor-version":[{"id":1374,"href":"https:\/\/spinbetter.games\/da\/wp-json\/wp\/v2\/pages\/920\/revisions\/1374"}],"up":[{"embeddable":true,"href":"https:\/\/spinbetter.games\/da\/wp-json\/wp\/v2\/pages\/152"}],"wp:attachment":[{"href":"https:\/\/spinbetter.games\/da\/wp-json\/wp\/v2\/media?parent=920"}],"curies":[{"name":"wp","href":"https:\/\/api.w.org\/{rel}","templated":true}]}}