{"id":925,"date":"2025-03-05T14:42:45","date_gmt":"2025-03-05T14:42:45","guid":{"rendered":"https:\/\/spinbetter.games\/?page_id=925"},"modified":"2025-05-16T14:54:14","modified_gmt":"2025-05-16T14:54:14","slug":"welcome-pack","status":"publish","type":"page","link":"https:\/\/spinbetter.games\/da\/bonus\/welcome-pack\/","title":{"rendered":"Velkomstpakke"},"content":{"rendered":"","protected":false},"excerpt":{"rendered":"","protected":false},"author":1,"featured_media":0,"parent":152,"menu_order":0,"comment_status":"closed","ping_status":"closed","template":"","meta":{"footnotes":""},"class_list":["post-925","page","type-page","status-publish","hentry"],"yoast_head":"<!-- This site is optimized with the Yoast SEO plugin v26.8 - https:\/\/yoast.com\/product\/yoast-seo-wordpress\/ -->\n<title>SpinBetter velkomstbonus: op til 13000 DKK og 150 freespins<\/title>\n<meta name=\"description\" content=\"Tilmeld dig SpinBetter og f\u00e5 en velkomstbonus p\u00e5 op til 13.000 kr. og 150 freespins! \ud83d\udcb0Pr\u00f8v dit held og begynd at vinde med gener\u00f8se nybegynderprivilegier! G\u00e5 ikke glip af din chance!\" \/>\n<meta name=\"robots\" content=\"index, follow, max-snippet:-1, max-image-preview:large, max-video-preview:-1\" \/>\n<link rel=\"canonical\" href=\"https:\/\/spinbetter.games\/da\/bonus\/welcome-pack\/\" \/>\n<meta property=\"og:locale\" content=\"da_DK\" \/>\n<meta property=\"og:type\" content=\"article\" \/>\n<meta property=\"og:title\" content=\"SpinBetter velkomstbonus: op til 13000 DKK og 150 freespins\" \/>\n<meta property=\"og:description\" content=\"Tilmeld dig SpinBetter og f\u00e5 en velkomstbonus p\u00e5 op til 13.000 kr. og 150 freespins! \ud83d\udcb0Pr\u00f8v dit held og begynd at vinde med gener\u00f8se nybegynderprivilegier! G\u00e5 ikke glip af din chance!\" \/>\n<meta property=\"og:url\" content=\"https:\/\/spinbetter.games\/da\/bonus\/welcome-pack\/\" \/>\n<meta property=\"og:site_name\" content=\"SpinBetter da\" \/>\n<meta property=\"article:modified_time\" content=\"2025-05-16T14:54:14+00:00\" \/>\n<meta name=\"twitter:card\" content=\"summary_large_image\" \/>\n<script type=\"application\/ld+json\" class=\"yoast-schema-graph\">{\"@context\":\"https:\/\/schema.org\",\"@graph\":[{\"@type\":\"WebPage\",\"@id\":\"https:\/\/spinbetter.games\/da\/bonus\/welcome-pack\/\",\"url\":\"https:\/\/spinbetter.games\/da\/bonus\/welcome-pack\/\",\"name\":\"SpinBetter velkomstbonus: op til 13000 DKK og 150 freespins\",\"isPartOf\":{\"@id\":\"https:\/\/spinbetter.games\/da\/#website\"},\"datePublished\":\"2025-03-05T14:42:45+00:00\",\"dateModified\":\"2025-05-16T14:54:14+00:00\",\"description\":\"Tilmeld dig SpinBetter og f\u00e5 en velkomstbonus p\u00e5 op til 13.000 kr. og 150 freespins! \ud83d\udcb0Pr\u00f8v dit held og begynd at vinde med gener\u00f8se nybegynderprivilegier! G\u00e5 ikke glip af din chance!\",\"breadcrumb\":{\"@id\":\"https:\/\/spinbetter.games\/da\/bonus\/welcome-pack\/#breadcrumb\"},\"inLanguage\":\"da-DK\",\"potentialAction\":[{\"@type\":\"ReadAction\",\"target\":[\"https:\/\/spinbetter.games\/da\/bonus\/welcome-pack\/\"]}]},{\"@type\":\"BreadcrumbList\",\"@id\":\"https:\/\/spinbetter.games\/da\/bonus\/welcome-pack\/#breadcrumb\",\"itemListElement\":[{\"@type\":\"ListItem\",\"position\":1,\"name\":\"\u0413\u043b\u0430\u0432\u043d\u0430\u044f \u0441\u0442\u0440\u0430\u043d\u0438\u0446\u0430\",\"item\":\"https:\/\/spinbetter.games\/da\/\"},{\"@type\":\"ListItem\",\"position\":2,\"name\":\"Bonus\",\"item\":\"https:\/\/spinbetter.games\/da\/bonus\/\"},{\"@type\":\"ListItem\",\"position\":3,\"name\":\"Velkomstpakke\"}]},{\"@type\":\"WebSite\",\"@id\":\"https:\/\/spinbetter.games\/da\/#website\",\"url\":\"https:\/\/spinbetter.games\/da\/\",\"name\":\"SpinBetter da\",\"description\":\"My WordPress Blog\",\"potentialAction\":[{\"@type\":\"SearchAction\",\"target\":{\"@type\":\"EntryPoint\",\"urlTemplate\":\"https:\/\/spinbetter.games\/da\/?s={search_term_string}\"},\"query-input\":{\"@type\":\"PropertyValueSpecification\",\"valueRequired\":true,\"valueName\":\"search_term_string\"}}],\"inLanguage\":\"da-DK\"}]}<\/script>\n<!-- \/ Yoast SEO plugin. -->","yoast_head_json":{"title":"SpinBetter velkomstbonus: op til 13000 DKK og 150 freespins","description":"Tilmeld dig SpinBetter og f\u00e5 en velkomstbonus p\u00e5 op til 13.000 kr. og 150 freespins! \ud83d\udcb0Pr\u00f8v dit held og begynd at vinde med gener\u00f8se nybegynderprivilegier! G\u00e5 ikke glip af din chance!","robots":{"index":"index","follow":"follow","max-snippet":"max-snippet:-1","max-image-preview":"max-image-preview:large","max-video-preview":"max-video-preview:-1"},"canonical":"https:\/\/spinbetter.games\/da\/bonus\/welcome-pack\/","og_locale":"da_DK","og_type":"article","og_title":"SpinBetter velkomstbonus: op til 13000 DKK og 150 freespins","og_description":"Tilmeld dig SpinBetter og f\u00e5 en velkomstbonus p\u00e5 op til 13.000 kr. og 150 freespins! \ud83d\udcb0Pr\u00f8v dit held og begynd at vinde med gener\u00f8se nybegynderprivilegier! G\u00e5 ikke glip af din chance!","og_url":"https:\/\/spinbetter.games\/da\/bonus\/welcome-pack\/","og_site_name":"SpinBetter da","article_modified_time":"2025-05-16T14:54:14+00:00","twitter_card":"summary_large_image","schema":{"@context":"https:\/\/schema.org","@graph":[{"@type":"WebPage","@id":"https:\/\/spinbetter.games\/da\/bonus\/welcome-pack\/","url":"https:\/\/spinbetter.games\/da\/bonus\/welcome-pack\/","name":"SpinBetter velkomstbonus: op til 13000 DKK og 150 freespins","isPartOf":{"@id":"https:\/\/spinbetter.games\/da\/#website"},"datePublished":"2025-03-05T14:42:45+00:00","dateModified":"2025-05-16T14:54:14+00:00","description":"Tilmeld dig SpinBetter og f\u00e5 en velkomstbonus p\u00e5 op til 13.000 kr. og 150 freespins! \ud83d\udcb0Pr\u00f8v dit held og begynd at vinde med gener\u00f8se nybegynderprivilegier! G\u00e5 ikke glip af din chance!","breadcrumb":{"@id":"https:\/\/spinbetter.games\/da\/bonus\/welcome-pack\/#breadcrumb"},"inLanguage":"da-DK","potentialAction":[{"@type":"ReadAction","target":["https:\/\/spinbetter.games\/da\/bonus\/welcome-pack\/"]}]},{"@type":"BreadcrumbList","@id":"https:\/\/spinbetter.games\/da\/bonus\/welcome-pack\/#breadcrumb","itemListElement":[{"@type":"ListItem","position":1,"name":"\u0413\u043b\u0430\u0432\u043d\u0430\u044f \u0441\u0442\u0440\u0430\u043d\u0438\u0446\u0430","item":"https:\/\/spinbetter.games\/da\/"},{"@type":"ListItem","position":2,"name":"Bonus","item":"https:\/\/spinbetter.games\/da\/bonus\/"},{"@type":"ListItem","position":3,"name":"Velkomstpakke"}]},{"@type":"WebSite","@id":"https:\/\/spinbetter.games\/da\/#website","url":"https:\/\/spinbetter.games\/da\/","name":"SpinBetter da","description":"My WordPress Blog","potentialAction":[{"@type":"SearchAction","target":{"@type":"EntryPoint","urlTemplate":"https:\/\/spinbetter.games\/da\/?s={search_term_string}"},"query-input":{"@type":"PropertyValueSpecification","valueRequired":true,"valueName":"search_term_string"}}],"inLanguage":"da-DK"}]}},"_links":{"self":[{"href":"https:\/\/spinbetter.games\/da\/wp-json\/wp\/v2\/pages\/925","targetHints":{"allow":["GET"]}}],"collection":[{"href":"https:\/\/spinbetter.games\/da\/wp-json\/wp\/v2\/pages"}],"about":[{"href":"https:\/\/spinbetter.games\/da\/wp-json\/wp\/v2\/types\/page"}],"author":[{"embeddable":true,"href":"https:\/\/spinbetter.games\/da\/wp-json\/wp\/v2\/users\/1"}],"replies":[{"embeddable":true,"href":"https:\/\/spinbetter.games\/da\/wp-json\/wp\/v2\/comments?post=925"}],"version-history":[{"count":3,"href":"https:\/\/spinbetter.games\/da\/wp-json\/wp\/v2\/pages\/925\/revisions"}],"predecessor-version":[{"id":1386,"href":"https:\/\/spinbetter.games\/da\/wp-json\/wp\/v2\/pages\/925\/revisions\/1386"}],"up":[{"embeddable":true,"href":"https:\/\/spinbetter.games\/da\/wp-json\/wp\/v2\/pages\/152"}],"wp:attachment":[{"href":"https:\/\/spinbetter.games\/da\/wp-json\/wp\/v2\/media?parent=925"}],"curies":[{"name":"wp","href":"https:\/\/api.w.org\/{rel}","templated":true}]}}