{"id":925,"date":"2025-03-05T14:42:45","date_gmt":"2025-03-05T14:42:45","guid":{"rendered":"https:\/\/spinbetter.games\/?page_id=925"},"modified":"2025-03-11T15:37:37","modified_gmt":"2025-03-11T15:37:37","slug":"welcome-pack","status":"publish","type":"page","link":"https:\/\/spinbetter.games\/de\/bonus\/welcome-pack\/","title":{"rendered":"Willkommenspaket"},"content":{"rendered":"","protected":false},"excerpt":{"rendered":"","protected":false},"author":1,"featured_media":0,"parent":568,"menu_order":0,"comment_status":"closed","ping_status":"closed","template":"","meta":{"footnotes":""},"class_list":["post-925","page","type-page","status-publish","hentry"],"yoast_head":"<!-- This site is optimized with the Yoast SEO plugin v26.8 - https:\/\/yoast.com\/product\/yoast-seo-wordpress\/ -->\n<title>SpinBetter Willkommensbonus: bis zu \u20ac1750 und 150 Freespins<\/title>\n<meta name=\"description\" content=\"Melden Sie sich bei SpinBetter an und erhalten Sie einen Willkommensbonus von bis zu 1750 \u20ac und 150 Freispiele! \ud83d\udcb0Versuchen Sie Ihr Gl\u00fcck und beginnen Sie zu gewinnen mit gro\u00dfz\u00fcgigen Neulingsprivilegien! Verpassen Sie nicht Ihre Chance!\" \/>\n<meta name=\"robots\" content=\"index, follow, max-snippet:-1, max-image-preview:large, max-video-preview:-1\" \/>\n<link rel=\"canonical\" href=\"https:\/\/spinbetter.games\/de\/bonus\/welcome-pack\/\" \/>\n<meta property=\"og:locale\" content=\"de_DE\" \/>\n<meta property=\"og:type\" content=\"article\" \/>\n<meta property=\"og:title\" content=\"SpinBetter Willkommensbonus: bis zu \u20ac1750 und 150 Freespins\" \/>\n<meta property=\"og:description\" content=\"Melden Sie sich bei SpinBetter an und erhalten Sie einen Willkommensbonus von bis zu 1750 \u20ac und 150 Freispiele! \ud83d\udcb0Versuchen Sie Ihr Gl\u00fcck und beginnen Sie zu gewinnen mit gro\u00dfz\u00fcgigen Neulingsprivilegien! Verpassen Sie nicht Ihre Chance!\" \/>\n<meta property=\"og:url\" content=\"https:\/\/spinbetter.games\/de\/bonus\/welcome-pack\/\" \/>\n<meta property=\"og:site_name\" content=\"Spinbetter DE\" \/>\n<meta property=\"article:modified_time\" content=\"2025-03-11T15:37:37+00:00\" \/>\n<meta name=\"twitter:card\" content=\"summary_large_image\" \/>\n<script type=\"application\/ld+json\" class=\"yoast-schema-graph\">{\"@context\":\"https:\/\/schema.org\",\"@graph\":[{\"@type\":\"WebPage\",\"@id\":\"https:\/\/spinbetter.games\/de\/bonus\/welcome-pack\/\",\"url\":\"https:\/\/spinbetter.games\/de\/bonus\/welcome-pack\/\",\"name\":\"SpinBetter Willkommensbonus: bis zu \u20ac1750 und 150 Freespins\",\"isPartOf\":{\"@id\":\"https:\/\/spinbetter.games\/de\/#website\"},\"datePublished\":\"2025-03-05T14:42:45+00:00\",\"dateModified\":\"2025-03-11T15:37:37+00:00\",\"description\":\"Melden Sie sich bei SpinBetter an und erhalten Sie einen Willkommensbonus von bis zu 1750 \u20ac und 150 Freispiele! \ud83d\udcb0Versuchen Sie Ihr Gl\u00fcck und beginnen Sie zu gewinnen mit gro\u00dfz\u00fcgigen Neulingsprivilegien! Verpassen Sie nicht Ihre Chance!\",\"breadcrumb\":{\"@id\":\"https:\/\/spinbetter.games\/de\/bonus\/welcome-pack\/#breadcrumb\"},\"inLanguage\":\"de\",\"potentialAction\":[{\"@type\":\"ReadAction\",\"target\":[\"https:\/\/spinbetter.games\/de\/bonus\/welcome-pack\/\"]}]},{\"@type\":\"BreadcrumbList\",\"@id\":\"https:\/\/spinbetter.games\/de\/bonus\/welcome-pack\/#breadcrumb\",\"itemListElement\":[{\"@type\":\"ListItem\",\"position\":1,\"name\":\"\u0413\u043b\u0430\u0432\u043d\u0430\u044f \u0441\u0442\u0440\u0430\u043d\u0438\u0446\u0430\",\"item\":\"https:\/\/spinbetter.games\/de\/\"},{\"@type\":\"ListItem\",\"position\":2,\"name\":\"Bonus\",\"item\":\"https:\/\/spinbetter.games\/de\/bonus\/\"},{\"@type\":\"ListItem\",\"position\":3,\"name\":\"Willkommenspaket\"}]},{\"@type\":\"WebSite\",\"@id\":\"https:\/\/spinbetter.games\/de\/#website\",\"url\":\"https:\/\/spinbetter.games\/de\/\",\"name\":\"Spinbetter DE\",\"description\":\"My WordPress Blog\",\"potentialAction\":[{\"@type\":\"SearchAction\",\"target\":{\"@type\":\"EntryPoint\",\"urlTemplate\":\"https:\/\/spinbetter.games\/de\/?s={search_term_string}\"},\"query-input\":{\"@type\":\"PropertyValueSpecification\",\"valueRequired\":true,\"valueName\":\"search_term_string\"}}],\"inLanguage\":\"de\"}]}<\/script>\n<!-- \/ Yoast SEO plugin. -->","yoast_head_json":{"title":"SpinBetter Willkommensbonus: bis zu \u20ac1750 und 150 Freespins","description":"Melden Sie sich bei SpinBetter an und erhalten Sie einen Willkommensbonus von bis zu 1750 \u20ac und 150 Freispiele! \ud83d\udcb0Versuchen Sie Ihr Gl\u00fcck und beginnen Sie zu gewinnen mit gro\u00dfz\u00fcgigen Neulingsprivilegien! Verpassen Sie nicht Ihre Chance!","robots":{"index":"index","follow":"follow","max-snippet":"max-snippet:-1","max-image-preview":"max-image-preview:large","max-video-preview":"max-video-preview:-1"},"canonical":"https:\/\/spinbetter.games\/de\/bonus\/welcome-pack\/","og_locale":"de_DE","og_type":"article","og_title":"SpinBetter Willkommensbonus: bis zu \u20ac1750 und 150 Freespins","og_description":"Melden Sie sich bei SpinBetter an und erhalten Sie einen Willkommensbonus von bis zu 1750 \u20ac und 150 Freispiele! \ud83d\udcb0Versuchen Sie Ihr Gl\u00fcck und beginnen Sie zu gewinnen mit gro\u00dfz\u00fcgigen Neulingsprivilegien! Verpassen Sie nicht Ihre Chance!","og_url":"https:\/\/spinbetter.games\/de\/bonus\/welcome-pack\/","og_site_name":"Spinbetter DE","article_modified_time":"2025-03-11T15:37:37+00:00","twitter_card":"summary_large_image","schema":{"@context":"https:\/\/schema.org","@graph":[{"@type":"WebPage","@id":"https:\/\/spinbetter.games\/de\/bonus\/welcome-pack\/","url":"https:\/\/spinbetter.games\/de\/bonus\/welcome-pack\/","name":"SpinBetter Willkommensbonus: bis zu \u20ac1750 und 150 Freespins","isPartOf":{"@id":"https:\/\/spinbetter.games\/de\/#website"},"datePublished":"2025-03-05T14:42:45+00:00","dateModified":"2025-03-11T15:37:37+00:00","description":"Melden Sie sich bei SpinBetter an und erhalten Sie einen Willkommensbonus von bis zu 1750 \u20ac und 150 Freispiele! \ud83d\udcb0Versuchen Sie Ihr Gl\u00fcck und beginnen Sie zu gewinnen mit gro\u00dfz\u00fcgigen Neulingsprivilegien! Verpassen Sie nicht Ihre Chance!","breadcrumb":{"@id":"https:\/\/spinbetter.games\/de\/bonus\/welcome-pack\/#breadcrumb"},"inLanguage":"de","potentialAction":[{"@type":"ReadAction","target":["https:\/\/spinbetter.games\/de\/bonus\/welcome-pack\/"]}]},{"@type":"BreadcrumbList","@id":"https:\/\/spinbetter.games\/de\/bonus\/welcome-pack\/#breadcrumb","itemListElement":[{"@type":"ListItem","position":1,"name":"\u0413\u043b\u0430\u0432\u043d\u0430\u044f \u0441\u0442\u0440\u0430\u043d\u0438\u0446\u0430","item":"https:\/\/spinbetter.games\/de\/"},{"@type":"ListItem","position":2,"name":"Bonus","item":"https:\/\/spinbetter.games\/de\/bonus\/"},{"@type":"ListItem","position":3,"name":"Willkommenspaket"}]},{"@type":"WebSite","@id":"https:\/\/spinbetter.games\/de\/#website","url":"https:\/\/spinbetter.games\/de\/","name":"Spinbetter DE","description":"My WordPress Blog","potentialAction":[{"@type":"SearchAction","target":{"@type":"EntryPoint","urlTemplate":"https:\/\/spinbetter.games\/de\/?s={search_term_string}"},"query-input":{"@type":"PropertyValueSpecification","valueRequired":true,"valueName":"search_term_string"}}],"inLanguage":"de"}]}},"_links":{"self":[{"href":"https:\/\/spinbetter.games\/de\/wp-json\/wp\/v2\/pages\/925","targetHints":{"allow":["GET"]}}],"collection":[{"href":"https:\/\/spinbetter.games\/de\/wp-json\/wp\/v2\/pages"}],"about":[{"href":"https:\/\/spinbetter.games\/de\/wp-json\/wp\/v2\/types\/page"}],"author":[{"embeddable":true,"href":"https:\/\/spinbetter.games\/de\/wp-json\/wp\/v2\/users\/1"}],"replies":[{"embeddable":true,"href":"https:\/\/spinbetter.games\/de\/wp-json\/wp\/v2\/comments?post=925"}],"version-history":[{"count":4,"href":"https:\/\/spinbetter.games\/de\/wp-json\/wp\/v2\/pages\/925\/revisions"}],"predecessor-version":[{"id":943,"href":"https:\/\/spinbetter.games\/de\/wp-json\/wp\/v2\/pages\/925\/revisions\/943"}],"up":[{"embeddable":true,"href":"https:\/\/spinbetter.games\/de\/wp-json\/wp\/v2\/pages\/568"}],"wp:attachment":[{"href":"https:\/\/spinbetter.games\/de\/wp-json\/wp\/v2\/media?parent=925"}],"curies":[{"name":"wp","href":"https:\/\/api.w.org\/{rel}","templated":true}]}}