{"id":334,"date":"2024-11-11T06:32:15","date_gmt":"2024-11-11T06:32:15","guid":{"rendered":"https:\/\/spinbetter.games\/fi\/?page_id=334"},"modified":"2025-02-25T11:13:14","modified_gmt":"2025-02-25T11:13:14","slug":"registration","status":"publish","type":"page","link":"https:\/\/spinbetter.games\/fi\/registration\/","title":{"rendered":"Rekister\u00f6inti"},"content":{"rendered":"","protected":false},"excerpt":{"rendered":"","protected":false},"author":1,"featured_media":0,"parent":0,"menu_order":0,"comment_status":"closed","ping_status":"closed","template":"","meta":{"footnotes":""},"class_list":["post-334","page","type-page","status-publish","hentry"],"yoast_head":"<!-- This site is optimized with the Yoast SEO plugin v26.8 - https:\/\/yoast.com\/product\/yoast-seo-wordpress\/ -->\n<title>SpinBetter Suomi-rekister\u00f6inti \ud83d\udd39 Kuinka luoda tili<\/title>\n<meta name=\"description\" content=\"Opi rekister\u00f6itym\u00e4\u00e4n Spin better Sports Betting and Casino Platformille \u26a1 Tutustu eksklusiivisiin bonuksiin ja j\u00e4nnitt\u00e4viin peleihin.\" \/>\n<meta name=\"robots\" content=\"index, follow, max-snippet:-1, max-image-preview:large, max-video-preview:-1\" \/>\n<link rel=\"canonical\" href=\"https:\/\/spinbetter.games\/fi\/registration\/\" \/>\n<meta property=\"og:locale\" content=\"fi_FI\" \/>\n<meta property=\"og:type\" content=\"article\" \/>\n<meta property=\"og:title\" content=\"SpinBetter Suomi-rekister\u00f6inti \ud83d\udd39 Kuinka luoda tili\" \/>\n<meta property=\"og:description\" content=\"Opi rekister\u00f6itym\u00e4\u00e4n Spin better Sports Betting and Casino Platformille \u26a1 Tutustu eksklusiivisiin bonuksiin ja j\u00e4nnitt\u00e4viin peleihin.\" \/>\n<meta property=\"og:url\" content=\"https:\/\/spinbetter.games\/fi\/registration\/\" \/>\n<meta property=\"og:site_name\" content=\"Spinbetter games FI\" \/>\n<meta property=\"article:modified_time\" content=\"2025-02-25T11:13:14+00:00\" \/>\n<meta name=\"twitter:card\" content=\"summary_large_image\" \/>\n<script type=\"application\/ld+json\" class=\"yoast-schema-graph\">{\"@context\":\"https:\/\/schema.org\",\"@graph\":[{\"@type\":\"WebPage\",\"@id\":\"https:\/\/spinbetter.games\/fi\/registration\/\",\"url\":\"https:\/\/spinbetter.games\/fi\/registration\/\",\"name\":\"SpinBetter Suomi-rekister\u00f6inti \ud83d\udd39 Kuinka luoda tili\",\"isPartOf\":{\"@id\":\"https:\/\/spinbetter.games\/fi\/#website\"},\"datePublished\":\"2024-11-11T06:32:15+00:00\",\"dateModified\":\"2025-02-25T11:13:14+00:00\",\"description\":\"Opi rekister\u00f6itym\u00e4\u00e4n Spin better Sports Betting and Casino Platformille \u26a1 Tutustu eksklusiivisiin bonuksiin ja j\u00e4nnitt\u00e4viin peleihin.\",\"breadcrumb\":{\"@id\":\"https:\/\/spinbetter.games\/fi\/registration\/#breadcrumb\"},\"inLanguage\":\"fi\",\"potentialAction\":[{\"@type\":\"ReadAction\",\"target\":[\"https:\/\/spinbetter.games\/fi\/registration\/\"]}]},{\"@type\":\"BreadcrumbList\",\"@id\":\"https:\/\/spinbetter.games\/fi\/registration\/#breadcrumb\",\"itemListElement\":[{\"@type\":\"ListItem\",\"position\":1,\"name\":\"\u0413\u043b\u0430\u0432\u043d\u0430\u044f \u0441\u0442\u0440\u0430\u043d\u0438\u0446\u0430\",\"item\":\"https:\/\/spinbetter.games\/fi\/\"},{\"@type\":\"ListItem\",\"position\":2,\"name\":\"Rekister\u00f6inti\"}]},{\"@type\":\"WebSite\",\"@id\":\"https:\/\/spinbetter.games\/fi\/#website\",\"url\":\"https:\/\/spinbetter.games\/fi\/\",\"name\":\"Spinbetter games FI\",\"description\":\"My WordPress Blog\",\"potentialAction\":[{\"@type\":\"SearchAction\",\"target\":{\"@type\":\"EntryPoint\",\"urlTemplate\":\"https:\/\/spinbetter.games\/fi\/?s={search_term_string}\"},\"query-input\":{\"@type\":\"PropertyValueSpecification\",\"valueRequired\":true,\"valueName\":\"search_term_string\"}}],\"inLanguage\":\"fi\"}]}<\/script>\n<!-- \/ Yoast SEO plugin. -->","yoast_head_json":{"title":"SpinBetter Suomi-rekister\u00f6inti \ud83d\udd39 Kuinka luoda tili","description":"Opi rekister\u00f6itym\u00e4\u00e4n Spin better Sports Betting and Casino Platformille \u26a1 Tutustu eksklusiivisiin bonuksiin ja j\u00e4nnitt\u00e4viin peleihin.","robots":{"index":"index","follow":"follow","max-snippet":"max-snippet:-1","max-image-preview":"max-image-preview:large","max-video-preview":"max-video-preview:-1"},"canonical":"https:\/\/spinbetter.games\/fi\/registration\/","og_locale":"fi_FI","og_type":"article","og_title":"SpinBetter Suomi-rekister\u00f6inti \ud83d\udd39 Kuinka luoda tili","og_description":"Opi rekister\u00f6itym\u00e4\u00e4n Spin better Sports Betting and Casino Platformille \u26a1 Tutustu eksklusiivisiin bonuksiin ja j\u00e4nnitt\u00e4viin peleihin.","og_url":"https:\/\/spinbetter.games\/fi\/registration\/","og_site_name":"Spinbetter games FI","article_modified_time":"2025-02-25T11:13:14+00:00","twitter_card":"summary_large_image","schema":{"@context":"https:\/\/schema.org","@graph":[{"@type":"WebPage","@id":"https:\/\/spinbetter.games\/fi\/registration\/","url":"https:\/\/spinbetter.games\/fi\/registration\/","name":"SpinBetter Suomi-rekister\u00f6inti \ud83d\udd39 Kuinka luoda tili","isPartOf":{"@id":"https:\/\/spinbetter.games\/fi\/#website"},"datePublished":"2024-11-11T06:32:15+00:00","dateModified":"2025-02-25T11:13:14+00:00","description":"Opi rekister\u00f6itym\u00e4\u00e4n Spin better Sports Betting and Casino Platformille \u26a1 Tutustu eksklusiivisiin bonuksiin ja j\u00e4nnitt\u00e4viin peleihin.","breadcrumb":{"@id":"https:\/\/spinbetter.games\/fi\/registration\/#breadcrumb"},"inLanguage":"fi","potentialAction":[{"@type":"ReadAction","target":["https:\/\/spinbetter.games\/fi\/registration\/"]}]},{"@type":"BreadcrumbList","@id":"https:\/\/spinbetter.games\/fi\/registration\/#breadcrumb","itemListElement":[{"@type":"ListItem","position":1,"name":"\u0413\u043b\u0430\u0432\u043d\u0430\u044f \u0441\u0442\u0440\u0430\u043d\u0438\u0446\u0430","item":"https:\/\/spinbetter.games\/fi\/"},{"@type":"ListItem","position":2,"name":"Rekister\u00f6inti"}]},{"@type":"WebSite","@id":"https:\/\/spinbetter.games\/fi\/#website","url":"https:\/\/spinbetter.games\/fi\/","name":"Spinbetter games FI","description":"My WordPress Blog","potentialAction":[{"@type":"SearchAction","target":{"@type":"EntryPoint","urlTemplate":"https:\/\/spinbetter.games\/fi\/?s={search_term_string}"},"query-input":{"@type":"PropertyValueSpecification","valueRequired":true,"valueName":"search_term_string"}}],"inLanguage":"fi"}]}},"_links":{"self":[{"href":"https:\/\/spinbetter.games\/fi\/wp-json\/wp\/v2\/pages\/334","targetHints":{"allow":["GET"]}}],"collection":[{"href":"https:\/\/spinbetter.games\/fi\/wp-json\/wp\/v2\/pages"}],"about":[{"href":"https:\/\/spinbetter.games\/fi\/wp-json\/wp\/v2\/types\/page"}],"author":[{"embeddable":true,"href":"https:\/\/spinbetter.games\/fi\/wp-json\/wp\/v2\/users\/1"}],"replies":[{"embeddable":true,"href":"https:\/\/spinbetter.games\/fi\/wp-json\/wp\/v2\/comments?post=334"}],"version-history":[{"count":3,"href":"https:\/\/spinbetter.games\/fi\/wp-json\/wp\/v2\/pages\/334\/revisions"}],"predecessor-version":[{"id":866,"href":"https:\/\/spinbetter.games\/fi\/wp-json\/wp\/v2\/pages\/334\/revisions\/866"}],"wp:attachment":[{"href":"https:\/\/spinbetter.games\/fi\/wp-json\/wp\/v2\/media?parent=334"}],"curies":[{"name":"wp","href":"https:\/\/api.w.org\/{rel}","templated":true}]}}