{"id":566,"date":"2024-10-30T14:03:04","date_gmt":"2024-10-30T14:03:04","guid":{"rendered":"https:\/\/spinbetter.games\/fi\/?page_id=566"},"modified":"2025-02-25T10:00:49","modified_gmt":"2025-02-25T10:00:49","slug":"football","status":"publish","type":"page","link":"https:\/\/spinbetter.games\/fi\/football\/","title":{"rendered":"Jalkapallo"},"content":{"rendered":"","protected":false},"excerpt":{"rendered":"","protected":false},"author":1,"featured_media":0,"parent":0,"menu_order":0,"comment_status":"closed","ping_status":"closed","template":"","meta":{"footnotes":""},"class_list":["post-566","page","type-page","status-publish","hentry"],"yoast_head":"<!-- This site is optimized with the Yoast SEO plugin v26.8 - https:\/\/yoast.com\/product\/yoast-seo-wordpress\/ -->\n<title>SpinBetter Suomi Jalkapallovedonly\u00f6nti \u2714\ufe0f Korkeat kertoimet<\/title>\n<meta name=\"description\" content=\"Spinbetter tarjoaa laajan valikoiman jalkapallon vedonly\u00f6ntitapahtumia ja -markkinoita \u26a1 Opi ly\u00f6m\u00e4\u00e4n vetoa jalkapallosta ja l\u00f6yd\u00e4 parhaat kertoimet Spin Betterist\u00e4 \u26bd Hanki ammattimaisia jalkapallon vedonly\u00f6ntivihjeit\u00e4.\" \/>\n<meta name=\"robots\" content=\"index, follow, max-snippet:-1, max-image-preview:large, max-video-preview:-1\" \/>\n<link rel=\"canonical\" href=\"https:\/\/spinbetter.games\/fi\/football\/\" \/>\n<meta property=\"og:locale\" content=\"fi_FI\" \/>\n<meta property=\"og:type\" content=\"article\" \/>\n<meta property=\"og:title\" content=\"SpinBetter Suomi Jalkapallovedonly\u00f6nti \u2714\ufe0f Korkeat kertoimet\" \/>\n<meta property=\"og:description\" content=\"Spinbetter tarjoaa laajan valikoiman jalkapallon vedonly\u00f6ntitapahtumia ja -markkinoita \u26a1 Opi ly\u00f6m\u00e4\u00e4n vetoa jalkapallosta ja l\u00f6yd\u00e4 parhaat kertoimet Spin Betterist\u00e4 \u26bd Hanki ammattimaisia jalkapallon vedonly\u00f6ntivihjeit\u00e4.\" \/>\n<meta property=\"og:url\" content=\"https:\/\/spinbetter.games\/fi\/football\/\" \/>\n<meta property=\"og:site_name\" content=\"Spinbetter games FI\" \/>\n<meta property=\"article:modified_time\" content=\"2025-02-25T10:00:49+00:00\" \/>\n<meta name=\"twitter:card\" content=\"summary_large_image\" \/>\n<script type=\"application\/ld+json\" class=\"yoast-schema-graph\">{\"@context\":\"https:\/\/schema.org\",\"@graph\":[{\"@type\":\"WebPage\",\"@id\":\"https:\/\/spinbetter.games\/fi\/football\/\",\"url\":\"https:\/\/spinbetter.games\/fi\/football\/\",\"name\":\"SpinBetter Suomi Jalkapallovedonly\u00f6nti \u2714\ufe0f Korkeat kertoimet\",\"isPartOf\":{\"@id\":\"https:\/\/spinbetter.games\/fi\/#website\"},\"datePublished\":\"2024-10-30T14:03:04+00:00\",\"dateModified\":\"2025-02-25T10:00:49+00:00\",\"description\":\"Spinbetter tarjoaa laajan valikoiman jalkapallon vedonly\u00f6ntitapahtumia ja -markkinoita \u26a1 Opi ly\u00f6m\u00e4\u00e4n vetoa jalkapallosta ja l\u00f6yd\u00e4 parhaat kertoimet Spin Betterist\u00e4 \u26bd Hanki ammattimaisia jalkapallon vedonly\u00f6ntivihjeit\u00e4.\",\"breadcrumb\":{\"@id\":\"https:\/\/spinbetter.games\/fi\/football\/#breadcrumb\"},\"inLanguage\":\"fi\",\"potentialAction\":[{\"@type\":\"ReadAction\",\"target\":[\"https:\/\/spinbetter.games\/fi\/football\/\"]}]},{\"@type\":\"BreadcrumbList\",\"@id\":\"https:\/\/spinbetter.games\/fi\/football\/#breadcrumb\",\"itemListElement\":[{\"@type\":\"ListItem\",\"position\":1,\"name\":\"\u0413\u043b\u0430\u0432\u043d\u0430\u044f \u0441\u0442\u0440\u0430\u043d\u0438\u0446\u0430\",\"item\":\"https:\/\/spinbetter.games\/fi\/\"},{\"@type\":\"ListItem\",\"position\":2,\"name\":\"Jalkapallo\"}]},{\"@type\":\"WebSite\",\"@id\":\"https:\/\/spinbetter.games\/fi\/#website\",\"url\":\"https:\/\/spinbetter.games\/fi\/\",\"name\":\"Spinbetter games FI\",\"description\":\"My WordPress Blog\",\"potentialAction\":[{\"@type\":\"SearchAction\",\"target\":{\"@type\":\"EntryPoint\",\"urlTemplate\":\"https:\/\/spinbetter.games\/fi\/?s={search_term_string}\"},\"query-input\":{\"@type\":\"PropertyValueSpecification\",\"valueRequired\":true,\"valueName\":\"search_term_string\"}}],\"inLanguage\":\"fi\"}]}<\/script>\n<!-- \/ Yoast SEO plugin. -->","yoast_head_json":{"title":"SpinBetter Suomi Jalkapallovedonly\u00f6nti \u2714\ufe0f Korkeat kertoimet","description":"Spinbetter tarjoaa laajan valikoiman jalkapallon vedonly\u00f6ntitapahtumia ja -markkinoita \u26a1 Opi ly\u00f6m\u00e4\u00e4n vetoa jalkapallosta ja l\u00f6yd\u00e4 parhaat kertoimet Spin Betterist\u00e4 \u26bd Hanki ammattimaisia jalkapallon vedonly\u00f6ntivihjeit\u00e4.","robots":{"index":"index","follow":"follow","max-snippet":"max-snippet:-1","max-image-preview":"max-image-preview:large","max-video-preview":"max-video-preview:-1"},"canonical":"https:\/\/spinbetter.games\/fi\/football\/","og_locale":"fi_FI","og_type":"article","og_title":"SpinBetter Suomi Jalkapallovedonly\u00f6nti \u2714\ufe0f Korkeat kertoimet","og_description":"Spinbetter tarjoaa laajan valikoiman jalkapallon vedonly\u00f6ntitapahtumia ja -markkinoita \u26a1 Opi ly\u00f6m\u00e4\u00e4n vetoa jalkapallosta ja l\u00f6yd\u00e4 parhaat kertoimet Spin Betterist\u00e4 \u26bd Hanki ammattimaisia jalkapallon vedonly\u00f6ntivihjeit\u00e4.","og_url":"https:\/\/spinbetter.games\/fi\/football\/","og_site_name":"Spinbetter games FI","article_modified_time":"2025-02-25T10:00:49+00:00","twitter_card":"summary_large_image","schema":{"@context":"https:\/\/schema.org","@graph":[{"@type":"WebPage","@id":"https:\/\/spinbetter.games\/fi\/football\/","url":"https:\/\/spinbetter.games\/fi\/football\/","name":"SpinBetter Suomi Jalkapallovedonly\u00f6nti \u2714\ufe0f Korkeat kertoimet","isPartOf":{"@id":"https:\/\/spinbetter.games\/fi\/#website"},"datePublished":"2024-10-30T14:03:04+00:00","dateModified":"2025-02-25T10:00:49+00:00","description":"Spinbetter tarjoaa laajan valikoiman jalkapallon vedonly\u00f6ntitapahtumia ja -markkinoita \u26a1 Opi ly\u00f6m\u00e4\u00e4n vetoa jalkapallosta ja l\u00f6yd\u00e4 parhaat kertoimet Spin Betterist\u00e4 \u26bd Hanki ammattimaisia jalkapallon vedonly\u00f6ntivihjeit\u00e4.","breadcrumb":{"@id":"https:\/\/spinbetter.games\/fi\/football\/#breadcrumb"},"inLanguage":"fi","potentialAction":[{"@type":"ReadAction","target":["https:\/\/spinbetter.games\/fi\/football\/"]}]},{"@type":"BreadcrumbList","@id":"https:\/\/spinbetter.games\/fi\/football\/#breadcrumb","itemListElement":[{"@type":"ListItem","position":1,"name":"\u0413\u043b\u0430\u0432\u043d\u0430\u044f \u0441\u0442\u0440\u0430\u043d\u0438\u0446\u0430","item":"https:\/\/spinbetter.games\/fi\/"},{"@type":"ListItem","position":2,"name":"Jalkapallo"}]},{"@type":"WebSite","@id":"https:\/\/spinbetter.games\/fi\/#website","url":"https:\/\/spinbetter.games\/fi\/","name":"Spinbetter games FI","description":"My WordPress Blog","potentialAction":[{"@type":"SearchAction","target":{"@type":"EntryPoint","urlTemplate":"https:\/\/spinbetter.games\/fi\/?s={search_term_string}"},"query-input":{"@type":"PropertyValueSpecification","valueRequired":true,"valueName":"search_term_string"}}],"inLanguage":"fi"}]}},"_links":{"self":[{"href":"https:\/\/spinbetter.games\/fi\/wp-json\/wp\/v2\/pages\/566","targetHints":{"allow":["GET"]}}],"collection":[{"href":"https:\/\/spinbetter.games\/fi\/wp-json\/wp\/v2\/pages"}],"about":[{"href":"https:\/\/spinbetter.games\/fi\/wp-json\/wp\/v2\/types\/page"}],"author":[{"embeddable":true,"href":"https:\/\/spinbetter.games\/fi\/wp-json\/wp\/v2\/users\/1"}],"replies":[{"embeddable":true,"href":"https:\/\/spinbetter.games\/fi\/wp-json\/wp\/v2\/comments?post=566"}],"version-history":[{"count":3,"href":"https:\/\/spinbetter.games\/fi\/wp-json\/wp\/v2\/pages\/566\/revisions"}],"predecessor-version":[{"id":857,"href":"https:\/\/spinbetter.games\/fi\/wp-json\/wp\/v2\/pages\/566\/revisions\/857"}],"wp:attachment":[{"href":"https:\/\/spinbetter.games\/fi\/wp-json\/wp\/v2\/media?parent=566"}],"curies":[{"name":"wp","href":"https:\/\/api.w.org\/{rel}","templated":true}]}}