{"id":1189,"date":"2026-02-16T08:35:20","date_gmt":"2026-02-16T08:35:20","guid":{"rendered":"https:\/\/spinbetter.games\/fr\/?page_id=1189"},"modified":"2026-02-16T08:35:20","modified_gmt":"2026-02-16T08:35:20","slug":"telegram","status":"publish","type":"page","link":"https:\/\/spinbetter.games\/fr\/telegram\/","title":{"rendered":"Telegram"},"content":{"rendered":"","protected":false},"excerpt":{"rendered":"","protected":false},"author":1,"featured_media":0,"parent":0,"menu_order":0,"comment_status":"closed","ping_status":"closed","template":"","meta":{"footnotes":""},"class_list":["post-1189","page","type-page","status-publish","hentry"],"yoast_head":"<!-- This site is optimized with the Yoast SEO plugin v26.8 - https:\/\/yoast.com\/product\/yoast-seo-wordpress\/ -->\n<title>Cha\u00eene Telegram Spinbetter \u2014 Derniers bonus et codes promo<\/title>\n<meta name=\"description\" content=\"Abonnez-vous \u00e0 la cha\u00eene Telegram Spin Better pour recevoir les derniers bonus, codes promotionnels exclusifs, offres sp\u00e9ciales et pronostics pour les grands \u00e9v\u00e9nements sportifs.\" \/>\n<meta name=\"robots\" content=\"index, follow, max-snippet:-1, max-image-preview:large, max-video-preview:-1\" \/>\n<link rel=\"canonical\" href=\"https:\/\/spinbetter.games\/fr\/telegram\/\" \/>\n<meta property=\"og:locale\" content=\"fr_FR\" \/>\n<meta property=\"og:type\" content=\"article\" \/>\n<meta property=\"og:title\" content=\"Cha\u00eene Telegram Spinbetter \u2014 Derniers bonus et codes promo\" \/>\n<meta property=\"og:description\" content=\"Abonnez-vous \u00e0 la cha\u00eene Telegram Spin Better pour recevoir les derniers bonus, codes promotionnels exclusifs, offres sp\u00e9ciales et pronostics pour les grands \u00e9v\u00e9nements sportifs.\" \/>\n<meta property=\"og:url\" content=\"https:\/\/spinbetter.games\/fr\/telegram\/\" \/>\n<meta property=\"og:site_name\" content=\"SpinBetter fr\" \/>\n<meta name=\"twitter:card\" content=\"summary_large_image\" \/>\n<script type=\"application\/ld+json\" class=\"yoast-schema-graph\">{\"@context\":\"https:\/\/schema.org\",\"@graph\":[{\"@type\":\"WebPage\",\"@id\":\"https:\/\/spinbetter.games\/fr\/telegram\/\",\"url\":\"https:\/\/spinbetter.games\/fr\/telegram\/\",\"name\":\"Cha\u00eene Telegram Spinbetter \u2014 Derniers bonus et codes promo\",\"isPartOf\":{\"@id\":\"https:\/\/spinbetter.games\/fr\/#website\"},\"datePublished\":\"2026-02-16T08:35:20+00:00\",\"description\":\"Abonnez-vous \u00e0 la cha\u00eene Telegram Spin Better pour recevoir les derniers bonus, codes promotionnels exclusifs, offres sp\u00e9ciales et pronostics pour les grands \u00e9v\u00e9nements sportifs.\",\"breadcrumb\":{\"@id\":\"https:\/\/spinbetter.games\/fr\/telegram\/#breadcrumb\"},\"inLanguage\":\"fr-FR\",\"potentialAction\":[{\"@type\":\"ReadAction\",\"target\":[\"https:\/\/spinbetter.games\/fr\/telegram\/\"]}]},{\"@type\":\"BreadcrumbList\",\"@id\":\"https:\/\/spinbetter.games\/fr\/telegram\/#breadcrumb\",\"itemListElement\":[{\"@type\":\"ListItem\",\"position\":1,\"name\":\"\u0413\u043b\u0430\u0432\u043d\u0430\u044f \u0441\u0442\u0440\u0430\u043d\u0438\u0446\u0430\",\"item\":\"https:\/\/spinbetter.games\/fr\/\"},{\"@type\":\"ListItem\",\"position\":2,\"name\":\"Telegram\"}]},{\"@type\":\"WebSite\",\"@id\":\"https:\/\/spinbetter.games\/fr\/#website\",\"url\":\"https:\/\/spinbetter.games\/fr\/\",\"name\":\"SpinBetter fr\",\"description\":\"My WordPress Blog\",\"potentialAction\":[{\"@type\":\"SearchAction\",\"target\":{\"@type\":\"EntryPoint\",\"urlTemplate\":\"https:\/\/spinbetter.games\/fr\/?s={search_term_string}\"},\"query-input\":{\"@type\":\"PropertyValueSpecification\",\"valueRequired\":true,\"valueName\":\"search_term_string\"}}],\"inLanguage\":\"fr-FR\"}]}<\/script>\n<!-- \/ Yoast SEO plugin. -->","yoast_head_json":{"title":"Cha\u00eene Telegram Spinbetter \u2014 Derniers bonus et codes promo","description":"Abonnez-vous \u00e0 la cha\u00eene Telegram Spin Better pour recevoir les derniers bonus, codes promotionnels exclusifs, offres sp\u00e9ciales et pronostics pour les grands \u00e9v\u00e9nements sportifs.","robots":{"index":"index","follow":"follow","max-snippet":"max-snippet:-1","max-image-preview":"max-image-preview:large","max-video-preview":"max-video-preview:-1"},"canonical":"https:\/\/spinbetter.games\/fr\/telegram\/","og_locale":"fr_FR","og_type":"article","og_title":"Cha\u00eene Telegram Spinbetter \u2014 Derniers bonus et codes promo","og_description":"Abonnez-vous \u00e0 la cha\u00eene Telegram Spin Better pour recevoir les derniers bonus, codes promotionnels exclusifs, offres sp\u00e9ciales et pronostics pour les grands \u00e9v\u00e9nements sportifs.","og_url":"https:\/\/spinbetter.games\/fr\/telegram\/","og_site_name":"SpinBetter fr","twitter_card":"summary_large_image","schema":{"@context":"https:\/\/schema.org","@graph":[{"@type":"WebPage","@id":"https:\/\/spinbetter.games\/fr\/telegram\/","url":"https:\/\/spinbetter.games\/fr\/telegram\/","name":"Cha\u00eene Telegram Spinbetter \u2014 Derniers bonus et codes promo","isPartOf":{"@id":"https:\/\/spinbetter.games\/fr\/#website"},"datePublished":"2026-02-16T08:35:20+00:00","description":"Abonnez-vous \u00e0 la cha\u00eene Telegram Spin Better pour recevoir les derniers bonus, codes promotionnels exclusifs, offres sp\u00e9ciales et pronostics pour les grands \u00e9v\u00e9nements sportifs.","breadcrumb":{"@id":"https:\/\/spinbetter.games\/fr\/telegram\/#breadcrumb"},"inLanguage":"fr-FR","potentialAction":[{"@type":"ReadAction","target":["https:\/\/spinbetter.games\/fr\/telegram\/"]}]},{"@type":"BreadcrumbList","@id":"https:\/\/spinbetter.games\/fr\/telegram\/#breadcrumb","itemListElement":[{"@type":"ListItem","position":1,"name":"\u0413\u043b\u0430\u0432\u043d\u0430\u044f \u0441\u0442\u0440\u0430\u043d\u0438\u0446\u0430","item":"https:\/\/spinbetter.games\/fr\/"},{"@type":"ListItem","position":2,"name":"Telegram"}]},{"@type":"WebSite","@id":"https:\/\/spinbetter.games\/fr\/#website","url":"https:\/\/spinbetter.games\/fr\/","name":"SpinBetter fr","description":"My WordPress Blog","potentialAction":[{"@type":"SearchAction","target":{"@type":"EntryPoint","urlTemplate":"https:\/\/spinbetter.games\/fr\/?s={search_term_string}"},"query-input":{"@type":"PropertyValueSpecification","valueRequired":true,"valueName":"search_term_string"}}],"inLanguage":"fr-FR"}]}},"_links":{"self":[{"href":"https:\/\/spinbetter.games\/fr\/wp-json\/wp\/v2\/pages\/1189","targetHints":{"allow":["GET"]}}],"collection":[{"href":"https:\/\/spinbetter.games\/fr\/wp-json\/wp\/v2\/pages"}],"about":[{"href":"https:\/\/spinbetter.games\/fr\/wp-json\/wp\/v2\/types\/page"}],"author":[{"embeddable":true,"href":"https:\/\/spinbetter.games\/fr\/wp-json\/wp\/v2\/users\/1"}],"replies":[{"embeddable":true,"href":"https:\/\/spinbetter.games\/fr\/wp-json\/wp\/v2\/comments?post=1189"}],"version-history":[{"count":1,"href":"https:\/\/spinbetter.games\/fr\/wp-json\/wp\/v2\/pages\/1189\/revisions"}],"predecessor-version":[{"id":1191,"href":"https:\/\/spinbetter.games\/fr\/wp-json\/wp\/v2\/pages\/1189\/revisions\/1191"}],"wp:attachment":[{"href":"https:\/\/spinbetter.games\/fr\/wp-json\/wp\/v2\/media?parent=1189"}],"curies":[{"name":"wp","href":"https:\/\/api.w.org\/{rel}","templated":true}]}}