{"id":255,"date":"2025-02-10T08:11:18","date_gmt":"2025-02-10T08:11:18","guid":{"rendered":"https:\/\/spinbetter.games\/?page_id=255"},"modified":"2025-03-07T04:50:17","modified_gmt":"2025-03-07T04:50:17","slug":"login","status":"publish","type":"page","link":"https:\/\/spinbetter.games\/fr\/login\/","title":{"rendered":"Connexion"},"content":{"rendered":"","protected":false},"excerpt":{"rendered":"","protected":false},"author":1,"featured_media":0,"parent":0,"menu_order":0,"comment_status":"closed","ping_status":"closed","template":"","meta":{"footnotes":""},"class_list":["post-255","page","type-page","status-publish","hentry"],"yoast_head":"<!-- This site is optimized with the Yoast SEO plugin v26.8 - https:\/\/yoast.com\/product\/yoast-seo-wordpress\/ -->\n<title>Spinbetter Login &amp; Sign Up<\/title>\n<meta name=\"description\" content=\"Processus de connexion \u00e9tape par \u00e9tape \u00e0 Spinbetter \u00b7 Comment acc\u00e9der \u00e0 votre compte \u00b7 Connectez-vous pour Spin Better et obtenez un package de bienvenue allant jusqu&#039;\u00e0 1 500 EUR et 150 tours gratuits\" \/>\n<meta name=\"robots\" content=\"index, follow, max-snippet:-1, max-image-preview:large, max-video-preview:-1\" \/>\n<link rel=\"canonical\" href=\"https:\/\/spinbetter.games\/fr\/login\/\" \/>\n<meta property=\"og:locale\" content=\"fr_FR\" \/>\n<meta property=\"og:type\" content=\"article\" \/>\n<meta property=\"og:title\" content=\"Spinbetter Login &amp; Sign Up\" \/>\n<meta property=\"og:description\" content=\"Processus de connexion \u00e9tape par \u00e9tape \u00e0 Spinbetter \u00b7 Comment acc\u00e9der \u00e0 votre compte \u00b7 Connectez-vous pour Spin Better et obtenez un package de bienvenue allant jusqu&#039;\u00e0 1 500 EUR et 150 tours gratuits\" \/>\n<meta property=\"og:url\" content=\"https:\/\/spinbetter.games\/fr\/login\/\" \/>\n<meta property=\"og:site_name\" content=\"SpinBetter fr\" \/>\n<meta property=\"article:modified_time\" content=\"2025-03-07T04:50:17+00:00\" \/>\n<meta name=\"twitter:card\" content=\"summary_large_image\" \/>\n<script type=\"application\/ld+json\" class=\"yoast-schema-graph\">{\"@context\":\"https:\/\/schema.org\",\"@graph\":[{\"@type\":\"WebPage\",\"@id\":\"https:\/\/spinbetter.games\/fr\/login\/\",\"url\":\"https:\/\/spinbetter.games\/fr\/login\/\",\"name\":\"Spinbetter Login & Sign Up\",\"isPartOf\":{\"@id\":\"https:\/\/spinbetter.games\/fr\/#website\"},\"datePublished\":\"2025-02-10T08:11:18+00:00\",\"dateModified\":\"2025-03-07T04:50:17+00:00\",\"description\":\"Processus de connexion \u00e9tape par \u00e9tape \u00e0 Spinbetter \u00b7 Comment acc\u00e9der \u00e0 votre compte \u00b7 Connectez-vous pour Spin Better et obtenez un package de bienvenue allant jusqu'\u00e0 1 500 EUR et 150 tours gratuits\",\"breadcrumb\":{\"@id\":\"https:\/\/spinbetter.games\/fr\/login\/#breadcrumb\"},\"inLanguage\":\"fr-FR\",\"potentialAction\":[{\"@type\":\"ReadAction\",\"target\":[\"https:\/\/spinbetter.games\/fr\/login\/\"]}]},{\"@type\":\"BreadcrumbList\",\"@id\":\"https:\/\/spinbetter.games\/fr\/login\/#breadcrumb\",\"itemListElement\":[{\"@type\":\"ListItem\",\"position\":1,\"name\":\"\u0413\u043b\u0430\u0432\u043d\u0430\u044f \u0441\u0442\u0440\u0430\u043d\u0438\u0446\u0430\",\"item\":\"https:\/\/spinbetter.games\/fr\/\"},{\"@type\":\"ListItem\",\"position\":2,\"name\":\"Connexion\"}]},{\"@type\":\"WebSite\",\"@id\":\"https:\/\/spinbetter.games\/fr\/#website\",\"url\":\"https:\/\/spinbetter.games\/fr\/\",\"name\":\"SpinBetter fr\",\"description\":\"My WordPress Blog\",\"potentialAction\":[{\"@type\":\"SearchAction\",\"target\":{\"@type\":\"EntryPoint\",\"urlTemplate\":\"https:\/\/spinbetter.games\/fr\/?s={search_term_string}\"},\"query-input\":{\"@type\":\"PropertyValueSpecification\",\"valueRequired\":true,\"valueName\":\"search_term_string\"}}],\"inLanguage\":\"fr-FR\"}]}<\/script>\n<!-- \/ Yoast SEO plugin. -->","yoast_head_json":{"title":"Spinbetter Login & Sign Up","description":"Processus de connexion \u00e9tape par \u00e9tape \u00e0 Spinbetter \u00b7 Comment acc\u00e9der \u00e0 votre compte \u00b7 Connectez-vous pour Spin Better et obtenez un package de bienvenue allant jusqu'\u00e0 1 500 EUR et 150 tours gratuits","robots":{"index":"index","follow":"follow","max-snippet":"max-snippet:-1","max-image-preview":"max-image-preview:large","max-video-preview":"max-video-preview:-1"},"canonical":"https:\/\/spinbetter.games\/fr\/login\/","og_locale":"fr_FR","og_type":"article","og_title":"Spinbetter Login & Sign Up","og_description":"Processus de connexion \u00e9tape par \u00e9tape \u00e0 Spinbetter \u00b7 Comment acc\u00e9der \u00e0 votre compte \u00b7 Connectez-vous pour Spin Better et obtenez un package de bienvenue allant jusqu'\u00e0 1 500 EUR et 150 tours gratuits","og_url":"https:\/\/spinbetter.games\/fr\/login\/","og_site_name":"SpinBetter fr","article_modified_time":"2025-03-07T04:50:17+00:00","twitter_card":"summary_large_image","schema":{"@context":"https:\/\/schema.org","@graph":[{"@type":"WebPage","@id":"https:\/\/spinbetter.games\/fr\/login\/","url":"https:\/\/spinbetter.games\/fr\/login\/","name":"Spinbetter Login & Sign Up","isPartOf":{"@id":"https:\/\/spinbetter.games\/fr\/#website"},"datePublished":"2025-02-10T08:11:18+00:00","dateModified":"2025-03-07T04:50:17+00:00","description":"Processus de connexion \u00e9tape par \u00e9tape \u00e0 Spinbetter \u00b7 Comment acc\u00e9der \u00e0 votre compte \u00b7 Connectez-vous pour Spin Better et obtenez un package de bienvenue allant jusqu'\u00e0 1 500 EUR et 150 tours gratuits","breadcrumb":{"@id":"https:\/\/spinbetter.games\/fr\/login\/#breadcrumb"},"inLanguage":"fr-FR","potentialAction":[{"@type":"ReadAction","target":["https:\/\/spinbetter.games\/fr\/login\/"]}]},{"@type":"BreadcrumbList","@id":"https:\/\/spinbetter.games\/fr\/login\/#breadcrumb","itemListElement":[{"@type":"ListItem","position":1,"name":"\u0413\u043b\u0430\u0432\u043d\u0430\u044f \u0441\u0442\u0440\u0430\u043d\u0438\u0446\u0430","item":"https:\/\/spinbetter.games\/fr\/"},{"@type":"ListItem","position":2,"name":"Connexion"}]},{"@type":"WebSite","@id":"https:\/\/spinbetter.games\/fr\/#website","url":"https:\/\/spinbetter.games\/fr\/","name":"SpinBetter fr","description":"My WordPress Blog","potentialAction":[{"@type":"SearchAction","target":{"@type":"EntryPoint","urlTemplate":"https:\/\/spinbetter.games\/fr\/?s={search_term_string}"},"query-input":{"@type":"PropertyValueSpecification","valueRequired":true,"valueName":"search_term_string"}}],"inLanguage":"fr-FR"}]}},"_links":{"self":[{"href":"https:\/\/spinbetter.games\/fr\/wp-json\/wp\/v2\/pages\/255","targetHints":{"allow":["GET"]}}],"collection":[{"href":"https:\/\/spinbetter.games\/fr\/wp-json\/wp\/v2\/pages"}],"about":[{"href":"https:\/\/spinbetter.games\/fr\/wp-json\/wp\/v2\/types\/page"}],"author":[{"embeddable":true,"href":"https:\/\/spinbetter.games\/fr\/wp-json\/wp\/v2\/users\/1"}],"replies":[{"embeddable":true,"href":"https:\/\/spinbetter.games\/fr\/wp-json\/wp\/v2\/comments?post=255"}],"version-history":[{"count":3,"href":"https:\/\/spinbetter.games\/fr\/wp-json\/wp\/v2\/pages\/255\/revisions"}],"predecessor-version":[{"id":829,"href":"https:\/\/spinbetter.games\/fr\/wp-json\/wp\/v2\/pages\/255\/revisions\/829"}],"wp:attachment":[{"href":"https:\/\/spinbetter.games\/fr\/wp-json\/wp\/v2\/media?parent=255"}],"curies":[{"name":"wp","href":"https:\/\/api.w.org\/{rel}","templated":true}]}}