{"id":528,"date":"2024-10-04T06:37:45","date_gmt":"2024-10-04T06:37:45","guid":{"rendered":"https:\/\/spinbetter.games\/fr\/?page_id=528"},"modified":"2024-10-04T07:08:14","modified_gmt":"2024-10-04T07:08:14","slug":"apk","status":"publish","type":"page","link":"https:\/\/spinbetter.games\/fr\/apk\/","title":{"rendered":"Apk"},"content":{"rendered":"","protected":false},"excerpt":{"rendered":"","protected":false},"author":1,"featured_media":0,"parent":0,"menu_order":0,"comment_status":"closed","ping_status":"closed","template":"","meta":{"footnotes":""},"class_list":["post-528","page","type-page","status-publish","hentry"],"yoast_head":"<!-- This site is optimized with the Yoast SEO plugin v26.8 - https:\/\/yoast.com\/product\/yoast-seo-wordpress\/ -->\n<title>SpinBetter Apk \u25b6\ufe0f Comment t\u00e9l\u00e9charger et jouer<\/title>\n<meta name=\"description\" content=\"Le t\u00e9l\u00e9chargement de l&#039;apk Spin Better est un moyen pratique d&#039;acc\u00e9der aux paris sportifs et aux casinos en d\u00e9placement. Spinbetter Apk pour Android offre une interface optimis\u00e9e et des offres de bonus exclusives.\" \/>\n<meta name=\"robots\" content=\"index, follow, max-snippet:-1, max-image-preview:large, max-video-preview:-1\" \/>\n<link rel=\"canonical\" href=\"https:\/\/spinbetter.games\/fr\/apk\/\" \/>\n<meta property=\"og:locale\" content=\"fr_FR\" \/>\n<meta property=\"og:type\" content=\"article\" \/>\n<meta property=\"og:title\" content=\"SpinBetter Apk \u25b6\ufe0f Comment t\u00e9l\u00e9charger et jouer\" \/>\n<meta property=\"og:description\" content=\"Le t\u00e9l\u00e9chargement de l&#039;apk Spin Better est un moyen pratique d&#039;acc\u00e9der aux paris sportifs et aux casinos en d\u00e9placement. Spinbetter Apk pour Android offre une interface optimis\u00e9e et des offres de bonus exclusives.\" \/>\n<meta property=\"og:url\" content=\"https:\/\/spinbetter.games\/fr\/apk\/\" \/>\n<meta property=\"og:site_name\" content=\"SpinBetter fr\" \/>\n<meta property=\"article:modified_time\" content=\"2024-10-04T07:08:14+00:00\" \/>\n<meta name=\"twitter:card\" content=\"summary_large_image\" \/>\n<script type=\"application\/ld+json\" class=\"yoast-schema-graph\">{\"@context\":\"https:\/\/schema.org\",\"@graph\":[{\"@type\":\"WebPage\",\"@id\":\"https:\/\/spinbetter.games\/fr\/apk\/\",\"url\":\"https:\/\/spinbetter.games\/fr\/apk\/\",\"name\":\"SpinBetter Apk \u25b6\ufe0f Comment t\u00e9l\u00e9charger et jouer\",\"isPartOf\":{\"@id\":\"https:\/\/spinbetter.games\/fr\/#website\"},\"datePublished\":\"2024-10-04T06:37:45+00:00\",\"dateModified\":\"2024-10-04T07:08:14+00:00\",\"description\":\"Le t\u00e9l\u00e9chargement de l'apk Spin Better est un moyen pratique d'acc\u00e9der aux paris sportifs et aux casinos en d\u00e9placement. Spinbetter Apk pour Android offre une interface optimis\u00e9e et des offres de bonus exclusives.\",\"breadcrumb\":{\"@id\":\"https:\/\/spinbetter.games\/fr\/apk\/#breadcrumb\"},\"inLanguage\":\"fr-FR\",\"potentialAction\":[{\"@type\":\"ReadAction\",\"target\":[\"https:\/\/spinbetter.games\/fr\/apk\/\"]}]},{\"@type\":\"BreadcrumbList\",\"@id\":\"https:\/\/spinbetter.games\/fr\/apk\/#breadcrumb\",\"itemListElement\":[{\"@type\":\"ListItem\",\"position\":1,\"name\":\"\u0413\u043b\u0430\u0432\u043d\u0430\u044f \u0441\u0442\u0440\u0430\u043d\u0438\u0446\u0430\",\"item\":\"https:\/\/spinbetter.games\/fr\/\"},{\"@type\":\"ListItem\",\"position\":2,\"name\":\"Apk\"}]},{\"@type\":\"WebSite\",\"@id\":\"https:\/\/spinbetter.games\/fr\/#website\",\"url\":\"https:\/\/spinbetter.games\/fr\/\",\"name\":\"SpinBetter fr\",\"description\":\"My WordPress Blog\",\"potentialAction\":[{\"@type\":\"SearchAction\",\"target\":{\"@type\":\"EntryPoint\",\"urlTemplate\":\"https:\/\/spinbetter.games\/fr\/?s={search_term_string}\"},\"query-input\":{\"@type\":\"PropertyValueSpecification\",\"valueRequired\":true,\"valueName\":\"search_term_string\"}}],\"inLanguage\":\"fr-FR\"}]}<\/script>\n<!-- \/ Yoast SEO plugin. -->","yoast_head_json":{"title":"SpinBetter Apk \u25b6\ufe0f Comment t\u00e9l\u00e9charger et jouer","description":"Le t\u00e9l\u00e9chargement de l'apk Spin Better est un moyen pratique d'acc\u00e9der aux paris sportifs et aux casinos en d\u00e9placement. Spinbetter Apk pour Android offre une interface optimis\u00e9e et des offres de bonus exclusives.","robots":{"index":"index","follow":"follow","max-snippet":"max-snippet:-1","max-image-preview":"max-image-preview:large","max-video-preview":"max-video-preview:-1"},"canonical":"https:\/\/spinbetter.games\/fr\/apk\/","og_locale":"fr_FR","og_type":"article","og_title":"SpinBetter Apk \u25b6\ufe0f Comment t\u00e9l\u00e9charger et jouer","og_description":"Le t\u00e9l\u00e9chargement de l'apk Spin Better est un moyen pratique d'acc\u00e9der aux paris sportifs et aux casinos en d\u00e9placement. Spinbetter Apk pour Android offre une interface optimis\u00e9e et des offres de bonus exclusives.","og_url":"https:\/\/spinbetter.games\/fr\/apk\/","og_site_name":"SpinBetter fr","article_modified_time":"2024-10-04T07:08:14+00:00","twitter_card":"summary_large_image","schema":{"@context":"https:\/\/schema.org","@graph":[{"@type":"WebPage","@id":"https:\/\/spinbetter.games\/fr\/apk\/","url":"https:\/\/spinbetter.games\/fr\/apk\/","name":"SpinBetter Apk \u25b6\ufe0f Comment t\u00e9l\u00e9charger et jouer","isPartOf":{"@id":"https:\/\/spinbetter.games\/fr\/#website"},"datePublished":"2024-10-04T06:37:45+00:00","dateModified":"2024-10-04T07:08:14+00:00","description":"Le t\u00e9l\u00e9chargement de l'apk Spin Better est un moyen pratique d'acc\u00e9der aux paris sportifs et aux casinos en d\u00e9placement. Spinbetter Apk pour Android offre une interface optimis\u00e9e et des offres de bonus exclusives.","breadcrumb":{"@id":"https:\/\/spinbetter.games\/fr\/apk\/#breadcrumb"},"inLanguage":"fr-FR","potentialAction":[{"@type":"ReadAction","target":["https:\/\/spinbetter.games\/fr\/apk\/"]}]},{"@type":"BreadcrumbList","@id":"https:\/\/spinbetter.games\/fr\/apk\/#breadcrumb","itemListElement":[{"@type":"ListItem","position":1,"name":"\u0413\u043b\u0430\u0432\u043d\u0430\u044f \u0441\u0442\u0440\u0430\u043d\u0438\u0446\u0430","item":"https:\/\/spinbetter.games\/fr\/"},{"@type":"ListItem","position":2,"name":"Apk"}]},{"@type":"WebSite","@id":"https:\/\/spinbetter.games\/fr\/#website","url":"https:\/\/spinbetter.games\/fr\/","name":"SpinBetter fr","description":"My WordPress Blog","potentialAction":[{"@type":"SearchAction","target":{"@type":"EntryPoint","urlTemplate":"https:\/\/spinbetter.games\/fr\/?s={search_term_string}"},"query-input":{"@type":"PropertyValueSpecification","valueRequired":true,"valueName":"search_term_string"}}],"inLanguage":"fr-FR"}]}},"_links":{"self":[{"href":"https:\/\/spinbetter.games\/fr\/wp-json\/wp\/v2\/pages\/528","targetHints":{"allow":["GET"]}}],"collection":[{"href":"https:\/\/spinbetter.games\/fr\/wp-json\/wp\/v2\/pages"}],"about":[{"href":"https:\/\/spinbetter.games\/fr\/wp-json\/wp\/v2\/types\/page"}],"author":[{"embeddable":true,"href":"https:\/\/spinbetter.games\/fr\/wp-json\/wp\/v2\/users\/1"}],"replies":[{"embeddable":true,"href":"https:\/\/spinbetter.games\/fr\/wp-json\/wp\/v2\/comments?post=528"}],"version-history":[{"count":4,"href":"https:\/\/spinbetter.games\/fr\/wp-json\/wp\/v2\/pages\/528\/revisions"}],"predecessor-version":[{"id":548,"href":"https:\/\/spinbetter.games\/fr\/wp-json\/wp\/v2\/pages\/528\/revisions\/548"}],"wp:attachment":[{"href":"https:\/\/spinbetter.games\/fr\/wp-json\/wp\/v2\/media?parent=528"}],"curies":[{"name":"wp","href":"https:\/\/api.w.org\/{rel}","templated":true}]}}