{"id":907,"date":"2025-03-05T13:09:42","date_gmt":"2025-03-05T13:09:42","guid":{"rendered":"https:\/\/spinbetter.games\/?page_id=907"},"modified":"2025-04-07T14:28:03","modified_gmt":"2025-04-07T14:28:03","slug":"nba-cashback","status":"publish","type":"page","link":"https:\/\/spinbetter.games\/fr\/bonus\/nba-cashback\/","title":{"rendered":"NBA Cashback"},"content":{"rendered":"","protected":false},"excerpt":{"rendered":"","protected":false},"author":1,"featured_media":0,"parent":152,"menu_order":0,"comment_status":"closed","ping_status":"closed","template":"","meta":{"footnotes":""},"class_list":["post-907","page","type-page","status-publish","hentry"],"yoast_head":"<!-- This site is optimized with the Yoast SEO plugin v26.8 - https:\/\/yoast.com\/product\/yoast-seo-wordpress\/ -->\n<title>Cashback sur NBA 30% \u1409 Recevez des bonus de SpinBetter!<\/title>\n<meta name=\"description\" content=\"Obtenez le Cashback NBA de SpinBetter! \ud83d\udcb0Apprenez \u00e0 activer des bonus lucratifs et \u00e0 participer \u00e0 des promotions. Ne manquez pas la chance d&#039;augmenter vos gains avec SpinBetter!\" \/>\n<meta name=\"robots\" content=\"index, follow, max-snippet:-1, max-image-preview:large, max-video-preview:-1\" \/>\n<link rel=\"canonical\" href=\"https:\/\/spinbetter.games\/fr\/bonus\/nba-cashback\/\" \/>\n<meta property=\"og:locale\" content=\"fr_FR\" \/>\n<meta property=\"og:type\" content=\"article\" \/>\n<meta property=\"og:title\" content=\"Cashback sur NBA 30% \u1409 Recevez des bonus de SpinBetter!\" \/>\n<meta property=\"og:description\" content=\"Obtenez le Cashback NBA de SpinBetter! \ud83d\udcb0Apprenez \u00e0 activer des bonus lucratifs et \u00e0 participer \u00e0 des promotions. Ne manquez pas la chance d&#039;augmenter vos gains avec SpinBetter!\" \/>\n<meta property=\"og:url\" content=\"https:\/\/spinbetter.games\/fr\/bonus\/nba-cashback\/\" \/>\n<meta property=\"og:site_name\" content=\"SpinBetter fr\" \/>\n<meta property=\"article:modified_time\" content=\"2025-04-07T14:28:03+00:00\" \/>\n<meta name=\"twitter:card\" content=\"summary_large_image\" \/>\n<script type=\"application\/ld+json\" class=\"yoast-schema-graph\">{\"@context\":\"https:\/\/schema.org\",\"@graph\":[{\"@type\":\"WebPage\",\"@id\":\"https:\/\/spinbetter.games\/fr\/bonus\/nba-cashback\/\",\"url\":\"https:\/\/spinbetter.games\/fr\/bonus\/nba-cashback\/\",\"name\":\"Cashback sur NBA 30% \u1409 Recevez des bonus de SpinBetter!\",\"isPartOf\":{\"@id\":\"https:\/\/spinbetter.games\/fr\/#website\"},\"datePublished\":\"2025-03-05T13:09:42+00:00\",\"dateModified\":\"2025-04-07T14:28:03+00:00\",\"description\":\"Obtenez le Cashback NBA de SpinBetter! \ud83d\udcb0Apprenez \u00e0 activer des bonus lucratifs et \u00e0 participer \u00e0 des promotions. Ne manquez pas la chance d'augmenter vos gains avec SpinBetter!\",\"breadcrumb\":{\"@id\":\"https:\/\/spinbetter.games\/fr\/bonus\/nba-cashback\/#breadcrumb\"},\"inLanguage\":\"fr-FR\",\"potentialAction\":[{\"@type\":\"ReadAction\",\"target\":[\"https:\/\/spinbetter.games\/fr\/bonus\/nba-cashback\/\"]}]},{\"@type\":\"BreadcrumbList\",\"@id\":\"https:\/\/spinbetter.games\/fr\/bonus\/nba-cashback\/#breadcrumb\",\"itemListElement\":[{\"@type\":\"ListItem\",\"position\":1,\"name\":\"\u0413\u043b\u0430\u0432\u043d\u0430\u044f \u0441\u0442\u0440\u0430\u043d\u0438\u0446\u0430\",\"item\":\"https:\/\/spinbetter.games\/fr\/\"},{\"@type\":\"ListItem\",\"position\":2,\"name\":\"Bonus\",\"item\":\"https:\/\/spinbetter.games\/fr\/bonus\/\"},{\"@type\":\"ListItem\",\"position\":3,\"name\":\"NBA Cashback\"}]},{\"@type\":\"WebSite\",\"@id\":\"https:\/\/spinbetter.games\/fr\/#website\",\"url\":\"https:\/\/spinbetter.games\/fr\/\",\"name\":\"SpinBetter fr\",\"description\":\"My WordPress Blog\",\"potentialAction\":[{\"@type\":\"SearchAction\",\"target\":{\"@type\":\"EntryPoint\",\"urlTemplate\":\"https:\/\/spinbetter.games\/fr\/?s={search_term_string}\"},\"query-input\":{\"@type\":\"PropertyValueSpecification\",\"valueRequired\":true,\"valueName\":\"search_term_string\"}}],\"inLanguage\":\"fr-FR\"}]}<\/script>\n<!-- \/ Yoast SEO plugin. -->","yoast_head_json":{"title":"Cashback sur NBA 30% \u1409 Recevez des bonus de SpinBetter!","description":"Obtenez le Cashback NBA de SpinBetter! \ud83d\udcb0Apprenez \u00e0 activer des bonus lucratifs et \u00e0 participer \u00e0 des promotions. Ne manquez pas la chance d'augmenter vos gains avec SpinBetter!","robots":{"index":"index","follow":"follow","max-snippet":"max-snippet:-1","max-image-preview":"max-image-preview:large","max-video-preview":"max-video-preview:-1"},"canonical":"https:\/\/spinbetter.games\/fr\/bonus\/nba-cashback\/","og_locale":"fr_FR","og_type":"article","og_title":"Cashback sur NBA 30% \u1409 Recevez des bonus de SpinBetter!","og_description":"Obtenez le Cashback NBA de SpinBetter! \ud83d\udcb0Apprenez \u00e0 activer des bonus lucratifs et \u00e0 participer \u00e0 des promotions. Ne manquez pas la chance d'augmenter vos gains avec SpinBetter!","og_url":"https:\/\/spinbetter.games\/fr\/bonus\/nba-cashback\/","og_site_name":"SpinBetter fr","article_modified_time":"2025-04-07T14:28:03+00:00","twitter_card":"summary_large_image","schema":{"@context":"https:\/\/schema.org","@graph":[{"@type":"WebPage","@id":"https:\/\/spinbetter.games\/fr\/bonus\/nba-cashback\/","url":"https:\/\/spinbetter.games\/fr\/bonus\/nba-cashback\/","name":"Cashback sur NBA 30% \u1409 Recevez des bonus de SpinBetter!","isPartOf":{"@id":"https:\/\/spinbetter.games\/fr\/#website"},"datePublished":"2025-03-05T13:09:42+00:00","dateModified":"2025-04-07T14:28:03+00:00","description":"Obtenez le Cashback NBA de SpinBetter! \ud83d\udcb0Apprenez \u00e0 activer des bonus lucratifs et \u00e0 participer \u00e0 des promotions. Ne manquez pas la chance d'augmenter vos gains avec SpinBetter!","breadcrumb":{"@id":"https:\/\/spinbetter.games\/fr\/bonus\/nba-cashback\/#breadcrumb"},"inLanguage":"fr-FR","potentialAction":[{"@type":"ReadAction","target":["https:\/\/spinbetter.games\/fr\/bonus\/nba-cashback\/"]}]},{"@type":"BreadcrumbList","@id":"https:\/\/spinbetter.games\/fr\/bonus\/nba-cashback\/#breadcrumb","itemListElement":[{"@type":"ListItem","position":1,"name":"\u0413\u043b\u0430\u0432\u043d\u0430\u044f \u0441\u0442\u0440\u0430\u043d\u0438\u0446\u0430","item":"https:\/\/spinbetter.games\/fr\/"},{"@type":"ListItem","position":2,"name":"Bonus","item":"https:\/\/spinbetter.games\/fr\/bonus\/"},{"@type":"ListItem","position":3,"name":"NBA Cashback"}]},{"@type":"WebSite","@id":"https:\/\/spinbetter.games\/fr\/#website","url":"https:\/\/spinbetter.games\/fr\/","name":"SpinBetter fr","description":"My WordPress Blog","potentialAction":[{"@type":"SearchAction","target":{"@type":"EntryPoint","urlTemplate":"https:\/\/spinbetter.games\/fr\/?s={search_term_string}"},"query-input":{"@type":"PropertyValueSpecification","valueRequired":true,"valueName":"search_term_string"}}],"inLanguage":"fr-FR"}]}},"_links":{"self":[{"href":"https:\/\/spinbetter.games\/fr\/wp-json\/wp\/v2\/pages\/907","targetHints":{"allow":["GET"]}}],"collection":[{"href":"https:\/\/spinbetter.games\/fr\/wp-json\/wp\/v2\/pages"}],"about":[{"href":"https:\/\/spinbetter.games\/fr\/wp-json\/wp\/v2\/types\/page"}],"author":[{"embeddable":true,"href":"https:\/\/spinbetter.games\/fr\/wp-json\/wp\/v2\/users\/1"}],"replies":[{"embeddable":true,"href":"https:\/\/spinbetter.games\/fr\/wp-json\/wp\/v2\/comments?post=907"}],"version-history":[{"count":3,"href":"https:\/\/spinbetter.games\/fr\/wp-json\/wp\/v2\/pages\/907\/revisions"}],"predecessor-version":[{"id":1159,"href":"https:\/\/spinbetter.games\/fr\/wp-json\/wp\/v2\/pages\/907\/revisions\/1159"}],"up":[{"embeddable":true,"href":"https:\/\/spinbetter.games\/fr\/wp-json\/wp\/v2\/pages\/152"}],"wp:attachment":[{"href":"https:\/\/spinbetter.games\/fr\/wp-json\/wp\/v2\/media?parent=907"}],"curies":[{"name":"wp","href":"https:\/\/api.w.org\/{rel}","templated":true}]}}