{"id":1203,"date":"2025-05-09T12:45:23","date_gmt":"2025-05-09T12:45:23","guid":{"rendered":"https:\/\/spinbetter.games\/hr\/?page_id=1203"},"modified":"2026-04-30T16:53:07","modified_gmt":"2026-04-30T16:53:07","slug":"express-of-the-day","status":"publish","type":"page","link":"https:\/\/spinbetter.games\/hr\/bonus\/express-of-the-day\/","title":{"rendered":"Ekspres dana"},"content":{"rendered":"","protected":false},"excerpt":{"rendered":"","protected":false},"author":1,"featured_media":0,"parent":152,"menu_order":0,"comment_status":"closed","ping_status":"closed","template":"","meta":{"footnotes":""},"class_list":["post-1203","page","type-page","status-publish","hentry"],"yoast_head":"<!-- This site is optimized with the Yoast SEO plugin v26.8 - https:\/\/yoast.com\/product\/yoast-seo-wordpress\/ -->\n<title>SpinBetter Express dana s 10% dodatnog profita<\/title>\n<meta name=\"description\" content=\"Ne propustite priliku da maksimizirate svoje dobitke! Sa SpinBetterom ne dobivate samo oklade, ve\u0107 i dodatnih 10% na svoj profit na Express of the Day! Napravite svoju prognozu ve\u0107 danas i umno\u017eite svoje \u0161anse za uspjeh pa\u017eljivo odabranim expressima.\" \/>\n<meta name=\"robots\" content=\"noindex, follow, max-snippet:-1, max-image-preview:large, max-video-preview:-1\" \/>\n<meta property=\"og:locale\" content=\"hr_HR\" \/>\n<meta property=\"og:type\" content=\"article\" \/>\n<meta property=\"og:title\" content=\"SpinBetter Express dana s 10% dodatnog profita\" \/>\n<meta property=\"og:description\" content=\"Ne propustite priliku da maksimizirate svoje dobitke! Sa SpinBetterom ne dobivate samo oklade, ve\u0107 i dodatnih 10% na svoj profit na Express of the Day! Napravite svoju prognozu ve\u0107 danas i umno\u017eite svoje \u0161anse za uspjeh pa\u017eljivo odabranim expressima.\" \/>\n<meta property=\"og:url\" content=\"https:\/\/spinbetter.games\/hr\/bonus\/express-of-the-day\/\" \/>\n<meta property=\"og:site_name\" content=\"Spinbetter HR\" \/>\n<meta property=\"article:modified_time\" content=\"2026-04-30T16:53:07+00:00\" \/>\n<meta name=\"twitter:card\" content=\"summary_large_image\" \/>\n<script type=\"application\/ld+json\" class=\"yoast-schema-graph\">{\"@context\":\"https:\/\/schema.org\",\"@graph\":[{\"@type\":\"WebPage\",\"@id\":\"https:\/\/spinbetter.games\/hr\/bonus\/express-of-the-day\/\",\"url\":\"https:\/\/spinbetter.games\/hr\/bonus\/express-of-the-day\/\",\"name\":\"SpinBetter Express dana s 10% dodatnog profita\",\"isPartOf\":{\"@id\":\"https:\/\/spinbetter.games\/hr\/#website\"},\"datePublished\":\"2025-05-09T12:45:23+00:00\",\"dateModified\":\"2026-04-30T16:53:07+00:00\",\"description\":\"Ne propustite priliku da maksimizirate svoje dobitke! Sa SpinBetterom ne dobivate samo oklade, ve\u0107 i dodatnih 10% na svoj profit na Express of the Day! Napravite svoju prognozu ve\u0107 danas i umno\u017eite svoje \u0161anse za uspjeh pa\u017eljivo odabranim expressima.\",\"breadcrumb\":{\"@id\":\"https:\/\/spinbetter.games\/hr\/bonus\/express-of-the-day\/#breadcrumb\"},\"inLanguage\":\"hr\",\"potentialAction\":[{\"@type\":\"ReadAction\",\"target\":[\"https:\/\/spinbetter.games\/hr\/bonus\/express-of-the-day\/\"]}]},{\"@type\":\"BreadcrumbList\",\"@id\":\"https:\/\/spinbetter.games\/hr\/bonus\/express-of-the-day\/#breadcrumb\",\"itemListElement\":[{\"@type\":\"ListItem\",\"position\":1,\"name\":\"\u0413\u043b\u0430\u0432\u043d\u0430\u044f \u0441\u0442\u0440\u0430\u043d\u0438\u0446\u0430\",\"item\":\"https:\/\/spinbetter.games\/hr\/\"},{\"@type\":\"ListItem\",\"position\":2,\"name\":\"Bonus\",\"item\":\"https:\/\/spinbetter.games\/hr\/bonus\/\"},{\"@type\":\"ListItem\",\"position\":3,\"name\":\"Ekspres dana\"}]},{\"@type\":\"WebSite\",\"@id\":\"https:\/\/spinbetter.games\/hr\/#website\",\"url\":\"https:\/\/spinbetter.games\/hr\/\",\"name\":\"Spinbetter HR\",\"description\":\"\",\"potentialAction\":[{\"@type\":\"SearchAction\",\"target\":{\"@type\":\"EntryPoint\",\"urlTemplate\":\"https:\/\/spinbetter.games\/hr\/?s={search_term_string}\"},\"query-input\":{\"@type\":\"PropertyValueSpecification\",\"valueRequired\":true,\"valueName\":\"search_term_string\"}}],\"inLanguage\":\"hr\"}]}<\/script>\n<!-- \/ Yoast SEO plugin. -->","yoast_head_json":{"title":"SpinBetter Express dana s 10% dodatnog profita","description":"Ne propustite priliku da maksimizirate svoje dobitke! Sa SpinBetterom ne dobivate samo oklade, ve\u0107 i dodatnih 10% na svoj profit na Express of the Day! Napravite svoju prognozu ve\u0107 danas i umno\u017eite svoje \u0161anse za uspjeh pa\u017eljivo odabranim expressima.","robots":{"index":"noindex","follow":"follow","max-snippet":"max-snippet:-1","max-image-preview":"max-image-preview:large","max-video-preview":"max-video-preview:-1"},"og_locale":"hr_HR","og_type":"article","og_title":"SpinBetter Express dana s 10% dodatnog profita","og_description":"Ne propustite priliku da maksimizirate svoje dobitke! Sa SpinBetterom ne dobivate samo oklade, ve\u0107 i dodatnih 10% na svoj profit na Express of the Day! Napravite svoju prognozu ve\u0107 danas i umno\u017eite svoje \u0161anse za uspjeh pa\u017eljivo odabranim expressima.","og_url":"https:\/\/spinbetter.games\/hr\/bonus\/express-of-the-day\/","og_site_name":"Spinbetter HR","article_modified_time":"2026-04-30T16:53:07+00:00","twitter_card":"summary_large_image","schema":{"@context":"https:\/\/schema.org","@graph":[{"@type":"WebPage","@id":"https:\/\/spinbetter.games\/hr\/bonus\/express-of-the-day\/","url":"https:\/\/spinbetter.games\/hr\/bonus\/express-of-the-day\/","name":"SpinBetter Express dana s 10% dodatnog profita","isPartOf":{"@id":"https:\/\/spinbetter.games\/hr\/#website"},"datePublished":"2025-05-09T12:45:23+00:00","dateModified":"2026-04-30T16:53:07+00:00","description":"Ne propustite priliku da maksimizirate svoje dobitke! Sa SpinBetterom ne dobivate samo oklade, ve\u0107 i dodatnih 10% na svoj profit na Express of the Day! Napravite svoju prognozu ve\u0107 danas i umno\u017eite svoje \u0161anse za uspjeh pa\u017eljivo odabranim expressima.","breadcrumb":{"@id":"https:\/\/spinbetter.games\/hr\/bonus\/express-of-the-day\/#breadcrumb"},"inLanguage":"hr","potentialAction":[{"@type":"ReadAction","target":["https:\/\/spinbetter.games\/hr\/bonus\/express-of-the-day\/"]}]},{"@type":"BreadcrumbList","@id":"https:\/\/spinbetter.games\/hr\/bonus\/express-of-the-day\/#breadcrumb","itemListElement":[{"@type":"ListItem","position":1,"name":"\u0413\u043b\u0430\u0432\u043d\u0430\u044f \u0441\u0442\u0440\u0430\u043d\u0438\u0446\u0430","item":"https:\/\/spinbetter.games\/hr\/"},{"@type":"ListItem","position":2,"name":"Bonus","item":"https:\/\/spinbetter.games\/hr\/bonus\/"},{"@type":"ListItem","position":3,"name":"Ekspres dana"}]},{"@type":"WebSite","@id":"https:\/\/spinbetter.games\/hr\/#website","url":"https:\/\/spinbetter.games\/hr\/","name":"Spinbetter HR","description":"","potentialAction":[{"@type":"SearchAction","target":{"@type":"EntryPoint","urlTemplate":"https:\/\/spinbetter.games\/hr\/?s={search_term_string}"},"query-input":{"@type":"PropertyValueSpecification","valueRequired":true,"valueName":"search_term_string"}}],"inLanguage":"hr"}]}},"_links":{"self":[{"href":"https:\/\/spinbetter.games\/hr\/wp-json\/wp\/v2\/pages\/1203","targetHints":{"allow":["GET"]}}],"collection":[{"href":"https:\/\/spinbetter.games\/hr\/wp-json\/wp\/v2\/pages"}],"about":[{"href":"https:\/\/spinbetter.games\/hr\/wp-json\/wp\/v2\/types\/page"}],"author":[{"embeddable":true,"href":"https:\/\/spinbetter.games\/hr\/wp-json\/wp\/v2\/users\/1"}],"replies":[{"embeddable":true,"href":"https:\/\/spinbetter.games\/hr\/wp-json\/wp\/v2\/comments?post=1203"}],"version-history":[{"count":5,"href":"https:\/\/spinbetter.games\/hr\/wp-json\/wp\/v2\/pages\/1203\/revisions"}],"predecessor-version":[{"id":2520,"href":"https:\/\/spinbetter.games\/hr\/wp-json\/wp\/v2\/pages\/1203\/revisions\/2520"}],"up":[{"embeddable":true,"href":"https:\/\/spinbetter.games\/hr\/wp-json\/wp\/v2\/pages\/152"}],"wp:attachment":[{"href":"https:\/\/spinbetter.games\/hr\/wp-json\/wp\/v2\/media?parent=1203"}],"curies":[{"name":"wp","href":"https:\/\/api.w.org\/{rel}","templated":true}]}}