{"id":1215,"date":"2025-05-16T05:58:07","date_gmt":"2025-05-16T05:58:07","guid":{"rendered":"https:\/\/spinbetter.games\/hr\/?page_id=1215"},"modified":"2026-04-30T17:07:12","modified_gmt":"2026-04-30T17:07:12","slug":"ice-hockey-freebet","status":"publish","type":"page","link":"https:\/\/spinbetter.games\/hr\/bonus\/ice-hockey-freebet\/","title":{"rendered":"Besplatna oklada na hokej na ledu"},"content":{"rendered":"","protected":false},"excerpt":{"rendered":"","protected":false},"author":1,"featured_media":0,"parent":152,"menu_order":0,"comment_status":"closed","ping_status":"closed","template":"","meta":{"footnotes":""},"class_list":["post-1215","page","type-page","status-publish","hentry"],"yoast_head":"<!-- This site is optimized with the Yoast SEO plugin v26.8 - https:\/\/yoast.com\/product\/yoast-seo-wordpress\/ -->\n<title>Besplatna oklada za hokej na ledu: Osvojite do 7777 \u20ac i brendirane dresove!<\/title>\n<meta name=\"description\" content=\"Iskoristite priliku za osvajanje super nagrade od 7777 \u20ac i dresova hokeja\u0161kih legendi! Kladite se na hokej od 10 EUR na SpinBetteru i osvojite ulaznice za izvla\u010denje s besplatnim kla\u0111enjem od 62500 \u20ac.\" \/>\n<meta name=\"robots\" content=\"noindex, follow, max-snippet:-1, max-image-preview:large, max-video-preview:-1\" \/>\n<meta property=\"og:locale\" content=\"hr_HR\" \/>\n<meta property=\"og:type\" content=\"article\" \/>\n<meta property=\"og:title\" content=\"Besplatna oklada za hokej na ledu: Osvojite do 7777 \u20ac i brendirane dresove!\" \/>\n<meta property=\"og:description\" content=\"Iskoristite priliku za osvajanje super nagrade od 7777 \u20ac i dresova hokeja\u0161kih legendi! Kladite se na hokej od 10 EUR na SpinBetteru i osvojite ulaznice za izvla\u010denje s besplatnim kla\u0111enjem od 62500 \u20ac.\" \/>\n<meta property=\"og:url\" content=\"https:\/\/spinbetter.games\/hr\/bonus\/ice-hockey-freebet\/\" \/>\n<meta property=\"og:site_name\" content=\"Spinbetter HR\" \/>\n<meta property=\"article:modified_time\" content=\"2026-04-30T17:07:12+00:00\" \/>\n<meta name=\"twitter:card\" content=\"summary_large_image\" \/>\n<script type=\"application\/ld+json\" class=\"yoast-schema-graph\">{\"@context\":\"https:\/\/schema.org\",\"@graph\":[{\"@type\":\"WebPage\",\"@id\":\"https:\/\/spinbetter.games\/hr\/bonus\/ice-hockey-freebet\/\",\"url\":\"https:\/\/spinbetter.games\/hr\/bonus\/ice-hockey-freebet\/\",\"name\":\"Besplatna oklada za hokej na ledu: Osvojite do 7777 \u20ac i brendirane dresove!\",\"isPartOf\":{\"@id\":\"https:\/\/spinbetter.games\/hr\/#website\"},\"datePublished\":\"2025-05-16T05:58:07+00:00\",\"dateModified\":\"2026-04-30T17:07:12+00:00\",\"description\":\"Iskoristite priliku za osvajanje super nagrade od 7777 \u20ac i dresova hokeja\u0161kih legendi! Kladite se na hokej od 10 EUR na SpinBetteru i osvojite ulaznice za izvla\u010denje s besplatnim kla\u0111enjem od 62500 \u20ac.\",\"breadcrumb\":{\"@id\":\"https:\/\/spinbetter.games\/hr\/bonus\/ice-hockey-freebet\/#breadcrumb\"},\"inLanguage\":\"hr\",\"potentialAction\":[{\"@type\":\"ReadAction\",\"target\":[\"https:\/\/spinbetter.games\/hr\/bonus\/ice-hockey-freebet\/\"]}]},{\"@type\":\"BreadcrumbList\",\"@id\":\"https:\/\/spinbetter.games\/hr\/bonus\/ice-hockey-freebet\/#breadcrumb\",\"itemListElement\":[{\"@type\":\"ListItem\",\"position\":1,\"name\":\"\u0413\u043b\u0430\u0432\u043d\u0430\u044f \u0441\u0442\u0440\u0430\u043d\u0438\u0446\u0430\",\"item\":\"https:\/\/spinbetter.games\/hr\/\"},{\"@type\":\"ListItem\",\"position\":2,\"name\":\"Bonus\",\"item\":\"https:\/\/spinbetter.games\/hr\/bonus\/\"},{\"@type\":\"ListItem\",\"position\":3,\"name\":\"Besplatna oklada na hokej na ledu\"}]},{\"@type\":\"WebSite\",\"@id\":\"https:\/\/spinbetter.games\/hr\/#website\",\"url\":\"https:\/\/spinbetter.games\/hr\/\",\"name\":\"Spinbetter HR\",\"description\":\"\",\"potentialAction\":[{\"@type\":\"SearchAction\",\"target\":{\"@type\":\"EntryPoint\",\"urlTemplate\":\"https:\/\/spinbetter.games\/hr\/?s={search_term_string}\"},\"query-input\":{\"@type\":\"PropertyValueSpecification\",\"valueRequired\":true,\"valueName\":\"search_term_string\"}}],\"inLanguage\":\"hr\"}]}<\/script>\n<!-- \/ Yoast SEO plugin. -->","yoast_head_json":{"title":"Besplatna oklada za hokej na ledu: Osvojite do 7777 \u20ac i brendirane dresove!","description":"Iskoristite priliku za osvajanje super nagrade od 7777 \u20ac i dresova hokeja\u0161kih legendi! Kladite se na hokej od 10 EUR na SpinBetteru i osvojite ulaznice za izvla\u010denje s besplatnim kla\u0111enjem od 62500 \u20ac.","robots":{"index":"noindex","follow":"follow","max-snippet":"max-snippet:-1","max-image-preview":"max-image-preview:large","max-video-preview":"max-video-preview:-1"},"og_locale":"hr_HR","og_type":"article","og_title":"Besplatna oklada za hokej na ledu: Osvojite do 7777 \u20ac i brendirane dresove!","og_description":"Iskoristite priliku za osvajanje super nagrade od 7777 \u20ac i dresova hokeja\u0161kih legendi! Kladite se na hokej od 10 EUR na SpinBetteru i osvojite ulaznice za izvla\u010denje s besplatnim kla\u0111enjem od 62500 \u20ac.","og_url":"https:\/\/spinbetter.games\/hr\/bonus\/ice-hockey-freebet\/","og_site_name":"Spinbetter HR","article_modified_time":"2026-04-30T17:07:12+00:00","twitter_card":"summary_large_image","schema":{"@context":"https:\/\/schema.org","@graph":[{"@type":"WebPage","@id":"https:\/\/spinbetter.games\/hr\/bonus\/ice-hockey-freebet\/","url":"https:\/\/spinbetter.games\/hr\/bonus\/ice-hockey-freebet\/","name":"Besplatna oklada za hokej na ledu: Osvojite do 7777 \u20ac i brendirane dresove!","isPartOf":{"@id":"https:\/\/spinbetter.games\/hr\/#website"},"datePublished":"2025-05-16T05:58:07+00:00","dateModified":"2026-04-30T17:07:12+00:00","description":"Iskoristite priliku za osvajanje super nagrade od 7777 \u20ac i dresova hokeja\u0161kih legendi! Kladite se na hokej od 10 EUR na SpinBetteru i osvojite ulaznice za izvla\u010denje s besplatnim kla\u0111enjem od 62500 \u20ac.","breadcrumb":{"@id":"https:\/\/spinbetter.games\/hr\/bonus\/ice-hockey-freebet\/#breadcrumb"},"inLanguage":"hr","potentialAction":[{"@type":"ReadAction","target":["https:\/\/spinbetter.games\/hr\/bonus\/ice-hockey-freebet\/"]}]},{"@type":"BreadcrumbList","@id":"https:\/\/spinbetter.games\/hr\/bonus\/ice-hockey-freebet\/#breadcrumb","itemListElement":[{"@type":"ListItem","position":1,"name":"\u0413\u043b\u0430\u0432\u043d\u0430\u044f \u0441\u0442\u0440\u0430\u043d\u0438\u0446\u0430","item":"https:\/\/spinbetter.games\/hr\/"},{"@type":"ListItem","position":2,"name":"Bonus","item":"https:\/\/spinbetter.games\/hr\/bonus\/"},{"@type":"ListItem","position":3,"name":"Besplatna oklada na hokej na ledu"}]},{"@type":"WebSite","@id":"https:\/\/spinbetter.games\/hr\/#website","url":"https:\/\/spinbetter.games\/hr\/","name":"Spinbetter HR","description":"","potentialAction":[{"@type":"SearchAction","target":{"@type":"EntryPoint","urlTemplate":"https:\/\/spinbetter.games\/hr\/?s={search_term_string}"},"query-input":{"@type":"PropertyValueSpecification","valueRequired":true,"valueName":"search_term_string"}}],"inLanguage":"hr"}]}},"_links":{"self":[{"href":"https:\/\/spinbetter.games\/hr\/wp-json\/wp\/v2\/pages\/1215","targetHints":{"allow":["GET"]}}],"collection":[{"href":"https:\/\/spinbetter.games\/hr\/wp-json\/wp\/v2\/pages"}],"about":[{"href":"https:\/\/spinbetter.games\/hr\/wp-json\/wp\/v2\/types\/page"}],"author":[{"embeddable":true,"href":"https:\/\/spinbetter.games\/hr\/wp-json\/wp\/v2\/users\/1"}],"replies":[{"embeddable":true,"href":"https:\/\/spinbetter.games\/hr\/wp-json\/wp\/v2\/comments?post=1215"}],"version-history":[{"count":5,"href":"https:\/\/spinbetter.games\/hr\/wp-json\/wp\/v2\/pages\/1215\/revisions"}],"predecessor-version":[{"id":2527,"href":"https:\/\/spinbetter.games\/hr\/wp-json\/wp\/v2\/pages\/1215\/revisions\/2527"}],"up":[{"embeddable":true,"href":"https:\/\/spinbetter.games\/hr\/wp-json\/wp\/v2\/pages\/152"}],"wp:attachment":[{"href":"https:\/\/spinbetter.games\/hr\/wp-json\/wp\/v2\/media?parent=1215"}],"curies":[{"name":"wp","href":"https:\/\/api.w.org\/{rel}","templated":true}]}}