{"id":228,"date":"2024-10-20T13:54:42","date_gmt":"2024-10-20T13:54:42","guid":{"rendered":"https:\/\/spinbetter.games\/hr\/?page_id=228"},"modified":"2026-04-30T15:03:05","modified_gmt":"2026-04-30T15:03:05","slug":"app","status":"publish","type":"page","link":"https:\/\/spinbetter.games\/hr\/app\/","title":{"rendered":"Aplikacija"},"content":{"rendered":"","protected":false},"excerpt":{"rendered":"","protected":false},"author":1,"featured_media":0,"parent":0,"menu_order":0,"comment_status":"closed","ping_status":"closed","template":"","meta":{"footnotes":""},"class_list":["post-228","page","type-page","status-publish","hentry"],"yoast_head":"<!-- This site is optimized with the Yoast SEO plugin v26.8 - https:\/\/yoast.com\/product\/yoast-seo-wordpress\/ -->\n<title>SpinBetter aplikacija \u2705 Besplatno preuzimanje za Android i iOS<\/title>\n<meta name=\"description\" content=\"Spin better mobilna verzija pru\u017ea vam priliku za pristup va\u0161oj omiljenoj zabavi bilo kada i bilo gdje. U\u017eivajte u mobilnim prednostima Spinbettera\" \/>\n<meta name=\"robots\" content=\"noindex, follow, max-snippet:-1, max-image-preview:large, max-video-preview:-1\" \/>\n<meta property=\"og:locale\" content=\"hr_HR\" \/>\n<meta property=\"og:type\" content=\"article\" \/>\n<meta property=\"og:title\" content=\"SpinBetter aplikacija \u2705 Besplatno preuzimanje za Android i iOS\" \/>\n<meta property=\"og:description\" content=\"Spin better mobilna verzija pru\u017ea vam priliku za pristup va\u0161oj omiljenoj zabavi bilo kada i bilo gdje. U\u017eivajte u mobilnim prednostima Spinbettera\" \/>\n<meta property=\"og:url\" content=\"https:\/\/spinbetter.games\/hr\/app\/\" \/>\n<meta property=\"og:site_name\" content=\"Spinbetter HR\" \/>\n<meta property=\"article:modified_time\" content=\"2026-04-30T15:03:05+00:00\" \/>\n<meta name=\"twitter:card\" content=\"summary_large_image\" \/>\n<script type=\"application\/ld+json\" class=\"yoast-schema-graph\">{\"@context\":\"https:\/\/schema.org\",\"@graph\":[{\"@type\":\"WebPage\",\"@id\":\"https:\/\/spinbetter.games\/hr\/app\/\",\"url\":\"https:\/\/spinbetter.games\/hr\/app\/\",\"name\":\"SpinBetter aplikacija \u2705 Besplatno preuzimanje za Android i iOS\",\"isPartOf\":{\"@id\":\"https:\/\/spinbetter.games\/hr\/#website\"},\"datePublished\":\"2024-10-20T13:54:42+00:00\",\"dateModified\":\"2026-04-30T15:03:05+00:00\",\"description\":\"Spin better mobilna verzija pru\u017ea vam priliku za pristup va\u0161oj omiljenoj zabavi bilo kada i bilo gdje. U\u017eivajte u mobilnim prednostima Spinbettera\",\"breadcrumb\":{\"@id\":\"https:\/\/spinbetter.games\/hr\/app\/#breadcrumb\"},\"inLanguage\":\"hr\",\"potentialAction\":[{\"@type\":\"ReadAction\",\"target\":[\"https:\/\/spinbetter.games\/hr\/app\/\"]}]},{\"@type\":\"BreadcrumbList\",\"@id\":\"https:\/\/spinbetter.games\/hr\/app\/#breadcrumb\",\"itemListElement\":[{\"@type\":\"ListItem\",\"position\":1,\"name\":\"\u0413\u043b\u0430\u0432\u043d\u0430\u044f \u0441\u0442\u0440\u0430\u043d\u0438\u0446\u0430\",\"item\":\"https:\/\/spinbetter.games\/hr\/\"},{\"@type\":\"ListItem\",\"position\":2,\"name\":\"Aplikacija\"}]},{\"@type\":\"WebSite\",\"@id\":\"https:\/\/spinbetter.games\/hr\/#website\",\"url\":\"https:\/\/spinbetter.games\/hr\/\",\"name\":\"Spinbetter HR\",\"description\":\"\",\"potentialAction\":[{\"@type\":\"SearchAction\",\"target\":{\"@type\":\"EntryPoint\",\"urlTemplate\":\"https:\/\/spinbetter.games\/hr\/?s={search_term_string}\"},\"query-input\":{\"@type\":\"PropertyValueSpecification\",\"valueRequired\":true,\"valueName\":\"search_term_string\"}}],\"inLanguage\":\"hr\"}]}<\/script>\n<!-- \/ Yoast SEO plugin. -->","yoast_head_json":{"title":"SpinBetter aplikacija \u2705 Besplatno preuzimanje za Android i iOS","description":"Spin better mobilna verzija pru\u017ea vam priliku za pristup va\u0161oj omiljenoj zabavi bilo kada i bilo gdje. U\u017eivajte u mobilnim prednostima Spinbettera","robots":{"index":"noindex","follow":"follow","max-snippet":"max-snippet:-1","max-image-preview":"max-image-preview:large","max-video-preview":"max-video-preview:-1"},"og_locale":"hr_HR","og_type":"article","og_title":"SpinBetter aplikacija \u2705 Besplatno preuzimanje za Android i iOS","og_description":"Spin better mobilna verzija pru\u017ea vam priliku za pristup va\u0161oj omiljenoj zabavi bilo kada i bilo gdje. U\u017eivajte u mobilnim prednostima Spinbettera","og_url":"https:\/\/spinbetter.games\/hr\/app\/","og_site_name":"Spinbetter HR","article_modified_time":"2026-04-30T15:03:05+00:00","twitter_card":"summary_large_image","schema":{"@context":"https:\/\/schema.org","@graph":[{"@type":"WebPage","@id":"https:\/\/spinbetter.games\/hr\/app\/","url":"https:\/\/spinbetter.games\/hr\/app\/","name":"SpinBetter aplikacija \u2705 Besplatno preuzimanje za Android i iOS","isPartOf":{"@id":"https:\/\/spinbetter.games\/hr\/#website"},"datePublished":"2024-10-20T13:54:42+00:00","dateModified":"2026-04-30T15:03:05+00:00","description":"Spin better mobilna verzija pru\u017ea vam priliku za pristup va\u0161oj omiljenoj zabavi bilo kada i bilo gdje. U\u017eivajte u mobilnim prednostima Spinbettera","breadcrumb":{"@id":"https:\/\/spinbetter.games\/hr\/app\/#breadcrumb"},"inLanguage":"hr","potentialAction":[{"@type":"ReadAction","target":["https:\/\/spinbetter.games\/hr\/app\/"]}]},{"@type":"BreadcrumbList","@id":"https:\/\/spinbetter.games\/hr\/app\/#breadcrumb","itemListElement":[{"@type":"ListItem","position":1,"name":"\u0413\u043b\u0430\u0432\u043d\u0430\u044f \u0441\u0442\u0440\u0430\u043d\u0438\u0446\u0430","item":"https:\/\/spinbetter.games\/hr\/"},{"@type":"ListItem","position":2,"name":"Aplikacija"}]},{"@type":"WebSite","@id":"https:\/\/spinbetter.games\/hr\/#website","url":"https:\/\/spinbetter.games\/hr\/","name":"Spinbetter HR","description":"","potentialAction":[{"@type":"SearchAction","target":{"@type":"EntryPoint","urlTemplate":"https:\/\/spinbetter.games\/hr\/?s={search_term_string}"},"query-input":{"@type":"PropertyValueSpecification","valueRequired":true,"valueName":"search_term_string"}}],"inLanguage":"hr"}]}},"_links":{"self":[{"href":"https:\/\/spinbetter.games\/hr\/wp-json\/wp\/v2\/pages\/228","targetHints":{"allow":["GET"]}}],"collection":[{"href":"https:\/\/spinbetter.games\/hr\/wp-json\/wp\/v2\/pages"}],"about":[{"href":"https:\/\/spinbetter.games\/hr\/wp-json\/wp\/v2\/types\/page"}],"author":[{"embeddable":true,"href":"https:\/\/spinbetter.games\/hr\/wp-json\/wp\/v2\/users\/1"}],"replies":[{"embeddable":true,"href":"https:\/\/spinbetter.games\/hr\/wp-json\/wp\/v2\/comments?post=228"}],"version-history":[{"count":5,"href":"https:\/\/spinbetter.games\/hr\/wp-json\/wp\/v2\/pages\/228\/revisions"}],"predecessor-version":[{"id":2507,"href":"https:\/\/spinbetter.games\/hr\/wp-json\/wp\/v2\/pages\/228\/revisions\/2507"}],"wp:attachment":[{"href":"https:\/\/spinbetter.games\/hr\/wp-json\/wp\/v2\/media?parent=228"}],"curies":[{"name":"wp","href":"https:\/\/api.w.org\/{rel}","templated":true}]}}