{"id":1719,"date":"2025-09-23T05:43:49","date_gmt":"2025-09-23T05:43:49","guid":{"rendered":"https:\/\/spinbetter.games\/?page_id=1719"},"modified":"2026-04-01T10:42:11","modified_gmt":"2026-04-01T10:42:11","slug":"nhl-x-nba","status":"publish","type":"page","link":"https:\/\/spinbetter.games\/hu\/bonus\/nhl-x-nba\/","title":{"rendered":"NHL x NBA"},"content":{"rendered":"","protected":false},"excerpt":{"rendered":"","protected":false},"author":1,"featured_media":0,"parent":152,"menu_order":0,"comment_status":"closed","ping_status":"closed","template":"","meta":{"footnotes":""},"class_list":["post-1719","page","type-page","status-publish","hentry"],"yoast_head":"<!-- This site is optimized with the Yoast SEO plugin v26.8 - https:\/\/yoast.com\/product\/yoast-seo-wordpress\/ -->\n<title>Spinbetter NHL x NBA Jackpot | 7 700 000 HUF nyerem\u00e9ny<\/title>\n<meta name=\"description\" content=\"A Spinbetter 7 700 000 HUF-ot oszt sz\u00e9t az NHL-re \u00e9s az NBA-re k\u00f6t\u00f6tt fogad\u00e1sokra. Tegyen 3 000 HUF-t\u00f3l kezd\u0151d\u0151 fogad\u00e1st j\u00e9gkorongra \u00e9s kos\u00e1rlabd\u00e1ra, \u00e9s kapjon jegyeket, amelyekkel nagy p\u00e9nznyerem\u00e9nyeket nyerhet.\" \/>\n<meta name=\"robots\" content=\"index, follow, max-snippet:-1, max-image-preview:large, max-video-preview:-1\" \/>\n<link rel=\"canonical\" href=\"https:\/\/spinbetter.games\/hungary\/bonus\/nhl-x-nba\/\" \/>\n<meta property=\"og:locale\" content=\"hu_HU\" \/>\n<meta property=\"og:type\" content=\"article\" \/>\n<meta property=\"og:title\" content=\"Spinbetter NHL x NBA Jackpot | 7 700 000 HUF nyerem\u00e9ny\" \/>\n<meta property=\"og:description\" content=\"A Spinbetter 7 700 000 HUF-ot oszt sz\u00e9t az NHL-re \u00e9s az NBA-re k\u00f6t\u00f6tt fogad\u00e1sokra. Tegyen 3 000 HUF-t\u00f3l kezd\u0151d\u0151 fogad\u00e1st j\u00e9gkorongra \u00e9s kos\u00e1rlabd\u00e1ra, \u00e9s kapjon jegyeket, amelyekkel nagy p\u00e9nznyerem\u00e9nyeket nyerhet.\" \/>\n<meta property=\"og:url\" content=\"https:\/\/spinbetter.games\/hungary\/bonus\/nhl-x-nba\/\" \/>\n<meta property=\"og:site_name\" content=\"Spinbetter HU\" \/>\n<meta property=\"article:modified_time\" content=\"2026-04-01T10:42:11+00:00\" \/>\n<meta name=\"twitter:card\" content=\"summary_large_image\" \/>\n<script type=\"application\/ld+json\" class=\"yoast-schema-graph\">{\"@context\":\"https:\/\/schema.org\",\"@graph\":[{\"@type\":\"WebPage\",\"@id\":\"https:\/\/spinbetter.games\/hu\/bonus\/nhl-x-nba\/\",\"url\":\"https:\/\/spinbetter.games\/hungary\/bonus\/nhl-x-nba\/\",\"name\":\"Spinbetter NHL x NBA Jackpot | 7 700 000 HUF nyerem\u00e9ny\",\"isPartOf\":{\"@id\":\"https:\/\/spinbetter.games\/hu\/#website\"},\"datePublished\":\"2025-09-23T05:43:49+00:00\",\"dateModified\":\"2026-04-01T10:42:11+00:00\",\"description\":\"A Spinbetter 7 700 000 HUF-ot oszt sz\u00e9t az NHL-re \u00e9s az NBA-re k\u00f6t\u00f6tt fogad\u00e1sokra. Tegyen 3 000 HUF-t\u00f3l kezd\u0151d\u0151 fogad\u00e1st j\u00e9gkorongra \u00e9s kos\u00e1rlabd\u00e1ra, \u00e9s kapjon jegyeket, amelyekkel nagy p\u00e9nznyerem\u00e9nyeket nyerhet.\",\"breadcrumb\":{\"@id\":\"https:\/\/spinbetter.games\/hungary\/bonus\/nhl-x-nba\/#breadcrumb\"},\"inLanguage\":\"hu\",\"potentialAction\":[{\"@type\":\"ReadAction\",\"target\":[\"https:\/\/spinbetter.games\/hungary\/bonus\/nhl-x-nba\/\"]}]},{\"@type\":\"BreadcrumbList\",\"@id\":\"https:\/\/spinbetter.games\/hungary\/bonus\/nhl-x-nba\/#breadcrumb\",\"itemListElement\":[{\"@type\":\"ListItem\",\"position\":1,\"name\":\"\u0413\u043b\u0430\u0432\u043d\u0430\u044f \u0441\u0442\u0440\u0430\u043d\u0438\u0446\u0430\",\"item\":\"https:\/\/spinbetter.games\/hu\/\"},{\"@type\":\"ListItem\",\"position\":2,\"name\":\"B\u00f3nusz\",\"item\":\"https:\/\/spinbetter.games\/hu\/bonus\/\"},{\"@type\":\"ListItem\",\"position\":3,\"name\":\"NHL x NBA\"}]},{\"@type\":\"WebSite\",\"@id\":\"https:\/\/spinbetter.games\/hu\/#website\",\"url\":\"https:\/\/spinbetter.games\/hu\/\",\"name\":\"Spinbetter HU\",\"description\":\"My WordPress Blog\",\"potentialAction\":[{\"@type\":\"SearchAction\",\"target\":{\"@type\":\"EntryPoint\",\"urlTemplate\":\"https:\/\/spinbetter.games\/hu\/?s={search_term_string}\"},\"query-input\":{\"@type\":\"PropertyValueSpecification\",\"valueRequired\":true,\"valueName\":\"search_term_string\"}}],\"inLanguage\":\"hu\"}]}<\/script>\n<!-- \/ Yoast SEO plugin. -->","yoast_head_json":{"title":"Spinbetter NHL x NBA Jackpot | 7 700 000 HUF nyerem\u00e9ny","description":"A Spinbetter 7 700 000 HUF-ot oszt sz\u00e9t az NHL-re \u00e9s az NBA-re k\u00f6t\u00f6tt fogad\u00e1sokra. Tegyen 3 000 HUF-t\u00f3l kezd\u0151d\u0151 fogad\u00e1st j\u00e9gkorongra \u00e9s kos\u00e1rlabd\u00e1ra, \u00e9s kapjon jegyeket, amelyekkel nagy p\u00e9nznyerem\u00e9nyeket nyerhet.","robots":{"index":"index","follow":"follow","max-snippet":"max-snippet:-1","max-image-preview":"max-image-preview:large","max-video-preview":"max-video-preview:-1"},"canonical":"https:\/\/spinbetter.games\/hungary\/bonus\/nhl-x-nba\/","og_locale":"hu_HU","og_type":"article","og_title":"Spinbetter NHL x NBA Jackpot | 7 700 000 HUF nyerem\u00e9ny","og_description":"A Spinbetter 7 700 000 HUF-ot oszt sz\u00e9t az NHL-re \u00e9s az NBA-re k\u00f6t\u00f6tt fogad\u00e1sokra. Tegyen 3 000 HUF-t\u00f3l kezd\u0151d\u0151 fogad\u00e1st j\u00e9gkorongra \u00e9s kos\u00e1rlabd\u00e1ra, \u00e9s kapjon jegyeket, amelyekkel nagy p\u00e9nznyerem\u00e9nyeket nyerhet.","og_url":"https:\/\/spinbetter.games\/hungary\/bonus\/nhl-x-nba\/","og_site_name":"Spinbetter HU","article_modified_time":"2026-04-01T10:42:11+00:00","twitter_card":"summary_large_image","schema":{"@context":"https:\/\/schema.org","@graph":[{"@type":"WebPage","@id":"https:\/\/spinbetter.games\/hu\/bonus\/nhl-x-nba\/","url":"https:\/\/spinbetter.games\/hungary\/bonus\/nhl-x-nba\/","name":"Spinbetter NHL x NBA Jackpot | 7 700 000 HUF nyerem\u00e9ny","isPartOf":{"@id":"https:\/\/spinbetter.games\/hu\/#website"},"datePublished":"2025-09-23T05:43:49+00:00","dateModified":"2026-04-01T10:42:11+00:00","description":"A Spinbetter 7 700 000 HUF-ot oszt sz\u00e9t az NHL-re \u00e9s az NBA-re k\u00f6t\u00f6tt fogad\u00e1sokra. Tegyen 3 000 HUF-t\u00f3l kezd\u0151d\u0151 fogad\u00e1st j\u00e9gkorongra \u00e9s kos\u00e1rlabd\u00e1ra, \u00e9s kapjon jegyeket, amelyekkel nagy p\u00e9nznyerem\u00e9nyeket nyerhet.","breadcrumb":{"@id":"https:\/\/spinbetter.games\/hungary\/bonus\/nhl-x-nba\/#breadcrumb"},"inLanguage":"hu","potentialAction":[{"@type":"ReadAction","target":["https:\/\/spinbetter.games\/hungary\/bonus\/nhl-x-nba\/"]}]},{"@type":"BreadcrumbList","@id":"https:\/\/spinbetter.games\/hungary\/bonus\/nhl-x-nba\/#breadcrumb","itemListElement":[{"@type":"ListItem","position":1,"name":"\u0413\u043b\u0430\u0432\u043d\u0430\u044f \u0441\u0442\u0440\u0430\u043d\u0438\u0446\u0430","item":"https:\/\/spinbetter.games\/hu\/"},{"@type":"ListItem","position":2,"name":"B\u00f3nusz","item":"https:\/\/spinbetter.games\/hu\/bonus\/"},{"@type":"ListItem","position":3,"name":"NHL x NBA"}]},{"@type":"WebSite","@id":"https:\/\/spinbetter.games\/hu\/#website","url":"https:\/\/spinbetter.games\/hu\/","name":"Spinbetter HU","description":"My WordPress Blog","potentialAction":[{"@type":"SearchAction","target":{"@type":"EntryPoint","urlTemplate":"https:\/\/spinbetter.games\/hu\/?s={search_term_string}"},"query-input":{"@type":"PropertyValueSpecification","valueRequired":true,"valueName":"search_term_string"}}],"inLanguage":"hu"}]}},"_links":{"self":[{"href":"https:\/\/spinbetter.games\/hu\/wp-json\/wp\/v2\/pages\/1719","targetHints":{"allow":["GET"]}}],"collection":[{"href":"https:\/\/spinbetter.games\/hu\/wp-json\/wp\/v2\/pages"}],"about":[{"href":"https:\/\/spinbetter.games\/hu\/wp-json\/wp\/v2\/types\/page"}],"author":[{"embeddable":true,"href":"https:\/\/spinbetter.games\/hu\/wp-json\/wp\/v2\/users\/1"}],"replies":[{"embeddable":true,"href":"https:\/\/spinbetter.games\/hu\/wp-json\/wp\/v2\/comments?post=1719"}],"version-history":[{"count":1,"href":"https:\/\/spinbetter.games\/hu\/wp-json\/wp\/v2\/pages\/1719\/revisions"}],"predecessor-version":[{"id":1940,"href":"https:\/\/spinbetter.games\/hu\/wp-json\/wp\/v2\/pages\/1719\/revisions\/1940"}],"up":[{"embeddable":true,"href":"https:\/\/spinbetter.games\/hu\/wp-json\/wp\/v2\/pages\/152"}],"wp:attachment":[{"href":"https:\/\/spinbetter.games\/hu\/wp-json\/wp\/v2\/media?parent=1719"}],"curies":[{"name":"wp","href":"https:\/\/api.w.org\/{rel}","templated":true}]}}