{"id":341,"date":"2024-11-11T07:19:50","date_gmt":"2024-11-11T07:19:50","guid":{"rendered":"https:\/\/spinbetter.games\/?page_id=341"},"modified":"2026-04-01T10:55:11","modified_gmt":"2026-04-01T10:55:11","slug":"affiliate","status":"publish","type":"page","link":"https:\/\/spinbetter.games\/hu\/affiliate\/","title":{"rendered":"Partner"},"content":{"rendered":"","protected":false},"excerpt":{"rendered":"","protected":false},"author":1,"featured_media":0,"parent":0,"menu_order":0,"comment_status":"closed","ping_status":"closed","template":"","meta":{"footnotes":""},"class_list":["post-341","page","type-page","status-publish","hentry"],"yoast_head":"<!-- This site is optimized with the Yoast SEO plugin v26.8 - https:\/\/yoast.com\/product\/yoast-seo-wordpress\/ -->\n<title>SpinBetter Partnerek \u2611\ufe0f Partnerprogram<\/title>\n<meta name=\"description\" content=\"Csatlakozzon a Spin Better hivatalos partnerprogramj\u00e1hoz \u27a4 Kapjon jutal\u00e9kot az \u00d6n \u00e1ltal aj\u00e1nlott tagok \u00e1ltal gener\u00e1lt bev\u00e9telekb\u0151l.\" \/>\n<meta name=\"robots\" content=\"index, follow, max-snippet:-1, max-image-preview:large, max-video-preview:-1\" \/>\n<link rel=\"canonical\" href=\"https:\/\/spinbetter.games\/hungary\/affiliate\/\" \/>\n<meta property=\"og:locale\" content=\"hu_HU\" \/>\n<meta property=\"og:type\" content=\"article\" \/>\n<meta property=\"og:title\" content=\"SpinBetter Partnerek \u2611\ufe0f Partnerprogram\" \/>\n<meta property=\"og:description\" content=\"Csatlakozzon a Spin Better hivatalos partnerprogramj\u00e1hoz \u27a4 Kapjon jutal\u00e9kot az \u00d6n \u00e1ltal aj\u00e1nlott tagok \u00e1ltal gener\u00e1lt bev\u00e9telekb\u0151l.\" \/>\n<meta property=\"og:url\" content=\"https:\/\/spinbetter.games\/hungary\/affiliate\/\" \/>\n<meta property=\"og:site_name\" content=\"Spinbetter HU\" \/>\n<meta property=\"article:modified_time\" content=\"2026-04-01T10:55:11+00:00\" \/>\n<meta name=\"twitter:card\" content=\"summary_large_image\" \/>\n<script type=\"application\/ld+json\" class=\"yoast-schema-graph\">{\"@context\":\"https:\/\/schema.org\",\"@graph\":[{\"@type\":\"WebPage\",\"@id\":\"https:\/\/spinbetter.games\/hu\/affiliate\/\",\"url\":\"https:\/\/spinbetter.games\/hungary\/affiliate\/\",\"name\":\"SpinBetter Partnerek \u2611\ufe0f Partnerprogram\",\"isPartOf\":{\"@id\":\"https:\/\/spinbetter.games\/hu\/#website\"},\"datePublished\":\"2024-11-11T07:19:50+00:00\",\"dateModified\":\"2026-04-01T10:55:11+00:00\",\"description\":\"Csatlakozzon a Spin Better hivatalos partnerprogramj\u00e1hoz \u27a4 Kapjon jutal\u00e9kot az \u00d6n \u00e1ltal aj\u00e1nlott tagok \u00e1ltal gener\u00e1lt bev\u00e9telekb\u0151l.\",\"breadcrumb\":{\"@id\":\"https:\/\/spinbetter.games\/hungary\/affiliate\/#breadcrumb\"},\"inLanguage\":\"hu\",\"potentialAction\":[{\"@type\":\"ReadAction\",\"target\":[\"https:\/\/spinbetter.games\/hungary\/affiliate\/\"]}]},{\"@type\":\"BreadcrumbList\",\"@id\":\"https:\/\/spinbetter.games\/hungary\/affiliate\/#breadcrumb\",\"itemListElement\":[{\"@type\":\"ListItem\",\"position\":1,\"name\":\"\u0413\u043b\u0430\u0432\u043d\u0430\u044f \u0441\u0442\u0440\u0430\u043d\u0438\u0446\u0430\",\"item\":\"https:\/\/spinbetter.games\/hu\/\"},{\"@type\":\"ListItem\",\"position\":2,\"name\":\"Partner\"}]},{\"@type\":\"WebSite\",\"@id\":\"https:\/\/spinbetter.games\/hu\/#website\",\"url\":\"https:\/\/spinbetter.games\/hu\/\",\"name\":\"Spinbetter HU\",\"description\":\"My WordPress Blog\",\"potentialAction\":[{\"@type\":\"SearchAction\",\"target\":{\"@type\":\"EntryPoint\",\"urlTemplate\":\"https:\/\/spinbetter.games\/hu\/?s={search_term_string}\"},\"query-input\":{\"@type\":\"PropertyValueSpecification\",\"valueRequired\":true,\"valueName\":\"search_term_string\"}}],\"inLanguage\":\"hu\"}]}<\/script>\n<!-- \/ Yoast SEO plugin. -->","yoast_head_json":{"title":"SpinBetter Partnerek \u2611\ufe0f Partnerprogram","description":"Csatlakozzon a Spin Better hivatalos partnerprogramj\u00e1hoz \u27a4 Kapjon jutal\u00e9kot az \u00d6n \u00e1ltal aj\u00e1nlott tagok \u00e1ltal gener\u00e1lt bev\u00e9telekb\u0151l.","robots":{"index":"index","follow":"follow","max-snippet":"max-snippet:-1","max-image-preview":"max-image-preview:large","max-video-preview":"max-video-preview:-1"},"canonical":"https:\/\/spinbetter.games\/hungary\/affiliate\/","og_locale":"hu_HU","og_type":"article","og_title":"SpinBetter Partnerek \u2611\ufe0f Partnerprogram","og_description":"Csatlakozzon a Spin Better hivatalos partnerprogramj\u00e1hoz \u27a4 Kapjon jutal\u00e9kot az \u00d6n \u00e1ltal aj\u00e1nlott tagok \u00e1ltal gener\u00e1lt bev\u00e9telekb\u0151l.","og_url":"https:\/\/spinbetter.games\/hungary\/affiliate\/","og_site_name":"Spinbetter HU","article_modified_time":"2026-04-01T10:55:11+00:00","twitter_card":"summary_large_image","schema":{"@context":"https:\/\/schema.org","@graph":[{"@type":"WebPage","@id":"https:\/\/spinbetter.games\/hu\/affiliate\/","url":"https:\/\/spinbetter.games\/hungary\/affiliate\/","name":"SpinBetter Partnerek \u2611\ufe0f Partnerprogram","isPartOf":{"@id":"https:\/\/spinbetter.games\/hu\/#website"},"datePublished":"2024-11-11T07:19:50+00:00","dateModified":"2026-04-01T10:55:11+00:00","description":"Csatlakozzon a Spin Better hivatalos partnerprogramj\u00e1hoz \u27a4 Kapjon jutal\u00e9kot az \u00d6n \u00e1ltal aj\u00e1nlott tagok \u00e1ltal gener\u00e1lt bev\u00e9telekb\u0151l.","breadcrumb":{"@id":"https:\/\/spinbetter.games\/hungary\/affiliate\/#breadcrumb"},"inLanguage":"hu","potentialAction":[{"@type":"ReadAction","target":["https:\/\/spinbetter.games\/hungary\/affiliate\/"]}]},{"@type":"BreadcrumbList","@id":"https:\/\/spinbetter.games\/hungary\/affiliate\/#breadcrumb","itemListElement":[{"@type":"ListItem","position":1,"name":"\u0413\u043b\u0430\u0432\u043d\u0430\u044f \u0441\u0442\u0440\u0430\u043d\u0438\u0446\u0430","item":"https:\/\/spinbetter.games\/hu\/"},{"@type":"ListItem","position":2,"name":"Partner"}]},{"@type":"WebSite","@id":"https:\/\/spinbetter.games\/hu\/#website","url":"https:\/\/spinbetter.games\/hu\/","name":"Spinbetter HU","description":"My WordPress Blog","potentialAction":[{"@type":"SearchAction","target":{"@type":"EntryPoint","urlTemplate":"https:\/\/spinbetter.games\/hu\/?s={search_term_string}"},"query-input":{"@type":"PropertyValueSpecification","valueRequired":true,"valueName":"search_term_string"}}],"inLanguage":"hu"}]}},"_links":{"self":[{"href":"https:\/\/spinbetter.games\/hu\/wp-json\/wp\/v2\/pages\/341","targetHints":{"allow":["GET"]}}],"collection":[{"href":"https:\/\/spinbetter.games\/hu\/wp-json\/wp\/v2\/pages"}],"about":[{"href":"https:\/\/spinbetter.games\/hu\/wp-json\/wp\/v2\/types\/page"}],"author":[{"embeddable":true,"href":"https:\/\/spinbetter.games\/hu\/wp-json\/wp\/v2\/users\/1"}],"replies":[{"embeddable":true,"href":"https:\/\/spinbetter.games\/hu\/wp-json\/wp\/v2\/comments?post=341"}],"version-history":[{"count":3,"href":"https:\/\/spinbetter.games\/hu\/wp-json\/wp\/v2\/pages\/341\/revisions"}],"predecessor-version":[{"id":1961,"href":"https:\/\/spinbetter.games\/hu\/wp-json\/wp\/v2\/pages\/341\/revisions\/1961"}],"wp:attachment":[{"href":"https:\/\/spinbetter.games\/hu\/wp-json\/wp\/v2\/media?parent=341"}],"curies":[{"name":"wp","href":"https:\/\/api.w.org\/{rel}","templated":true}]}}