{"id":549,"date":"2024-09-24T06:14:56","date_gmt":"2024-09-24T06:14:56","guid":{"rendered":"https:\/\/spinbetter.games\/?page_id=549"},"modified":"2026-04-01T10:56:19","modified_gmt":"2026-04-01T10:56:19","slug":"promo-code","status":"publish","type":"page","link":"https:\/\/spinbetter.games\/hu\/promo-code\/","title":{"rendered":"Promo k\u00f3d"},"content":{"rendered":"","protected":false},"excerpt":{"rendered":"","protected":false},"author":1,"featured_media":0,"parent":0,"menu_order":0,"comment_status":"closed","ping_status":"closed","template":"","meta":{"footnotes":""},"class_list":["post-549","page","type-page","status-publish","hentry"],"yoast_head":"<!-- This site is optimized with the Yoast SEO plugin v26.8 - https:\/\/yoast.com\/product\/yoast-seo-wordpress\/ -->\n<title>SpinBetter Promo k\u00f3d 2026 \u25b6\ufe0f Aktu\u00e1lis B\u00f3nusz k\u00f3dok<\/title>\n<meta name=\"description\" content=\"Keresse meg a legjobb SpinBetter b\u00f3nuszk\u00f3dokat, \u00e9s szerezzen exkluz\u00edv befizet\u00e9s n\u00e9lk\u00fcli b\u00f3nuszokat \u00e9s ingyenes p\u00f6rget\u00e9seket. Haszn\u00e1lja a Spin Better Promo k\u00f3dot regisztr\u00e1ci\u00f3kor. A b\u00f3nuszk\u00f3dok ingyenes p\u00f6rget\u00e9seket adhatnak \u00d6nnek a kedvenc nyer\u0151g\u00e9peken \u00e9s ingyenes fogad\u00e1sokat a n\u00e9pszer\u0171 sport\u00e1gakra a Spin Better-n\u00e9l.\" \/>\n<meta name=\"robots\" content=\"index, follow, max-snippet:-1, max-image-preview:large, max-video-preview:-1\" \/>\n<link rel=\"canonical\" href=\"https:\/\/spinbetter.games\/hungary\/promo-code\/\" \/>\n<meta property=\"og:locale\" content=\"hu_HU\" \/>\n<meta property=\"og:type\" content=\"article\" \/>\n<meta property=\"og:title\" content=\"SpinBetter Promo k\u00f3d 2026 \u25b6\ufe0f Aktu\u00e1lis B\u00f3nusz k\u00f3dok\" \/>\n<meta property=\"og:description\" content=\"Keresse meg a legjobb SpinBetter b\u00f3nuszk\u00f3dokat, \u00e9s szerezzen exkluz\u00edv befizet\u00e9s n\u00e9lk\u00fcli b\u00f3nuszokat \u00e9s ingyenes p\u00f6rget\u00e9seket. Haszn\u00e1lja a Spin Better Promo k\u00f3dot regisztr\u00e1ci\u00f3kor. A b\u00f3nuszk\u00f3dok ingyenes p\u00f6rget\u00e9seket adhatnak \u00d6nnek a kedvenc nyer\u0151g\u00e9peken \u00e9s ingyenes fogad\u00e1sokat a n\u00e9pszer\u0171 sport\u00e1gakra a Spin Better-n\u00e9l.\" \/>\n<meta property=\"og:url\" content=\"https:\/\/spinbetter.games\/hungary\/promo-code\/\" \/>\n<meta property=\"og:site_name\" content=\"Spinbetter HU\" \/>\n<meta property=\"article:modified_time\" content=\"2026-04-01T10:56:19+00:00\" \/>\n<meta name=\"twitter:card\" content=\"summary_large_image\" \/>\n<script type=\"application\/ld+json\" class=\"yoast-schema-graph\">{\"@context\":\"https:\/\/schema.org\",\"@graph\":[{\"@type\":\"WebPage\",\"@id\":\"https:\/\/spinbetter.games\/hu\/promo-code\/\",\"url\":\"https:\/\/spinbetter.games\/hungary\/promo-code\/\",\"name\":\"SpinBetter Promo k\u00f3d 2026 \u25b6\ufe0f Aktu\u00e1lis B\u00f3nusz k\u00f3dok\",\"isPartOf\":{\"@id\":\"https:\/\/spinbetter.games\/hu\/#website\"},\"datePublished\":\"2024-09-24T06:14:56+00:00\",\"dateModified\":\"2026-04-01T10:56:19+00:00\",\"description\":\"Keresse meg a legjobb SpinBetter b\u00f3nuszk\u00f3dokat, \u00e9s szerezzen exkluz\u00edv befizet\u00e9s n\u00e9lk\u00fcli b\u00f3nuszokat \u00e9s ingyenes p\u00f6rget\u00e9seket. Haszn\u00e1lja a Spin Better Promo k\u00f3dot regisztr\u00e1ci\u00f3kor. A b\u00f3nuszk\u00f3dok ingyenes p\u00f6rget\u00e9seket adhatnak \u00d6nnek a kedvenc nyer\u0151g\u00e9peken \u00e9s ingyenes fogad\u00e1sokat a n\u00e9pszer\u0171 sport\u00e1gakra a Spin Better-n\u00e9l.\",\"breadcrumb\":{\"@id\":\"https:\/\/spinbetter.games\/hungary\/promo-code\/#breadcrumb\"},\"inLanguage\":\"hu\",\"potentialAction\":[{\"@type\":\"ReadAction\",\"target\":[\"https:\/\/spinbetter.games\/hungary\/promo-code\/\"]}]},{\"@type\":\"BreadcrumbList\",\"@id\":\"https:\/\/spinbetter.games\/hungary\/promo-code\/#breadcrumb\",\"itemListElement\":[{\"@type\":\"ListItem\",\"position\":1,\"name\":\"\u0413\u043b\u0430\u0432\u043d\u0430\u044f \u0441\u0442\u0440\u0430\u043d\u0438\u0446\u0430\",\"item\":\"https:\/\/spinbetter.games\/hu\/\"},{\"@type\":\"ListItem\",\"position\":2,\"name\":\"Promo k\u00f3d\"}]},{\"@type\":\"WebSite\",\"@id\":\"https:\/\/spinbetter.games\/hu\/#website\",\"url\":\"https:\/\/spinbetter.games\/hu\/\",\"name\":\"Spinbetter HU\",\"description\":\"My WordPress Blog\",\"potentialAction\":[{\"@type\":\"SearchAction\",\"target\":{\"@type\":\"EntryPoint\",\"urlTemplate\":\"https:\/\/spinbetter.games\/hu\/?s={search_term_string}\"},\"query-input\":{\"@type\":\"PropertyValueSpecification\",\"valueRequired\":true,\"valueName\":\"search_term_string\"}}],\"inLanguage\":\"hu\"}]}<\/script>\n<!-- \/ Yoast SEO plugin. -->","yoast_head_json":{"title":"SpinBetter Promo k\u00f3d 2026 \u25b6\ufe0f Aktu\u00e1lis B\u00f3nusz k\u00f3dok","description":"Keresse meg a legjobb SpinBetter b\u00f3nuszk\u00f3dokat, \u00e9s szerezzen exkluz\u00edv befizet\u00e9s n\u00e9lk\u00fcli b\u00f3nuszokat \u00e9s ingyenes p\u00f6rget\u00e9seket. Haszn\u00e1lja a Spin Better Promo k\u00f3dot regisztr\u00e1ci\u00f3kor. A b\u00f3nuszk\u00f3dok ingyenes p\u00f6rget\u00e9seket adhatnak \u00d6nnek a kedvenc nyer\u0151g\u00e9peken \u00e9s ingyenes fogad\u00e1sokat a n\u00e9pszer\u0171 sport\u00e1gakra a Spin Better-n\u00e9l.","robots":{"index":"index","follow":"follow","max-snippet":"max-snippet:-1","max-image-preview":"max-image-preview:large","max-video-preview":"max-video-preview:-1"},"canonical":"https:\/\/spinbetter.games\/hungary\/promo-code\/","og_locale":"hu_HU","og_type":"article","og_title":"SpinBetter Promo k\u00f3d 2026 \u25b6\ufe0f Aktu\u00e1lis B\u00f3nusz k\u00f3dok","og_description":"Keresse meg a legjobb SpinBetter b\u00f3nuszk\u00f3dokat, \u00e9s szerezzen exkluz\u00edv befizet\u00e9s n\u00e9lk\u00fcli b\u00f3nuszokat \u00e9s ingyenes p\u00f6rget\u00e9seket. Haszn\u00e1lja a Spin Better Promo k\u00f3dot regisztr\u00e1ci\u00f3kor. A b\u00f3nuszk\u00f3dok ingyenes p\u00f6rget\u00e9seket adhatnak \u00d6nnek a kedvenc nyer\u0151g\u00e9peken \u00e9s ingyenes fogad\u00e1sokat a n\u00e9pszer\u0171 sport\u00e1gakra a Spin Better-n\u00e9l.","og_url":"https:\/\/spinbetter.games\/hungary\/promo-code\/","og_site_name":"Spinbetter HU","article_modified_time":"2026-04-01T10:56:19+00:00","twitter_card":"summary_large_image","schema":{"@context":"https:\/\/schema.org","@graph":[{"@type":"WebPage","@id":"https:\/\/spinbetter.games\/hu\/promo-code\/","url":"https:\/\/spinbetter.games\/hungary\/promo-code\/","name":"SpinBetter Promo k\u00f3d 2026 \u25b6\ufe0f Aktu\u00e1lis B\u00f3nusz k\u00f3dok","isPartOf":{"@id":"https:\/\/spinbetter.games\/hu\/#website"},"datePublished":"2024-09-24T06:14:56+00:00","dateModified":"2026-04-01T10:56:19+00:00","description":"Keresse meg a legjobb SpinBetter b\u00f3nuszk\u00f3dokat, \u00e9s szerezzen exkluz\u00edv befizet\u00e9s n\u00e9lk\u00fcli b\u00f3nuszokat \u00e9s ingyenes p\u00f6rget\u00e9seket. Haszn\u00e1lja a Spin Better Promo k\u00f3dot regisztr\u00e1ci\u00f3kor. A b\u00f3nuszk\u00f3dok ingyenes p\u00f6rget\u00e9seket adhatnak \u00d6nnek a kedvenc nyer\u0151g\u00e9peken \u00e9s ingyenes fogad\u00e1sokat a n\u00e9pszer\u0171 sport\u00e1gakra a Spin Better-n\u00e9l.","breadcrumb":{"@id":"https:\/\/spinbetter.games\/hungary\/promo-code\/#breadcrumb"},"inLanguage":"hu","potentialAction":[{"@type":"ReadAction","target":["https:\/\/spinbetter.games\/hungary\/promo-code\/"]}]},{"@type":"BreadcrumbList","@id":"https:\/\/spinbetter.games\/hungary\/promo-code\/#breadcrumb","itemListElement":[{"@type":"ListItem","position":1,"name":"\u0413\u043b\u0430\u0432\u043d\u0430\u044f \u0441\u0442\u0440\u0430\u043d\u0438\u0446\u0430","item":"https:\/\/spinbetter.games\/hu\/"},{"@type":"ListItem","position":2,"name":"Promo k\u00f3d"}]},{"@type":"WebSite","@id":"https:\/\/spinbetter.games\/hu\/#website","url":"https:\/\/spinbetter.games\/hu\/","name":"Spinbetter HU","description":"My WordPress Blog","potentialAction":[{"@type":"SearchAction","target":{"@type":"EntryPoint","urlTemplate":"https:\/\/spinbetter.games\/hu\/?s={search_term_string}"},"query-input":{"@type":"PropertyValueSpecification","valueRequired":true,"valueName":"search_term_string"}}],"inLanguage":"hu"}]}},"_links":{"self":[{"href":"https:\/\/spinbetter.games\/hu\/wp-json\/wp\/v2\/pages\/549","targetHints":{"allow":["GET"]}}],"collection":[{"href":"https:\/\/spinbetter.games\/hu\/wp-json\/wp\/v2\/pages"}],"about":[{"href":"https:\/\/spinbetter.games\/hu\/wp-json\/wp\/v2\/types\/page"}],"author":[{"embeddable":true,"href":"https:\/\/spinbetter.games\/hu\/wp-json\/wp\/v2\/users\/1"}],"replies":[{"embeddable":true,"href":"https:\/\/spinbetter.games\/hu\/wp-json\/wp\/v2\/comments?post=549"}],"version-history":[{"count":3,"href":"https:\/\/spinbetter.games\/hu\/wp-json\/wp\/v2\/pages\/549\/revisions"}],"predecessor-version":[{"id":1200,"href":"https:\/\/spinbetter.games\/hu\/wp-json\/wp\/v2\/pages\/549\/revisions\/1200"}],"wp:attachment":[{"href":"https:\/\/spinbetter.games\/hu\/wp-json\/wp\/v2\/media?parent=549"}],"curies":[{"name":"wp","href":"https:\/\/api.w.org\/{rel}","templated":true}]}}